{"id":91,"date":"2017-10-23T05:48:53","date_gmt":"2017-10-23T07:48:53","guid":{"rendered":"https:\/\/sdcentras.lt\/?page_id=91"},"modified":"2018-08-04T22:13:17","modified_gmt":"2018-08-04T20:13:17","slug":"kritinis-mastymas-neformaliam-ugdymui","status":"publish","type":"page","link":"https:\/\/sdcentras.lt\/en\/renginiai\/konferencijos\/kritinis-mastymas-neformaliam-ugdymui\/","title":{"rendered":"Projekto \u201eKritinis m\u0105stymas \u2013 neformaliam ugdymui\u201d baigiamoji konferencija"},"content":{"rendered":"<p>[vc_row css_animation=&#8221;&#8221; row_type=&#8221;row&#8221; use_row_as_full_screen_section=&#8221;no&#8221; type=&#8221;full_width&#8221; angled_section=&#8221;no&#8221; text_align=&#8221;left&#8221; background_image_as_pattern=&#8221;without_pattern&#8221;][vc_column][vc_row_inner row_type=&#8221;row&#8221; type=&#8221;full_width&#8221; text_align=&#8221;left&#8221; css_animation=&#8221;&#8221;][vc_column_inner][vc_column_text]<\/p>\n<h2>Projekto \u201eKritinio m\u0105stymo kompetencij\u0173 pl\u0117tojimas neformalaus ugdymo veiklose (Kritinis m\u0105stymas \u2013 neformaliam ugdymui)\u201c baigiamoji konferencija, 2015 m. kovo 19 d., Vilnius<\/h2>\n<p>[\/vc_column_text][\/vc_column_inner][\/vc_row_inner][\/vc_column][\/vc_row][vc_row css_animation=&#8221;&#8221; row_type=&#8221;row&#8221; use_row_as_full_screen_section=&#8221;no&#8221; type=&#8221;full_width&#8221; angled_section=&#8221;no&#8221; text_align=&#8221;left&#8221; background_image_as_pattern=&#8221;without_pattern&#8221;][vc_column width=&#8221;1\/4&#8243;][vc_single_image image=&#8221;265&#8243; img_size=&#8221;large&#8221; alignment=&#8221;center&#8221; qode_css_animation=&#8221;&#8221; transition_delay=&#8221;1&#8243;][\/vc_column][vc_column width=&#8221;3\/4&#8243;][vc_column_text]2013-2015 m. projekt\u0105 \u201eKritinio m\u0105stymo kompetencij\u0173 pl\u0117tojimas neformalaus ugdymo veiklose (Kritinis m\u0105stymas \u2013 neformaliam ugdymui)\u201c (SFMIS Nr. VP1-2.2-\u0160MM-10-V-02-017) \u012fgyvendino 7 partneriai: V\u0161\u012e \u0160iuolaikini\u0173 didaktik\u0173 centras (parei\u0161k\u0117jas), Ma\u017eeiki\u0173 \u201e\u017dibur\u0117lio\u201c pradin\u0117 mokykla, Mol\u0117t\u0173 gimnazija, \u0160ilut\u0117s pirmoji gimnazija, Vilniaus Simono Daukanto progimnazija, Vilniaus \u201eVyturio&#8221; pradin\u0117 mokykla ir Lietuvos skautija. \u0160iuo projektu siekta pl\u0117toti neformaliojo ugdymo specialist\u0173, mokini\u0173, jaunimo, t\u0117v\u0173 kritinio m\u0105stymo ugdymo kompetencijas, parengiant \u0161iuolaiki\u0161kas metodines priemones. Konferencijos metu buvo aptartos neformaliojo ugdymo ir kritinio m\u0105stymo ugdymo s\u0105sajos, projekto rezultatai pristatyti atskirose darbo grup\u0117se: \u201eKriti\u0161kai m\u0105stan\u010dios asmenyb\u0117s bruo\u017eai ir j\u0173 ugdymas\u201c, \u201eT\u0117v\u0173 \u012ftraukimas \u012f kritinio m\u0105stymo ugdymo procesus: aktyvaus t\u0117v\u0173 susirinkimo organizavimas\u201c, \u201eKritinis m\u0105stymas \u2013 organizacijos veiklos tobulinimui\u201c, \u201eKritinis m\u0105stymas \u2013 socialiai atsakingas m\u0105stymas\u201c. [\/vc_column_text][\/vc_column][\/vc_row][vc_row css_animation=&#8221;&#8221; row_type=&#8221;row&#8221; use_row_as_full_screen_section=&#8221;no&#8221; type=&#8221;full_width&#8221; angled_section=&#8221;no&#8221; text_align=&#8221;left&#8221; background_image_as_pattern=&#8221;without_pattern&#8221;][vc_column width=&#8221;1\/3&#8243;][vc_text_separator title=&#8221;Pla\u010diau&#8221; title_align=&#8221;separator_align_left&#8221; border=&#8221;no&#8221;]<span data-type=\"normal\"  class=\"qode_icon_shortcode  q_font_awsome_icon fa-2x pull-left \" style=\" \"><a  itemprop=\"url\" href=\"https:\/\/sdcentras.lt\/wp-content\/uploads\/kritinis-mastymas-neformaliajam-ugdymui-konferencija-darbotvarke.pdf\" target=\"_self\"><i class=\"qode_icon_font_awesome fa fa-file-pdf-o qode_icon_element\" style=\"color: #ff3a3a;\" ><\/i><\/a><\/span>[vc_raw_html]JTNDYSUyMGhyZWYlM0QlMjJodHRwcyUzQSUyRiUyRm1lZGlhei5sdCUyRnNkYyUyRndwLWNvbnRlbnQlMkZ1cGxvYWRzJTJGa3JpdGluaXMtbWFzdHltYXMtbmVmb3JtYWxpYWphbS11Z2R5bXVpLWtvbmZlcmVuY2lqYS1kYXJib3R2YXJrZS5wZGYlMjIlM0VLb25mZXJlbmNpam9zJTIwcHJvZ3JhbWElM0MlMkZhJTNFJTNDYnIlM0U=[\/vc_raw_html][vc_separator type=&#8221;transparent&#8221;]<span data-type=\"normal\"  class=\"qode_icon_shortcode  q_font_awsome_icon fa-2x pull-left \" style=\" \"><i class=\"qode_icon_font_awesome fa fa-file-pdf-o qode_icon_element\" style=\"color: #ff3a3a;\" ><\/i><\/span>[vc_raw_html]JTNDYSUyMHRhcmdldCUzRCUyMl9ibGFuayUyMiUyMGhyZWYlM0QlMjJodHRwcyUzQSUyRiUyRm1lZGlhei5sdCUyRnNkYyUyRndwLWNvbnRlbnQlMkZ1cGxvYWRzJTJGa3JpdGluaXMtbWFzdHltYXMtbmVmb3JtYWxpYWphbS11Z2R5bXVpLWtvbmZlcmVuY2lqYS1kYXJib3R2YXJrZS5wZGYlMjIlM0VLb25mZXJlbmNpam9zJTIwcHJvZ3JhbWElM0MlMkZhJTNFJTBB[\/vc_raw_html][\/vc_column][vc_column width=&#8221;1\/3&#8243;][\/vc_column][vc_column width=&#8221;1\/3&#8243;][\/vc_column][\/vc_row]<\/p>\n","protected":false},"excerpt":{"rendered":"<p>[vc_row css_animation=&#8221;&#8221; row_type=&#8221;row&#8221; use_row_as_full_screen_section=&#8221;no&#8221; type=&#8221;full_width&#8221; angled_section=&#8221;no&#8221; text_align=&#8221;left&#8221; background_image_as_pattern=&#8221;without_pattern&#8221;][vc_column][vc_row_inner row_type=&#8221;row&#8221; type=&#8221;full_width&#8221; text_align=&#8221;left&#8221; css_animation=&#8221;&#8221;][vc_column_inner][vc_column_text] Projekto \u201eKritinio m\u0105stymo kompetencij\u0173 pl\u0117tojimas neformalaus ugdymo veiklose (Kritinis m\u0105stymas \u2013 neformaliam ugdymui)\u201c baigiamoji konferencija, 2015 m. kovo 19 d., Vilnius [\/vc_column_text][\/vc_column_inner][\/vc_row_inner][\/vc_column][\/vc_row][vc_row css_animation=&#8221;&#8221; row_type=&#8221;row&#8221; use_row_as_full_screen_section=&#8221;no&#8221; type=&#8221;full_width&#8221; angled_section=&#8221;no&#8221; text_align=&#8221;left&#8221; background_image_as_pattern=&#8221;without_pattern&#8221;][vc_column width=&#8221;1\/4&#8243;][vc_single_image image=&#8221;265&#8243; img_size=&#8221;large&#8221; alignment=&#8221;center&#8221;&#8230;<\/p>\n","protected":false},"author":1,"featured_media":0,"parent":85,"menu_order":0,"comment_status":"closed","ping_status":"closed","template":"","meta":{"footnotes":""},"class_list":["post-91","page","type-page","status-publish","hentry"],"acf":[],"aioseo_notices":[],"_links":{"self":[{"href":"https:\/\/sdcentras.lt\/en\/wp-json\/wp\/v2\/pages\/91","targetHints":{"allow":["GET"]}}],"collection":[{"href":"https:\/\/sdcentras.lt\/en\/wp-json\/wp\/v2\/pages"}],"about":[{"href":"https:\/\/sdcentras.lt\/en\/wp-json\/wp\/v2\/types\/page"}],"author":[{"embeddable":true,"href":"https:\/\/sdcentras.lt\/en\/wp-json\/wp\/v2\/users\/1"}],"replies":[{"embeddable":true,"href":"https:\/\/sdcentras.lt\/en\/wp-json\/wp\/v2\/comments?post=91"}],"version-history":[{"count":0,"href":"https:\/\/sdcentras.lt\/en\/wp-json\/wp\/v2\/pages\/91\/revisions"}],"up":[{"embeddable":true,"href":"https:\/\/sdcentras.lt\/en\/wp-json\/wp\/v2\/pages\/85"}],"wp:attachment":[{"href":"https:\/\/sdcentras.lt\/en\/wp-json\/wp\/v2\/media?parent=91"}],"curies":[{"name":"wp","href":"https:\/\/api.w.org\/{rel}","templated":true}]}}