{"id":895,"date":"2018-01-24T15:44:33","date_gmt":"2018-01-24T13:44:33","guid":{"rendered":"https:\/\/sdcentras.lt\/?page_id=895"},"modified":"2026-01-29T21:51:59","modified_gmt":"2026-01-29T19:51:59","slug":"contacts","status":"publish","type":"page","link":"https:\/\/sdcentras.lt\/en\/contacts\/","title":{"rendered":"Contacts"},"content":{"rendered":"<p>[vc_row css_animation=&#8221;&#8221; row_type=&#8221;row&#8221; use_row_as_full_screen_section=&#8221;no&#8221; type=&#8221;full_width&#8221; angled_section=&#8221;no&#8221; text_align=&#8221;left&#8221; background_image_as_pattern=&#8221;without_pattern&#8221;][vc_column width=&#8221;1\/2&#8243;][vc_column_text]\u0160iuolaikini\u0173 didaktik\u0173 centras<\/p>\n<p>Modern Didactics Centre<\/p>\n<p>&nbsp;<\/p>\n<p>Director Mrs. Daiva Penkauskien\u0117<\/p>\n<p>&nbsp;<\/p>\n<p>A. Kojelavi\u010diaus str. 1, LT-11100 Vilnius, Lithuania<\/p>\n<p>Phone: <a href=\"tel:\/\/+37065232313\">+370 652 32313<\/a><\/p>\n<p>E-mail: <a href=\"mailto:info@sdcentras.lt\">info@sdcentras.lt<\/a><\/p>\n<p>&nbsp;<\/p>\n<p>Enterprise code: 125011920<\/p>\n<p>VAT: LT100019331218<\/p>\n<p>Account No.: LT24 7044 0600 0140 1704<\/p>\n<p>Bank: AB SEB bankas<\/p>\n<p>Bank code: 70440<\/p>\n<p>BIC code (SWIFT): CBVILT2X[\/vc_column_text][\/vc_column][vc_column width=&#8221;1\/2&#8243;][vc_gmaps link=&#8221;#E-8_JTNDaWZyYW1lJTIwc3JjJTNEJTIyaHR0cHMlM0ElMkYlMkZ3d3cuZ29vZ2xlLmNvbSUyRm1hcHMlMkZlbWJlZCUzRnBiJTNEJTIxMW0xOCUyMTFtMTIlMjExbTMlMjExZDIzMDUuOTI1NDg2Mjk5MjczJTIxMmQyNS4zNjA2MzUyMTU4ODk2JTIxM2Q1NC42OTMzMzg4ODAyODMzOSUyMTJtMyUyMTFmMCUyMTJmMCUyMTNmMCUyMTNtMiUyMTFpMTAyNCUyMTJpNzY4JTIxNGYxMy4xJTIxM20zJTIxMW0yJTIxMXMweDQ2ZGQ5NjdhYmE0NjI5YWQlMjUzQTB4NmYwMjA5MWE4YzIxMTlhZiUyMTJzQS4lMjUyMEtvamVsYXZpJTI1QzQlMjU4RGlhdXMlMjUyMGcuJTI1MjAxJTI1MkMlMjUyMFZpbG5pdXMlMjUyMDExMTAwJTIxNWUwJTIxM20yJTIxMXNlbiUyMTJzbHQlMjE0djE1NzI5MDkxNTY2OTIlMjE1bTIlMjExc2VuJTIxMnNsdCUyMiUyMHdpZHRoJTNEJTIyMTAwJTI1JTIyJTIwaGVpZ2h0JTNEJTIyNDAwJTIyJTIwZnJhbWVib3JkZXIlM0QlMjIwJTIyJTIwc3R5bGUlM0QlMjJib3JkZXIlM0EwJTNCJTIyJTIwYWxsb3dmdWxsc2NyZWVuJTNEJTIyJTIyJTNFJTNDJTJGaWZyYW1lJTNF&#8221;][\/vc_column][\/vc_row][vc_row css_animation=&#8221;&#8221; row_type=&#8221;row&#8221; use_row_as_full_screen_section=&#8221;no&#8221; type=&#8221;full_width&#8221; angled_section=&#8221;no&#8221; text_align=&#8221;left&#8221; background_image_as_pattern=&#8221;without_pattern&#8221;][vc_column][vc_column_text][\/vc_column_text][\/vc_column][\/vc_row]<\/p>\n","protected":false},"excerpt":{"rendered":"<p>[vc_row css_animation=&#8221;&#8221; row_type=&#8221;row&#8221; use_row_as_full_screen_section=&#8221;no&#8221; type=&#8221;full_width&#8221; angled_section=&#8221;no&#8221; text_align=&#8221;left&#8221; background_image_as_pattern=&#8221;without_pattern&#8221;][vc_column width=&#8221;1\/2&#8243;][vc_column_text]\u0160iuolaikini\u0173 didaktik\u0173 centras Modern Didactics Centre &nbsp; Director Mrs. Daiva Penkauskien\u0117 &nbsp; A. Kojelavi\u010diaus str. 1, LT-11100 Vilnius, Lithuania Phone: +370 652 32313 E-mail: info@sdcentras.lt &nbsp; Enterprise code: 125011920 VAT: LT100019331218 Account No.: LT24 7044 0600 0140&#8230;<\/p>\n","protected":false},"author":1,"featured_media":0,"parent":0,"menu_order":0,"comment_status":"closed","ping_status":"closed","template":"","meta":{"footnotes":""},"class_list":["post-895","page","type-page","status-publish","hentry"],"acf":[],"aioseo_notices":[],"_links":{"self":[{"href":"https:\/\/sdcentras.lt\/en\/wp-json\/wp\/v2\/pages\/895","targetHints":{"allow":["GET"]}}],"collection":[{"href":"https:\/\/sdcentras.lt\/en\/wp-json\/wp\/v2\/pages"}],"about":[{"href":"https:\/\/sdcentras.lt\/en\/wp-json\/wp\/v2\/types\/page"}],"author":[{"embeddable":true,"href":"https:\/\/sdcentras.lt\/en\/wp-json\/wp\/v2\/users\/1"}],"replies":[{"embeddable":true,"href":"https:\/\/sdcentras.lt\/en\/wp-json\/wp\/v2\/comments?post=895"}],"version-history":[{"count":7,"href":"https:\/\/sdcentras.lt\/en\/wp-json\/wp\/v2\/pages\/895\/revisions"}],"predecessor-version":[{"id":13699,"href":"https:\/\/sdcentras.lt\/en\/wp-json\/wp\/v2\/pages\/895\/revisions\/13699"}],"wp:attachment":[{"href":"https:\/\/sdcentras.lt\/en\/wp-json\/wp\/v2\/media?parent=895"}],"curies":[{"name":"wp","href":"https:\/\/api.w.org\/{rel}","templated":true}]}}