{"id":889,"date":"2018-01-24T14:36:13","date_gmt":"2018-01-24T12:36:13","guid":{"rendered":"https:\/\/sdcentras.lt\/?page_id=889"},"modified":"2018-01-24T14:36:13","modified_gmt":"2018-01-24T12:36:13","slug":"action-reading-together-marking-the-international-literacy-day","status":"publish","type":"page","link":"https:\/\/sdcentras.lt\/en\/events\/seminars-discussions-actions\/action-reading-together-marking-the-international-literacy-day\/","title":{"rendered":"Action \u201eReading together&#8221; marking the International Literacy Day"},"content":{"rendered":"<p>[vc_row css_animation=&#8221;&#8221; row_type=&#8221;row&#8221; use_row_as_full_screen_section=&#8221;no&#8221; type=&#8221;full_width&#8221; angled_section=&#8221;no&#8221; text_align=&#8221;left&#8221; background_image_as_pattern=&#8221;without_pattern&#8221;][vc_column][vc_row_inner row_type=&#8221;row&#8221; type=&#8221;full_width&#8221; text_align=&#8221;left&#8221; css_animation=&#8221;&#8221;][vc_column_inner][vc_column_text]<\/p>\n<h2>Action \u201eReading together&#8221; marking the International Literacy Day <\/h2>\n<p>7 September 2007, Vilnius, \u0160ilut\u0117, Ma\u017eeikiai, Mol\u0117tai<\/p>\n<p>[\/vc_column_text][\/vc_column_inner][\/vc_row_inner][\/vc_column][\/vc_row][vc_row css_animation=&#8221;&#8221; row_type=&#8221;row&#8221; use_row_as_full_screen_section=&#8221;no&#8221; type=&#8221;full_width&#8221; angled_section=&#8221;no&#8221; text_align=&#8221;left&#8221; background_image_as_pattern=&#8221;without_pattern&#8221;][vc_column width=&#8221;1\/4&#8243;][vc_single_image image=&#8221;268&#8243; img_size=&#8221;medium&#8221; alignment=&#8221;center&#8221; qode_css_animation=&#8221;&#8221; transition_delay=&#8221;1&#8243;][\/vc_column][vc_column width=&#8221;3\/4&#8243;][vc_column_text]The main idea of the action &#8211; to highlight the importance of reading.<br \/>\nIn Modern Didactics Centre&#8217;s modelling schools there were organised series of reading activities: reading during lessons, meetings with writers and publishers, book presentations and discussions, book fairs.<br \/>\nThe action was organized in cooperation with publishing house Alma littera. [\/vc_column_text][\/vc_column][\/vc_row][vc_row css_animation=&#8221;&#8221; row_type=&#8221;row&#8221; use_row_as_full_screen_section=&#8221;no&#8221; type=&#8221;full_width&#8221; angled_section=&#8221;no&#8221; text_align=&#8221;left&#8221; background_image_as_pattern=&#8221;without_pattern&#8221;][vc_column width=&#8221;1\/3&#8243;][vc_text_separator title=&#8221;Pla\u010diau&#8221; title_align=&#8221;separator_align_left&#8221; border=&#8221;no&#8221;]<span data-type=\"normal\"  class=\"qode_icon_shortcode  q_font_awsome_icon fa-2x pull-left q_icon_animation\" style=\" \"><a  itemprop=\"url\" href=\"https:\/\/sdcentras.lt\/wp-content\/uploads\/akcija-skaitome-drauge-tarptautinei-literaturos-dienai-pamin\u0117ti.pdf\" target=\"_self\"><i class=\"qode_icon_font_awesome fa fa-file-pdf-o qode_icon_element\" style=\"color: #ff3a3a;\" ><\/i><\/a><\/span>[vc_raw_html]JTNDYSUyMGhyZWYlM0QlMjJodHRwcyUzQSUyRiUyRm1lZGlhei5sdCUyRnNkYyUyRndwLWNvbnRlbnQlMkZ1cGxvYWRzJTJGYWtjaWphLXNrYWl0b21lLWRyYXVnZS10YXJwdGF1dGluZWktbGl0ZXJhdHVyb3MtZGllbmFpLXBhbWluJUM0JTk3dGkucGRmJTIyJTNFUGxhJUM0JThEaWF1JTIwYXBpZSUyMHJlbmdpbiVDNCVBRiUzQyUyRmElM0UlM0NiciUzRQ==[\/vc_raw_html][\/vc_column][vc_column width=&#8221;1\/3&#8243;][\/vc_column][vc_column width=&#8221;1\/3&#8243;][\/vc_column][\/vc_row]<\/p>\n","protected":false},"excerpt":{"rendered":"<p>[vc_row css_animation=&#8221;&#8221; row_type=&#8221;row&#8221; use_row_as_full_screen_section=&#8221;no&#8221; type=&#8221;full_width&#8221; angled_section=&#8221;no&#8221; text_align=&#8221;left&#8221; background_image_as_pattern=&#8221;without_pattern&#8221;][vc_column][vc_row_inner row_type=&#8221;row&#8221; type=&#8221;full_width&#8221; text_align=&#8221;left&#8221; css_animation=&#8221;&#8221;][vc_column_inner][vc_column_text] Action \u201eReading together&#8221; marking the International Literacy Day 7 September 2007, Vilnius, \u0160ilut\u0117, Ma\u017eeikiai, Mol\u0117tai [\/vc_column_text][\/vc_column_inner][\/vc_row_inner][\/vc_column][\/vc_row][vc_row css_animation=&#8221;&#8221; row_type=&#8221;row&#8221; use_row_as_full_screen_section=&#8221;no&#8221; type=&#8221;full_width&#8221; angled_section=&#8221;no&#8221; text_align=&#8221;left&#8221; background_image_as_pattern=&#8221;without_pattern&#8221;][vc_column width=&#8221;1\/4&#8243;][vc_single_image image=&#8221;268&#8243; img_size=&#8221;medium&#8221; alignment=&#8221;center&#8221; qode_css_animation=&#8221;&#8221; transition_delay=&#8221;1&#8243;][\/vc_column][vc_column width=&#8221;3\/4&#8243;][vc_column_text]The main idea of&#8230;<\/p>\n","protected":false},"author":1,"featured_media":0,"parent":877,"menu_order":0,"comment_status":"closed","ping_status":"closed","template":"","meta":{"footnotes":""},"class_list":["post-889","page","type-page","status-publish","hentry"],"acf":[],"aioseo_notices":[],"_links":{"self":[{"href":"https:\/\/sdcentras.lt\/en\/wp-json\/wp\/v2\/pages\/889","targetHints":{"allow":["GET"]}}],"collection":[{"href":"https:\/\/sdcentras.lt\/en\/wp-json\/wp\/v2\/pages"}],"about":[{"href":"https:\/\/sdcentras.lt\/en\/wp-json\/wp\/v2\/types\/page"}],"author":[{"embeddable":true,"href":"https:\/\/sdcentras.lt\/en\/wp-json\/wp\/v2\/users\/1"}],"replies":[{"embeddable":true,"href":"https:\/\/sdcentras.lt\/en\/wp-json\/wp\/v2\/comments?post=889"}],"version-history":[{"count":0,"href":"https:\/\/sdcentras.lt\/en\/wp-json\/wp\/v2\/pages\/889\/revisions"}],"up":[{"embeddable":true,"href":"https:\/\/sdcentras.lt\/en\/wp-json\/wp\/v2\/pages\/877"}],"wp:attachment":[{"href":"https:\/\/sdcentras.lt\/en\/wp-json\/wp\/v2\/media?parent=889"}],"curies":[{"name":"wp","href":"https:\/\/api.w.org\/{rel}","templated":true}]}}