{"id":771,"date":"2017-11-30T23:13:55","date_gmt":"2017-11-30T21:13:55","guid":{"rendered":"https:\/\/sdcentras.lt\/?page_id=771"},"modified":"2025-03-24T10:53:28","modified_gmt":"2025-03-24T08:53:28","slug":"kritinis-mastymas-mokiniu-ir-jaunimo-organizaciju-nariu-ugdymui","status":"publish","type":"page","link":"https:\/\/sdcentras.lt\/en\/mokymai\/seminarai-mokykloms\/kritinis-mastymas-mokiniu-ir-jaunimo-organizaciju-nariu-ugdymui\/","title":{"rendered":"Kritinis m\u0105stymas \u2013 mokini\u0173 ir jaunimo organizacij\u0173 nari\u0173 ugdymui"},"content":{"rendered":"<p>[vc_row css_animation=&#8221;&#8221; row_type=&#8221;row&#8221; use_row_as_full_screen_section=&#8221;no&#8221; type=&#8221;grid&#8221; angled_section=&#8221;no&#8221; text_align=&#8221;left&#8221; background_image_as_pattern=&#8221;without_pattern&#8221; z_index=&#8221;&#8221; background_color=&#8221;#f7f7f7&#8243;][vc_column width=&#8221;1\/2&#8243;][vc_empty_space height=&#8221;52px&#8221;][vc_column_text]<\/p>\n<h2>Kritinis m\u0105stymas \u2013 mokini\u0173 ir jaunimo organizacij\u0173 nari\u0173 ugdymui<\/h2>\n<p>[\/vc_column_text][vc_separator type=&#8221;small&#8221; position=&#8221;left&#8221;][vc_empty_space][vc_column_text]<strong>Programos akreditacijos Nr.<\/strong> 213001273<\/p>\n<p><strong>Dalyviai<\/strong> \u2013 jaunimo nevyriausybini\u0173 organizacij\u0173 nariai, su jaunimu dirban\u010di\u0173 organizacij\u0173 atstovai (jaunimo b\u016breli\u0173, klub\u0173 vadovai, veiklos centr\u0173 darbuotojai, jaunimo neformali\u0173 grupi\u0173 atstovai), t\u0117vai, klasi\u0173 aukl\u0117tojai.<\/p>\n<p><strong>Trukm\u0117<\/strong> \u201374 akad. val.[\/vc_column_text][vc_empty_space][\/vc_column][vc_column width=&#8221;1\/2&#8243;][vc_empty_space height=&#8221;52px&#8221;][vc_single_image image=&#8221;12274&#8243; img_size=&#8221;large&#8221; qode_css_animation=&#8221;&#8221;][vc_column_text]<\/p>\n<p style=\"text-align: right;\">Freepick nuotr.<\/p>\n<p>[\/vc_column_text][vc_empty_space][\/vc_column][\/vc_row][vc_row css_animation=&#8221;&#8221; row_type=&#8221;row&#8221; use_row_as_full_screen_section=&#8221;no&#8221; type=&#8221;grid&#8221; angled_section=&#8221;no&#8221; text_align=&#8221;left&#8221; background_image_as_pattern=&#8221;without_pattern&#8221; z_index=&#8221;&#8221;][vc_column][vc_empty_space][vc_column_text]<\/p>\n<h4>Aktualumas<\/h4>\n<p><a href=\"https:\/\/e-seimas.lrs.lt\/portal\/legalAct\/lt\/TAD\/TAIS.269178\/asr\">Neformaliojo vaik\u0173 \u0161vietimo koncepcijoje (2005)<\/a> (toliau \u2013 Koncepcija) teigiama, kad neformaliojo vaik\u0173 ugdymo pad\u0117ti vaikui per pasirinkt\u0105 veikl\u0105 \u012fgyti kompetencij\u0173 ir tapti asmenybe, geban\u010dia suprasti, atsakingai vertinti ir k\u016brybingai spr\u0119sti kylan\u010dius i\u0161\u0161\u016bkius, aktyviai veikti visuomen\u0117je bei prisitaikyti prie kintan\u010dios aplinkos. \u0160ios programos autoriai, remdamiesi Koncepcija, mano, kad neformalusis kritinio m\u0105stymo ugdymas(-is) yra asmeni\u0161kai ir s\u0105moningai pasirinktas ugdymas(-is), tiesiogiai atliepiantis Koncepcijos u\u017edavin\u012f 8.2. <em>\u201elavinti geb\u0117jim\u0105 kriti\u0161kai m\u0105styti, k\u016brybi\u0161kum\u0105, geb\u0117ti pasir\u016bpinti savimi ir orientuotis dinami\u0161koje visuomen\u0117je\u201c. <\/em>Juo siekiama ugdyti ir ugdytis:<\/p>\n<p>1. Sav\u0119s pa\u017einim\u0105, asmenin\u0119 savirai\u0161k\u0105, tobul\u0117jim\u0105 bei kriti\u0161k\u0105, pagr\u012fst\u0105 sav\u0119s vertinim\u0105.<br \/>\n2. Kit\u0173 pa\u017einim\u0105, geb\u0117jim\u0105 pagarbiai priimti kitoni\u0161kum\u0105 ir gyventi darnoje su kitais.<br \/>\n3. Geb\u0117jim\u0105 susigaudyti nuolat besikei\u010dian\u010dioje aplinkoje, kriti\u0161kai atsirinkti ir pasirinkti informacij\u0105.<br \/>\n4. Geb\u0117jim\u0105 priimti kriti\u0161kus sprendimus, spr\u0119sti problemas ir asmeniniame, ir bendruomeniniame, ir visuomeniniame lygmenyje.<br \/>\n5. Atvirum\u0105 ir smalsum\u0105, tyrin\u0117jim\u0105 ir k\u016brybi\u0161kum\u0105, siekiant b\u016bti aktyviu visuomen\u0117s nariu, prisidedan\u010diu prie jos k\u016brimo ir tobulinimo.<\/p>\n<p>Jei laikomasi Koncepcijos nuostatos, kad neformalusis ugdymas yra pasirenkamas, tai i\u0161vardinti u\u017edaviniai n\u0117ra lengvi, nes juos kiekvienas <em>turi atlikti pats, <\/em>asmeni\u0161kai pasirink\u0119s vien\u0105 ar kit\u0105 neformaliojo ugdymo veikl\u0105. Ta\u010diau ir kritinio m\u0105stymo apibr\u0117\u017eimas (<a href=\"https:\/\/sdcentras.lt\/wp-content\/uploads\/Kritinis-mastymas-%E2%80%93-kas-tai_2001_4.pdf\">Klooster, D. (2001). <em>Kritinis m\u0105stymas \u2013 kas tai?<\/em><\/a>), kurio laikosi \u0161ios programos autoriai, sako, kad kritinis m\u0105stymas \u2013 tai darbas, kur\u012f turi atlikti pats, nes niekas kitas u\u017e tave pat\u012f negali m\u0105styti ir priimti sprendimus. Koncepcijoje i\u0161d\u0117styti ir kiti pasirenkamojo ugdymo principai \u2013 prieinamumas, individualizavimas, aktualumas, demokrati\u0161kumas, patirtis, ugdymasis grup\u0117je, pozityvumas. \u0160ie principai tinka ir kritinio m\u0105stymo ugdymui, kurio d\u0117ka jie \u012fgauna konkre\u010di\u0105 i\u0161rai\u0161k\u0105. Koncepcijoje teigiama, kad laikantis \u0161i\u0173 princip\u0173 \u012fgyjamos kompetencijos, naudingos asmeniniame, visuomeniniame ir profesiniame gyvenime, o rezultatas \u2013 i\u0161aug\u0119s <em>visuomen\u0117s nari\u0173 pilieti\u0161kumas ir tauti\u0161kumas;<\/em> j\u0173 aktyvus dalyvavimas <em>bendruomeniniame ir visuomeniniame (politiniame) gyvenime;<\/em> asmenyb\u0117s, geban\u010dios kurti <em>bendruomeni\u0161kum\u0105 skatinan\u010di\u0105 aplink\u0105 ir \u012f j\u0105 \u012ftraukian\u010dios daugiau visuomen\u0117s nari\u0173 <\/em>bei lanks\u010diai reaguojan\u010dius \u012f poky\u010dius darbo rinkoje, ko pas\u0117koje <em>ma\u017e\u0117s nedarbas ir valstyb\u0117s i\u0161laidos socialin\u0117ms i\u0161mokoms.<\/em> Jei laikome kritin\u012f m\u0105stym\u0105 s\u0105moningu asmens pasirinkimu ir kryptingu darbu, tai be abejon\u0117s jis taip pat veda prie konkre\u010di\u0173 rezultat\u0173.<\/p>\n<p>&nbsp;<\/p>\n<h4>Tikslas<\/h4>\n<p>Ugdyti mokini\u0173, jaunimo organizacij\u0173 nari\u0173 individualius kritinio m\u0105stymo \u012fg\u016bd\u017eius, pl\u0117toti, tobulinti komandinio, bendruomeninio darbo veiklas, mokytis identifikuoti konkre\u010dias problemas, jas analizuoti, spr\u0119sti, rengti ir vykdyti projektus, atlikti tyrin\u0117jimo veiklas, mokytis prasmingo laisvalaikio praleidimo, prasmingai prisid\u0117ti prie visuomenei reik\u0161ming\u0173 darb\u0173.<\/p>\n<p>&nbsp;<\/p>\n<h4>U\u017edaviniai<\/h4>\n<p>1. Supa\u017eindinti su kritinio m\u0105stymo ugdymo teorin\u0117mis ir metodologin\u0117mis nuostatomis, i\u0161nagrin\u0117ti b\u016btinas s\u0105lygas ir prielaidas.<br \/>\n2. Reflektuoti savo m\u0105stymo prielaidas ir formuotis vertybes.<br \/>\n3. Aptarti bei i\u0161bandyti kritinio m\u0105stymo ugdymo bendradarbiaujant ir veikimo grup\u0117je strategijas bei metodus.<br \/>\n4. Suvokti kritinio m\u0105stymo svarb\u0105 visuomen\u0117s gyvenime, laisv\u0117s ir atsakomyb\u0117s s\u0105sajas.<br \/>\n5. Mokytis taikyti kritinio m\u0105stymo principus, nuostatas, vertybes asmeniniame ir bendruomeniniame lygmenyse.<br \/>\n6. Mokytis kelti esminius klausimus: <em>kod\u0117l?<\/em> (kod\u0117l a\u0161\/kiti taip daro, elgiasi, m\u0105sto; kod\u0117l kas nors atsitinka, randasi vieni ar kiti rei\u0161kiniai); <em>\u201ek\u0105 darau?\u201c<\/em> (koki\u0105 veikl\u0105\/veiklos form\u0105 renkuosi) ir <em>\u201ekokia to veiksmo prasm\u0117 ir vert\u0117?\u201c<\/em> (man ir kitiems, bendruomenei ir visuomenei).<br \/>\n7. I\u0161nagrin\u0117ti bei aptarti kritinio m\u0105stymo svarb\u0105 organizacijos veiklos tobulinimui ir stiprinimui.<\/p>\n<p>&nbsp;<\/p>\n<h4>Turinys<\/h4>\n<p>1. Kritinio m\u0105stymo ugdymas: teorija ir praktika, b\u016btinos s\u0105lygos ir prielaidos.<br \/>\n2. Kritinis m\u0105stymas \u2013 savaranki\u0161kas ir nepriklausomas m\u0105stymas (sav\u0119s pa\u017einimas ir kritinis \u012fsivertinimas).<br \/>\n3. Kritinio m\u0105stymo ugdymas bendradarbiaujant (a\u0161 ir kiti; a\u0161 ir grup\u0117, mes \u2013 grup\u0117).<br \/>\n4. Kritinis m\u0105stymas organizacijos veiklos tobulinimui ir stiprinimui.<br \/>\n5. Kritinis m\u0105stymas \u2013 visuomeni\u0161kas m\u0105stymas. Kritinis m\u0105stymas kaip laisv\u0117 ir atsakomyb\u0117.<br \/>\n6. Praktin\u0117 veikla taikant kritinio m\u0105stymo ugdymo schem\u0105, strategijas ir metodus organizacijoje.<br \/>\n7. Patirties analiz\u0117 ir aptarimas.<\/p>\n<p>&nbsp;<\/p>\n<h4>Numatomas rezultatas<\/h4>\n<p>Dalyviai geb\u0117s modeliuoti kritinio m\u0105stymo ugdymo tiksl\u0105, u\u017edavinius, rezultatus, pasirinkti veiklos modelius, planuoti veikl\u0105 ir j\u0105 \u012fgyvendinti; pasirinkti veiksmingiausius kritinio m\u0105stymo ugdymo metodus ir taikyti neformalaus ugdymo veiklose; taikyti mokymosi bendradarbiaujant strategijas, ugdomojo vertinimo b\u016bdus; pasirinkti ir efektyviai taikyti veiklos ir vertinimo ir \u012fsivertinimo strategijas; kurti k\u016brybai ir naujov\u0117ms palanki\u0105 ugdymo(-si) aplink\u0105; panaudoti vertinimo duomenis planuojant tolesn\u0119 veikl\u0105.<\/p>\n<p>&nbsp;<\/p>\n<p><strong>D\u0117l mokym\u0173 organizavimo teirautis info@sdcentras.lt<\/strong>[\/vc_column_text][vc_empty_space][\/vc_column][\/vc_row]<\/p>\n","protected":false},"excerpt":{"rendered":"<p>[vc_row css_animation=&#8221;&#8221; row_type=&#8221;row&#8221; use_row_as_full_screen_section=&#8221;no&#8221; type=&#8221;grid&#8221; angled_section=&#8221;no&#8221; text_align=&#8221;left&#8221; background_image_as_pattern=&#8221;without_pattern&#8221; z_index=&#8221;&#8221; background_color=&#8221;#f7f7f7&#8243;][vc_column width=&#8221;1\/2&#8243;][vc_empty_space height=&#8221;52px&#8221;][vc_column_text] Kritinis m\u0105stymas \u2013 mokini\u0173 ir jaunimo organizacij\u0173 nari\u0173 ugdymui [\/vc_column_text][vc_separator type=&#8221;small&#8221; position=&#8221;left&#8221;][vc_empty_space][vc_column_text]Programos akreditacijos Nr. 213001273 Dalyviai \u2013 jaunimo nevyriausybini\u0173 organizacij\u0173 nariai, su jaunimu dirban\u010di\u0173 organizacij\u0173 atstovai (jaunimo b\u016breli\u0173, klub\u0173 vadovai, veiklos centr\u0173 darbuotojai,&#8230;<\/p>\n","protected":false},"author":1,"featured_media":0,"parent":39,"menu_order":0,"comment_status":"closed","ping_status":"closed","template":"full_width.php","meta":{"footnotes":""},"class_list":["post-771","page","type-page","status-publish","hentry"],"acf":[],"aioseo_notices":[],"_links":{"self":[{"href":"https:\/\/sdcentras.lt\/en\/wp-json\/wp\/v2\/pages\/771","targetHints":{"allow":["GET"]}}],"collection":[{"href":"https:\/\/sdcentras.lt\/en\/wp-json\/wp\/v2\/pages"}],"about":[{"href":"https:\/\/sdcentras.lt\/en\/wp-json\/wp\/v2\/types\/page"}],"author":[{"embeddable":true,"href":"https:\/\/sdcentras.lt\/en\/wp-json\/wp\/v2\/users\/1"}],"replies":[{"embeddable":true,"href":"https:\/\/sdcentras.lt\/en\/wp-json\/wp\/v2\/comments?post=771"}],"version-history":[{"count":8,"href":"https:\/\/sdcentras.lt\/en\/wp-json\/wp\/v2\/pages\/771\/revisions"}],"predecessor-version":[{"id":12318,"href":"https:\/\/sdcentras.lt\/en\/wp-json\/wp\/v2\/pages\/771\/revisions\/12318"}],"up":[{"embeddable":true,"href":"https:\/\/sdcentras.lt\/en\/wp-json\/wp\/v2\/pages\/39"}],"wp:attachment":[{"href":"https:\/\/sdcentras.lt\/en\/wp-json\/wp\/v2\/media?parent=771"}],"curies":[{"name":"wp","href":"https:\/\/api.w.org\/{rel}","templated":true}]}}