{"id":740,"date":"2017-11-30T20:59:27","date_gmt":"2017-11-30T18:59:27","guid":{"rendered":"https:\/\/sdcentras.lt\/?page_id=740"},"modified":"2025-03-24T11:08:07","modified_gmt":"2025-03-24T09:08:07","slug":"kurybiskumo-ugdymas-humanitariniu-ir-socialiniu-dalyku-pamokose","status":"publish","type":"page","link":"https:\/\/sdcentras.lt\/en\/mokymai\/seminarai-mokykloms\/kurybiskumo-ugdymas-humanitariniu-ir-socialiniu-dalyku-pamokose\/","title":{"rendered":"K\u016brybi\u0161kumo ugdymas humanitarini\u0173 ir socialini\u0173 dalyk\u0173 pamokose"},"content":{"rendered":"<p>[vc_row css_animation=&#8221;&#8221; row_type=&#8221;row&#8221; use_row_as_full_screen_section=&#8221;no&#8221; type=&#8221;grid&#8221; angled_section=&#8221;no&#8221; text_align=&#8221;left&#8221; background_image_as_pattern=&#8221;without_pattern&#8221; z_index=&#8221;&#8221; background_color=&#8221;#f7f7f7&#8243;][vc_column width=&#8221;1\/2&#8243;][vc_empty_space height=&#8221;52px&#8221;][vc_column_text]<\/p>\n<h2 style=\"text-align: left;\">K\u016brybi\u0161kumo ugdymas humanitarini\u0173 ir socialini\u0173 dalyk\u0173 pamokose<\/h2>\n<p>[\/vc_column_text][vc_separator type=&#8221;small&#8221; position=&#8221;left&#8221;][vc_empty_space][vc_column_text]<strong>Programos akreditacijos Nr<\/strong>. 213001138<\/p>\n<p><strong>Dalyviai<\/strong> \u2013 bendrojo ugdymo socialini\u0173 ir humanitarini\u0173 dalyk\u0173 mokytojai, ikimokyklinio, prie\u0161mokyklinio ir pradinio ugdymo mokytojai, pagalbos mokiniui specialistai, mokykl\u0173 bendruomen\u0117s komandos.<\/p>\n<p><strong>Trukm\u0117<\/strong> \u2013 42 akad. val.[\/vc_column_text][vc_empty_space][\/vc_column][vc_column width=&#8221;1\/2&#8243;][vc_empty_space height=&#8221;52px&#8221;][vc_single_image image=&#8221;12274&#8243; img_size=&#8221;large&#8221; qode_css_animation=&#8221;&#8221;][vc_column_text]<\/p>\n<p style=\"text-align: right;\">Freepick nuotr.<\/p>\n<p>[\/vc_column_text][vc_empty_space][\/vc_column][\/vc_row][vc_row css_animation=&#8221;&#8221; row_type=&#8221;row&#8221; use_row_as_full_screen_section=&#8221;no&#8221; type=&#8221;grid&#8221; angled_section=&#8221;no&#8221; text_align=&#8221;left&#8221; background_image_as_pattern=&#8221;without_pattern&#8221; z_index=&#8221;&#8221;][vc_column][vc_empty_space][vc_column_text]<\/p>\n<h4>Aktualumas<\/h4>\n<p>K\u016brybi\u0161kumo ugdymo svarba kiekvienam asmeniui, visuomenei, valstyb\u0117ms yra ai\u0161kiai deklaruojama ES Tarybos ir ES Komisijos dokumentuose, LR Valstyb\u0117s pa\u017eangos strategijoje \u201eLietuva 2030\u201c, Valstybin\u0117je \u0161vietimo 2013\u20132022 met\u0173 strategijoje, kituose strateginiuose dokumentuose. K\u016brybi\u0161kumo ir k\u016brybi\u0161kumo ugdymo moksliniai tyrin\u0117jimai atskleid\u017eia, kad lig\u0161iolini\u0173 reform\u0173, pertvark\u0173 nebepakanka. Reikia keistis i\u0161 esm\u0117s \u2013 turi rastis sisteminis k\u016brybi\u0161kumo, vaizduot\u0117s ir inovacij\u0173 ugdymas, nes \u201e\u0161vietimo u\u017eduotis n\u0117ra mokyti dalyk\u0173; u\u017eduotis \u2013 mokyti mokinius\u201c <em>(Robinson K. (2011). Out of Our Minds. Learning to be Creative. Publishing Ltd, p. 267)<\/em>.<\/p>\n<p>\u0160iuolaikini\u0173 didaktik\u0173 centro 2011\u20132012 m. atlikti K\u016brybi\u0161kumo tyrimai atskleid\u0117, kad mokytojai stokoja k\u016brybi\u0161kumo ugdymo kompetencijos, nes ji \u012fgyjama nesistemingai, savaranki\u0161k\u0173 studij\u0173 ir praktin\u0117s patirties metu. Mokytojams tr\u016bksta ai\u0161ki\u0173 pavyzd\u017ei\u0173, nuorod\u0173, strukt\u016bros, kaip konkre\u010diai ugdyti k\u016brybi\u0161kum\u0105 per pamokas. Vadov\u0117liai, kitos mokymo priemon\u0117s per ma\u017eai skiria d\u0117mesio k\u016brybos procesui pristatyti ir aptarti, nepakankamai pateikia klausim\u0173\/u\u017eduo\u010di\u0173, raginan\u010di\u0173 mokinius formuluoti klausimus bei pa\u017evelgti \u012f dalykus i\u0161 \u012fvairi\u0173 perspektyv\u0173, reikalaujan\u010di\u0173 daugiau nei vieno atsakymo, skatinan\u010di\u0173 pristatyti id\u0117jas \u012fvairiais b\u016bdais, interpretuoti, pateikti argumentus, i\u0161sakyti nuomon\u0119, po\u017ei\u016br\u012f. Ne visi mokiniai skatinami imtis k\u016brybin\u0117s veiklos, aktyviau pamokoje dirba patys mokytojai. Tyrim\u0173 metu taip pat i\u0161siai\u0161kinta, kad mokytojams n\u0117ra lengva vertinti k\u016brybinius mokini\u0173 darbus, individuali\u0105 mokini\u0173 pa\u017eang\u0105, atskir\u0173 mokini\u0173 ind\u0117l\u012f jiems dirbant grup\u0117se, integrali\u0105 \u017eini\u0173, \u012fg\u016bd\u017ei\u0173 bei nuostat\u0173 visum\u0105. Pamokoje skiriama nepakankamai d\u0117mesio \u012fsivertinimui: mokiniai retai skatinami aptarti savo ar klas\u0117s draug\u0173 veikl\u0105 bei jos rezultatus.<\/p>\n<p>\u0160ia programa siekiama pateikti ai\u0161kias gaires ir pavyzd\u017eius, kaip nuosekliai ir sistemingai ugdyti ir vertinti mokini\u0173 k\u016brybi\u0161kum\u0105 humanitarini\u0173 ir socialini\u0173 dalyk\u0173 pamokose \u012fvairi\u0173 rai\u0161kos priemoni\u0173 ir veikl\u0173 pagalba.<\/p>\n<p>&nbsp;<\/p>\n<h4>Tikslas<\/h4>\n<p>Tobulinti mokytoj\u0173 k\u016brybi\u0161kumo kompetencij\u0105, pristatant ir i\u0161bandant k\u016brybi\u0161kumo ugdymo metodik\u0105.<\/p>\n<p>&nbsp;<\/p>\n<h4>U\u017edaviniai<\/h4>\n<p>1. Pristatyti k\u016brybi\u0161kumo ir k\u016brybinio m\u0105stymo samprat\u0105, k\u016brybi\u0161kumo rai\u0161kos po\u017eymius ir identifikavimo kriterijus.<br \/>\n2. Aptarti k\u016brybi\u0161kumo ugdymui palankios aplinkos charakteristikas.<br \/>\n3. Aptarti ir i\u0161bandyti k\u016brybos proces\u0105 skaitant, ra\u0161ant ir diskutuojant.<br \/>\n4. Aptarti tyrin\u0117jimo veikl\u0173 charakteristikas.<br \/>\n5. I\u0161bandyti \u201cma\u017e\u0105sias\u201c k\u016brybi\u0161kumo ugdymo strategijas.<br \/>\n6. Aptarti ir i\u0161bandyti k\u016brybini\u0173 u\u017eduo\u010di\u0173 vertinimo strategijas bei metodus.<\/p>\n<p>&nbsp;<\/p>\n<h4>Turinys<\/h4>\n<p>1. K\u016brybi\u0161kumo ir k\u016brybinio m\u0105stymo samprata, k\u016brybi\u0161kumo rai\u0161kos po\u017eymiai ir identifikavimo kriterijai.<br \/>\n2. K\u016brybi\u0161kumo ugdymui palankios aplinkos k\u016brimas.<br \/>\n3. Skaitymo praktikumas.<br \/>\n4. Skaitymas su numatymu.<br \/>\n5. Klausin\u0117jimas ir diskutavimas.<br \/>\n6. Atsako metodai.<br \/>\n7. K\u016brybi\u0161kumo strategij\u0173 i\u0161bandymas pamokoje.<br \/>\n8. K\u016brybin\u0117s ra\u0161ymo dirbtuv\u0117s.<br \/>\n9. Tyrin\u0117jimo veiklos.<br \/>\n10. K\u016brybi\u0161kumo strategij\u0173 i\u0161bandymas pamokoje.<br \/>\n11. \u201eMa\u017eosios\u201c k\u016brybi\u0161kumo ugdymo strategijos.<br \/>\n12. K\u016brybi\u0161kumo vertinimas.<\/p>\n<p>&nbsp;<\/p>\n<h4>Numatomas rezultatas<\/h4>\n<p>Seminaro dalyviai \u012fgis samprat\u0173 identifikavimo, analizavimo, sintezavimo ir vertinimo, problem\u0173 identifikavimo, ugdymosi aplink\u0173 k\u016brimo, mokinio pa\u017einimo ir jo pa\u017eangos pripa\u017einimo, mokymosi mokytis, informacijos valdymo, pa\u017eintin\u0119, k\u016brybinio m\u0105stymo, problem\u0173 sprendimo kompetencijas.<\/p>\n<p>&nbsp;<\/p>\n<p><strong>D\u0117l mokym\u0173 organizavimo teirautis info@sdcentras.lt<\/strong>[\/vc_column_text][vc_empty_space][vc_empty_space][\/vc_column][\/vc_row]<\/p>\n","protected":false},"excerpt":{"rendered":"<p>[vc_row css_animation=&#8221;&#8221; row_type=&#8221;row&#8221; use_row_as_full_screen_section=&#8221;no&#8221; type=&#8221;grid&#8221; angled_section=&#8221;no&#8221; text_align=&#8221;left&#8221; background_image_as_pattern=&#8221;without_pattern&#8221; z_index=&#8221;&#8221; background_color=&#8221;#f7f7f7&#8243;][vc_column width=&#8221;1\/2&#8243;][vc_empty_space height=&#8221;52px&#8221;][vc_column_text] K\u016brybi\u0161kumo ugdymas humanitarini\u0173 ir socialini\u0173 dalyk\u0173 pamokose [\/vc_column_text][vc_separator type=&#8221;small&#8221; position=&#8221;left&#8221;][vc_empty_space][vc_column_text]Programos akreditacijos Nr. 213001138 Dalyviai \u2013 bendrojo ugdymo socialini\u0173 ir humanitarini\u0173 dalyk\u0173 mokytojai, ikimokyklinio, prie\u0161mokyklinio ir pradinio ugdymo mokytojai, pagalbos mokiniui specialistai, mokykl\u0173 bendruomen\u0117s&#8230;<\/p>\n","protected":false},"author":1,"featured_media":0,"parent":39,"menu_order":0,"comment_status":"closed","ping_status":"closed","template":"full_width.php","meta":{"footnotes":""},"class_list":["post-740","page","type-page","status-publish","hentry"],"acf":[],"aioseo_notices":[],"_links":{"self":[{"href":"https:\/\/sdcentras.lt\/en\/wp-json\/wp\/v2\/pages\/740","targetHints":{"allow":["GET"]}}],"collection":[{"href":"https:\/\/sdcentras.lt\/en\/wp-json\/wp\/v2\/pages"}],"about":[{"href":"https:\/\/sdcentras.lt\/en\/wp-json\/wp\/v2\/types\/page"}],"author":[{"embeddable":true,"href":"https:\/\/sdcentras.lt\/en\/wp-json\/wp\/v2\/users\/1"}],"replies":[{"embeddable":true,"href":"https:\/\/sdcentras.lt\/en\/wp-json\/wp\/v2\/comments?post=740"}],"version-history":[{"count":5,"href":"https:\/\/sdcentras.lt\/en\/wp-json\/wp\/v2\/pages\/740\/revisions"}],"predecessor-version":[{"id":12324,"href":"https:\/\/sdcentras.lt\/en\/wp-json\/wp\/v2\/pages\/740\/revisions\/12324"}],"up":[{"embeddable":true,"href":"https:\/\/sdcentras.lt\/en\/wp-json\/wp\/v2\/pages\/39"}],"wp:attachment":[{"href":"https:\/\/sdcentras.lt\/en\/wp-json\/wp\/v2\/media?parent=740"}],"curies":[{"name":"wp","href":"https:\/\/api.w.org\/{rel}","templated":true}]}}