{"id":5495,"date":"2022-04-28T14:48:15","date_gmt":"2022-04-28T12:48:15","guid":{"rendered":"https:\/\/sdcentras.lt\/?page_id=5495"},"modified":"2024-07-10T11:30:15","modified_gmt":"2024-07-10T09:30:15","slug":"tukstantmecio-mokyklu-programa","status":"publish","type":"page","link":"https:\/\/sdcentras.lt\/en\/tukstantmecio-mokyklu-programa\/","title":{"rendered":"&#8220;T\u016bkstantme\u010dio mokykl\u0173&#8221; programa"},"content":{"rendered":"<p>[vc_row css_animation=&#8221;&#8221; row_type=&#8221;row&#8221; use_row_as_full_screen_section=&#8221;yes&#8221; type=&#8221;full_width&#8221; angled_section=&#8221;yes&#8221; angled_section_position=&#8221;both&#8221; angled_section_direction=&#8221;from_left_to_right&#8221; text_align=&#8221;left&#8221; background_image_as_pattern=&#8221;without_pattern&#8221; background_color=&#8221;#f7f7f7&#8243; z_index=&#8221;&#8221;][vc_column][vc_empty_space height=&#8221;22px&#8221;][vc_empty_space height=&#8221;22px&#8221;][vc_empty_space height=&#8221;22px&#8221;][vc_row_inner row_type=&#8221;row&#8221; type=&#8221;grid&#8221; text_align=&#8221;left&#8221; css_animation=&#8221;&#8221;][vc_column_inner][vc_column_text]<\/p>\n<h1 style=\"text-align: center;\">K\u0104 SI\u016aLOME T\u016aKSTANTME\u010cIO MOKYKLOMS<\/h1>\n<p>[\/vc_column_text][vc_column_text][\/vc_column_text][\/vc_column_inner][\/vc_row_inner][vc_empty_space][\/vc_column][\/vc_row][vc_row css_animation=&#8221;&#8221; row_type=&#8221;row&#8221; use_row_as_full_screen_section=&#8221;no&#8221; type=&#8221;grid&#8221; angled_section=&#8221;no&#8221; text_align=&#8221;left&#8221; background_image_as_pattern=&#8221;without_pattern&#8221;][vc_column][vc_empty_space][vc_empty_space][vc_empty_space][vc_column_text]<\/p>\n<h6 style=\"text-align: center;\">\u0160iuolaikini\u0173 didaktik\u0173 centras yra nevyriausybin\u0117 organizacija, veikianti nuo 1999 m. Esame akredituota neformaliojo \u0161vietimo institucija, dirbanti su bendrojo lavinimo, profesinio mokymo, auk\u0161tosiomis mokyklomis, bibliotekomis, muziejais ir kitomis organizacijomis, vykdan\u010diomis edukacines veiklas.<\/h6>\n<h6 style=\"text-align: center;\">M\u016bs\u0173 programos orientuotos \u012f mokymo ir mokymosi proceso tobulinim\u0105, individualios pa\u017eangos bei pasiekim\u0173 gerinim\u0105, savivald\u0173 ir savireguliacin\u012f mokini\u0173 mokym\u0105si. Padedame tobulinti bendr\u0105sias kompetencijas, dalykin\u012f ra\u0161tingum\u0105, skaitymo geb\u0117jimus, socialines-emocines kompetencijas formaliojo ugdymo kontekste.<\/h6>\n<h6 style=\"text-align: center;\">Konsultuojame pedagog\u0173 bendruomenes profesin\u0117s veiklos tobulinimo klausimais: padedame projektuoti ir atlikti veiklos tyrimus, analizuoti duomenis, kurti ir modeliuoti visos dienos mokyklos ugdymo programas.<\/h6>\n<p>[\/vc_column_text][vc_empty_space][vc_separator type=&#8221;normal&#8221;][vc_empty_space][\/vc_column][\/vc_row][vc_row css_animation=&#8221;&#8221; row_type=&#8221;row&#8221; use_row_as_full_screen_section=&#8221;no&#8221; type=&#8221;grid&#8221; angled_section=&#8221;no&#8221; text_align=&#8221;left&#8221; background_image_as_pattern=&#8221;without_pattern&#8221; z_index=&#8221;&#8221;][vc_column width=&#8221;1\/3&#8243;][vc_single_image image=&#8221;5555&#8243; alignment=&#8221;center&#8221; qode_css_animation=&#8221;&#8221;][vc_empty_space][vc_column_text]<\/p>\n<h6 style=\"text-align: center;\">Konsultacijos rengiant \u0161vietimo pa\u017eangos plan\u0105<\/h6>\n<p>[\/vc_column_text][vc_empty_space][vc_empty_space][vc_empty_space][vc_single_image image=&#8221;6000&#8243; img_size=&#8221;large&#8221; alignment=&#8221;center&#8221; qode_css_animation=&#8221;&#8221;][vc_empty_space][\/vc_column][vc_column width=&#8221;1\/3&#8243;][vc_single_image image=&#8221;5559&#8243; alignment=&#8221;center&#8221; qode_css_animation=&#8221;&#8221;][vc_empty_space][vc_column_text]<\/p>\n<h6 style=\"text-align: center;\">Konsultacijos visos dienos mokyklos modeliavimo klausimais<\/h6>\n<p>[\/vc_column_text][vc_empty_space][vc_empty_space][vc_empty_space][vc_single_image image=&#8221;6025&#8243; img_size=&#8221;large&#8221; alignment=&#8221;center&#8221; qode_css_animation=&#8221;&#8221;][vc_empty_space][\/vc_column][vc_column width=&#8221;1\/3&#8243;][vc_single_image image=&#8221;5537&#8243; alignment=&#8221;center&#8221; qode_css_animation=&#8221;&#8221;][vc_empty_space][vc_column_text]<\/p>\n<h6 style=\"text-align: center;\">Integruotos ilgalaik\u0117s kvalifikacijos tobulinimo programos<\/h6>\n<p>[\/vc_column_text][vc_empty_space][vc_empty_space][vc_empty_space][vc_single_image image=&#8221;5996&#8243; img_size=&#8221;large&#8221; alignment=&#8221;center&#8221; qode_css_animation=&#8221;&#8221;][vc_empty_space][\/vc_column][\/vc_row][vc_row css_animation=&#8221;&#8221; row_type=&#8221;row&#8221; use_row_as_full_screen_section=&#8221;no&#8221; type=&#8221;grid&#8221; angled_section=&#8221;no&#8221; text_align=&#8221;left&#8221; background_image_as_pattern=&#8221;with_pattern&#8221; z_index=&#8221;&#8221;][vc_column width=&#8221;1\/4&#8243;][vc_empty_space][vc_column_text]<\/p>\n<h3 style=\"text-align: center;\">\u012eTRAUKTIS<\/h3>\n<p>[\/vc_column_text][vc_empty_space][\/vc_column][vc_column width=&#8221;1\/4&#8243;][vc_empty_space][vc_column_text]<\/p>\n<h3 style=\"text-align: center;\">LYDERYST\u0116 MOKYMUISI<\/h3>\n<p>[\/vc_column_text][vc_empty_space][\/vc_column][vc_column width=&#8221;1\/4&#8243;][vc_empty_space][vc_column_text]<\/p>\n<h3 style=\"text-align: center;\">KULT\u016aRINIS UGDYMAS<\/h3>\n<p>[\/vc_column_text][vc_empty_space][\/vc_column][vc_column width=&#8221;1\/4&#8243;][vc_empty_space][vc_column_text]<\/p>\n<h3 style=\"text-align: center;\">ST<span style=\"color: #339966;\">R<\/span>EAM<\/h3>\n<p>[\/vc_column_text][vc_empty_space][\/vc_column][\/vc_row][vc_row css_animation=&#8221;&#8221; row_type=&#8221;row&#8221; use_row_as_full_screen_section=&#8221;no&#8221; type=&#8221;grid&#8221; angled_section=&#8221;no&#8221; text_align=&#8221;left&#8221; background_image_as_pattern=&#8221;without_pattern&#8221;][vc_column][vc_empty_space height=&#8221;52px&#8221;][vc_accordion active_tab=&#8221;false&#8221; collapsible=&#8221;yes&#8221; style=&#8221;toggle&#8221; title=&#8221;Detali informacija pasl\u0117pta&#8221;][vc_accordion_tab title=&#8221;Kritinio m\u0105stymo ugdymo programa&#8221; title_color=&#8221;#545a8c&#8221;][vc_column_text]<strong>Kam skirta:<\/strong> mokykl\u0173 vadov\u0173 ir pedagogini\u0173 darbuotoj\u0173 kompetencij\u0173 stiprinimas.<\/p>\n<p>&nbsp;<\/p>\n<p><strong>Sritys: <\/strong><\/p>\n<p><strong>\u012eTRAUKTIS<\/strong> \u2013 kriti\u0161kai m\u0105styti ir priimti pagr\u012fstus sprendimus gali kiekvienas nepaisant am\u017eiaus, kilm\u0117s, aplinkos, turimos patirties.<\/p>\n<p><strong>STREAM<\/strong> \u2013 skaitymas, ra\u0161ymas ir diskutavimas m\u0105stant yra neatsiejama bet kokio mokomojo dalyko ir tyrin\u0117jimo veikla.<\/p>\n<p><strong>LYDERYST\u0116 MOKYMUISI \u2013<\/strong> telkiama mokyklos bendruomen\u0117 ugdymo turinio planavimo, \u012fgyvendinimo ir vertinimo veikloms.<\/p>\n<p>&nbsp;<\/p>\n<p><strong>Kokias problemas sprend\u017eia<\/strong>:<\/p>\n<p>MOKINI\u0172: Motyvacijos mokymuisi ir \u012fsitraukimo \u012f mokym\u0105si; Mokymosi m\u0105stant ir reguliuojant mokym\u0105si.<\/p>\n<p>MOKYTOJ\u0172: Kompetencijomis gr\u012fsto ugdymo turinio planavimo, \u012fgyvendinimo ir vertinimo.<\/p>\n<p>&nbsp;<\/p>\n<p><strong>Poveikio matavimas: <\/strong><\/p>\n<p>MOKINIAI: taps smalsesniais ir geb\u0117s naudotis tyrin\u0117jimo strategijomis; I\u0161moks kontroliuoti ir reguliuoti savo mokym\u0105si; I\u0161moks mokytis bendradarbiaujant su kitais; I\u0161moks vertinti savo pa\u017eang\u0105.<\/p>\n<p>MOKYTOJAI: patobulins ugdymo aplinkos k\u016brimo, ugdymo turinio planavimo, \u012fgyvendinimo ir vertinimo kompetencijas.<\/p>\n<p>&nbsp;<\/p>\n<p><strong>Veiklos ir j\u0173 trukm\u0117<\/strong>: mokymai, konsultacijos, pamok\u0173 planavimas ir vedimas bendradarbiaujant su kolegomis, veiklos tyrimas (nuo 40 iki 120 akad. val.).[\/vc_column_text][\/vc_accordion_tab][vc_accordion_tab title=&#8221;Individualios pa\u017eangos vertinimo ir steb\u0117senos sistema&#8221; title_color=&#8221;#545a8c&#8221;][vc_column_text]<strong>Kam skirta: <\/strong>Mokykl\u0173 vadov\u0173 ir pedagogini\u0173 darbuotoj\u0173 kompetencij\u0173 stiprinimas diferencijuojant, individualizuojant ir suasmeninat mokym\u0105si.<\/p>\n<p>&nbsp;<\/p>\n<p><strong>Sritys:<\/strong><\/p>\n<p><strong>\u012eTRAUKTIS \u2013<\/strong> siekiama mokini\u0173 individualios socialini\u0173 kompetencij\u0173 ir mokymosi pa\u017eangos vis\u0173 dalyk\u0173 pamokose ir neformaliose ugdymo veiklose.<\/p>\n<p><strong>LYDERYST\u0116 MOKYMUISI \u2013<\/strong> telkiama mokyklos bendruomen\u0117 sprend\u017eiant pagalbos mokiniui problemas.<\/p>\n<p>&nbsp;<\/p>\n<p><strong>Kokias problemas sprend\u017eia:<\/strong><\/p>\n<p>MOKINI\u0172: mokyklos nelankymo, pamok\u0173 praleidin\u0117jimo, individualios mokymosi pa\u017eangos, \u012fsitraukimo \u012f mokym\u0105si.<\/p>\n<p>MOKYTOJ\u0172: profesinio tobul\u0117jimo pedagogin\u0117je bendruomen\u0117je; technologij\u0173 naudojimo stebint ir vertinant individuali\u0105 pa\u017eang\u0105.<\/p>\n<p>&nbsp;<\/p>\n<p><strong>Poveikio matavimas:<\/strong><\/p>\n<p>MOKINI\u0172: mokyklos lankomumo ir pamok\u0173 praleidin\u0117jimo, \u012fsitraukimo \u012f mokym\u0105si ir individualios mokymosi pa\u017eangos.<\/p>\n<p>MOKYTOJ\u0172: patobulintos ugdymo turinio diferencijavimo, individualizavimo ir technologij\u0173 naudojimo kompetencijos; sustipr\u0117j\u0119s profesinis bendradarbiavimas.<\/p>\n<p>&nbsp;<\/p>\n<p><strong>Veiklos ir j\u0173 trukm\u0117:<\/strong> mokymai, konsultacijos, veikl\u0173 planavimas ir \u012fgyvendinimas, steb\u0117senos \u012frankio i\u0161bandymas ir vertinimas (nuo 40 iki 80 akad. val.).[\/vc_column_text][\/vc_accordion_tab][vc_accordion_tab title=&#8221;Skaitymo skatinimas per \u012fvairi\u0173 dalyk\u0173 pamokas ir neformalias veiklas&#8221; title_color=&#8221;#545a8c&#8221;][vc_column_text]<strong> <img loading=\"lazy\" decoding=\"async\" class=\"alignnone wp-image-5943\" src=\"https:\/\/sdcentras.lt\/wp-content\/uploads\/vaiku-zeme-1-225x300.jpg\" alt=\"\" width=\"57\" height=\"76\" srcset=\"https:\/\/sdcentras.lt\/wp-content\/uploads\/vaiku-zeme-1-225x300.jpg 225w, https:\/\/sdcentras.lt\/wp-content\/uploads\/vaiku-zeme-1.jpg 461w\" sizes=\"auto, (max-width: 57px) 100vw, 57px\" \/><\/strong><\/p>\n<p><strong>Parengta kartu su Mokykl\u0173 tobulinimo centru<\/strong><\/p>\n<p>&nbsp;<\/p>\n<p><strong>Kam skirta:<br \/>\n<\/strong><\/p>\n<p>Mokykl\u0173 vadov\u0173 ir pedagogini\u0173 darbuotoj\u0173 kompetencij\u0173 stiprinimas.<\/p>\n<p>Ugdymo veikl\u0173 ir u\u017esi\u0117mim\u0173 organizavimas.<\/p>\n<p>&nbsp;<\/p>\n<p><strong>Sritys:<\/strong><\/p>\n<p><strong>\u012eTRAUKTIS<\/strong> \u2013 siekiant mokini\u0173 individualios skaitymo pa\u017eangos vis\u0173 dalyk\u0173 pamokose ir neformaliose veiklose.<\/p>\n<p><strong>LYDERYST\u0116 MOKYMUISI<\/strong> \u2013 mokyklos bendruomen\u0117s telkimas skaitymo geb\u0117jim\u0173 ugdymui.<\/p>\n<p><strong>KULT\u016aRINIS UGDYMAS <\/strong>\u2013 mokini\u0173 \u012ftraukimas \u012f aktyvias skaitymo ir k\u016brybines veiklas.<strong><br \/>\n<\/strong><\/p>\n<p>&nbsp;<\/p>\n<p><strong>Kokias problemas sprend\u017eia<\/strong>:<\/p>\n<p>Individualios mokymosi pa\u017eangos, \u012fsitraukimo \u012f mokym\u0105si (\u012e).<\/p>\n<p>Profesinio tobul\u0117jimo pedagogin\u0117je bendruomen\u0117je (L).<\/p>\n<p>Pa\u017eintini\u0173, socialini\u0173-emocini\u0173 ir k\u016brybini\u0173 kompetencij\u0173 ugdymo (KU).<\/p>\n<p>&nbsp;<\/p>\n<p><strong>Poveikio matavimas: <\/strong><\/p>\n<p>MOKINIAI: padid\u0117jusi mokymosi motyvacija ir \u012fsitraukimas; pager\u0117j\u0119 skaitymo \u012fg\u016bd\u017eiai; prapl\u0117stas kult\u016brinis akiratis ir k\u016brybin\u0117 rai\u0161ka.<\/p>\n<p>MOKYTOJAI: patobulintos didaktin\u0117s kompetencijos.<\/p>\n<p>&nbsp;<\/p>\n<p><strong>Veiklos ir j\u0173 trukm\u0117<\/strong>:<\/p>\n<ul>\n<li>mokymai (ne ma\u017eiau 40 val.);<\/li>\n<li>konsultacijos (ne ma\u017eiau 32 val.);<\/li>\n<li>savaranki\u0161kas u\u017eduo\u010di\u0173 atlikimas pedagogin\u0117je bendruomen\u0117je (ne ma\u017eiau 34 val.);<\/li>\n<li>mokini\u0173 veikl\u0173 organizavimas.<\/li>\n<\/ul>\n<p>[\/vc_column_text][\/vc_accordion_tab][vc_accordion_tab title=&#8221;Dalykinio ra\u0161tingumo ir socialini\u0173-emocini\u0173 kompetencij\u0173 ugdymas pamokose ir u\u017eklasin\u0117je veikloje naudojant autenti\u0161kus tekstus&#8221; title_color=&#8221;#545a8c&#8221;][vc_column_text]<strong> <img loading=\"lazy\" decoding=\"async\" class=\"alignnone wp-image-5943\" src=\"https:\/\/sdcentras.lt\/wp-content\/uploads\/vaiku-zeme-1-225x300.jpg\" alt=\"\" width=\"53\" height=\"71\" srcset=\"https:\/\/sdcentras.lt\/wp-content\/uploads\/vaiku-zeme-1-225x300.jpg 225w, https:\/\/sdcentras.lt\/wp-content\/uploads\/vaiku-zeme-1.jpg 461w\" sizes=\"auto, (max-width: 53px) 100vw, 53px\" \/><\/strong><\/p>\n<p><strong>Parengta kartu su Mokykl\u0173 tobulinimo centru<\/strong><\/p>\n<p>&nbsp;<\/p>\n<p><strong>Kam skirta:<br \/>\n<\/strong><\/p>\n<p>Mokykl\u0173 vadov\u0173 ir pedagogini\u0173 darbuotoj\u0173 kompetencij\u0173 stiprinimas.<\/p>\n<p>Ugdymo veikl\u0173 ir u\u017esi\u0117mim\u0173 organizavimas.<\/p>\n<p>&nbsp;<\/p>\n<p><strong>Sritys:<\/strong><\/p>\n<p><strong>\u012eTRAUKTIS<\/strong> \u2013 siekiant mokini\u0173 individualios mokymosi pa\u017eangos dalykinio ra\u0161tingumo, mokymosi bendrauti ir bendradarbiauti srityse.<\/p>\n<p><strong>LYDERYST\u0116 MOKYMUISI<\/strong> \u2013 mokyklos bendruomen\u0117s telkimas ugdymo proceso planavimui, \u012fgyvendinimui ir vertinimui.<\/p>\n<p><strong>KULT\u016aRINIS UGDYMAS<\/strong> \u2013 mokini\u0173 \u012ftraukimas \u012f aktyvias skaitymo ir k\u016brybines veiklas.<\/p>\n<p>&nbsp;<\/p>\n<p><strong>Kokias problemas sprend\u017eia<\/strong>:<\/p>\n<p>Dalykinio ra\u0161tingumo ir socialini\u0173-emocini\u0173 bei metakognityvini\u0173 kompetencij\u0173 tobulinimo (\u012e).<\/p>\n<p>Profesinio tobul\u0117jimo ir augimo profesin\u0117je bendruomen\u0117je (L).<\/p>\n<p>Pa\u017eintini\u0173, socialini\u0173-emocini\u0173 ir k\u016brybini\u0173 kompetencij\u0173 ugdymo (KU).<\/p>\n<p>&nbsp;<\/p>\n<p><strong>Poveikio matavimas: <\/strong><\/p>\n<p>MOKINIAI: dalykinio ra\u0161tingumo ir socialini\u0173-emocini\u0173 kompetencij\u0173 augimas nustatyt\u0173 indikatori\u0173 ribose; padid\u0117jusi mokymosi motyvacija ir \u012fsitraukimas; prapl\u0117stas kult\u016brinis akiratis ir k\u016brybin\u0117 rai\u0161ka.<\/p>\n<p>MOKYTOJAI: patobulintos didaktin\u0117s, profesin\u0117s veiklos klas\u0117je ir profesin\u0117s veiklos pedagogin\u0117je bendruomen\u0117je kompetencijos.<\/p>\n<p>&nbsp;<\/p>\n<p><strong>Veiklos ir j\u0173 trukm\u0117<\/strong>:<\/p>\n<ul>\n<li>mokymai (ne ma\u017eiau 40 val.);<\/li>\n<li>konsultacijos (ne ma\u017eiau 14 val.);<\/li>\n<li>savaranki\u0161kas u\u017eduo\u010di\u0173 atlikimas pedagogin\u0117je bendruomen\u0117je (ne ma\u017eiau 44 val.);<\/li>\n<li>mokini\u0173 veikl\u0173 organizavimas.<\/li>\n<\/ul>\n<p>[\/vc_column_text][\/vc_accordion_tab][\/vc_accordion][vc_empty_space][vc_empty_space][\/vc_column][\/vc_row][vc_row css_animation=&#8221;&#8221; row_type=&#8221;row&#8221; use_row_as_full_screen_section=&#8221;no&#8221; type=&#8221;full_width&#8221; angled_section=&#8221;no&#8221; text_align=&#8221;left&#8221; background_image_as_pattern=&#8221;without_pattern&#8221;][vc_column][vc_single_image image=&#8221;6009&#8243; img_size=&#8221;large&#8221; alignment=&#8221;center&#8221; qode_css_animation=&#8221;&#8221; qode_hover_animation=&#8221;darken&#8221;][vc_empty_space][vc_column_text]<\/p>\n<p style=\"text-align: center;\"><a href=\"https:\/\/sdcentras.lt\/wp-content\/uploads\/MTC-\u0160DC-T\u016aM-mokykloms.pdf\" target=\"_blank\" rel=\"noopener\">\u0160iuolaikini\u0173 didaktik\u0173 centro ir Mokykl\u0173 tobulinimo centro prisistatymas<\/a><\/p>\n<p>[\/vc_column_text][vc_empty_space][vc_separator type=&#8221;small&#8221; position=&#8221;center&#8221;][vc_empty_space][vc_column_text]<\/p>\n<p style=\"text-align: center;\">Susisiekite: Daiva Penkauskien\u0117, el.p. info@sdcentras, tel. 8 687 47 684<\/p>\n<p>[\/vc_column_text][vc_empty_space][\/vc_column][\/vc_row]<\/p>\n","protected":false},"excerpt":{"rendered":"<p>[vc_row css_animation=&#8221;&#8221; row_type=&#8221;row&#8221; use_row_as_full_screen_section=&#8221;yes&#8221; type=&#8221;full_width&#8221; angled_section=&#8221;yes&#8221; angled_section_position=&#8221;both&#8221; angled_section_direction=&#8221;from_left_to_right&#8221; text_align=&#8221;left&#8221; background_image_as_pattern=&#8221;without_pattern&#8221; background_color=&#8221;#f7f7f7&#8243; z_index=&#8221;&#8221;][vc_column][vc_empty_space height=&#8221;22px&#8221;][vc_empty_space height=&#8221;22px&#8221;][vc_empty_space height=&#8221;22px&#8221;][vc_row_inner row_type=&#8221;row&#8221; type=&#8221;grid&#8221; text_align=&#8221;left&#8221; css_animation=&#8221;&#8221;][vc_column_inner][vc_column_text] K\u0104 SI\u016aLOME T\u016aKSTANTME\u010cIO MOKYKLOMS [\/vc_column_text][vc_column_text][\/vc_column_text][\/vc_column_inner][\/vc_row_inner][vc_empty_space][\/vc_column][\/vc_row][vc_row css_animation=&#8221;&#8221; row_type=&#8221;row&#8221; use_row_as_full_screen_section=&#8221;no&#8221; type=&#8221;grid&#8221; angled_section=&#8221;no&#8221; text_align=&#8221;left&#8221; background_image_as_pattern=&#8221;without_pattern&#8221;][vc_column][vc_empty_space][vc_empty_space][vc_empty_space][vc_column_text] \u0160iuolaikini\u0173 didaktik\u0173 centras yra nevyriausybin\u0117 organizacija, veikianti nuo 1999 m. Esame akredituota neformaliojo \u0161vietimo&#8230;<\/p>\n","protected":false},"author":1,"featured_media":0,"parent":0,"menu_order":0,"comment_status":"closed","ping_status":"closed","template":"full_width.php","meta":{"footnotes":""},"class_list":["post-5495","page","type-page","status-publish","hentry"],"acf":[],"aioseo_notices":[],"_links":{"self":[{"href":"https:\/\/sdcentras.lt\/en\/wp-json\/wp\/v2\/pages\/5495","targetHints":{"allow":["GET"]}}],"collection":[{"href":"https:\/\/sdcentras.lt\/en\/wp-json\/wp\/v2\/pages"}],"about":[{"href":"https:\/\/sdcentras.lt\/en\/wp-json\/wp\/v2\/types\/page"}],"author":[{"embeddable":true,"href":"https:\/\/sdcentras.lt\/en\/wp-json\/wp\/v2\/users\/1"}],"replies":[{"embeddable":true,"href":"https:\/\/sdcentras.lt\/en\/wp-json\/wp\/v2\/comments?post=5495"}],"version-history":[{"count":21,"href":"https:\/\/sdcentras.lt\/en\/wp-json\/wp\/v2\/pages\/5495\/revisions"}],"predecessor-version":[{"id":7069,"href":"https:\/\/sdcentras.lt\/en\/wp-json\/wp\/v2\/pages\/5495\/revisions\/7069"}],"wp:attachment":[{"href":"https:\/\/sdcentras.lt\/en\/wp-json\/wp\/v2\/media?parent=5495"}],"curies":[{"name":"wp","href":"https:\/\/api.w.org\/{rel}","templated":true}]}}