{"id":4327,"date":"2020-02-28T13:48:54","date_gmt":"2020-02-28T11:48:54","guid":{"rendered":"https:\/\/sdcentras.lt\/?page_id=4327"},"modified":"2020-03-27T15:31:27","modified_gmt":"2020-03-27T13:31:27","slug":"mentoriu-mokymai","status":"publish","type":"page","link":"https:\/\/sdcentras.lt\/en\/mentoriu-mokymai\/","title":{"rendered":"MENTORI\u0172 MOKYMAI"},"content":{"rendered":"<div class=\"o9v6fnle cxmmr5t8 oygrvhab hcukyx3x c1et5uql ii04i59q\">\n<div dir=\"auto\">\u012egyvendinant tarptautin\u012f Erasmus+ programos projekt\u0105 A.C.C.E.S.S. (Tarpsektorinis bendradarbiavimas socialinei integracijai ir mokymosi s\u0117kmei, 2018\u20132021) <span class=\"oi732d6d ik7dh3pa d2edcug0 qv66sw1b c1et5uql a8c37x1j s89635nw ew0dbk1b jq4qci2q a3bd9o3v knj5qynh oo9gr5id\" dir=\"auto\">2020 m. vasario 12 ir 27 d.<\/span> <span class=\"oi732d6d ik7dh3pa d2edcug0 qv66sw1b c1et5uql a8c37x1j s89635nw ew0dbk1b jq4qci2q a3bd9o3v knj5qynh oo9gr5id\" dir=\"auto\">Jano Sniadeckio gimnazijoje organizuoti <\/span>mentori\u0173 mokymai.<\/div>\n<div dir=\"auto\">Mokym\u0173 tikslas \u2013 visose projekte dalyvaujan\u010di\u0173 \u0161ali\u0173 (Lietuvos, Rumunijos, Italijos, Portugalijos) mokyklose parengti mentorius, kurie paruo\u0161t\u0173 ir i\u0161bandyt\u0173 priemones bei metodus, skirtus sunkumus patirian\u010di\u0173 vaik\u0173 mokymo(si) s\u0117kmei sukurti, taip u\u017ekertant keli\u0105 arba ma\u017einant ankstyvojo i\u0161kritimo i\u0161 mokyklos rizik\u0105.<\/div>\n<div dir=\"auto\">Rezultatai taps gair\u0117mis kuriant projekto II-\u0105j\u012f (Ankstyvojo i\u0161kritimo i\u0161 mokyklos monitoringo sistema ir prevencin\u0117s pagalbos modelis) ir III-i\u0105j\u012f (Palaikomojo mokymo ir vertinimo strategij\u0173 suk\u016brimas, remiantis kritine pedagogika ir socialiniu emociniu ugdymu) intelektinius produktus.<\/div>\n<div dir=\"auto\">V\u0117liau mentoriai i\u0161mokys savo mokykl\u0173 pedagogus taikyti sukurtas strategijas mokyklos mastu ir koordinuos \u0161i\u0105 veikl\u0105 bandomojo testavimo, kuris vyks mokyklose nuo 2020 m. spalio iki 2021 m. bir\u017eelio, metu.<\/div>\n<\/div>\n<p>Pla\u010diau apie projekt\u0105 http:\/\/projectaccess.eu<\/p>\n","protected":false},"excerpt":{"rendered":"<p>\u012egyvendinant tarptautin\u012f Erasmus+ programos projekt\u0105 A.C.C.E.S.S. (Tarpsektorinis bendradarbiavimas socialinei integracijai ir mokymosi s\u0117kmei, 2018\u20132021) 2020 m. vasario 12 ir 27 d. Jano Sniadeckio gimnazijoje organizuoti mentori\u0173 mokymai. Mokym\u0173 tikslas \u2013 visose projekte dalyvaujan\u010di\u0173 \u0161ali\u0173 (Lietuvos, Rumunijos, Italijos, Portugalijos) mokyklose parengti mentorius, kurie paruo\u0161t\u0173 ir i\u0161bandyt\u0173&#8230;<\/p>\n","protected":false},"author":2,"featured_media":4332,"parent":0,"menu_order":0,"comment_status":"closed","ping_status":"closed","template":"","meta":{"footnotes":""},"class_list":["post-4327","page","type-page","status-publish","has-post-thumbnail","hentry"],"acf":[],"aioseo_notices":[],"_links":{"self":[{"href":"https:\/\/sdcentras.lt\/en\/wp-json\/wp\/v2\/pages\/4327","targetHints":{"allow":["GET"]}}],"collection":[{"href":"https:\/\/sdcentras.lt\/en\/wp-json\/wp\/v2\/pages"}],"about":[{"href":"https:\/\/sdcentras.lt\/en\/wp-json\/wp\/v2\/types\/page"}],"author":[{"embeddable":true,"href":"https:\/\/sdcentras.lt\/en\/wp-json\/wp\/v2\/users\/2"}],"replies":[{"embeddable":true,"href":"https:\/\/sdcentras.lt\/en\/wp-json\/wp\/v2\/comments?post=4327"}],"version-history":[{"count":0,"href":"https:\/\/sdcentras.lt\/en\/wp-json\/wp\/v2\/pages\/4327\/revisions"}],"wp:featuredmedia":[{"embeddable":true,"href":"https:\/\/sdcentras.lt\/en\/wp-json\/wp\/v2\/media\/4332"}],"wp:attachment":[{"href":"https:\/\/sdcentras.lt\/en\/wp-json\/wp\/v2\/media?parent=4327"}],"curies":[{"name":"wp","href":"https:\/\/api.w.org\/{rel}","templated":true}]}}