{"id":39,"date":"2017-10-18T02:43:32","date_gmt":"2017-10-18T04:43:32","guid":{"rendered":"https:\/\/sdcentras.lt\/?page_id=39"},"modified":"2026-03-04T10:41:44","modified_gmt":"2026-03-04T08:41:44","slug":"seminarai-mokykloms","status":"publish","type":"page","link":"https:\/\/sdcentras.lt\/en\/mokymai\/seminarai-mokykloms\/","title":{"rendered":"Seminarai mokykloms"},"content":{"rendered":"<p>[vc_row css_animation=&#8221;&#8221; row_type=&#8221;row&#8221; use_row_as_full_screen_section=&#8221;no&#8221; type=&#8221;full_width&#8221; angled_section=&#8221;no&#8221; text_align=&#8221;left&#8221; background_image_as_pattern=&#8221;without_pattern&#8221; background_color=&#8221;#f7f7f7&#8243;][vc_column][vc_empty_space height=&#8221;52px&#8221;][vc_row_inner row_type=&#8221;row&#8221; type=&#8221;grid&#8221; text_align=&#8221;left&#8221; css_animation=&#8221;&#8221;][vc_column_inner][vc_column_text]<\/p>\n<h1 style=\"text-align: center;\">seminarai mokykl\u0173 bendruomen\u0117ms<\/h1>\n<p>[\/vc_column_text][vc_empty_space][vc_column_text]<\/p>\n<h6 style=\"text-align: center;\">Esame kredituota institucija, vykdanti mokytoj\u0173 ir \u0161vietimo pagalb\u0105 teikian\u010di\u0173 specialist\u0173 kvalifikacijos tobulinim\u0105.<br \/>\nDirbame su mokykl\u0173 komandomis, nes tikime, kad pasitelkus bendradarbiavim\u0105 ir kolegialum\u0105 mokytojams lengviau siekti mokyklos tobul\u0117jimo, mokini\u0173 pasiekim\u0173 gerinimo, \u012fgyvendinti numatytus teigiamus poky\u010dius.<br \/>\nKonsultuojame mokyklas ir padedame planuoti kvalifikacijos tobulinim\u0105; pagal mokykl\u0173 poreikius rengiame kvalifikacijos tobulinimo programas.<\/h6>\n<p>[\/vc_column_text][\/vc_column_inner][\/vc_row_inner][vc_empty_space height=&#8221;52px&#8221;][\/vc_column][\/vc_row][vc_row css_animation=&#8221;&#8221; row_type=&#8221;row&#8221; use_row_as_full_screen_section=&#8221;no&#8221; type=&#8221;grid&#8221; angled_section=&#8221;no&#8221; text_align=&#8221;left&#8221; background_image_as_pattern=&#8221;without_pattern&#8221;][vc_column][vc_empty_space][vc_column_text]<\/p>\n<h2>Program\u0173 s\u0105ra\u0161as<\/h2>\n<p>&nbsp;<\/p>\n<p><a href=\"https:\/\/sdcentras.lt\/mokymai\/seminarai-mokykloms\/kompetenciju-ugdymas-ir-vertinimas-prasmingam-mokymuisi-ir-tvariems-ugdymo-rezultatams\/\" target=\"_blank\" rel=\"noopener\">Kompetencij\u0173 ugdymas ir vertinimas prasmingam mokymuisi ir tvariems ugdymo rezultatams<\/a><\/p>\n<p><a href=\"https:\/\/sdcentras.lt\/mokymai\/seminarai-mokykloms\/kritinio-mastymo-ugdymas-skaitant-ir-rasant\/\" target=\"_blank\" rel=\"noopener\">Kritinio m\u0105stymo ugdymas skaitant ir ra\u0161ant<\/a><\/p>\n<p><a href=\"https:\/\/sdcentras.lt\/mokymai\/seminarai-mokykloms\/kurybiskumo-ugdymas-humanitariniu-ir-socialiniu-dalyku-pamokose\/\" target=\"_blank\" rel=\"noopener\">K\u016brybi\u0161kumo ugdymas humanitarini\u0173 ir socialini\u0173 dalyk\u0173 pamokose<\/a><\/p>\n<p><a href=\"https:\/\/sdcentras.lt\/mokymai\/seminarai-mokykloms\/kritinis-mastymas-mokiniu-ir-jaunimo-organizaciju-nariu-ugdymui\/\" target=\"_blank\" rel=\"noopener\">Kritinis m\u0105stymas neformaliajam mokini\u0173 ir jaunimo organizacij\u0173 nari\u0173 ugdymui<\/a><\/p>\n<p><a href=\"https:\/\/sdcentras.lt\/mokymai\/seminarai-mokykloms\/kritinis-mastymas-neformaliajam-ugdymuimaliojo-ugdymo-veiklose\/\" target=\"_blank\" rel=\"noopener\">Kritinis m\u0105stymas neformaliajam ugdymui<\/a><\/p>\n<p><a href=\"https:\/\/sdcentras.lt\/mokymai\/seminarai-mokykloms\/viskas-prasideda-nuo-vertinimo-isivertinimas-individualiai-mokinio-pazangai\/\" target=\"_blank\" rel=\"noopener\">Viskas prasideda nuo vertinimo: \u012f(si)vertinimas individualiai mokinio pa\u017eangai<\/a><\/p>\n<p><a href=\"https:\/\/sdcentras.lt\/mokymai\/seminarai-mokykloms\/spotiself-ugdymo-karjerai-programa\/\" target=\"_blank\" rel=\"noopener\">Spotiself: Ugdymo karjerai programa<\/a><\/p>\n<p><a href=\"https:\/\/sdcentras.lt\/mokymai\/seminarai-mokykloms\/skaitymas-rasymas-ir-diskutavimas-per-ivairiu-dalyku-pamokas\/\" target=\"_blank\" rel=\"noopener\">Skaitymas, ra\u0161ymas ir diskutavimas per \u012fvairi\u0173 dalyk\u0173 pamokas<\/a><\/p>\n<p><a href=\"https:\/\/sdcentras.lt\/mokymai\/seminarai-mokykloms\/metaforines-asociatyvines-korteles-pagalbos-sriciu-veikloje\/\" target=\"_blank\" rel=\"noopener\">Metaforin\u0117s asociatyvin\u0117s kortel\u0117s pagalbos sri\u010di\u0173 veikloje<\/a><\/p>\n<p><a href=\"https:\/\/sdcentras.lt\/mokymai\/seminarai-mokykloms\/dvasine-lyderyste\/\" target=\"_blank\" rel=\"noopener\">Dvasin\u0117 lyderyst\u0117<\/a><\/p>\n<p><a href=\"https:\/\/sdcentras.lt\/mokymai\/seminarai-mokykloms\/mokiniu-ivairove-bendrojo-lavinimo-mokykloje\/\" target=\"_blank\" rel=\"noopener\">Mokini\u0173 \u012fvairov\u0117 bendrojo lavinimo mokykloje<\/a>[\/vc_column_text][vc_empty_space][\/vc_column][\/vc_row][vc_row css_animation=&#8221;&#8221; row_type=&#8221;row&#8221; use_row_as_full_screen_section=&#8221;yes&#8221; type=&#8221;grid&#8221; angled_section=&#8221;no&#8221; text_align=&#8221;left&#8221; background_image_as_pattern=&#8221;without_pattern&#8221; z_index=&#8221;&#8221;][vc_column][vc_empty_space][vc_separator type=&#8221;normal&#8221;][vc_empty_space][vc_column_text]<\/p>\n<p style=\"text-align: center;\">D\u0117l seminar\u0173 u\u017esakymo kreipkit\u0117s el. pa\u0161tu <a href=\"mailto:info@sdcentras.lt?Subject=U\u017eklausa mokymams\">info@sdcentras.lt<\/a><\/p>\n<p>[\/vc_column_text][vc_empty_space][vc_separator type=&#8221;normal&#8221;][vc_empty_space][vc_empty_space][\/vc_column][\/vc_row]<\/p>\n","protected":false},"excerpt":{"rendered":"<p>[vc_row css_animation=&#8221;&#8221; row_type=&#8221;row&#8221; use_row_as_full_screen_section=&#8221;no&#8221; type=&#8221;full_width&#8221; angled_section=&#8221;no&#8221; text_align=&#8221;left&#8221; background_image_as_pattern=&#8221;without_pattern&#8221; background_color=&#8221;#f7f7f7&#8243;][vc_column][vc_empty_space height=&#8221;52px&#8221;][vc_row_inner row_type=&#8221;row&#8221; type=&#8221;grid&#8221; text_align=&#8221;left&#8221; css_animation=&#8221;&#8221;][vc_column_inner][vc_column_text] seminarai mokykl\u0173 bendruomen\u0117ms [\/vc_column_text][vc_empty_space][vc_column_text] Esame kredituota institucija, vykdanti mokytoj\u0173 ir \u0161vietimo pagalb\u0105 teikian\u010di\u0173 specialist\u0173 kvalifikacijos tobulinim\u0105. Dirbame su mokykl\u0173 komandomis, nes tikime, kad pasitelkus bendradarbiavim\u0105 ir kolegialum\u0105 mokytojams lengviau siekti mokyklos&#8230;<\/p>\n","protected":false},"author":1,"featured_media":0,"parent":14,"menu_order":0,"comment_status":"closed","ping_status":"closed","template":"full_width.php","meta":{"footnotes":""},"class_list":["post-39","page","type-page","status-publish","hentry"],"acf":[],"aioseo_notices":[],"_links":{"self":[{"href":"https:\/\/sdcentras.lt\/en\/wp-json\/wp\/v2\/pages\/39","targetHints":{"allow":["GET"]}}],"collection":[{"href":"https:\/\/sdcentras.lt\/en\/wp-json\/wp\/v2\/pages"}],"about":[{"href":"https:\/\/sdcentras.lt\/en\/wp-json\/wp\/v2\/types\/page"}],"author":[{"embeddable":true,"href":"https:\/\/sdcentras.lt\/en\/wp-json\/wp\/v2\/users\/1"}],"replies":[{"embeddable":true,"href":"https:\/\/sdcentras.lt\/en\/wp-json\/wp\/v2\/comments?post=39"}],"version-history":[{"count":42,"href":"https:\/\/sdcentras.lt\/en\/wp-json\/wp\/v2\/pages\/39\/revisions"}],"predecessor-version":[{"id":14247,"href":"https:\/\/sdcentras.lt\/en\/wp-json\/wp\/v2\/pages\/39\/revisions\/14247"}],"up":[{"embeddable":true,"href":"https:\/\/sdcentras.lt\/en\/wp-json\/wp\/v2\/pages\/14"}],"wp:attachment":[{"href":"https:\/\/sdcentras.lt\/en\/wp-json\/wp\/v2\/media?parent=39"}],"curies":[{"name":"wp","href":"https:\/\/api.w.org\/{rel}","templated":true}]}}