{"id":3545,"date":"2018-10-27T11:46:38","date_gmt":"2018-10-27T09:46:38","guid":{"rendered":"https:\/\/sdcentras.lt\/?page_id=3545"},"modified":"2025-07-09T09:03:59","modified_gmt":"2025-07-09T07:03:59","slug":"privatumo-politika","status":"publish","type":"page","link":"https:\/\/sdcentras.lt\/en\/privatumo-politika\/","title":{"rendered":"Slapuk\u0173 politika"},"content":{"rendered":"<p>[vc_row css_animation=&#8221;&#8221; row_type=&#8221;row&#8221; use_row_as_full_screen_section=&#8221;no&#8221; type=&#8221;full_width&#8221; angled_section=&#8221;no&#8221; text_align=&#8221;left&#8221; background_image_as_pattern=&#8221;without_pattern&#8221;][vc_column][vc_column_text]\u0160i\u0105 slapuk\u0173 politik\u0105 taikome tais atvejais, kai lankot\u0117s \u0160iuolaikini\u0173 didaktik\u0173 centro (\u0160DC) interneto svetain\u0117je. \u0160i Politika netaikoma, kai nar\u0161ote kitose interneto svetain\u0117se, patekdami per \u0160DC interneto svetain\u0119.<\/p>\n<p>&nbsp;<\/p>\n<p>M\u016bs\u0173 interneto svetain\u0117s lankytoj\u0173 duomenis renkame laikydamiesi Lietuvos Respublikos asmens duomen\u0173 teisin\u0117s apsaugos \u012fstatymo, Lietuvos Respublikos elektronini\u0173 ry\u0161i\u0173 \u012fstatymo, Europos S\u0105jungos asmens duomen\u0173 apsaugos \u012fstatym\u0173, kit\u0173 susijusi\u0173 teis\u0117s akt\u0173 bei kontroliuojan\u010di\u0173 institucij\u0173 nurodym\u0173.<\/p>\n<p>&nbsp;<\/p>\n<h3>Renkami duomenys<\/h3>\n<p>Naudodami slapukus renkame duomenis apie lankytoj\u0173 veiksmus nar\u0161ant m\u016bs\u0173 svetain\u0117je.<\/p>\n<p>&nbsp;<\/p>\n<h3>Slapuk\u0173 naudojimas<\/h3>\n<p>Slapukai (angl. cookies) yra nedideli i\u0161 raid\u017ei\u0173 ir skaitmen\u0173 sudaryti failai, kuriuos J\u016bs\u0173 sutikimu mes \u012fra\u0161ome \u012f J\u016bs\u0173 \u012frenginio nar\u0161ykl\u0119 arba J\u016bs\u0173 \u012frenginio stand\u0173j\u012f disk\u0105, kai J\u016bs lankot\u0117s m\u016bs\u0173 interneto svetain\u0117je. Tekstiniame faile yra nedidelis informacijos kiekis, tokios kaip unikalus numeris, kur\u012f interneto serveris gali perskaityti, kai J\u016bs kit\u0105 kart\u0105 apsilankote m\u016bs\u0173 interneto svetain\u0117je. Jie padeda mums atpa\u017einti Jus kaip ankstesn\u012f \u0160DC interneto svetain\u0117s lankytoj\u0105, i\u0161saugoti J\u016bs\u0173 lankymosi svetain\u0117je istorij\u0105 ir pagal tai pritaikyti turin\u012f. Taip pat slapukai padeda u\u017etikrinti skland\u0173 svetain\u0117s veikim\u0105, leid\u017eia steb\u0117ti lankymosi \u0160DC interneto svetain\u0117je trukm\u0119, da\u017enum\u0105 bei rinkti statistin\u0119 informacij\u0105 apie svetain\u0117s lankytoj\u0173 skai\u010di\u0173. Analizuodami \u0161iuos duomenis galime svetain\u0119 tobulinti, padaryti j\u0105 patogesn\u0119 Jums.<\/p>\n<p>&nbsp;<\/p>\n<h3>Bendrieji slapuk\u0173 naudojimo tikslai<\/h3>\n<p>[\/vc_column_text][vc_row_inner row_type=&#8221;row&#8221; type=&#8221;full_width&#8221; text_align=&#8221;left&#8221; css_animation=&#8221;&#8221; border_color=&#8221;#f7f7f7&#8243; background_color=&#8221;#f7f7f7&#8243;][vc_column_inner width=&#8221;1\/4&#8243;][vc_column_text]<strong>Funkciniai slapukai (b\u016btini)<\/strong>[\/vc_column_text][vc_empty_space][\/vc_column_inner][vc_column_inner width=&#8221;3\/4&#8243;][vc_column_text]\u0160ie slapukai yra b\u016btini, kad veikt\u0173 svetain\u0117, ir negali b\u016bti i\u0161jungti. \u0160ie slapukai nesaugo joki\u0173 duomen\u0173, pagal kuriuos b\u016bt\u0173 galima jus asmeni\u0161kai atpa\u017einti, ir yra i\u0161trinami i\u0161\u0117jus i\u0161 svetain\u0117s.[\/vc_column_text][vc_empty_space][\/vc_column_inner][\/vc_row_inner][vc_row_inner row_type=&#8221;row&#8221; type=&#8221;full_width&#8221; text_align=&#8221;left&#8221; css_animation=&#8221;&#8221; border_color=&#8221;#f7f7f7&#8243; background_color=&#8221;#f7f7f7&#8243;][vc_column_inner width=&#8221;1\/4&#8243;][vc_column_text]<strong>Na\u0161umo slapukai<\/strong>[\/vc_column_text][vc_empty_space][vc_empty_space][\/vc_column_inner][vc_column_inner width=&#8221;3\/4&#8243;][vc_column_text]\u0160ie slapukai leid\u017eia apskai\u010diuoti, kaip da\u017enai lankomasi svetain\u0117je, ir nustatyti duomen\u0173 srauto \u0161altinius \u2013 tik tur\u0117dami toki\u0105 informacij\u0105 gal\u0117sime patobulinti svetain\u0117s veikim\u0105. Jie padeda mums atskirti, kurie puslapiai yra populiariausi, ir matyti, kaip vartotojai naudojasi svetaine. Tam mes naudojam\u0117s \u201eGoogle Analytics\u201c statistikos sistema. Surinktos informacijos neplatiname. Surinkta informacija yra visi\u0161kai anonimi\u0161ka ir tiesiogiai j\u016bs\u0173 neidentifikuoja.[\/vc_column_text][vc_empty_space][\/vc_column_inner][\/vc_row_inner][vc_row_inner row_type=&#8221;row&#8221; type=&#8221;full_width&#8221; text_align=&#8221;left&#8221; css_animation=&#8221;&#8221; border_color=&#8221;#f7f7f7&#8243; background_color=&#8221;#f7f7f7&#8243;][vc_column_inner width=&#8221;1\/4&#8243;][vc_column_text]<strong>Reklaminiai slapukai<\/strong>[\/vc_column_text][vc_empty_space][\/vc_column_inner][vc_column_inner width=&#8221;3\/4&#8243;][vc_column_text]\u0160ie slapukai yra naudojami tre\u010di\u0173j\u0173 \u0161ali\u0173, kad b\u016bt\u0173 galima pateikti reklam\u0105, atitinkan\u010di\u0105 j\u016bs\u0173 poreikius. Mes naudojame slapukus, kurie padeda rinkti informacij\u0105 apie j\u016bs\u0173 veiksmus internete ir leid\u017eia su\u017einoti, kuo j\u016bs domit\u0117s, taigi galime pateikti tik Jus dominan\u010di\u0105 reklam\u0105. Jeigu nesutinkate, kad jums rodytume reklam\u0105, palikite \u0161\u012f langel\u012f nepa\u017eym\u0117t\u0105.[\/vc_column_text][vc_empty_space][\/vc_column_inner][\/vc_row_inner][vc_row_inner row_type=&#8221;row&#8221; type=&#8221;full_width&#8221; text_align=&#8221;left&#8221; css_animation=&#8221;&#8221;][vc_column_inner][vc_empty_space][vc_column_text]<\/p>\n<h3>Slapuk\u0173 r\u016b\u0161ys<\/h3>\n<p>[\/vc_column_text][\/vc_column_inner][\/vc_row_inner][vc_row_inner row_type=&#8221;row&#8221; type=&#8221;full_width&#8221; text_align=&#8221;left&#8221; css_animation=&#8221;&#8221; background_color=&#8221;#f7f7f7&#8243;][vc_column_inner width=&#8221;1\/4&#8243;][vc_column_text]<strong>Pirmosios \u0161alies slapukai<\/strong>[\/vc_column_text][vc_empty_space][\/vc_column_inner][vc_column_inner width=&#8221;3\/4&#8243;][vc_column_text]Tai slapukai, kurie reikalingi, kad \u0160DC svetain\u0117 gal\u0117t\u0173 tinkamai funkcionuoti.[\/vc_column_text][vc_empty_space][\/vc_column_inner][\/vc_row_inner][vc_row_inner row_type=&#8221;row&#8221; type=&#8221;full_width&#8221; text_align=&#8221;left&#8221; css_animation=&#8221;&#8221; background_color=&#8221;#f7f7f7&#8243;][vc_column_inner width=&#8221;1\/4&#8243;][vc_column_text]<strong>Tre\u010di\u0173j\u0173 \u0161ali\u0173 slapukai<\/strong>[\/vc_column_text][vc_empty_space][\/vc_column_inner][vc_column_inner width=&#8221;3\/4&#8243;][vc_column_text]Tai slapukai, kuriuos naudoja kitos organizacijos per m\u016bs\u0173 svetain\u0119. \u0160DC svetain\u0117je naudojami \u201eGoogle Analytics\u201c slapukai, skirti svetain\u0117s lankomumui analizuoti. \u201eGoogle Analytics\u201c anonimi\u0161kai renka informacij\u0105 apie lankytoj\u0173 skai\u010di\u0173, viet\u0105, i\u0161 kurios buvo naudojamasi m\u016bs\u0173 svetaine, ir kokios svetain\u0117s dalys buvo nar\u0161omos lankytoj\u0173. \u0160ie slapukai yra sukurti sistemai \u201eGoogle Analytics\u201c. Pla\u010diau apie \u201eGoogle Analytics\u201c \u2013 http:\/\/www.google.com\/analytics.[\/vc_column_text][vc_empty_space][\/vc_column_inner][\/vc_row_inner][vc_row_inner row_type=&#8221;row&#8221; type=&#8221;full_width&#8221; text_align=&#8221;left&#8221; css_animation=&#8221;&#8221;][vc_column_inner][vc_column_text]Bet kokia informacija, surinkta per slapukus, yra saugoma iki slapuk\u0173 galiojimo pabaigos ir n\u0117ra naudojama kitais nei \u0161ioje Politikoje nurodytais tikslais.<\/p>\n<p>Nor\u0117dami daugiau su\u017einoti apie slapukus, pavyzd\u017eiui, kaip juos valdyti ar i\u0161trinti, galite apsilankyti adresu <a href=\"http:\/\/www.allaboutcookies.org\" target=\"_blank\" rel=\"noopener\">http:\/\/www.allaboutcookies.org<\/a>.<\/p>\n<p>Nor\u0117dami su\u017einoti, kaip sustabdyti interneto puslapi\u0173 steb\u0117jim\u0105 \u201eGoogle Analytics\u201c slapukais, galite apsilankyti adresu <a href=\"http:\/\/tools.google.com\/dlpage\/gaoptout\" target=\"_blank\" rel=\"noopener\">http:\/\/tools.google.com\/dlpage\/gaoptout.<\/a><\/p>\n<p>&nbsp;<\/p>\n<h3>J\u016bs\u0173 teis\u0117s<\/h3>\n<p>Apsilank\u0119 \u0160DC interneto svetain\u0117je, J\u016bs galite nurodyti, ar sutinkate, kad b\u016bt\u0173 naudojami slapukai. Jei nesutinkate, kad \u012f J\u016bs\u0173 kompiuter\u012f ar kit\u0105 \u012frengin\u012f b\u016bt\u0173 \u012fra\u0161omi slapukai, bet kada galite at\u0161aukti sutikim\u0105 juos naudoti, pakeit\u0119 parinktis ir i\u0161tryn\u0119 \u012fra\u0161ytus slapukus.<\/p>\n<p>J\u016bs turite teis\u0119 susipa\u017einti su savo duomenimis, kuriuos mes, gav\u0119 naudojant slapukus, tvarkome. Taip pat J\u016bs turite teis\u0119 reikalauti i\u0161taisyti nei\u0161samius, netikslius savo duomenis.<\/p>\n<p>&nbsp;<\/p>\n<h3>Asmens duomen\u0173 tvarkymas<\/h3>\n<p><a href=\"https:\/\/sdcentras.lt\/wp-content\/uploads\/Asmens-duomenu-tvarkymo-taisykles-SDC.pdf\" target=\"_blank\" rel=\"noopener\">V\u0161\u012e &#8220;\u0160iuolaikini\u0173 didaktik\u0173 centras&#8221; asmens duomen\u0173 tvarkymo taisykl\u0117s<\/a><\/p>\n<p>&nbsp;<\/p>\n<h3>Kontaktin\u0117 informacija<\/h3>\n<p>Jeigu turite klausim\u0173 arba norite susisiekti su mumis, pra\u0161ome kreiptis \u017eemiau nurodytais kontaktais:<\/p>\n<p>duomen\u0173 apsaugos koordinator\u0117 Jurgita Balai\u0161ien\u0117<\/p>\n<p>Tel.\u00a0+370 652 32313<br \/>\nEl. p.\u00a0info@sdcentras.lt<br \/>\nV\u0161\u012e \u0160iuolaikini\u0173 didaktik\u0173 centras<br \/>\nA. Kojelavi\u010diaus g. 1, 11100 Vilnius<\/p>\n<p>&nbsp;<\/p>\n<p>Atnaujinta 2024-11-22[\/vc_column_text][vc_empty_space][\/vc_column_inner][\/vc_row_inner][\/vc_column][\/vc_row]<\/p>\n","protected":false},"excerpt":{"rendered":"<p>[vc_row css_animation=&#8221;&#8221; row_type=&#8221;row&#8221; use_row_as_full_screen_section=&#8221;no&#8221; type=&#8221;full_width&#8221; angled_section=&#8221;no&#8221; text_align=&#8221;left&#8221; background_image_as_pattern=&#8221;without_pattern&#8221;][vc_column][vc_column_text]\u0160i\u0105 slapuk\u0173 politik\u0105 taikome tais atvejais, kai lankot\u0117s \u0160iuolaikini\u0173 didaktik\u0173 centro (\u0160DC) interneto svetain\u0117je. \u0160i Politika netaikoma, kai nar\u0161ote kitose interneto svetain\u0117se, patekdami per \u0160DC interneto svetain\u0119. &nbsp; M\u016bs\u0173 interneto svetain\u0117s lankytoj\u0173 duomenis renkame laikydamiesi Lietuvos Respublikos asmens&#8230;<\/p>\n","protected":false},"author":1,"featured_media":0,"parent":0,"menu_order":0,"comment_status":"closed","ping_status":"closed","template":"","meta":{"footnotes":""},"class_list":["post-3545","page","type-page","status-publish","hentry"],"acf":[],"aioseo_notices":[],"_links":{"self":[{"href":"https:\/\/sdcentras.lt\/en\/wp-json\/wp\/v2\/pages\/3545","targetHints":{"allow":["GET"]}}],"collection":[{"href":"https:\/\/sdcentras.lt\/en\/wp-json\/wp\/v2\/pages"}],"about":[{"href":"https:\/\/sdcentras.lt\/en\/wp-json\/wp\/v2\/types\/page"}],"author":[{"embeddable":true,"href":"https:\/\/sdcentras.lt\/en\/wp-json\/wp\/v2\/users\/1"}],"replies":[{"embeddable":true,"href":"https:\/\/sdcentras.lt\/en\/wp-json\/wp\/v2\/comments?post=3545"}],"version-history":[{"count":11,"href":"https:\/\/sdcentras.lt\/en\/wp-json\/wp\/v2\/pages\/3545\/revisions"}],"predecessor-version":[{"id":12713,"href":"https:\/\/sdcentras.lt\/en\/wp-json\/wp\/v2\/pages\/3545\/revisions\/12713"}],"wp:attachment":[{"href":"https:\/\/sdcentras.lt\/en\/wp-json\/wp\/v2\/media?parent=3545"}],"curies":[{"name":"wp","href":"https:\/\/api.w.org\/{rel}","templated":true}]}}