{"id":3389,"date":"2018-10-04T12:34:06","date_gmt":"2018-10-04T10:34:06","guid":{"rendered":"https:\/\/sdcentras.lt\/?page_id=3389"},"modified":"2018-10-04T14:06:15","modified_gmt":"2018-10-04T12:06:15","slug":"antikorupcinio-svietimo-programos","status":"publish","type":"page","link":"https:\/\/sdcentras.lt\/en\/antikorupcinis-svietimas\/antikorupcinio-svietimo-programos\/","title":{"rendered":"Antikorupcinio \u0161vietimo programos"},"content":{"rendered":"<p>[vc_row css_animation=&#8221;&#8221; row_type=&#8221;row&#8221; use_row_as_full_screen_section=&#8221;no&#8221; type=&#8221;grid&#8221; angled_section=&#8221;no&#8221; text_align=&#8221;left&#8221; background_image_as_pattern=&#8221;without_pattern&#8221;][vc_column][vc_separator type=&#8221;normal&#8221;][vc_empty_space][vc_row_inner row_type=&#8221;row&#8221; type=&#8221;grid&#8221; text_align=&#8221;left&#8221; css_animation=&#8221;&#8221;][vc_column_inner][vc_column_text]<\/p>\n<h1>Antikorupcinio \u0161vietimo programos<\/h1>\n<p>[\/vc_column_text][\/vc_column_inner][\/vc_row_inner][vc_empty_space][vc_separator type=&#8221;normal&#8221;][vc_empty_space][\/vc_column][\/vc_row][vc_row css_animation=&#8221;&#8221; row_type=&#8221;row&#8221; use_row_as_full_screen_section=&#8221;no&#8221; type=&#8221;grid&#8221; angled_section=&#8221;no&#8221; text_align=&#8221;left&#8221; background_image_as_pattern=&#8221;without_pattern&#8221; css=&#8221;.vc_custom_1537341643889{background-color: #f7f7f7 !important;}&#8221;][vc_column][vc_column_text]<\/p>\n<h4><a href=\"https:\/\/sdcentras.lt\/wp-content\/uploads\/Antikorupcinio-ugdymo-galimybes-bendrojo-lavinimo-mokykloje-3.pdf\">Integruota antikorupcinio ugdymo programa bendrojo lavinimo mokyklai<\/a><\/h4>\n<p>Programa parengta \u012fgyvendinant projektus \u201e\u0160vietimas prie\u0161 korupcij\u0105\u201d (2002\u20132003 m.) bei \u201eAntikorupcinio ugdymo program\u0173 tobulinimas ir sklaida\u201d (2004 m.). Ji atsirado kaip dalis Lietuvos Respublikos nacionalin\u0117s kovos su korupcija programos, \u012fgyvendintos 2002\u20132006 m. Programa pad\u0117s mokytojams, norintiems vykdyti \u0161viet\u0117ji\u0161k\u0105 korupcijos prevencijos veikl\u0105, \u012fgyti daugiau \u017eini\u0173 apie korupcijos s\u0105vok\u0105, galimybes integruoti antikorupcin\u012f ugdym\u0105 \u012f mokomuosius dalykus, popamokin\u0119 veikl\u0105, paskatins aktyviau dom\u0117tis visuomeniniu \u0161alies gyvenimu ir aktyviai bei argumentuotai reik\u0161ti savo pilietin\u0119 pozicij\u0105 mums visiems svarbiais klausimais. Praktiniai pamok\u0173 bei u\u017eklasini\u0173 rengini\u0173 pavyzd\u017eiai pad\u0117s geriau suvokti antikorupcinio ugdymo turin\u012f, metod\u0173 panaudojimo galimybes.[\/vc_column_text][vc_separator type=&#8221;normal&#8221;][vc_column_text]<\/p>\n<h4><a href=\"https:\/\/sdcentras.lt\/apie-mus\/mokymai\/seminarai-mokykloms\/antikorupcinio-ugdymo-galimybes-bendrojo-lavinimo-mokykloje\/\">Kvalifikacijos tobulinimo programa pedagogams \u201eAntikorupcinio ugdymo galimyb\u0117s bendrojo lavinimo mokykloje\u201c<\/a><\/h4>\n<p>Programa skirta bendrojo lavinimo mokytojams dalykininkams, siekiant suteikti jiems informacijos apie korupcijos rei\u0161kin\u012f, antikorupcin\u012f ugdym\u0105, bei paskatinti juos taikyti antikorupcinio ugdymo elementus savo pamokose bei popamokin\u0117je veikloje, tuo prisidedant prie pilietinio jaunimo ugdymo.[\/vc_column_text][vc_separator type=&#8221;normal&#8221;][vc_column_text]<\/p>\n<h4><a href=\"https:\/\/sdcentras.lt\/wp-content\/uploads\/Korupcija-aukstosiose-mokyklose.pdf\">Antikorupcinio ugdymo programos auk\u0161tosioms mokykloms<\/a><\/h4>\n<p>Programa parengta \u012fgyvendinant projekt\u0105 \u201eKorupcijos prevencija \u0161vie\u010diant, informuojant ir s\u0105moninant visuomen\u0119: I komponentas \u2013 Auk\u0161t\u0173j\u0173 mokykl\u0173 antikorupcini\u0173 studij\u0173 program\u0173 parengimas\u201c (2003\u20132004 m.). Pateiktos d\u0117stom\u0173j\u0173 dalyk\u0173 programos ir i\u0161pl\u0117stiniai paskait\u0173 planai, atspindintys antikorupcinio ugdymo galimybes socialini\u0173 moksl\u0173 studij\u0173 programose. Pateikta med\u017eiaga \u2013 autoriniai projekto dalyvi\u0173 darbai. Kiekvienas i\u0161 j\u0173 reng\u0117 programas, atsi\u017evelgiant \u012f savo auk\u0161tosios mokyklos reikalavimus, d\u0117stomojo dalyko specifik\u0105 ir galimybes.[\/vc_column_text][vc_separator type=&#8221;normal&#8221;][vc_empty_space][\/vc_column][\/vc_row]<\/p>\n","protected":false},"excerpt":{"rendered":"<p>[vc_row css_animation=&#8221;&#8221; row_type=&#8221;row&#8221; use_row_as_full_screen_section=&#8221;no&#8221; type=&#8221;grid&#8221; angled_section=&#8221;no&#8221; text_align=&#8221;left&#8221; background_image_as_pattern=&#8221;without_pattern&#8221;][vc_column][vc_separator type=&#8221;normal&#8221;][vc_empty_space][vc_row_inner row_type=&#8221;row&#8221; type=&#8221;grid&#8221; text_align=&#8221;left&#8221; css_animation=&#8221;&#8221;][vc_column_inner][vc_column_text] Antikorupcinio \u0161vietimo programos [\/vc_column_text][\/vc_column_inner][\/vc_row_inner][vc_empty_space][vc_separator type=&#8221;normal&#8221;][vc_empty_space][\/vc_column][\/vc_row][vc_row css_animation=&#8221;&#8221; row_type=&#8221;row&#8221; use_row_as_full_screen_section=&#8221;no&#8221; type=&#8221;grid&#8221; angled_section=&#8221;no&#8221; text_align=&#8221;left&#8221; background_image_as_pattern=&#8221;without_pattern&#8221; css=&#8221;.vc_custom_1537341643889{background-color: #f7f7f7 !important;}&#8221;][vc_column][vc_column_text] Integruota antikorupcinio ugdymo programa bendrojo lavinimo mokyklai Programa parengta \u012fgyvendinant projektus \u201e\u0160vietimas prie\u0161 korupcij\u0105\u201d (2002\u20132003 m.) bei&#8230;<\/p>\n","protected":false},"author":2,"featured_media":0,"parent":3142,"menu_order":0,"comment_status":"closed","ping_status":"closed","template":"","meta":{"footnotes":""},"class_list":["post-3389","page","type-page","status-publish","hentry"],"acf":[],"aioseo_notices":[],"_links":{"self":[{"href":"https:\/\/sdcentras.lt\/en\/wp-json\/wp\/v2\/pages\/3389","targetHints":{"allow":["GET"]}}],"collection":[{"href":"https:\/\/sdcentras.lt\/en\/wp-json\/wp\/v2\/pages"}],"about":[{"href":"https:\/\/sdcentras.lt\/en\/wp-json\/wp\/v2\/types\/page"}],"author":[{"embeddable":true,"href":"https:\/\/sdcentras.lt\/en\/wp-json\/wp\/v2\/users\/2"}],"replies":[{"embeddable":true,"href":"https:\/\/sdcentras.lt\/en\/wp-json\/wp\/v2\/comments?post=3389"}],"version-history":[{"count":0,"href":"https:\/\/sdcentras.lt\/en\/wp-json\/wp\/v2\/pages\/3389\/revisions"}],"up":[{"embeddable":true,"href":"https:\/\/sdcentras.lt\/en\/wp-json\/wp\/v2\/pages\/3142"}],"wp:attachment":[{"href":"https:\/\/sdcentras.lt\/en\/wp-json\/wp\/v2\/media?parent=3389"}],"curies":[{"name":"wp","href":"https:\/\/api.w.org\/{rel}","templated":true}]}}