{"id":3142,"date":"2018-09-18T09:45:15","date_gmt":"2018-09-18T07:45:15","guid":{"rendered":"https:\/\/sdcentras.lt\/?page_id=3142"},"modified":"2024-06-30T18:38:00","modified_gmt":"2024-06-30T16:38:00","slug":"antikorupcinis-svietimas","status":"publish","type":"page","link":"https:\/\/sdcentras.lt\/en\/antikorupcinis-svietimas\/","title":{"rendered":"Antikorupcinis \u0161vietimas"},"content":{"rendered":"<p>[vc_row css_animation=&#8221;&#8221; row_type=&#8221;row&#8221; use_row_as_full_screen_section=&#8221;no&#8221; type=&#8221;grid&#8221; angled_section=&#8221;no&#8221; text_align=&#8221;left&#8221; background_image_as_pattern=&#8221;without_pattern&#8221;][vc_column][vc_separator type=&#8221;normal&#8221;][vc_empty_space][vc_row_inner row_type=&#8221;row&#8221; type=&#8221;grid&#8221; text_align=&#8221;left&#8221; css_animation=&#8221;&#8221;][vc_column_inner][vc_column_text]<\/p>\n<h1>Antikorupcinis \u0161vietimas<\/h1>\n<p>[\/vc_column_text][\/vc_column_inner][\/vc_row_inner][vc_empty_space][vc_separator type=&#8221;normal&#8221;][vc_empty_space][\/vc_column][\/vc_row][vc_row css_animation=&#8221;&#8221; row_type=&#8221;row&#8221; use_row_as_full_screen_section=&#8221;no&#8221; type=&#8221;grid&#8221; angled_section=&#8221;no&#8221; text_align=&#8221;left&#8221; background_image_as_pattern=&#8221;without_pattern&#8221;][vc_column][vc_empty_space][vc_column_text]Korupcija \u2013 kompleksinis pagal pob\u016bd\u012f ir prie\u017eastis socialinis rei\u0161kinys, apimantis beveik visas \u0161alies gyvenimo sritis. Antikorupcin\u0117s iniciatyvos atitinka visuomen\u0117s ir kiekvieno asmens l\u016bkes\u010dius, tod\u0117l visokeriopai skatintina visuomen\u0117s parama kovos su korupcija priemon\u0117ms \u012fgyvendinti, glaudus valstyb\u0117s institucij\u0173 bendradarbiavimas su nevyriausybin\u0117mis, tarptautin\u0117mis organizacijomis, kitais asmenimis. Demokratijos pl\u0117tra, pilietin\u0117s visuomen\u0117s ir teisin\u0117s valstyb\u0117s stiprinimas, vald\u017ei\u0173 padalijimo principo \u012fgyvendinimas \u2013 vieni svarbiausi\u0173 korupcijos aprai\u0161kas \u0161alinan\u010di\u0173 veiksni\u0173. Antikorupcinis \u0161vietimas yra suprantamas kaip vis\u0173 visuomen\u0117s grupi\u0173 informavimas, mokymas, s\u0105moningumo ugdymas, nepakantumo korupcijai diegimas ir skatinimas prisiimti aktyvi\u0105 pilietin\u0119 pozicij\u0105 \u0161io rei\u0161kinio at\u017evilgiu. Toks po\u017ei\u016bris \u012ftvirtinamas ir Lietuvos Respublikos Nacionalin\u0117s kovos su korupcija 2015\u20132025 m. programoje, kurios vienas i\u0161 tiksl\u0173 \u2013 didinti visuomen\u0117s nepakantum\u0105 korupcijai ir skatinti visuomen\u0119 \u012fsitraukti \u012f antikorupcin\u0119 veikl\u0105.[\/vc_column_text][vc_empty_space][\/vc_column][\/vc_row][vc_row css_animation=&#8221;&#8221; row_type=&#8221;row&#8221; use_row_as_full_screen_section=&#8221;no&#8221; type=&#8221;grid&#8221; angled_section=&#8221;no&#8221; text_align=&#8221;left&#8221; background_image_as_pattern=&#8221;without_pattern&#8221; css=&#8221;.vc_custom_1537341643889{background-color: #f7f7f7 !important;}&#8221;][vc_column][vc_empty_space][vc_column_text]<\/p>\n<h4>\u0160iuolaikini\u0173 didaktik\u0173 centras jau 15 met\u0173 nuosekliai ir kryptingai prisideda prie Nacionalin\u0117s kovos su korupcija programos nuostat\u0173 \u012fgyvendinimo:<\/h4>\n<p>[\/vc_column_text][vc_empty_space][vc_separator type=&#8221;normal&#8221;][vc_column_text]2002 m. parengta antikorupcinio ugdymo programa bendrojo lavinimo mokykloms, 2005 m. i\u0161leista atskiru leidiniu <a href=\"https:\/\/sdcentras.lt\/antikorupcinio-ugdymo-galimybes-bendrojo-lavinimo-mokykloje-metodine-priemone\/\">\u201eAntikorupcinio ugdymo galimyb\u0117s bendrojo lavinimo mokykloje: metodin\u0117 priemon\u0117\u201c<\/a> ir i\u0161versta \u012f rus\u0173 bei angl\u0173 kalbas.[\/vc_column_text][vc_separator type=&#8221;normal&#8221;][vc_column_text]2004 m. parengta kvalifikacijos tobulinimo programa pedagogams <a href=\"https:\/\/sdcentras.lt\/apie-mus\/mokymai\/seminarai-mokykloms\/antikorupcinio-ugdymo-galimybes-bendrojo-lavinimo-mokykloje\/\">\u201eAntikorupcinio ugdymo galimyb\u0117s bendrojo lavinimo mokykloje\u201c<\/a>.[\/vc_column_text][vc_separator type=&#8221;normal&#8221;][vc_column_text]2004 m. parengtos antikorupcinio ugdymo programos auk\u0161tosioms mokykloms ir 2005 m. paskelbtos leidinyje <a href=\"https:\/\/sdcentras.lt\/korupcija-aukstosiose-mokyklose-poziuriai-problemos-sprendimo-galimybes\/\">\u201eKorupcija auk\u0161tosiose mokyklose: po\u017ei\u016briai, problemos, sprendimo galimyb\u0117s\u201c.<\/a>[\/vc_column_text][vc_separator type=&#8221;normal&#8221;][vc_column_text]2005\u20132007 m. \u012fgyta patirtimi dalintasi su partner\u0117mis organizacijomis i\u0161 Albanijos, Arm\u0117nijos, Azerbaid\u017eano, Bulgarijos, Gruzijos, Kosovo, Rusijos, Ukrainos, Rumunijos. Organizuoti mokymai, konsultacijos, vizitai ir pasira\u0161ytos leidini\u0173 adaptavimo bei vertimo \u012f nacionalines kalbas sutartys.[\/vc_column_text][vc_separator type=&#8221;normal&#8221;][vc_column_text]2006 ir 2008 metais \u012fgyvendintos antikorupcinio \u0161vietimo iniciatyvos regionuose, \u012ftraukiant ne tik mokyklas, bet ir savivaldybes bei \u012fvairias valstybines, verslo ir nevyriausybines organizacijas.[\/vc_column_text][vc_separator type=&#8221;normal&#8221;][vc_column_text]2009 m. prisid\u0117ta prie USAID programos \u201eBendruomen\u0117s telkimas kovai su korupcija\u201c Arm\u0117nijoje \u012fgyvendinimo. Teikta konsultacin\u0117, ekspertin\u0117 ir mokym\u0173 pagalba formaliojo ir neformaliojo \u0161vietimo ekspertams, vyriausyb\u0117s atstovams.[\/vc_column_text][vc_separator type=&#8221;normal&#8221;][vc_column_text]2009\u20132012 m. teiktos konsultacijos bei rekomendacijos Albanijos \u0160vietimo ministerijai, kaip integruoti antikorupcin\u012f \u0161vietim\u0105 \u012f ugdymo programas.[\/vc_column_text][vc_separator type=&#8221;normal&#8221;][vc_column_text]2013 m. teiktos konsultacijos Moldovos \u0160vietimo ministerijos specialistams bei Nacionalin\u0117s Antikorupcijos komisijos nariams antikorupcinio \u0161vietimo program\u0173 rengimo ir \u012fgyvendinimo klausimais. Parengtos programos buvo vertinamos ir teikiamos rekomendacijos j\u0173 tobulinimui. \u0160is vizitas \u2013 dalis Europos komisijos remiamo projekto \u201eParama Moldovos respublikos vyriausybei vykdant antikorupcines reformas\u201c.[\/vc_column_text][vc_separator type=&#8221;normal&#8221;][vc_column_text]Nuo 2015 m. dalyvaujama Europos Tarybos inicijuotoje Europin\u0117s platformos \u201eLink visuotin\u0117s europin\u0117s etikos, skaidrumo ir integralumo \u0161vietime\u201c (Towards a Pan-European Platform on Ethics, Transparency and Integrity in Education) veikloje.<\/p>\n<p>2015 m. spalio 1\u20132 d. \u0160iuolaikini\u0173 didaktik\u0173 centro direktor\u0117 Daiva Penkauskien\u0117 dalyvavo platformos forume Prahoje, \u010carlzo universitete ir pristat\u0117 atvejo analiz\u0119 <a href=\"https:\/\/sdcentras.lt\/wp-content\/uploads\/advocating-for-honesty-and-transparency-3.pdf\">\u201eGinant s\u0105\u017einingum\u0105 ir skaidrum\u0105. Antikorupcinio \u0161vietimo iniciatyvos Lietuvoje\u201c (Advocating for Honesty and Transparency. Anticorruption Education Initiatives in Lithuania)<\/a>.[\/vc_column_text][vc_separator type=&#8221;normal&#8221;][vc_column_text]\u0160iuolaikini\u0173 didaktik\u0173 centro patirtis antikorupcinio \u0161vietimo patirtis pasteb\u0117ta ir \u012fvertinta Prinstono universiteto (JAV) mokslinink\u0173. 2015 m. paskelbta atvejo studija <a href=\"https:\/\/sdcentras.lt\/wp-content\/uploads\/Shaping-values-new-generation-anti-corruption-education-lithunia.pdf\">\u201eShaping Values for a New Generation: Anti-corruption Education in Lithunia, 2002\u20132006\u201c<\/a>.[\/vc_column_text][vc_separator type=&#8221;normal&#8221;][vc_column_text]2018 m. \u0160iuolaikini\u0173 didaktik\u0173 centro ekspertai konsultavo Moldovos pedagogus rengiant antikorupcinio ugdymo modul\u012f bendrojo lavinimo mokyklos pilietinio ugdymo pagrind\u0173 kursui \u201e\u0160vietimas ES integracijai\u201c. 2019 m. prisid\u0117s rengiant \u0161io modulio mokymosi med\u017eiag\u0105 mokiniams.[\/vc_column_text][vc_empty_space][\/vc_column][\/vc_row][vc_row css_animation=&#8221;&#8221; row_type=&#8221;row&#8221; use_row_as_full_screen_section=&#8221;no&#8221; type=&#8221;full_width&#8221; angled_section=&#8221;no&#8221; text_align=&#8221;left&#8221; background_image_as_pattern=&#8221;without_pattern&#8221;][vc_column css=&#8221;.vc_custom_1532691156662{background-color: #f7f7f7f !important;}&#8221;][vc_empty_space height=&#8221;52px&#8221;][vc_row_inner row_type=&#8221;row&#8221; type=&#8221;grid&#8221; text_align=&#8221;left&#8221; css_animation=&#8221;&#8221;][vc_column_inner width=&#8221;1\/3&#8243;][vc_single_image image=&#8221;2574&#8243; img_size=&#8221;400&#215;280&#8243; alignment=&#8221;center&#8221; qode_css_animation=&#8221;&#8221;][vc_empty_space][vc_column_text]<\/p>\n<h3 style=\"text-align: center;\">Programos<\/h3>\n<p>[\/vc_column_text][\/vc_column_inner][vc_column_inner width=&#8221;1\/3&#8243;][vc_single_image image=&#8221;2574&#8243; img_size=&#8221;400&#215;280&#8243; alignment=&#8221;center&#8221; qode_css_animation=&#8221;&#8221;][vc_empty_space][vc_column_text]<\/p>\n<h3 style=\"text-align: center;\">projektai<\/h3>\n<p>[\/vc_column_text][\/vc_column_inner][vc_column_inner width=&#8221;1\/3&#8243;][vc_single_image image=&#8221;2738&#8243; img_size=&#8221;400&#215;280&#8243; alignment=&#8221;center&#8221; qode_css_animation=&#8221;&#8221;][vc_empty_space][vc_column_text]<\/p>\n<h3 style=\"text-align: center;\">leidiniai<\/h3>\n<p>[\/vc_column_text][\/vc_column_inner][\/vc_row_inner][vc_empty_space height=&#8221;52px&#8221;][\/vc_column][\/vc_row][vc_row css_animation=&#8221;&#8221; row_type=&#8221;row&#8221; use_row_as_full_screen_section=&#8221;no&#8221; type=&#8221;grid&#8221; angled_section=&#8221;no&#8221; text_align=&#8221;left&#8221; background_image_as_pattern=&#8221;without_pattern&#8221;][vc_column][vc_empty_space]<div class='testimonials_c_holder clearfix dark'><div class=\"testimonials_c testimonials_c_carousel\" data-show-navigation=\"yes\" data-animation-speed=\"\" data-auto-rotate-slides=\"10\" data-number-per-slide=\"1\"><ul class=\"slides\">Sorry, no posts matched your criteria.<\/ul><\/div><\/div>[vc_empty_space height=&#8221;52px&#8221;][\/vc_column][\/vc_row]<\/p>\n","protected":false},"excerpt":{"rendered":"<p>[vc_row css_animation=&#8221;&#8221; row_type=&#8221;row&#8221; use_row_as_full_screen_section=&#8221;no&#8221; type=&#8221;grid&#8221; angled_section=&#8221;no&#8221; text_align=&#8221;left&#8221; background_image_as_pattern=&#8221;without_pattern&#8221;][vc_column][vc_separator type=&#8221;normal&#8221;][vc_empty_space][vc_row_inner row_type=&#8221;row&#8221; type=&#8221;grid&#8221; text_align=&#8221;left&#8221; css_animation=&#8221;&#8221;][vc_column_inner][vc_column_text] Antikorupcinis \u0161vietimas [\/vc_column_text][\/vc_column_inner][\/vc_row_inner][vc_empty_space][vc_separator type=&#8221;normal&#8221;][vc_empty_space][\/vc_column][\/vc_row][vc_row css_animation=&#8221;&#8221; row_type=&#8221;row&#8221; use_row_as_full_screen_section=&#8221;no&#8221; type=&#8221;grid&#8221; angled_section=&#8221;no&#8221; text_align=&#8221;left&#8221; background_image_as_pattern=&#8221;without_pattern&#8221;][vc_column][vc_empty_space][vc_column_text]Korupcija \u2013 kompleksinis pagal pob\u016bd\u012f ir prie\u017eastis socialinis rei\u0161kinys, apimantis beveik visas \u0161alies gyvenimo sritis. Antikorupcin\u0117s iniciatyvos atitinka visuomen\u0117s ir kiekvieno asmens&#8230;<\/p>\n","protected":false},"author":2,"featured_media":0,"parent":0,"menu_order":0,"comment_status":"closed","ping_status":"closed","template":"full_width.php","meta":{"footnotes":""},"class_list":["post-3142","page","type-page","status-publish","hentry"],"acf":[],"aioseo_notices":[],"_links":{"self":[{"href":"https:\/\/sdcentras.lt\/en\/wp-json\/wp\/v2\/pages\/3142","targetHints":{"allow":["GET"]}}],"collection":[{"href":"https:\/\/sdcentras.lt\/en\/wp-json\/wp\/v2\/pages"}],"about":[{"href":"https:\/\/sdcentras.lt\/en\/wp-json\/wp\/v2\/types\/page"}],"author":[{"embeddable":true,"href":"https:\/\/sdcentras.lt\/en\/wp-json\/wp\/v2\/users\/2"}],"replies":[{"embeddable":true,"href":"https:\/\/sdcentras.lt\/en\/wp-json\/wp\/v2\/comments?post=3142"}],"version-history":[{"count":1,"href":"https:\/\/sdcentras.lt\/en\/wp-json\/wp\/v2\/pages\/3142\/revisions"}],"predecessor-version":[{"id":10199,"href":"https:\/\/sdcentras.lt\/en\/wp-json\/wp\/v2\/pages\/3142\/revisions\/10199"}],"wp:attachment":[{"href":"https:\/\/sdcentras.lt\/en\/wp-json\/wp\/v2\/media?parent=3142"}],"curies":[{"name":"wp","href":"https:\/\/api.w.org\/{rel}","templated":true}]}}