{"id":3130,"date":"2018-09-18T07:50:42","date_gmt":"2018-09-18T05:50:42","guid":{"rendered":"https:\/\/sdcentras.lt\/?page_id=3130"},"modified":"2018-09-18T09:15:39","modified_gmt":"2018-09-18T07:15:39","slug":"kurybiskumo-ugdymas-tarptautiniai-kursai-ir-vizitai","status":"publish","type":"page","link":"https:\/\/sdcentras.lt\/en\/kurybiskumo-ugdymas\/kurybiskumo-ugdymas-tarptautiniai-kursai-ir-vizitai\/","title":{"rendered":"K\u016brybi\u0161kumo ugdymas. Tarptautiniai kursai ir vizitai"},"content":{"rendered":"<p>[vc_row css_animation=&#8221;&#8221; row_type=&#8221;row&#8221; use_row_as_full_screen_section=&#8221;no&#8221; type=&#8221;full_width&#8221; angled_section=&#8221;no&#8221; text_align=&#8221;left&#8221; background_image_as_pattern=&#8221;without_pattern&#8221;][vc_column][vc_separator type=&#8221;normal&#8221;][vc_empty_space][vc_row_inner row_type=&#8221;row&#8221; type=&#8221;full_width&#8221; text_align=&#8221;left&#8221; css_animation=&#8221;&#8221;][vc_column_inner][vc_column_text]<\/p>\n<h1>K\u016brybi\u0161kumo ugdymas. Tarptautiniai kursai ir vizitai<\/h1>\n<p>[\/vc_column_text][\/vc_column_inner][\/vc_row_inner][vc_empty_space][vc_separator type=&#8221;normal&#8221;][\/vc_column][\/vc_row][vc_row css_animation=&#8221;&#8221; row_type=&#8221;row&#8221; use_row_as_full_screen_section=&#8221;no&#8221; type=&#8221;grid&#8221; angled_section=&#8221;no&#8221; text_align=&#8221;left&#8221; background_image_as_pattern=&#8221;without_pattern&#8221;][vc_column width=&#8221;1\/3&#8243;][vc_empty_space height=&#8221;42px&#8221;][vc_single_image image=&#8221;3134&#8243; img_size=&#8221;large&#8221; qode_css_animation=&#8221;&#8221;][\/vc_column][vc_column width=&#8221;2\/3&#8243;][vc_empty_space height=&#8221;22px&#8221;][vc_column_text]<\/p>\n<h3>Pa\u017eintinis vizitas \u201eK\u016brybi\u0161kumas kokybi\u0161kam ugdymui&#8221; (Creativity for quality education)<\/h3>\n<p>2013 m. spalio 7-11 d.[\/vc_column_text][vc_column_text]\u0160iuolaikini\u0173 didaktik\u0173 centras organizavo Europos Komisijos Mokymosi vis\u0105 gyvenim\u0105 programos \u0161vietimo ir profesinio rengimo specialist\u0173 pa\u017eintin\u012f vizit\u0105 Lietuvoje tema \u201eK\u016brybi\u0161kumas kokybi\u0161kam ugdymui&#8221; (Creativity for quality education). Vizito tema \u2013 k\u016brybi\u0161kumo skatinimas mokyme ir ugdyme. Tikslas \u2013 supa\u017eindinti dalyvius su k\u016brybi\u0161kumo ugdymo strategija Lietuvoje, vykdomais nacionaliniais k\u016brybi\u0161kumo ugdymo projektais, bei Lietuvos mokykl\u0173 iniciatyvomis ir patirtimi, taikant k\u016brybi\u0161kumo ugdymo metodus formaliame ir neformaliame \u0161vietime. \u012e Lietuv\u0105 atvyko 13 \u0161vietimo specialist\u0173 i\u0161 Belgijos, Did\u017eiosios Britanijos, Ispanijos, Italijos, Pranc\u016bzijos, Rumunijos, Turkijos, Vokietijos. Vizito dalyviai pristat\u0117 \u0161vietimo sistem\u0105 bei k\u016brybi\u0161kumo ugdymo situacij\u0105 savo \u0161alyse, i\u0161klaus\u0117 2011\u20132013 m. vykusio projekto \u201eK\u016brybi\u0161kumo ugdymas: tyrimai ir metodika\u201c bei projekto \u201eK\u016brybin\u0117s partneryst\u0117s\u201c pristatymus. Jie dalyvavo mini\u2010seminare, kurio metu patys atliko k\u016brybi\u0161kas u\u017eduotis, susipa\u017eino su metodais, skatinan\u010diais k\u016brybi\u0161kum\u0105. Pa\u017eintinio vizito dalyviai steb\u0117jo pamokas Trak\u0173 rajono Onu\u0161kio Donato Malinausko vidurin\u0117je mokykloje ir Vilniaus Simono Daukanto progimnazijoje. Taip pat vizito dalyviai lank\u0117si Trak\u0173 \u0161vietimo centre, kur buvo supa\u017eindinti su centro vykdoma veikla ir projektais, kuriuose aktyviai dalyvauja rajono mokyklos.[\/vc_column_text][vc_empty_space][\/vc_column][\/vc_row][vc_row css_animation=&#8221;&#8221; row_type=&#8221;row&#8221; use_row_as_full_screen_section=&#8221;no&#8221; type=&#8221;full_width&#8221; angled_section=&#8221;no&#8221; text_align=&#8221;left&#8221; background_image_as_pattern=&#8221;without_pattern&#8221;][vc_column][vc_empty_space][vc_separator type=&#8221;normal&#8221;][\/vc_column][\/vc_row][vc_row css_animation=&#8221;&#8221; row_type=&#8221;row&#8221; use_row_as_full_screen_section=&#8221;no&#8221; type=&#8221;grid&#8221; angled_section=&#8221;no&#8221; text_align=&#8221;left&#8221; background_image_as_pattern=&#8221;without_pattern&#8221;][vc_column width=&#8221;1\/3&#8243;][vc_empty_space height=&#8221;42px&#8221;][vc_single_image image=&#8221;3067&#8243; img_size=&#8221;large&#8221; qode_css_animation=&#8221;&#8221;][\/vc_column][vc_column width=&#8221;2\/3&#8243;][vc_empty_space height=&#8221;22px&#8221;][vc_column_text]<\/p>\n<h3>Pa\u017eintinis vizitas \u201eCRED\u2018o \u2013 K\u016brybinis ugdymas \u2013 s\u0117kmingai visuomenei\u201c (Creative Education \u2013 Successful Generation)<\/h3>\n<p>2010 m. spalio 4\u20138 d.[\/vc_column_text][vc_column_text]\u0160iuolaikini\u0173 didaktik\u0173 centras organizavo Europos Komisijos Mokymosi vis\u0105 gyvenim\u0105 programos \u0161vietimo ir profesinio rengimo specialist\u0173 pa\u017eintin\u012f vizit\u0105 Lietuvoje tema \u201eCRED\u2018o: K\u016brybinis ugdymas \u2013 s\u0117kmingai visuomenei\u201c (Creative Education \u2013 Successful Generation). Vizito tema \u2013 k\u016brybi\u0161kumo skatinimas mokyme ir ugdyme. Tikslas \u2013 supa\u017eindinti dalyvius su Lietuvos mokykl\u0173 iniciatyvomis ir patirtimi, taikant k\u016brybi\u0161kumo ugdymo metodus formaliame ir neformaliame \u0161vietime. \u012e Lietuv\u0105 atvyko 12 \u0161vietimo specialist\u0173 (mokykl\u0173 direktoriai, administracijos atstovai, \u0161vietimo ekspertai, \u0161vietimo program\u0173 ekspertai, mokykl\u0173 inspektoriai, konsultantai) i\u0161 Did\u017eiosios Britanijos, Ispanijos, Lenkijos, Olandijos, Pranc\u016bzijos, Rumunijos, Turkijos, Vokietijos. Dalyviai tur\u0117jo galimyb\u0119 steb\u0117ti k\u016brybi\u0161kumo ugdym\u0105 \u012fvairaus lygio ugdymo institucijose \u2013 lank\u0117si priva\u010diame dar\u017eelyje \u201eSaul\u0117s gojus\u201c, Vilniaus \u201eVyturio\u201c pradin\u0117je mokykloje, Vilniaus Simono Daukanto pagrindin\u0117je mokykloje, Sen\u0173j\u0173 Trak\u0173 K\u0119stu\u010dio pagrindin\u0117je mokykloje, Lentvario Henriko Senkevi\u010diaus vidurin\u0117je mokykloje, Vilniaus dizaino kolegijoje, Trak\u0173 meno mokykloje. Dalyviai steb\u0117jo ugdymo proces\u0105, dalyvavo technologij\u0173, lietuvi\u0173 kalbos, angl\u0173 kalbos pamokose, dalyvavo susitikimuose su mokytojais ir mokiniais. Dalyviai taip pat susitiko su \u0160vietimo ir mokslo ministerijos atstovais. Vizito dalyviai susipa\u017eino su Lietuvos \u0161vietimo sistema bei pristat\u0117 savo \u0161ali\u0173 \u0161vietimo sistemas, k\u016brybinio ugdymo samprat\u0105 ir praktik\u0105.<\/p>\n<p>\u0160iuolaikini\u0173 didaktik\u0173 centro organizuotas vizitas \u201eCRED\u2018o: k\u016brybinis ugdymas \u2013 s\u0117kmingai visuomenei\u201c peln\u0117 kokybi\u0161kiausiai 2007\u20132011 m. suorganizuoto Pa\u017eintinio vizito nominacij\u0105,  \u012fsteigt\u0105 \u0160vietimo main\u0173 paramos fondo.[\/vc_column_text][vc_empty_space][\/vc_column][\/vc_row][vc_row css_animation=&#8221;&#8221; row_type=&#8221;row&#8221; use_row_as_full_screen_section=&#8221;no&#8221; type=&#8221;full_width&#8221; angled_section=&#8221;no&#8221; text_align=&#8221;left&#8221; background_image_as_pattern=&#8221;without_pattern&#8221;][vc_column][vc_empty_space][vc_separator type=&#8221;normal&#8221;][\/vc_column][\/vc_row][vc_row css_animation=&#8221;&#8221; row_type=&#8221;row&#8221; use_row_as_full_screen_section=&#8221;no&#8221; type=&#8221;grid&#8221; angled_section=&#8221;no&#8221; text_align=&#8221;left&#8221; background_image_as_pattern=&#8221;without_pattern&#8221;][vc_column width=&#8221;1\/3&#8243;][vc_empty_space height=&#8221;42px&#8221;][vc_single_image image=&#8221;3136&#8243; img_size=&#8221;large&#8221; qode_css_animation=&#8221;&#8221;][\/vc_column][vc_column width=&#8221;2\/3&#8243;][vc_empty_space height=&#8221;22px&#8221;][vc_column_text]<\/p>\n<h3>Did\u017eiosios Britanijos pedagog\u0173 kvalifikacijos tobulinimo vizitai Lietuvoje<\/h3>\n<p>2005 m. vasario\u2013spalio m\u0117n.[\/vc_column_text][vc_column_text]\u0160iuolaikini\u0173 didaktik\u0173 centras organizavo kvalifikacijos tobulinimo vizitus Did\u017eiosios Britanijos \u0161vietimo institucij\u0173 darbuotojams, kurie dom\u0117josi kritinio ir k\u016brybinio m\u0105stymo ugdymu Lietuvos mokyklose. Vizit\u0105 inicijavo ir r\u0117m\u0117 organizacija Specialist Schools and Academies Trust (SSAT, Did\u017eioji Britanija).<br \/>\n<b>2005 m. vasario 5-12 d.<\/b> 11 darbuotoj\u0173 i\u0161 Did\u017eiosios Britanijos \u0161vietimo institucij\u0173 lank\u0117si ir steb\u0117jo ugdymo proces\u0105 Vilniaus Simono Daukanto vidurin\u0117je mokykloje, Vilniaus \u201eVyturio\u201c pradin\u0117je mokykloje, \u0160iuolaikin\u0117s mokyklos centre, Vilniaus \u017dv\u0117ryno gimnazijoje, Vilniaus Martyno Ma\u017evydo vidurin\u0117je mokykloje.<br \/>\n<b>2005 m. vasario 21-25 d.<\/b> 7 darbuotojai i\u0161 Did\u017eiosios Britanijos \u0161vietimo institucij\u0173 lank\u0117si ir steb\u0117jo ugdymo proces\u0105 Nacionalin\u0117je Mikalojaus Konstantino \u010ciurlionio men\u0173 mokykloje, Vilniaus \u201eVersm\u0117s\u201c vidurin\u0117je mokykloje, Vilniaus Baltupi\u0173 vidurin\u0117je mokykloje, Vilniaus j\u0117zuit\u0173 gimnazijoje, Vilniaus Simono Daukanto vidurin\u0117je mokykloje.<br \/>\n<b>2005 m. spalio 22-29 d.<\/b> 10 darbuotoj\u0173 i\u0161 Did\u017eiosios Britanijos \u0161vietimo institucij\u0173 lank\u0117si ir steb\u0117jo ugdymo proces\u0105 Vilniaus Baltupi\u0173 vidurin\u0117je mokykloje, Vilniaus \u201eVyturio\u201c pradin\u0117je mokykloje, Vilniaus j\u0117zuit\u0173 gimnazijoje, Vilniaus Versm\u0117s vidurin\u0117je mokykloje, Vilniaus Simono Daukanto vidurin\u0117je mokykloje.[\/vc_column_text][vc_empty_space][\/vc_column][\/vc_row][vc_row css_animation=&#8221;&#8221; row_type=&#8221;row&#8221; use_row_as_full_screen_section=&#8221;yes&#8221; type=&#8221;grid&#8221; angled_section=&#8221;no&#8221; text_align=&#8221;left&#8221; background_image_as_pattern=&#8221;without_pattern&#8221;][vc_column][vc_empty_space][\/vc_column][\/vc_row]<\/p>\n","protected":false},"excerpt":{"rendered":"<p>[vc_row css_animation=&#8221;&#8221; row_type=&#8221;row&#8221; use_row_as_full_screen_section=&#8221;no&#8221; type=&#8221;full_width&#8221; angled_section=&#8221;no&#8221; text_align=&#8221;left&#8221; background_image_as_pattern=&#8221;without_pattern&#8221;][vc_column][vc_separator type=&#8221;normal&#8221;][vc_empty_space][vc_row_inner row_type=&#8221;row&#8221; type=&#8221;full_width&#8221; text_align=&#8221;left&#8221; css_animation=&#8221;&#8221;][vc_column_inner][vc_column_text] K\u016brybi\u0161kumo ugdymas. Tarptautiniai kursai ir vizitai [\/vc_column_text][\/vc_column_inner][\/vc_row_inner][vc_empty_space][vc_separator type=&#8221;normal&#8221;][\/vc_column][\/vc_row][vc_row css_animation=&#8221;&#8221; row_type=&#8221;row&#8221; use_row_as_full_screen_section=&#8221;no&#8221; type=&#8221;grid&#8221; angled_section=&#8221;no&#8221; text_align=&#8221;left&#8221; background_image_as_pattern=&#8221;without_pattern&#8221;][vc_column width=&#8221;1\/3&#8243;][vc_empty_space height=&#8221;42px&#8221;][vc_single_image image=&#8221;3134&#8243; img_size=&#8221;large&#8221; qode_css_animation=&#8221;&#8221;][\/vc_column][vc_column width=&#8221;2\/3&#8243;][vc_empty_space height=&#8221;22px&#8221;][vc_column_text] Pa\u017eintinis vizitas \u201eK\u016brybi\u0161kumas kokybi\u0161kam ugdymui&#8221; (Creativity for quality education) 2013&#8230;<\/p>\n","protected":false},"author":2,"featured_media":0,"parent":3058,"menu_order":0,"comment_status":"closed","ping_status":"closed","template":"","meta":{"footnotes":""},"class_list":["post-3130","page","type-page","status-publish","hentry"],"acf":[],"aioseo_notices":[],"_links":{"self":[{"href":"https:\/\/sdcentras.lt\/en\/wp-json\/wp\/v2\/pages\/3130","targetHints":{"allow":["GET"]}}],"collection":[{"href":"https:\/\/sdcentras.lt\/en\/wp-json\/wp\/v2\/pages"}],"about":[{"href":"https:\/\/sdcentras.lt\/en\/wp-json\/wp\/v2\/types\/page"}],"author":[{"embeddable":true,"href":"https:\/\/sdcentras.lt\/en\/wp-json\/wp\/v2\/users\/2"}],"replies":[{"embeddable":true,"href":"https:\/\/sdcentras.lt\/en\/wp-json\/wp\/v2\/comments?post=3130"}],"version-history":[{"count":0,"href":"https:\/\/sdcentras.lt\/en\/wp-json\/wp\/v2\/pages\/3130\/revisions"}],"up":[{"embeddable":true,"href":"https:\/\/sdcentras.lt\/en\/wp-json\/wp\/v2\/pages\/3058"}],"wp:attachment":[{"href":"https:\/\/sdcentras.lt\/en\/wp-json\/wp\/v2\/media?parent=3130"}],"curies":[{"name":"wp","href":"https:\/\/api.w.org\/{rel}","templated":true}]}}