{"id":3058,"date":"2018-09-14T10:21:08","date_gmt":"2018-09-14T08:21:08","guid":{"rendered":"https:\/\/sdcentras.lt\/?page_id=3058"},"modified":"2018-11-10T20:39:42","modified_gmt":"2018-11-10T18:39:42","slug":"kurybiskumo-ugdymas","status":"publish","type":"page","link":"https:\/\/sdcentras.lt\/en\/kurybiskumo-ugdymas\/","title":{"rendered":"K\u016brybi\u0161kumo ugdymas"},"content":{"rendered":"<p>[vc_row css_animation=&#8221;&#8221; row_type=&#8221;row&#8221; use_row_as_full_screen_section=&#8221;no&#8221; type=&#8221;grid&#8221; angled_section=&#8221;no&#8221; text_align=&#8221;left&#8221; background_image_as_pattern=&#8221;without_pattern&#8221;][vc_column][vc_separator type=&#8221;normal&#8221;][vc_empty_space][vc_row_inner row_type=&#8221;row&#8221; type=&#8221;grid&#8221; text_align=&#8221;left&#8221; css_animation=&#8221;&#8221;][vc_column_inner][vc_column_text]<\/p>\n<h1>K\u016brybi\u0161kumo ugdymas<\/h1>\n<p>[\/vc_column_text][\/vc_column_inner][\/vc_row_inner][vc_empty_space][vc_separator type=&#8221;normal&#8221;][vc_empty_space][\/vc_column][\/vc_row][vc_row css_animation=&#8221;&#8221; row_type=&#8221;row&#8221; use_row_as_full_screen_section=&#8221;no&#8221; type=&#8221;grid&#8221; angled_section=&#8221;no&#8221; text_align=&#8221;left&#8221; background_image_as_pattern=&#8221;without_pattern&#8221;][vc_column][vc_empty_space][vc_column_text]K\u016brybi\u0161kumas \u2013 sud\u0117tingas ir daugiamatis fenomenas. Mokslinink\u0173 darbuose skiriama daug vidini\u0173 ir i\u0161orini\u0173 veiksni\u0173, daran\u010di\u0173 \u012ftak\u0105 k\u016brybi\u0161kumui, ta\u010diau vieningai pripa\u017e\u012fstama, jog k\u016brybi\u0161kumas \u2013 tai asmens \u012fgymi\u0173 ir ugdymo rezultatas. Nuo to, kur link bus kreipiama asmens veikla, kaip bus panaudojamos ir \u012fprasminamos \u012fgytos \u017einios bei geb\u0117jimai, i\u0161 esm\u0117s priklauso ir k\u016brybi\u0161kumo ugdymo raida. Tod\u0117l, atsi\u017evelgiant \u012f sociokult\u016brines s\u0105lygas bei ugdymo kontekst\u0105, k\u016brybi\u0161kumo ugdymo strategij\u0173 k\u016brimas \u2013 aktualus ir nuolatinio atnaujinimo reikalaujantis procesas.[\/vc_column_text][vc_empty_space][\/vc_column][\/vc_row][vc_row css_animation=&#8221;&#8221; row_type=&#8221;row&#8221; use_row_as_full_screen_section=&#8221;no&#8221; type=&#8221;full_width&#8221; angled_section=&#8221;no&#8221; text_align=&#8221;left&#8221; background_image_as_pattern=&#8221;without_pattern&#8221;][vc_column][vc_empty_space][\/vc_column][\/vc_row][vc_row css_animation=&#8221;&#8221; row_type=&#8221;row&#8221; use_row_as_full_screen_section=&#8221;no&#8221; type=&#8221;full_width&#8221; angled_section=&#8221;no&#8221; text_align=&#8221;left&#8221; background_image_as_pattern=&#8221;without_pattern&#8221; css=&#8221;.vc_custom_1535801564539{background-color: #6b6b6b !important;}&#8221;][vc_column width=&#8221;1\/6&#8243;][\/vc_column][vc_column width=&#8221;1\/6&#8243;]<div class=\"q_counter_holder  center\" style=\"\" data-digit=\"6\"><span class=\"counter  zero\" style=\"color: #ffffff;font-size: 55px;\">6<\/span><span class=\"separator small\" style=\"\"><\/span><p class=\"counter_text\" style=\"font-size: 15px;font-weight: 300;color: #ffffff;\">programos<\/p><\/div>[\/vc_column][vc_column width=&#8221;1\/6&#8243;]<div class=\"q_counter_holder  center\" style=\"\" data-digit=\"5\"><span class=\"counter  zero\" style=\"color: #ffffff;font-size: 55px;\">5<\/span><span class=\"separator small\" style=\"\"><\/span><p class=\"counter_text\" style=\"font-size: 15px;font-weight: 300;color: #ffffff;\">kursai, vizitai<\/p><\/div>[\/vc_column][vc_column width=&#8221;1\/6&#8243;]<div class=\"q_counter_holder  center\" style=\"\" data-digit=\"6\"><span class=\"counter  zero\" style=\"color: #ffffff;font-size: 55px;\">6<\/span><span class=\"separator small\" style=\"\"><\/span><p class=\"counter_text\" style=\"font-size: 15px;font-weight: 300;color: #ffffff;\">tyrimai<\/p><\/div>[\/vc_column][vc_column width=&#8221;1\/6&#8243;]<div class=\"q_counter_holder  center\" style=\"\" data-digit=\"7\"><span class=\"counter  zero\" style=\"color: #ffffff;font-size: 55px;\">7<\/span><span class=\"separator small\" style=\"\"><\/span><p class=\"counter_text\" style=\"font-size: 15px;font-weight: 300;color: #ffffff;\">leidiniai<\/p><\/div>[\/vc_column][vc_column width=&#8221;1\/6&#8243;][\/vc_column][\/vc_row][vc_row css_animation=&#8221;&#8221; row_type=&#8221;row&#8221; use_row_as_full_screen_section=&#8221;no&#8221; type=&#8221;full_width&#8221; angled_section=&#8221;no&#8221; text_align=&#8221;left&#8221; background_image_as_pattern=&#8221;without_pattern&#8221;][vc_column][vc_empty_space][\/vc_column][\/vc_row][vc_row css_animation=&#8221;&#8221; row_type=&#8221;row&#8221; use_row_as_full_screen_section=&#8221;no&#8221; type=&#8221;full_width&#8221; angled_section=&#8221;no&#8221; text_align=&#8221;left&#8221; background_image_as_pattern=&#8221;without_pattern&#8221;][vc_column css=&#8221;.vc_custom_1532691156662{background-color: #f7f7f7f !important;}&#8221;][vc_empty_space height=&#8221;52px&#8221;][vc_row_inner row_type=&#8221;row&#8221; type=&#8221;grid&#8221; text_align=&#8221;left&#8221; css_animation=&#8221;&#8221;][vc_column_inner width=&#8221;1\/3&#8243;][vc_single_image image=&#8221;2580&#8243; img_size=&#8221;400&#215;280&#8243; alignment=&#8221;center&#8221; qode_css_animation=&#8221;&#8221;][vc_empty_space][vc_column_text]<\/p>\n<h3 style=\"text-align: center;\"><a href=\"https:\/\/sdcentras.lt\/mokymai\/seminarai-mokykloms\/kurybiskumo-ugdymo-kompetenciju-tobulinimas\/\">kvalifikacijos tobulinimas<\/a><\/h3>\n<p>[\/vc_column_text][\/vc_column_inner][vc_column_inner width=&#8221;1\/3&#8243;][vc_single_image image=&#8221;3072&#8243; img_size=&#8221;400&#215;280&#8243; alignment=&#8221;center&#8221; qode_css_animation=&#8221;&#8221;][vc_empty_space][vc_column_text]<\/p>\n<h3 style=\"text-align: center;\">projektai<\/h3>\n<p>[\/vc_column_text][\/vc_column_inner][vc_column_inner width=&#8221;1\/3&#8243;][vc_single_image image=&#8221;2748&#8243; img_size=&#8221;400&#215;280&#8243; alignment=&#8221;center&#8221; qode_css_animation=&#8221;&#8221;][vc_empty_space][vc_column_text]<\/p>\n<h3 style=\"text-align: center;\"><a href=\"https:\/\/sdcentras.lt\/tyrimai\/kurybiskumo-tyrimai\/\">tyrimai<\/a><\/h3>\n<p>[\/vc_column_text][\/vc_column_inner][\/vc_row_inner][vc_empty_space height=&#8221;52px&#8221;][vc_row_inner row_type=&#8221;row&#8221; type=&#8221;grid&#8221; text_align=&#8221;left&#8221; css_animation=&#8221;&#8221;][vc_column_inner width=&#8221;1\/3&#8243;][vc_single_image image=&#8221;3067&#8243; img_size=&#8221;large&#8221; alignment=&#8221;center&#8221; qode_css_animation=&#8221;&#8221;][vc_empty_space][vc_column_text]<\/p>\n<h3 style=\"text-align: center;\"><a href=\"https:\/\/sdcentras.lt\/kurybiskumo-ugdymas\/kurybiskumo-ugdymas-tarptautiniai-kursai-ir-vizitai\/\">tarptautiniai kursai ir vizitai<\/a><\/h3>\n<p>[\/vc_column_text][\/vc_column_inner][vc_column_inner width=&#8221;1\/3&#8243;][vc_single_image image=&#8221;3064&#8243; img_size=&#8221;400&#215;280&#8243; alignment=&#8221;center&#8221; qode_css_animation=&#8221;&#8221;][vc_empty_space][vc_column_text]<\/p>\n<h3 style=\"text-align: center;\"><a href=\"https:\/\/sdcentras.lt\/kurybiskumo-ugdymo-programos-leidiniai\/\">leidiniai<\/a><\/h3>\n<p>[\/vc_column_text][\/vc_column_inner][vc_column_inner width=&#8221;1\/3&#8243;][\/vc_column_inner][\/vc_row_inner][vc_empty_space height=&#8221;52px&#8221;][\/vc_column][\/vc_row]<\/p>\n","protected":false},"excerpt":{"rendered":"<p>[vc_row css_animation=&#8221;&#8221; row_type=&#8221;row&#8221; use_row_as_full_screen_section=&#8221;no&#8221; type=&#8221;grid&#8221; angled_section=&#8221;no&#8221; text_align=&#8221;left&#8221; background_image_as_pattern=&#8221;without_pattern&#8221;][vc_column][vc_separator type=&#8221;normal&#8221;][vc_empty_space][vc_row_inner row_type=&#8221;row&#8221; type=&#8221;grid&#8221; text_align=&#8221;left&#8221; css_animation=&#8221;&#8221;][vc_column_inner][vc_column_text] K\u016brybi\u0161kumo ugdymas [\/vc_column_text][\/vc_column_inner][\/vc_row_inner][vc_empty_space][vc_separator type=&#8221;normal&#8221;][vc_empty_space][\/vc_column][\/vc_row][vc_row css_animation=&#8221;&#8221; row_type=&#8221;row&#8221; use_row_as_full_screen_section=&#8221;no&#8221; type=&#8221;grid&#8221; angled_section=&#8221;no&#8221; text_align=&#8221;left&#8221; background_image_as_pattern=&#8221;without_pattern&#8221;][vc_column][vc_empty_space][vc_column_text]K\u016brybi\u0161kumas \u2013 sud\u0117tingas ir daugiamatis fenomenas. Mokslinink\u0173 darbuose skiriama daug vidini\u0173 ir i\u0161orini\u0173 veiksni\u0173, daran\u010di\u0173 \u012ftak\u0105 k\u016brybi\u0161kumui, ta\u010diau vieningai pripa\u017e\u012fstama, jog k\u016brybi\u0161kumas&#8230;<\/p>\n","protected":false},"author":2,"featured_media":0,"parent":0,"menu_order":0,"comment_status":"closed","ping_status":"closed","template":"full_width.php","meta":{"footnotes":""},"class_list":["post-3058","page","type-page","status-publish","hentry"],"acf":[],"aioseo_notices":[],"_links":{"self":[{"href":"https:\/\/sdcentras.lt\/en\/wp-json\/wp\/v2\/pages\/3058","targetHints":{"allow":["GET"]}}],"collection":[{"href":"https:\/\/sdcentras.lt\/en\/wp-json\/wp\/v2\/pages"}],"about":[{"href":"https:\/\/sdcentras.lt\/en\/wp-json\/wp\/v2\/types\/page"}],"author":[{"embeddable":true,"href":"https:\/\/sdcentras.lt\/en\/wp-json\/wp\/v2\/users\/2"}],"replies":[{"embeddable":true,"href":"https:\/\/sdcentras.lt\/en\/wp-json\/wp\/v2\/comments?post=3058"}],"version-history":[{"count":0,"href":"https:\/\/sdcentras.lt\/en\/wp-json\/wp\/v2\/pages\/3058\/revisions"}],"wp:attachment":[{"href":"https:\/\/sdcentras.lt\/en\/wp-json\/wp\/v2\/media?parent=3058"}],"curies":[{"name":"wp","href":"https:\/\/api.w.org\/{rel}","templated":true}]}}