{"id":2871,"date":"2018-09-01T21:47:02","date_gmt":"2018-09-01T19:47:02","guid":{"rendered":"https:\/\/sdcentras.lt\/?page_id=2871"},"modified":"2021-03-02T13:29:07","modified_gmt":"2021-03-02T11:29:07","slug":"kritinio-mastymo-ugdymo-programos-leidiniai","status":"publish","type":"page","link":"https:\/\/sdcentras.lt\/en\/kritinio-mastymo-ugdymas\/kritinio-mastymo-ugdymo-programos-leidiniai\/","title":{"rendered":"Kritinio m\u0105stymo ugdymo programos leidiniai"},"content":{"rendered":"<p>[vc_row css_animation=&#8221;&#8221; row_type=&#8221;row&#8221; use_row_as_full_screen_section=&#8221;no&#8221; type=&#8221;full_width&#8221; angled_section=&#8221;no&#8221; text_align=&#8221;left&#8221; background_image_as_pattern=&#8221;without_pattern&#8221;][vc_column][vc_separator type=&#8221;normal&#8221;][vc_column_text]<\/p>\n<h2>Kritinio m\u0105stymo ugdymo programos leidiniai<\/h2>\n<p>[\/vc_column_text][vc_separator type=&#8221;normal&#8221;][vc_empty_space][\/vc_column][\/vc_row][vc_row css_animation=&#8221;&#8221; row_type=&#8221;row&#8221; use_row_as_full_screen_section=&#8221;yes&#8221; type=&#8221;grid&#8221; angled_section=&#8221;no&#8221; text_align=&#8221;left&#8221; background_image_as_pattern=&#8221;without_pattern&#8221;][vc_column][vc_empty_space][vc_row_inner row_type=&#8221;row&#8221; type=&#8221;full_width&#8221; text_align=&#8221;left&#8221; css_animation=&#8221;&#8221;][vc_column_inner width=&#8221;1\/3&#8243;][vc_single_image image=&#8221;1064&#8243; img_size=&#8221;medium&#8221; qode_css_animation=&#8221;&#8221;][vc_empty_space][vc_column_text]<a href=\"https:\/\/sdcentras.lt\/kritinio-mastymo-ugdymas-teorija-ir-praktika\/\">Kritinio m\u0105stymo ugdymas: teorija ir praktika, 2001 m.<\/a>[\/vc_column_text][\/vc_column_inner][vc_column_inner width=&#8221;1\/3&#8243;][vc_single_image image=&#8221;941&#8243; img_size=&#8221;medium&#8221; qode_css_animation=&#8221;&#8221;][vc_empty_space][vc_column_text]<a href=\"https:\/\/sdcentras.lt\/kritinio-mastymo-ugdymo-programos-mokytojo-ir-lektoriaus-sertifikavimo-standartai-ir-proceduros\/\">Kritinio m\u0105stymo ugdymo programos Mokytojo ir Lektoriaus sertifikavimo standartai ir proced\u016bros, 2004<\/a>[\/vc_column_text][\/vc_column_inner][vc_column_inner width=&#8221;1\/3&#8243;][vc_single_image image=&#8221;1059&#8243; img_size=&#8221;medium&#8221; qode_css_animation=&#8221;&#8221;][vc_empty_space][vc_column_text]<a href=\"https:\/\/sdcentras.lt\/kritinio-mastymo-ugdymas-aukstojoje-mokykloje-studiju-programos\/\">Kritinio m\u0105stymo ugdymas auk\u0161tojoje mokykloje: studij\u0173 programos, 2004<\/a>[\/vc_column_text][\/vc_column_inner][\/vc_row_inner][vc_empty_space height=&#8221;52px&#8221;][vc_row_inner row_type=&#8221;row&#8221; type=&#8221;full_width&#8221; text_align=&#8221;left&#8221; css_animation=&#8221;&#8221;][vc_column_inner width=&#8221;1\/3&#8243;][vc_single_image image=&#8221;965&#8243; img_size=&#8221;medium&#8221; qode_css_animation=&#8221;&#8221;][vc_empty_space][vc_column_text]<a href=\"https:\/\/sdcentras.lt\/kritinio-mastymo-ugdymo-vadovas-neformaliojo-ugdymo-specialistams-klasiu-aukletojams\/\">Kritinio m\u0105stymo ugdymo vadovas neformaliojo ugdymo specialistams, klasi\u0173 aukl\u0117tojams, 2014 m.<\/a>[\/vc_column_text][\/vc_column_inner][vc_column_inner width=&#8221;1\/3&#8243;][vc_single_image image=&#8221;977&#8243; img_size=&#8221;medium&#8221; qode_css_animation=&#8221;&#8221;][vc_empty_space][vc_column_text]<a href=\"https:\/\/sdcentras.lt\/rekomendacijos-tevams-apie-vaiku-ir-jaunimo-kritinio-mastymo-ugdyma\/\">Kritinio m\u0105stymo ugdymo mokomoji med\u017eiaga mokini\u0173 ir jaunimo organizacij\u0173 nariams, 2014 m.<\/a>[\/vc_column_text][\/vc_column_inner][vc_column_inner width=&#8221;1\/3&#8243;][vc_single_image image=&#8221;967&#8243; img_size=&#8221;medium&#8221; qode_css_animation=&#8221;&#8221;][vc_empty_space][vc_column_text]<a href=\"https:\/\/sdcentras.lt\/rekomendacijos-tevams-apie-vaiku-ir-jaunimo-kritinio-mastymo-ugdyma-2\/\">Rekomendacijos t\u0117vams apie vaik\u0173 ir jaunimo kritinio m\u0105stymo ugdym\u0105, 2014 m.<\/a>[\/vc_column_text][\/vc_column_inner][\/vc_row_inner][vc_empty_space height=&#8221;52px&#8221;][vc_row_inner row_type=&#8221;row&#8221; type=&#8221;full_width&#8221; text_align=&#8221;left&#8221; css_animation=&#8221;&#8221;][vc_column_inner width=&#8221;1\/3&#8243;][vc_single_image image=&#8221;682&#8243; img_size=&#8221;medium&#8221; qode_css_animation=&#8221;&#8221;][vc_empty_space][vc_column_text]<a href=\"https:\/\/sdcentras.lt\/kritinio-mastymo-ugdymas-sekmingai-ateities-karjerai-integruota-karjeros-ugdymo-programa-bendrojo-lavinimo-mokyklai\/\">Kritinio m\u0105stymo ugdymas s\u0117kmingai ateities karjerai : integruota karjeros ugdymo programa bendrojo lavinimo mokyklai, 2006<\/a><b><br \/>\n<\/b>[\/vc_column_text][\/vc_column_inner][vc_column_inner width=&#8221;1\/3&#8243;][vc_single_image image=&#8221;680&#8243; img_size=&#8221;medium&#8221; qode_css_animation=&#8221;&#8221;][vc_empty_space][vc_column_text]<a href=\"https:\/\/sdcentras.lt\/kritinio-mastymo-ugdymas-sekmingai-ateities-karjerai-specializuota-karjeros-ugdymo-programa-pagrindinei-mokyklai\/\">Kritinio m\u0105stymo ugdymas s\u0117kmingai ateities karjerai: specializuota karjeros ugdymo programa pagrindinei mokyklai, 2006 m.<\/a>[\/vc_column_text][\/vc_column_inner][vc_column_inner width=&#8221;1\/3&#8243;][vc_single_image image=&#8221;678&#8243; img_size=&#8221;medium&#8221; qode_css_animation=&#8221;&#8221;][vc_empty_space][vc_column_text]<a href=\"https:\/\/sdcentras.lt\/kritinio-mastymo-ugdymas-sekmingai-ateities-karjerai-praktinis-pritaikymas-profesinio-tobulinimo-programa-ir-vadovas\/\">Kritinio m\u0105stymo ugdymas s\u0117kmingai ateities karjerai. Praktinis pritaikymas : profesinio tobulinimo programa ir vadovas, 2005 m.<\/a>[\/vc_column_text][\/vc_column_inner][\/vc_row_inner][vc_empty_space height=&#8221;52px&#8221;][vc_row_inner row_type=&#8221;row&#8221; type=&#8221;full_width&#8221; text_align=&#8221;left&#8221; css_animation=&#8221;&#8221;][vc_column_inner width=&#8221;1\/3&#8243;][vc_single_image image=&#8221;1017&#8243; img_size=&#8221;medium&#8221; qode_css_animation=&#8221;&#8221;][vc_empty_space][vc_column_text]<\/p>\n<p class=\"entry_title\"><a href=\"https:\/\/sdcentras.lt\/efektyvaus-skaitymo-strategijos-skaitymo-praktikumas\/\">Efektyvaus skaitymo strategijos: skaitymo praktikumas, 2007<\/a><\/p>\n<p>[\/vc_column_text][\/vc_column_inner][vc_column_inner width=&#8221;1\/3&#8243;][vc_single_image image=&#8221;2895&#8243; img_size=&#8221;medium&#8221; qode_css_animation=&#8221;&#8221;][vc_empty_space][vc_column_text]Permainos: tarptautinis kritinio m\u0105stymo ugdymo \u017eurnalas, 2000-2003 m.<b><br \/>\n<\/b>[\/vc_column_text][\/vc_column_inner][\/vc_row_inner][vc_empty_space height=&#8221;52px&#8221;][vc_row_inner row_type=&#8221;row&#8221; type=&#8221;full_width&#8221; text_align=&#8221;left&#8221; css_animation=&#8221;&#8221;][vc_column_inner width=&#8221;1\/3&#8243;][vc_single_image image=&#8221;2051&#8243; img_size=&#8221;medium&#8221; qode_css_animation=&#8221;&#8221;][vc_empty_space][vc_column_text]<a href=\"https:\/\/sdcentras.lt\/kritinis-mastymas-neformaliajam-ugdymui-1-filmas\/\">Kritinis m\u0105stymas \u2013 neformaliajam ugdymui: mokomoji med\u017eiaga neformaliojo ugdymo specialistams ir klas\u0117s aukl\u0117tojams<\/a>[\/vc_column_text][\/vc_column_inner][vc_column_inner width=&#8221;1\/3&#8243;][vc_single_image image=&#8221;2926&#8243; img_size=&#8221;medium&#8221; qode_css_animation=&#8221;&#8221;][vc_empty_space][vc_column_text]<\/p>\n<p class=\"entry_title\"><a href=\"https:\/\/sdcentras.lt\/kritinis-mastymas-neformaliajam-ugdymui-2-filmas-kaip-ugdyti-kritini-mastyma\/\">Kritinis m\u0105stymas \u2013 neformaliajam ugdymui: mokymo priemon\u0117 mokini\u0173 ir jaunimo organizacij\u0173 nariams<\/a><\/p>\n<p>[\/vc_column_text][\/vc_column_inner][vc_column_inner width=&#8221;1\/3&#8243;][vc_single_image image=&#8221;2928&#8243; img_size=&#8221;medium&#8221; qode_css_animation=&#8221;&#8221;][vc_empty_space][vc_column_text]<a href=\"https:\/\/sdcentras.lt\/kritinis-mastymas-neformaliajam-ugdymui-3-filmas\/\">Kritinis m\u0105stymas \u2013 neformaliajam ugdymui: mokymo priemon\u0117 kritinio mastymo ugdymo multiplikatoriams<\/a>[\/vc_column_text][\/vc_column_inner][\/vc_row_inner][\/vc_column][\/vc_row]<\/p>\n","protected":false},"excerpt":{"rendered":"<p>[vc_row css_animation=&#8221;&#8221; row_type=&#8221;row&#8221; use_row_as_full_screen_section=&#8221;no&#8221; type=&#8221;full_width&#8221; angled_section=&#8221;no&#8221; text_align=&#8221;left&#8221; background_image_as_pattern=&#8221;without_pattern&#8221;][vc_column][vc_separator type=&#8221;normal&#8221;][vc_column_text] Kritinio m\u0105stymo ugdymo programos leidiniai [\/vc_column_text][vc_separator type=&#8221;normal&#8221;][vc_empty_space][\/vc_column][\/vc_row][vc_row css_animation=&#8221;&#8221; row_type=&#8221;row&#8221; use_row_as_full_screen_section=&#8221;yes&#8221; type=&#8221;grid&#8221; angled_section=&#8221;no&#8221; text_align=&#8221;left&#8221; background_image_as_pattern=&#8221;without_pattern&#8221;][vc_column][vc_empty_space][vc_row_inner row_type=&#8221;row&#8221; type=&#8221;full_width&#8221; text_align=&#8221;left&#8221; css_animation=&#8221;&#8221;][vc_column_inner width=&#8221;1\/3&#8243;][vc_single_image image=&#8221;1064&#8243; img_size=&#8221;medium&#8221; qode_css_animation=&#8221;&#8221;][vc_empty_space][vc_column_text]Kritinio m\u0105stymo ugdymas: teorija ir praktika, 2001 m.[\/vc_column_text][\/vc_column_inner][vc_column_inner width=&#8221;1\/3&#8243;][vc_single_image image=&#8221;941&#8243; img_size=&#8221;medium&#8221; qode_css_animation=&#8221;&#8221;][vc_empty_space][vc_column_text]Kritinio m\u0105stymo ugdymo programos&#8230;<\/p>\n","protected":false},"author":1,"featured_media":0,"parent":2811,"menu_order":0,"comment_status":"closed","ping_status":"closed","template":"","meta":{"footnotes":""},"class_list":["post-2871","page","type-page","status-publish","hentry"],"acf":[],"aioseo_notices":[],"_links":{"self":[{"href":"https:\/\/sdcentras.lt\/en\/wp-json\/wp\/v2\/pages\/2871","targetHints":{"allow":["GET"]}}],"collection":[{"href":"https:\/\/sdcentras.lt\/en\/wp-json\/wp\/v2\/pages"}],"about":[{"href":"https:\/\/sdcentras.lt\/en\/wp-json\/wp\/v2\/types\/page"}],"author":[{"embeddable":true,"href":"https:\/\/sdcentras.lt\/en\/wp-json\/wp\/v2\/users\/1"}],"replies":[{"embeddable":true,"href":"https:\/\/sdcentras.lt\/en\/wp-json\/wp\/v2\/comments?post=2871"}],"version-history":[{"count":0,"href":"https:\/\/sdcentras.lt\/en\/wp-json\/wp\/v2\/pages\/2871\/revisions"}],"up":[{"embeddable":true,"href":"https:\/\/sdcentras.lt\/en\/wp-json\/wp\/v2\/pages\/2811"}],"wp:attachment":[{"href":"https:\/\/sdcentras.lt\/en\/wp-json\/wp\/v2\/media?parent=2871"}],"curies":[{"name":"wp","href":"https:\/\/api.w.org\/{rel}","templated":true}]}}