{"id":23,"date":"2017-10-18T02:26:09","date_gmt":"2017-10-18T04:26:09","guid":{"rendered":"https:\/\/sdcentras.lt\/?page_id=23"},"modified":"2017-10-18T02:26:09","modified_gmt":"2017-10-18T04:26:09","slug":"konsultacine-ir-ekspertine-veikla","status":"publish","type":"page","link":"https:\/\/sdcentras.lt\/en\/konsultacine-ir-ekspertine-veikla\/","title":{"rendered":"Konsultacin\u0117 ir ekspertin\u0117 veikla"},"content":{"rendered":"<p>Teikiame konsultacijas ir ekspertin\u0119 pagalb\u0105 asmenims ir organizacijoms edukacini\u0173 projekt\u0173 rengimo ir \u012fgyvendinimo, \u0161iuolaikini\u0173 ugdymo metod\u0173, kritinio m\u0105stymo ugdymo, antikorupcinio \u0161vietimo ir kt. klausimais. Veikla vykdome ne tik Lietuvoje, bet ir kitose \u0161alyse.<\/p>\n","protected":false},"excerpt":{"rendered":"<p>Teikiame konsultacijas ir ekspertin\u0119 pagalb\u0105 asmenims ir organizacijoms edukacini\u0173 projekt\u0173 rengimo ir \u012fgyvendinimo, \u0161iuolaikini\u0173 ugdymo metod\u0173, kritinio m\u0105stymo ugdymo, antikorupcinio \u0161vietimo ir kt. klausimais. Veikla vykdome ne tik Lietuvoje, bet ir kitose \u0161alyse.<\/p>\n","protected":false},"author":1,"featured_media":0,"parent":0,"menu_order":0,"comment_status":"closed","ping_status":"closed","template":"","meta":{"footnotes":""},"class_list":["post-23","page","type-page","status-publish","hentry"],"acf":[],"aioseo_notices":[],"_links":{"self":[{"href":"https:\/\/sdcentras.lt\/en\/wp-json\/wp\/v2\/pages\/23","targetHints":{"allow":["GET"]}}],"collection":[{"href":"https:\/\/sdcentras.lt\/en\/wp-json\/wp\/v2\/pages"}],"about":[{"href":"https:\/\/sdcentras.lt\/en\/wp-json\/wp\/v2\/types\/page"}],"author":[{"embeddable":true,"href":"https:\/\/sdcentras.lt\/en\/wp-json\/wp\/v2\/users\/1"}],"replies":[{"embeddable":true,"href":"https:\/\/sdcentras.lt\/en\/wp-json\/wp\/v2\/comments?post=23"}],"version-history":[{"count":0,"href":"https:\/\/sdcentras.lt\/en\/wp-json\/wp\/v2\/pages\/23\/revisions"}],"wp:attachment":[{"href":"https:\/\/sdcentras.lt\/en\/wp-json\/wp\/v2\/media?parent=23"}],"curies":[{"name":"wp","href":"https:\/\/api.w.org\/{rel}","templated":true}]}}