{"id":206,"date":"2017-10-31T01:18:34","date_gmt":"2017-10-31T03:18:34","guid":{"rendered":"https:\/\/sdcentras.lt\/?page_id=206"},"modified":"2017-11-06T08:03:05","modified_gmt":"2017-11-06T10:03:05","slug":"didziosios-britanijos-pedagogu-kvalifikacijos-tobulinimo-vizitas-lietuvoje-2008","status":"publish","type":"page","link":"https:\/\/sdcentras.lt\/en\/renginiai\/kvalifikacijos-tobulinimo-vizitai\/didziosios-britanijos-pedagogu-kvalifikacijos-tobulinimo-vizitas-lietuvoje-2008\/","title":{"rendered":"Did\u017eiosios Britanijos pedagog\u0173 kvalifikacijos tobulinimo vizitas Lietuvoje 2008 m."},"content":{"rendered":"<p>[vc_row css_animation=&#8221;&#8221; row_type=&#8221;row&#8221; use_row_as_full_screen_section=&#8221;no&#8221; type=&#8221;full_width&#8221; angled_section=&#8221;no&#8221; text_align=&#8221;left&#8221; background_image_as_pattern=&#8221;without_pattern&#8221;][vc_column][vc_row_inner row_type=&#8221;row&#8221; type=&#8221;full_width&#8221; text_align=&#8221;left&#8221; css_animation=&#8221;&#8221;][vc_column_inner][vc_column_text]<\/p>\n<h2>Did\u017eiosios Britanijos pedagog\u0173 kvalifikacijos tobulinimo vizitas Lietuvoje<\/h2>\n<p>2008 m. vasario 11\u201315 d.<\/p>\n<p>[\/vc_column_text][\/vc_column_inner][\/vc_row_inner][\/vc_column][\/vc_row][vc_row css_animation=&#8221;&#8221; row_type=&#8221;row&#8221; use_row_as_full_screen_section=&#8221;no&#8221; type=&#8221;full_width&#8221; angled_section=&#8221;no&#8221; text_align=&#8221;left&#8221; background_image_as_pattern=&#8221;without_pattern&#8221;][vc_column width=&#8221;1\/4&#8243;][vc_single_image image=&#8221;313&#8243; img_size=&#8221;medium&#8221; alignment=&#8221;center&#8221; qode_css_animation=&#8221;&#8221; transition_delay=&#8221;1&#8243;][\/vc_column][vc_column width=&#8221;3\/4&#8243;][vc_column_text]\u0160iuolaikini\u0173 didaktik\u0173 centras organizavo 12 Did\u017eiosios Britanijos \u0161vietimo institucij\u0173 darbuotoj\u0173 kvalifikacijos tobulinimo vizit\u0105. Pedagogai dom\u0117josi pilieti\u0161kumo ugdymu Lietuvos mokyklose, lank\u0117si ir steb\u0117jo ugdymo proces\u0105 Vilniaus Simono Daukanto vidurin\u0117je mokykloje, Vilniaus j\u0117zuit\u0173 gimnazijoje, Vilniaus Pilait\u0117s vidurin\u0117je mokykloje, Vaik\u0173 menin\u0117je studijoje &#8220;Diemedis&#8221;.<br \/>\nVizit\u0105 inicijavo ir r\u0117m\u0117 organizacija Specialist Schools and Academies Trust (SSAT, Did\u017eioji Britanija). [\/vc_column_text][\/vc_column][\/vc_row]<\/p>\n","protected":false},"excerpt":{"rendered":"<p>[vc_row css_animation=&#8221;&#8221; row_type=&#8221;row&#8221; use_row_as_full_screen_section=&#8221;no&#8221; type=&#8221;full_width&#8221; angled_section=&#8221;no&#8221; text_align=&#8221;left&#8221; background_image_as_pattern=&#8221;without_pattern&#8221;][vc_column][vc_row_inner row_type=&#8221;row&#8221; type=&#8221;full_width&#8221; text_align=&#8221;left&#8221; css_animation=&#8221;&#8221;][vc_column_inner][vc_column_text] Did\u017eiosios Britanijos pedagog\u0173 kvalifikacijos tobulinimo vizitas Lietuvoje 2008 m. vasario 11\u201315 d. [\/vc_column_text][\/vc_column_inner][\/vc_row_inner][\/vc_column][\/vc_row][vc_row css_animation=&#8221;&#8221; row_type=&#8221;row&#8221; use_row_as_full_screen_section=&#8221;no&#8221; type=&#8221;full_width&#8221; angled_section=&#8221;no&#8221; text_align=&#8221;left&#8221; background_image_as_pattern=&#8221;without_pattern&#8221;][vc_column width=&#8221;1\/4&#8243;][vc_single_image image=&#8221;313&#8243; img_size=&#8221;medium&#8221; alignment=&#8221;center&#8221; qode_css_animation=&#8221;&#8221; transition_delay=&#8221;1&#8243;][\/vc_column][vc_column width=&#8221;3\/4&#8243;][vc_column_text]\u0160iuolaikini\u0173 didaktik\u0173 centras organizavo 12 Did\u017eiosios Britanijos&#8230;<\/p>\n","protected":false},"author":1,"featured_media":0,"parent":179,"menu_order":0,"comment_status":"closed","ping_status":"closed","template":"","meta":{"footnotes":""},"class_list":["post-206","page","type-page","status-publish","hentry"],"acf":[],"aioseo_notices":[],"_links":{"self":[{"href":"https:\/\/sdcentras.lt\/en\/wp-json\/wp\/v2\/pages\/206","targetHints":{"allow":["GET"]}}],"collection":[{"href":"https:\/\/sdcentras.lt\/en\/wp-json\/wp\/v2\/pages"}],"about":[{"href":"https:\/\/sdcentras.lt\/en\/wp-json\/wp\/v2\/types\/page"}],"author":[{"embeddable":true,"href":"https:\/\/sdcentras.lt\/en\/wp-json\/wp\/v2\/users\/1"}],"replies":[{"embeddable":true,"href":"https:\/\/sdcentras.lt\/en\/wp-json\/wp\/v2\/comments?post=206"}],"version-history":[{"count":0,"href":"https:\/\/sdcentras.lt\/en\/wp-json\/wp\/v2\/pages\/206\/revisions"}],"up":[{"embeddable":true,"href":"https:\/\/sdcentras.lt\/en\/wp-json\/wp\/v2\/pages\/179"}],"wp:attachment":[{"href":"https:\/\/sdcentras.lt\/en\/wp-json\/wp\/v2\/media?parent=206"}],"curies":[{"name":"wp","href":"https:\/\/api.w.org\/{rel}","templated":true}]}}