{"id":188,"date":"2017-10-31T00:46:23","date_gmt":"2017-10-31T02:46:23","guid":{"rendered":"https:\/\/sdcentras.lt\/?page_id=188"},"modified":"2017-10-31T00:52:28","modified_gmt":"2017-10-31T02:52:28","slug":"didziosios-britanijos-pedagogu-kvalifikacijos-tobulinimo-vizitas-lietuvoje-2010-m-geguzes-17-21-d","status":"publish","type":"page","link":"https:\/\/sdcentras.lt\/en\/renginiai\/kvalifikacijos-tobulinimo-vizitai\/didziosios-britanijos-pedagogu-kvalifikacijos-tobulinimo-vizitas-lietuvoje-2010-m-geguzes-17-21-d\/","title":{"rendered":"Did\u017eiosios Britanijos pedagog\u0173 kvalifikacijos tobulinimo vizitas Lietuvoje 2010 m. gegu\u017e\u0117s 17-21 d."},"content":{"rendered":"<p>[vc_row css_animation=&#8221;&#8221; row_type=&#8221;row&#8221; use_row_as_full_screen_section=&#8221;no&#8221; type=&#8221;full_width&#8221; angled_section=&#8221;no&#8221; text_align=&#8221;left&#8221; background_image_as_pattern=&#8221;without_pattern&#8221;][vc_column][vc_row_inner row_type=&#8221;row&#8221; type=&#8221;full_width&#8221; text_align=&#8221;left&#8221; css_animation=&#8221;&#8221;][vc_column_inner][vc_column_text]<\/p>\n<h2>Did\u017eiosios Britanijos pedagog\u0173 kvalifikacijos tobulinimo vizitas Lietuvoje<\/h2>\n<p>2010 m. gegu\u017e\u0117s 17-21 d.<\/p>\n<p>[\/vc_column_text][\/vc_column_inner][\/vc_row_inner][\/vc_column][\/vc_row][vc_row css_animation=&#8221;&#8221; row_type=&#8221;row&#8221; use_row_as_full_screen_section=&#8221;no&#8221; type=&#8221;full_width&#8221; angled_section=&#8221;no&#8221; text_align=&#8221;left&#8221; background_image_as_pattern=&#8221;without_pattern&#8221;][vc_column width=&#8221;1\/4&#8243;][vc_single_image image=&#8221;92&#8243; img_size=&#8221;medium&#8221; add_caption=&#8221;yes&#8221; alignment=&#8221;center&#8221; qode_css_animation=&#8221;&#8221; transition_delay=&#8221;1&#8243;][\/vc_column][vc_column width=&#8221;3\/4&#8243;][vc_column_text] \t\t2010 m. gegu\u017e\u0117s 17-21 d. \u0160iuolaikini\u0173 didaktik\u0173 centras organizavo 8 Did\u017eiosios Britanijos \u0161vietimo institucij\u0173 darbuotoj\u0173 kvalifikacijos tobulinimo vizit\u0105 tema &#8220;Kiekvienas vaikas svarbus: mokyklos bendruomen\u0117s lyderyst\u0117&#8221;. Pedagogai susipa\u017eino su Lietuvos \u0161vietimo sistema, pristat\u0117 savo \u0161vietimo institucijas, lank\u0117si ir steb\u0117jo ugdymo proces\u0105 Vilniaus Simono Daukanto pagrindin\u0117je mokykloje, Vilniaus Vyt\u0117s Nemun\u0117lio pradin\u0117je mokykloje, Vaik\u0173 meninio ugdymo studijoje &#8220;Diemedis&#8221;, Vilniaus &#8220;Vyturio&#8221; pradin\u0117je mokykloje.<br \/>\nVizit\u0105 inicijavo ir r\u0117m\u0117 organizacija Specialist Schools and Academies Trust (SSAT, Did\u017eioji Britanija).  [\/vc_column_text][\/vc_column][\/vc_row][vc_row css_animation=&#8221;&#8221; row_type=&#8221;row&#8221; use_row_as_full_screen_section=&#8221;no&#8221; type=&#8221;full_width&#8221; angled_section=&#8221;no&#8221; text_align=&#8221;left&#8221; background_image_as_pattern=&#8221;without_pattern&#8221;][vc_column width=&#8221;1\/3&#8243;][vc_text_separator title=&#8221;Pla\u010diau&#8221; title_align=&#8221;separator_align_left&#8221; border=&#8221;no&#8221;]<span data-type=\"normal\"  class=\"qode_icon_shortcode  q_font_awsome_icon fa-2x pull-left \" style=\" \"><a  itemprop=\"url\" href=\"<a href=``https:\/\/sdcentras.lt\/wp-content\/uploads\/didziosios-britanijos-pedagogu-kvalifikacijos-tobulinimo-vizitas-lietuvoje-2010-vizito-ivertinimas.pdf``>Vizito \u012fvertinimas (EN)<\/a>\" target=\"_self\"><i class=\"qode_icon_font_awesome fa fa-file-pdf-o qode_icon_element\" style=\"color: #ff3a3a;\" ><\/i><\/a><\/span>[vc_raw_html]JTNDYSUyMGhyZWYlM0QlMjJodHRwcyUzQSUyRiUyRm1lZGlhei5sdCUyRnNkYyUyRndwLWNvbnRlbnQlMkZ1cGxvYWRzJTJGZGlkemlvc2lvcy1icml0YW5pam9zLXBlZGFnb2d1LWt2YWxpZmlrYWNpam9zLXRvYnVsaW5pbW8tdml6aXRhcy1saWV0dXZvamUtMjAxMC12aXppdG8taXZlcnRpbmltYXMucGRmJTIyJTNFVml6aXRvJTIwJUM0JUFGdmVydGluaW1hcyUzQyUyRmElM0U=[\/vc_raw_html][\/vc_column][vc_column width=&#8221;1\/3&#8243;][\/vc_column][vc_column width=&#8221;1\/3&#8243;][\/vc_column][\/vc_row]<\/p>\n","protected":false},"excerpt":{"rendered":"<p>[vc_row css_animation=&#8221;&#8221; row_type=&#8221;row&#8221; use_row_as_full_screen_section=&#8221;no&#8221; type=&#8221;full_width&#8221; angled_section=&#8221;no&#8221; text_align=&#8221;left&#8221; background_image_as_pattern=&#8221;without_pattern&#8221;][vc_column][vc_row_inner row_type=&#8221;row&#8221; type=&#8221;full_width&#8221; text_align=&#8221;left&#8221; css_animation=&#8221;&#8221;][vc_column_inner][vc_column_text] Did\u017eiosios Britanijos pedagog\u0173 kvalifikacijos tobulinimo vizitas Lietuvoje 2010 m. gegu\u017e\u0117s 17-21 d. [\/vc_column_text][\/vc_column_inner][\/vc_row_inner][\/vc_column][\/vc_row][vc_row css_animation=&#8221;&#8221; row_type=&#8221;row&#8221; use_row_as_full_screen_section=&#8221;no&#8221; type=&#8221;full_width&#8221; angled_section=&#8221;no&#8221; text_align=&#8221;left&#8221; background_image_as_pattern=&#8221;without_pattern&#8221;][vc_column width=&#8221;1\/4&#8243;][vc_single_image image=&#8221;92&#8243; img_size=&#8221;medium&#8221; add_caption=&#8221;yes&#8221; alignment=&#8221;center&#8221; qode_css_animation=&#8221;&#8221; transition_delay=&#8221;1&#8243;][\/vc_column][vc_column width=&#8221;3\/4&#8243;][vc_column_text] 2010 m. gegu\u017e\u0117s 17-21 d&#8230;.<\/p>\n","protected":false},"author":1,"featured_media":0,"parent":179,"menu_order":0,"comment_status":"closed","ping_status":"closed","template":"","meta":{"footnotes":""},"class_list":["post-188","page","type-page","status-publish","hentry"],"acf":[],"aioseo_notices":[],"_links":{"self":[{"href":"https:\/\/sdcentras.lt\/en\/wp-json\/wp\/v2\/pages\/188","targetHints":{"allow":["GET"]}}],"collection":[{"href":"https:\/\/sdcentras.lt\/en\/wp-json\/wp\/v2\/pages"}],"about":[{"href":"https:\/\/sdcentras.lt\/en\/wp-json\/wp\/v2\/types\/page"}],"author":[{"embeddable":true,"href":"https:\/\/sdcentras.lt\/en\/wp-json\/wp\/v2\/users\/1"}],"replies":[{"embeddable":true,"href":"https:\/\/sdcentras.lt\/en\/wp-json\/wp\/v2\/comments?post=188"}],"version-history":[{"count":0,"href":"https:\/\/sdcentras.lt\/en\/wp-json\/wp\/v2\/pages\/188\/revisions"}],"up":[{"embeddable":true,"href":"https:\/\/sdcentras.lt\/en\/wp-json\/wp\/v2\/pages\/179"}],"wp:attachment":[{"href":"https:\/\/sdcentras.lt\/en\/wp-json\/wp\/v2\/media?parent=188"}],"curies":[{"name":"wp","href":"https:\/\/api.w.org\/{rel}","templated":true}]}}