{"id":181,"date":"2017-10-31T00:34:58","date_gmt":"2017-10-31T02:34:58","guid":{"rendered":"https:\/\/sdcentras.lt\/?page_id=181"},"modified":"2017-11-06T08:28:07","modified_gmt":"2017-11-06T10:28:07","slug":"europos-komisijos-mokymosi-visa-gyvenima-programos-svietimo-ir-profesinio-rengimo-specialistu-pazintinis-vizitas-kurybiskumas-kokybiskam-ugdymui-creativity-for-quality-education","status":"publish","type":"page","link":"https:\/\/sdcentras.lt\/en\/renginiai\/kvalifikacijos-tobulinimo-vizitai\/europos-komisijos-mokymosi-visa-gyvenima-programos-svietimo-ir-profesinio-rengimo-specialistu-pazintinis-vizitas-kurybiskumas-kokybiskam-ugdymui-creativity-for-quality-education\/","title":{"rendered":"Europos Komisijos Mokymosi vis\u0105 gyvenim\u0105 programos \u0161vietimo ir profesinio rengimo specialist\u0173 pa\u017eintinis vizitas \u201eK\u016brybi\u0161kumas kokybi\u0161kam ugdymui&#8221; (Creativity for quality education)"},"content":{"rendered":"<p>[vc_row css_animation=&#8221;&#8221; row_type=&#8221;row&#8221; use_row_as_full_screen_section=&#8221;no&#8221; type=&#8221;full_width&#8221; angled_section=&#8221;no&#8221; text_align=&#8221;left&#8221; background_image_as_pattern=&#8221;without_pattern&#8221;][vc_column][vc_row_inner row_type=&#8221;row&#8221; type=&#8221;full_width&#8221; text_align=&#8221;left&#8221; css_animation=&#8221;&#8221;][vc_column_inner][vc_column_text]<\/p>\n<h2>Europos Komisijos Mokymosi vis\u0105 gyvenim\u0105 programos \u0161vietimo ir profesinio rengimo specialist\u0173 pa\u017eintinis vizitas \u201eK\u016brybi\u0161kumas kokybi\u0161kam ugdymui&#8221; (Creativity for quality education)<\/h2>\n<p>2013 m. spalio 7-11 d.<\/p>\n<p>[\/vc_column_text][\/vc_column_inner][\/vc_row_inner][\/vc_column][\/vc_row][vc_row css_animation=&#8221;&#8221; row_type=&#8221;row&#8221; use_row_as_full_screen_section=&#8221;no&#8221; type=&#8221;full_width&#8221; angled_section=&#8221;no&#8221; text_align=&#8221;left&#8221; background_image_as_pattern=&#8221;without_pattern&#8221;][vc_column width=&#8221;1\/4&#8243;][vc_single_image image=&#8221;327&#8243; img_size=&#8221;medium&#8221; alignment=&#8221;center&#8221; qode_css_animation=&#8221;&#8221; transition_delay=&#8221;1&#8243;][\/vc_column][vc_column width=&#8221;3\/4&#8243;][vc_column_text] 2013 m. spalio 7-11 d. \u0160iuolaikini\u0173 didaktik\u0173 centras organizuoja Europos Komisijos Mokymosi vis\u0105 gyvenim\u0105 programos \u0161vietimo ir profesinio rengimo specialist\u0173 pa\u017eintin\u012f vizit\u0105 Lietuvoje tema \u201eK\u016brybi\u0161kumas kokybi\u0161kam ugdymui&#8221; (Creativity for quality education). Vizito tema \u2013 k\u016brybi\u0161kumo skatinimas mokyme ir ugdyme. Tikslas \u2013 supa\u017eindinti dalyvius su k\u016brybi\u0161kumo ugdymo strategija Lietuvoje, vykdomais nacionaliniais k\u016brybi\u0161kumo ugdymo projektais, bei Lietuvos mokykl\u0173 iniciatyvomis ir patirtimi, taikant k\u016brybi\u0161kumo ugdymo metodus formaliame ir neformaliame \u0161vietime. \u012e Lietuv\u0105 atvyks 13 \u0161vietimo specialist\u0173 i\u0161 Belgijos, Did\u017eiosios Britanijos, Ispanijos, Italijos, Pranc\u016bzijos, Rumunijos, Turkijos, Vokietijos. [\/vc_column_text][\/vc_column][\/vc_row][vc_row css_animation=&#8221;&#8221; row_type=&#8221;row&#8221; use_row_as_full_screen_section=&#8221;no&#8221; type=&#8221;full_width&#8221; angled_section=&#8221;no&#8221; text_align=&#8221;left&#8221; background_image_as_pattern=&#8221;without_pattern&#8221;][vc_column width=&#8221;1\/3&#8243;][vc_text_separator title=&#8221;Pla\u010diau&#8221; title_align=&#8221;separator_align_left&#8221; border=&#8221;no&#8221;]<span data-type=\"normal\"  class=\"qode_icon_shortcode  q_font_awsome_icon fa-2x pull-left \" style=\" \"><i class=\"qode_icon_font_awesome fa fa-hand-o-right qode_icon_element\" style=\"color: #ff3a3a;\" ><\/i><\/span>[vc_raw_html]JTNDYSUyMGhyZWYlM0QlMjJodHRwJTNBJTJGJTJGc2RjZW50cmFzLmx0JTJGY3JlYXRpdml0eXZpc2l0MjAxMyUyRmluZGV4Lmh0bSUyMiUzRVBsYSVDNCU4RGlhdSUyMGFwaWUlMjB2aXppdCVDNCU4NSUzQyUyRmElM0U=[\/vc_raw_html][\/vc_column][vc_column width=&#8221;1\/3&#8243;][\/vc_column][vc_column width=&#8221;1\/3&#8243;][\/vc_column][\/vc_row]<\/p>\n","protected":false},"excerpt":{"rendered":"<p>[vc_row css_animation=&#8221;&#8221; row_type=&#8221;row&#8221; use_row_as_full_screen_section=&#8221;no&#8221; type=&#8221;full_width&#8221; angled_section=&#8221;no&#8221; text_align=&#8221;left&#8221; background_image_as_pattern=&#8221;without_pattern&#8221;][vc_column][vc_row_inner row_type=&#8221;row&#8221; type=&#8221;full_width&#8221; text_align=&#8221;left&#8221; css_animation=&#8221;&#8221;][vc_column_inner][vc_column_text] Europos Komisijos Mokymosi vis\u0105 gyvenim\u0105 programos \u0161vietimo ir profesinio rengimo specialist\u0173 pa\u017eintinis vizitas \u201eK\u016brybi\u0161kumas kokybi\u0161kam ugdymui&#8221; (Creativity for quality education) 2013 m. spalio 7-11 d. [\/vc_column_text][\/vc_column_inner][\/vc_row_inner][\/vc_column][\/vc_row][vc_row css_animation=&#8221;&#8221; row_type=&#8221;row&#8221; use_row_as_full_screen_section=&#8221;no&#8221; type=&#8221;full_width&#8221; angled_section=&#8221;no&#8221; text_align=&#8221;left&#8221; background_image_as_pattern=&#8221;without_pattern&#8221;][vc_column&#8230;<\/p>\n","protected":false},"author":1,"featured_media":0,"parent":179,"menu_order":0,"comment_status":"closed","ping_status":"closed","template":"","meta":{"footnotes":""},"class_list":["post-181","page","type-page","status-publish","hentry"],"acf":[],"aioseo_notices":[],"_links":{"self":[{"href":"https:\/\/sdcentras.lt\/en\/wp-json\/wp\/v2\/pages\/181","targetHints":{"allow":["GET"]}}],"collection":[{"href":"https:\/\/sdcentras.lt\/en\/wp-json\/wp\/v2\/pages"}],"about":[{"href":"https:\/\/sdcentras.lt\/en\/wp-json\/wp\/v2\/types\/page"}],"author":[{"embeddable":true,"href":"https:\/\/sdcentras.lt\/en\/wp-json\/wp\/v2\/users\/1"}],"replies":[{"embeddable":true,"href":"https:\/\/sdcentras.lt\/en\/wp-json\/wp\/v2\/comments?post=181"}],"version-history":[{"count":1,"href":"https:\/\/sdcentras.lt\/en\/wp-json\/wp\/v2\/pages\/181\/revisions"}],"predecessor-version":[{"id":11899,"href":"https:\/\/sdcentras.lt\/en\/wp-json\/wp\/v2\/pages\/181\/revisions\/11899"}],"up":[{"embeddable":true,"href":"https:\/\/sdcentras.lt\/en\/wp-json\/wp\/v2\/pages\/179"}],"wp:attachment":[{"href":"https:\/\/sdcentras.lt\/en\/wp-json\/wp\/v2\/media?parent=181"}],"curies":[{"name":"wp","href":"https:\/\/api.w.org\/{rel}","templated":true}]}}