{"id":16014,"date":"2026-05-08T18:25:56","date_gmt":"2026-05-08T16:25:56","guid":{"rendered":"https:\/\/sdcentras.lt\/projects\/a-c-c-e-s-s-active-cross-sectoral-cooperation-for-educational-and-social-success\/"},"modified":"2026-05-08T20:01:02","modified_gmt":"2026-05-08T18:01:02","slug":"a-c-c-e-s-s-active-cross-sectoral-cooperation-for-educational-and-social-success","status":"publish","type":"page","link":"https:\/\/sdcentras.lt\/en\/projects\/a-c-c-e-s-s-active-cross-sectoral-cooperation-for-educational-and-social-success\/","title":{"rendered":"A.C.C.E.S.S. \u2013 Active Cross-sectoral Cooperation for Educational and Social Success"},"content":{"rendered":"<p>[vc_row css_animation=&#8221;&#8221; row_type=&#8221;row&#8221; use_row_as_full_screen_section=&#8221;yes&#8221; type=&#8221;full_width&#8221; angled_section=&#8221;no&#8221; text_align=&#8221;left&#8221; background_image_as_pattern=&#8221;without_pattern&#8221; background_color=&#8221;#f7f7f7&#8243; z_index=&#8221;&#8221;][vc_column][vc_empty_space][vc_empty_space][vc_empty_space][vc_column_text]<\/p>\n<h2 style=\"text-align: center;\">A.C.C.E.S.S. \u2013 Active Cross-sectoral Cooperation for Educational and Social Success<\/h2>\n<p>[\/vc_column_text][vc_empty_space][vc_empty_space][\/vc_column][\/vc_row][vc_row css_animation=&#8221;&#8221; row_type=&#8221;row&#8221; use_row_as_full_screen_section=&#8221;yes&#8221; type=&#8221;grid&#8221; angled_section=&#8221;no&#8221; text_align=&#8221;left&#8221; background_image_as_pattern=&#8221;without_pattern&#8221; z_index=&#8221;&#8221;][vc_column width=&#8221;1\/2&#8243;][vc_empty_space][vc_single_image image=&#8221;4374&#8243; img_size=&#8221;large&#8221; qode_css_animation=&#8221;&#8221;][vc_empty_space][vc_column_text]<strong>Project No.<\/strong> <a href=\"https:\/\/erasmus-plus.ec.europa.eu\/projects\/search\/?page=1&amp;sort=&amp;domain=eplus2021&amp;view=list&amp;map=false&amp;keyword=2018-1-IT02-KA201-048481&amp;searchType=projects\" target=\"_blank\" rel=\"noopener\">2018-1-IT02-KA201-048481<\/a><\/p>\n<p><strong>Projec dration:<\/strong> 1 October 2018\u20133 September 2021<\/p>\n<p><strong>Project co-funder:<\/strong> EU program Erasmus+<\/p>\n<p><strong>Project cordinator:<\/strong> <a href=\"http:\/\/www.ilmiofuturo.it\/\" target=\"_blank\" rel=\"noopener\">ILMIOFUTURO (Italy)<\/a><\/p>\n<p><strong>Project partners:<\/strong><\/p>\n<p><a href=\"https:\/\/www.iiscrocetticerulli.edu.it\/\" target=\"_blank\" rel=\"noopener\">Istituto d\u2019istruzione Superiore \u201cV. Crocetti \u2013 V. Cerulli\u201d (Italy)<\/a><\/p>\n<p><a href=\"www.psientifica.org\" target=\"_blank\" rel=\"noopener\">Psient\u00edfica (Portugal)<\/a><\/p>\n<p><a href=\"https:\/\/www.esmcastilho.pt\/\" target=\"_blank\" rel=\"noopener\">Agrupamento de Escolas de \u00c1gueda Sul (Portugal)<\/a><\/p>\n<p><a href=\"https:\/\/www.valahia.ro\/ro\/\">Universitatea Valahia Targoviste (Romania)<\/a><\/p>\n<p><a href=\"http:\/\/pjliceulracari.ro\/\" target=\"_blank\" rel=\"noopener\">Theoretical High School \u201dIon Ghica\u201d R\u0103cari (Romania)<\/a><\/p>\n<p><a href=\"http:\/\/www.sniadeckio.salcininkai.lm.lt\" target=\"_blank\" rel=\"noopener\">\u0160al\u010dininkai Janos Sniadeckis Gymnasium (Lithuania)<\/a><\/p>\n<p>Modern Didactics Centre (Lithuania)[\/vc_column_text][vc_empty_space][\/vc_column][vc_column width=&#8221;1\/2&#8243;][vc_empty_space][vc_single_image image=&#8221;15992&#8243; img_size=&#8221;large&#8221; qode_css_animation=&#8221;&#8221;][vc_column_text]<\/p>\n<p style=\"text-align: right;\">Project team<\/p>\n<p>[\/vc_column_text]<span class='q_social_icon_holder circle_social' ><a itemprop='url' href='https:\/\/www.facebook.com\/ACCESS_Erasmus-2023635214391675\/' target='_blank'><span class='fa-stack fa-lg' style=''><span aria-hidden=\"true\" class=\"qode_icon_font_elegant social_facebook \" style=\"\" ><\/span><\/span><\/a><\/span><span class='q_social_icon_holder circle_social' ><a itemprop='url' href='https:\/\/www.linkedin.com\/in\/access-erasmus-7768a9175' target='_blank'><span class='fa-stack fa-lg' style='margin: right;'><i class=\"qode_icon_font_awesome fa fa-linkedin \" style=\"\" ><\/i><\/span><\/a><\/span><span class='q_social_icon_holder circle_social' ><a itemprop='url' href='http:\/\/projectaccess.eu\/' target='_blank'><span class='fa-stack fa-lg' style=''><span aria-hidden=\"true\" class=\"qode_icon_font_elegant social_wordpress \" style=\"\" ><\/span><\/span><\/a><\/span>[\/vc_column][\/vc_row][vc_row css_animation=&#8221;&#8221; row_type=&#8221;row&#8221; use_row_as_full_screen_section=&#8221;yes&#8221; type=&#8221;grid&#8221; angled_section=&#8221;no&#8221; text_align=&#8221;left&#8221; background_image_as_pattern=&#8221;without_pattern&#8221;][vc_column][vc_empty_space][vc_column_text]<\/p>\n<h6>PROJECT RELEVANCE<\/h6>\n<p>[\/vc_column_text][vc_separator type=&#8221;normal&#8221;][vc_column_text]<\/p>\n<p data-path-to-node=\"0\">\u0160tai teksto vertimas \u012f angl\u0173 kalb\u0105:<\/p>\n<p data-path-to-node=\"1\">One of the goals of the Europe 2020 strategy is to reduce the number of early school leavers from 14.4% in 2009 to less than 10% by 2020. The latest research report (NESET II, Publications Office of the European Union, 2017), which reviews documents from the Thematic Working Group on Early School Leaving (2011\u20132013) and the ET2020 Working Group on Schools Policy (2015), establishes 10 principles for reducing early school leaving. These include: the application of appropriate preventive measures, a holistic approach, the development of strengths, interdisciplinarity, and collaboration among various specialists to meet the complex needs of students.<\/p>\n<p data-path-to-node=\"2\">Significant attention is given to preventive measures intended for everyone, i.e., not just for students in risk groups. There are several school-related factors that influence early school leaving: the school climate, which includes, for example, conflicts with teachers; poor academic performance; lack of motivation; and students&#8217; perception that methods and curricula are uninspiring and unnecessary.<\/p>\n<p data-path-to-node=\"3\">Research indicates that secondary education does not sufficiently meet students&#8217; needs. However, educational curricula play a vital role in engaging young people in learning. Therefore, a challenge arises: to offer young people stimulating and interesting ways of learning so that they are motivated to study and obtain a secondary education.<\/p>\n<p data-path-to-node=\"4\">It is also important to consider the specifics of the younger generation, which lead to:<\/p>\n<ul>\n<li data-path-to-node=\"5,0,0\">A changed attitude toward learning, where learning occurs through challenges and a &#8220;trial and error&#8221; approach, which is considered an effective form of personal growth and expansion of existing skills.<\/li>\n<li data-path-to-node=\"5,1,0\">A shift in the younger generation&#8217;s culture due to the digital age, where it is no longer enough to simply adapt conventional teaching\u2014it must be fundamentally transformed.<\/li>\n<li data-path-to-node=\"5,2,0\">The changing needs of new-generation students: the increased importance of teacher competencies, the need for more diverse teaching methods, greater individualization of learning, and more flexible learning tasks.<\/li>\n<\/ul>\n<p>[\/vc_column_text][vc_empty_space][vc_column_text]<\/p>\n<h6>PROJECT AIM<\/h6>\n<p>[\/vc_column_text][vc_separator type=&#8221;normal&#8221;][vc_column_text]To address the problem of early school leaving caused by school-related factors. The issue is tackled through preventive and early intervention measures, enhancing the quality and innovation of pedagogical activities, improving teacher competencies, and creating a positive learning environment. [\/vc_column_text][vc_empty_space][vc_column_text]<\/p>\n<h6>PROJECT OBJECTIVES<\/h6>\n<p>[\/vc_column_text][vc_separator type=&#8221;normal&#8221;][vc_column_text]<\/p>\n<p>1.To increase knowledge and understanding of the causes leading to early school leaving.<\/p>\n<p data-path-to-node=\"1,0,0\">2. To structure a periodic monitoring process designed to identify and provide preventive support in a timely manner to students at risk of early school leaving.<\/p>\n<p data-path-to-node=\"1,0,0\">3. To improve teachers&#8217; skills in 3 areas:<\/p>\n<ul>\n<li>Monitoring and Support: Providing timely assistance and identifying risks.<\/li>\n<li>Communication and Relationships: Facilitating emotional and social learning by creating a suitable classroom microclimate; establishing a motivating learning environment that encourages participation and collaboration; practicing empathy and conflict management.<\/li>\n<li>Management and Teaching: Utilizing instructional methods to foster critical thinking and creativity; learning and integrating non-formal education methods during lessons; acquiring tools for systematic reflection and evaluation of one&#8217;s own teaching practice and its impact on students.<\/li>\n<\/ul>\n<ul>\n<li style=\"list-style-type: none;\"><\/li>\n<\/ul>\n<p>4. To strengthen cross-sectoral territorial cooperation between schools and external institutions, taking into account the specific situation of each country.<\/p>\n<p>5. To create an international learning community across various fields of education.<\/p>\n<p>[\/vc_column_text][vc_empty_space][vc_column_text]<\/p>\n<h6>PROJECT TARGET GROUPS<\/h6>\n<p>[\/vc_column_text][vc_separator type=&#8221;normal&#8221;][vc_column_text]The project is intended for teachers and school support specialists (social educators, psychologists, career counselors, etc.). The indirect target group of the project is students.[\/vc_column_text][vc_empty_space][vc_column_text]<\/p>\n<h6>PROJECT INTELLECTUAL OUTPUTS<\/h6>\n<p>[\/vc_column_text][vc_separator type=&#8221;normal&#8221;][\/vc_column][\/vc_row][vc_row css_animation=&#8221;&#8221; row_type=&#8221;row&#8221; use_row_as_full_screen_section=&#8221;yes&#8221; type=&#8221;grid&#8221; angled_section=&#8221;no&#8221; text_align=&#8221;left&#8221; background_image_as_pattern=&#8221;without_pattern&#8221;][vc_column width=&#8221;1\/4&#8243;][vc_empty_space][vc_single_image image=&#8221;16062&#8243; img_size=&#8221;medium&#8221; style=&#8221;vc_box_shadow&#8221; qode_css_animation=&#8221;&#8221;][\/vc_column][vc_column width=&#8221;3\/4&#8243;][vc_empty_space][vc_column_text]<strong>Theoretical and Typological Model Regarding the Target Groups at Risk of Early School Leaving (2020)<\/strong><\/p>\n<p>&nbsp;<\/p>\n<p>This publication presents a comprehensive theoretical and typological model designed to identify and support students at risk of early school leaving (ESL) across Italy, Portugal, Romania, and Lithuania. It integrates comparative quantitative and qualitative research findings to categorize specific risk factors and student profiles, providing teachers with a structured framework for early detection. By offering evidence-based insights into the socio-psychological and institutional drivers of school dropout, the document serves as a practical guide for developing targeted intervention strategies and fostering a more inclusive educational environment.<\/p>\n<p><strong>Download <\/strong><a href=\"https:\/\/sdcentras.lt\/wp-content\/uploads\/ACCESS-IO1-Theoretical-and-typological-model-EN.pdf\" target=\"_blank\" rel=\"noopener\">EN<\/a>, <a href=\"https:\/\/sdcentras.lt\/wp-content\/uploads\/IO1-Situacijomis-ir-asmenine-patirtimi-paremtas-teorinis-ir-tipologinis-modelis-taikomas-tikslin%C4%97ms-grup%C4%97ms-kurios-patiria-ankstyvo-i%C5%A1kritimo-i%C5%A1-mokyklos-rizik%C4%85.pdf\" target=\"_blank\" rel=\"noopener\">LT<\/a>, <a href=\"https:\/\/sdcentras.lt\/wp-content\/uploads\/ACCESS-IO1-Theoretical-and-typological-model-IT.pdf\" target=\"_blank\" rel=\"noopener\">IT<\/a>, <a href=\"https:\/\/sdcentras.lt\/wp-content\/uploads\/ACCESS-IO1-Theoretical-and-typological-model-PT.pdf\" target=\"_blank\" rel=\"noopener\">PT<\/a>, <a href=\"https:\/\/sdcentras.lt\/wp-content\/uploads\/ACCESS-IO1-Theoretical-and-typological-model-RO.pdf\" target=\"_blank\" rel=\"noopener\">RO<\/a>[\/vc_column_text][vc_empty_space][\/vc_column][\/vc_row][vc_row css_animation=&#8221;&#8221; row_type=&#8221;row&#8221; use_row_as_full_screen_section=&#8221;yes&#8221; type=&#8221;grid&#8221; angled_section=&#8221;no&#8221; text_align=&#8221;left&#8221; background_image_as_pattern=&#8221;without_pattern&#8221;][vc_column width=&#8221;1\/4&#8243;][vc_empty_space][vc_single_image image=&#8221;16060&#8243; img_size=&#8221;medium&#8221; style=&#8221;vc_box_shadow&#8221; qode_css_animation=&#8221;&#8221;][\/vc_column][vc_column width=&#8221;3\/4&#8243;][vc_empty_space][vc_column_text]<strong>A.C.C.E.S.S. System of Monitoring and Preventive Support Against Early School Leaving (2020)<\/strong><\/p>\n<p>&nbsp;<\/p>\n<p data-path-to-node=\"1\">The Early School Leaving Monitoring and Preventive Support System is a tool that allows schools to detect at-risk students at the earliest stage and prevent dropout. The system facilitates continuous monitoring of students using a clear set of indicators, enables timely assessment of risky behavior, and helps implement targeted support programs for the student.<\/p>\n<p data-path-to-node=\"2\">A specialized application has been developed for the monitoring process, which allows for data collection and, based on defined indicators and risk thresholds, provides information regarding a specific student&#8217;s risk of early school leaving. Within the app, each student is assigned early school leaving risk indicators, which are linked to various behavioral descriptions. The teacher monitors student behavior and enters the data into the application. When a student&#8217;s behavior reaches a risk threshold, it serves as a signal to initiate the intervention program and support steps.<\/p>\n<p><strong>Download\u00a0<\/strong><a href=\"https:\/\/sdcentras.lt\/wp-content\/uploads\/IO2-MONITORING-PREVENTIVE-SUPPORT-SYSTEM-against-ESL.pdf\" target=\"_blank\" rel=\"noopener\">EN<\/a>, <a href=\"https:\/\/sdcentras.lt\/wp-content\/uploads\/IO2-A.C.C.E.S.S-steb%C4%97senos-ir-prevencin%C4%97s-pagalbos-sistema-padedanti-i%C5%A1vengti-ankstyvo-i%C5%A1kritimo-i%C5%A1-mokyklos-.docx.pdf\" target=\"_blank\" rel=\"noopener\">LT<\/a>, <a href=\"https:\/\/sdcentras.lt\/wp-content\/uploads\/ACCESS-IO2-Monitoring-system-IT.pdf\" target=\"_blank\" rel=\"noopener\">IT<\/a>, <a href=\"https:\/\/sdcentras.lt\/wp-content\/uploads\/ACCESS-IO2-Monitoring-system-PT.pdf\" target=\"_blank\" rel=\"noopener\">PT<\/a>, <a href=\"https:\/\/sdcentras.lt\/wp-content\/uploads\/ACCESS-IO2-Monitoring-system-RO.pdf\" target=\"_blank\" rel=\"noopener\">RO<\/a><\/p>\n<p><a href=\"https:\/\/sdcentras.lt\/wp-content\/uploads\/AccessWS.zip\">Risk Factor Monitoring App (LT, EN, IT, RO, PT)<\/a>[\/vc_column_text][vc_empty_space][\/vc_column][\/vc_row][vc_row css_animation=&#8221;&#8221; row_type=&#8221;row&#8221; use_row_as_full_screen_section=&#8221;yes&#8221; type=&#8221;grid&#8221; angled_section=&#8221;no&#8221; text_align=&#8221;left&#8221; background_image_as_pattern=&#8221;without_pattern&#8221;][vc_column width=&#8221;1\/4&#8243;][vc_empty_space][vc_single_image image=&#8221;16064&#8243; img_size=&#8221;medium&#8221; style=&#8221;vc_box_shadow&#8221; qode_css_animation=&#8221;&#8221;][\/vc_column][vc_column width=&#8221;3\/4&#8243;][vc_empty_space][vc_column_text]<strong>A.C.C.E.S.S. Toolkit: Supportive Teaching and Assessment Strategies (2020) <\/strong><\/p>\n<p>&nbsp;<\/p>\n<p>The toolkit presents teaching strategies that facilitate the creation of a supportive and positive learning environment aimed at preventing early school leaving. The proposed strategies integrate different teaching methods that are closely related at a conceptual level but are not yet common in schools. These strategies include: educational methods focused on developing teachers&#8217; communication skills to ensure students&#8217; social-emotional and relational well-being; educational methods focused on fostering critical thinking to increase the value and appeal of the curriculum; and non-formal education methods.<\/p>\n<p><strong>Download <\/strong><a href=\"https:\/\/sdcentras.lt\/wp-content\/uploads\/IO3-SUPPORTIVE-TEACHING-ASSESSMENT-STRATEGIES.-Toolkit.pdf\" target=\"_blank\" rel=\"noopener\">EN<\/a>, <a href=\"https:\/\/sdcentras.lt\/wp-content\/uploads\/LT_IO3-A.C.C.E.S.S.-PRIEMONI%C5%B2-RINKINYS_Pagalbin%C4%97s-mokymo-ir-vertinimo-strategijos.pdf\" target=\"_blank\" rel=\"noopener\">LT<\/a>, <a href=\"https:\/\/sdcentras.lt\/wp-content\/uploads\/ACCESS-IO3-Toolkit-IT.pdf\" target=\"_blank\" rel=\"noopener\">IT<\/a>, <a href=\"https:\/\/sdcentras.lt\/wp-content\/uploads\/ACCESS-IO3-Toolkit-PT.pdf\" target=\"_blank\" rel=\"noopener\">PT<\/a>, <a href=\"https:\/\/sdcentras.lt\/wp-content\/uploads\/ACCESS-IO3-Toolkit-RO.pdf\" target=\"_blank\" rel=\"noopener\">RO<\/a>[\/vc_column_text][vc_empty_space][\/vc_column][\/vc_row][vc_row css_animation=&#8221;&#8221; row_type=&#8221;row&#8221; use_row_as_full_screen_section=&#8221;yes&#8221; type=&#8221;grid&#8221; angled_section=&#8221;no&#8221; text_align=&#8221;left&#8221; background_image_as_pattern=&#8221;without_pattern&#8221;][vc_column][vc_empty_space][vc_column_text]<\/p>\n<h6>PROJECT RESULTS<\/h6>\n<p>[\/vc_column_text][vc_separator type=&#8221;normal&#8221;][vc_column_text]<\/p>\n<p data-path-to-node=\"1\">The project brought together 8 partner institutions (NGOs, general education schools, and higher education institutions) from 4 countries (Italy, Portugal, Romania, and Lithuania).<\/p>\n<p data-path-to-node=\"2\">Three intellectual outputs were developed:<\/p>\n<ul>\n<li data-path-to-node=\"3,0,0\">A quantitative and qualitative study of the factors contributing to early school leaving from the general education system was conducted (surveying teachers and students, with a total of 1,371 participants).<\/li>\n<li data-path-to-node=\"3,1,0\">273 students from 13 classes participated in the pilot testing of the early school leaving monitoring and preventive support system, assisted by 18 mentors.<\/li>\n<li data-path-to-node=\"3,2,0\">Over 372 participants attended the final information events.<\/li>\n<\/ul>\n<p data-path-to-node=\"4\">The project contributed to addressing the issue of early school leaving by applying an integrated approach to the problem. It improved teachers&#8217; skills in creating a positive classroom microclimate and a motivating, participation-oriented, and collaborative learning environment. Furthermore, it proposed a practically implementable early school leaving monitoring and preventive support system.<\/p>\n<p>[\/vc_column_text][vc_empty_space][vc_column_text]<\/p>\n<h6>PROJEKTO SKLAIDA<\/h6>\n<p>[\/vc_column_text][vc_separator type=&#8221;normal&#8221;][vc_row_inner row_type=&#8221;row&#8221; type=&#8221;full_width&#8221; text_align=&#8221;left&#8221; css_animation=&#8221;&#8221;][vc_column_inner width=&#8221;1\/3&#8243;][vc_column_text]<a href=\"https:\/\/sdcentras.lt\/wp-content\/uploads\/ACCESS-NewsLetter-1.pdf\" target=\"_blank\" rel=\"noopener\">Newsletter No. 1<\/a><\/p>\n<p><a href=\"https:\/\/sdcentras.lt\/wp-content\/uploads\/ACCESS-Newsletter-2.pdf\" target=\"_blank\" rel=\"noopener\">Newsletter No. 2<\/a><\/p>\n<p><a href=\"https:\/\/sdcentras.lt\/wp-content\/uploads\/ACCESS-newsletter-3.pdf\" target=\"_blank\" rel=\"noopener\">Newsletter No. 3<\/a>[\/vc_column_text][\/vc_column_inner][vc_column_inner width=&#8221;1\/3&#8243;][vc_column_text]<a href=\"https:\/\/sdcentras.lt\/wp-content\/uploads\/ACCESS-Newsletter-4.pdf\" target=\"_blank\" rel=\"noopener\">Newsletter No. 4<\/a><\/p>\n<p><a href=\"https:\/\/sdcentras.lt\/wp-content\/uploads\/ACCESS-Newsletter-5.pdf\" target=\"_blank\" rel=\"noopener\">Newsletter No. 5<\/a><\/p>\n<p><a href=\"https:\/\/sdcentras.lt\/wp-content\/uploads\/ACCESS-Newsletter-6.pdf\" target=\"_blank\" rel=\"noopener\">Newsletter No. 6<\/a>[\/vc_column_text][\/vc_column_inner][vc_column_inner width=&#8221;1\/3&#8243;][vc_column_text]<a href=\"https:\/\/sdcentras.lt\/wp-content\/uploads\/ACCESS-Newsletter-7.pdf\" target=\"_blank\" rel=\"noopener\">Newsletter No.\u00a07<\/a><\/p>\n<p>Newsletter No. 8<\/p>\n<p>Newsletter No. 9[\/vc_column_text][\/vc_column_inner][\/vc_row_inner][\/vc_column][\/vc_row][vc_row css_animation=&#8221;&#8221; row_type=&#8221;row&#8221; use_row_as_full_screen_section=&#8221;no&#8221; type=&#8221;grid&#8221; angled_section=&#8221;no&#8221; text_align=&#8221;left&#8221; background_image_as_pattern=&#8221;without_pattern&#8221;][vc_column][vc_empty_space][vc_empty_space][vc_text_separator title=&#8221;Participants feedback&#8221; border=&#8221;no&#8221; el_class=&#8221;H4&#8243;][vc_row_inner row_type=&#8221;row&#8221; type=&#8221;full_width&#8221; text_align=&#8221;left&#8221; css_animation=&#8221;&#8221;][vc_column_inner width=&#8221;1\/3&#8243;][vc_column_text]<img loading=\"lazy\" decoding=\"async\" class=\"alignnone size-full wp-image-2636\" src=\"https:\/\/sdcentras.lt\/wp-content\/uploads\/quote-mark-e1535562416335.jpg\" alt=\"\" width=\"30\" height=\"27\" \/><span style=\"color: #339966;\"><em><span id=\"result_box\" class=\"\" lang=\"lt\"> As a mentor, I hoped to identify at-risk students at an early stage, learn to understand the root causes of their problems, and reduce the risk factors for early school leaving. Being a mentor was quite challenging, as it required presenting the student with several possible solutions to their problems. Furthermore, some students found it difficult to articulate their issues and choose the best course of action. To me, a mentor is someone who opens doors to new opportunities for a student. What was very important is that the teachers participating in the project established a close collaboration. Being a mentor gave me a sense of self-confidence.<\/span><\/em><\/span>[\/vc_column_text][\/vc_column_inner][vc_column_inner width=&#8221;1\/3&#8243;][vc_column_text]<img loading=\"lazy\" decoding=\"async\" class=\"alignnone size-full wp-image-2636\" src=\"https:\/\/sdcentras.lt\/wp-content\/uploads\/quote-mark-e1535562416335.jpg\" alt=\"\" width=\"30\" height=\"27\" \/><span style=\"color: #339966;\"><em><span id=\"result_box\" class=\"\" lang=\"lt\"> When the mentor invited me to participate in the project, I was quite skeptical. Throughout ten years of school, I got used to teachers teaching, making demands, and giving grades, and suddenly \u2013 a mentor offered me help. At first, I didn&#8217;t understand why I was having difficulties and why I no longer wanted to study. Furthermore, it was hard for me to talk to the mentor about my personal life. Later, I got used to our meetings, and they helped me realize that I actually want to learn, I was just afraid of failing. We tried several ways to deal with my problems. The mentor helped me improve my relationships with the teachers. I realized that it is better to stay in school and obtain a secondary education than to leave and go to work. Thank you for changing my life.<\/span><\/em><\/span>[\/vc_column_text][\/vc_column_inner][vc_column_inner width=&#8221;1\/3&#8243;][vc_column_text]<img loading=\"lazy\" decoding=\"async\" class=\"alignnone size-full wp-image-2636\" src=\"https:\/\/sdcentras.lt\/wp-content\/uploads\/quote-mark-e1535562416335.jpg\" alt=\"\" width=\"30\" height=\"27\" \/><span style=\"color: #339966;\"><em><span id=\"result_box\" class=\"\" lang=\"lt\"> As a mentor, I hoped to learn how to address the issue of early school leaving. Additionally, I was interested in the tools and measures needed to work with students facing difficulties. During the pilot testing, I experienced a wide range of emotions \u2013 from inspiration and happiness at the beginning, to fatigue and helplessness during remote learning, and finally, gratitude and joy at the end of the school year when my students successfully completed their studies<span class=\"\">.<\/span><\/span><\/em><\/span>[\/vc_column_text][\/vc_column_inner][\/vc_row_inner][\/vc_column][\/vc_row][vc_row css_animation=&#8221;&#8221; row_type=&#8221;row&#8221; use_row_as_full_screen_section=&#8221;no&#8221; type=&#8221;grid&#8221; angled_section=&#8221;no&#8221; text_align=&#8221;left&#8221; background_image_as_pattern=&#8221;without_pattern&#8221; z_index=&#8221;&#8221; background_color=&#8221;#f7f7f7&#8243;][vc_column width=&#8221;1\/4&#8243;][vc_empty_space][vc_empty_space][vc_single_image image=&#8221;12610&#8243; img_size=&#8221;medium&#8221; qode_css_animation=&#8221;&#8221;][vc_empty_space][vc_empty_space][\/vc_column][vc_column width=&#8221;3\/4&#8243;][vc_empty_space][vc_empty_space][vc_column_text]<\/p>\n<p>Funded by the European Union. Views and opinions expressed are however those of the author(s) only and do not necessarily reflect those of the European Union or the National Agency. Neither the European Union nor National Agency can be held responsible for them.<\/p>\n<p>[\/vc_column_text][vc_empty_space][vc_empty_space][\/vc_column][\/vc_row]<\/p>\n","protected":false},"excerpt":{"rendered":"<p>[vc_row css_animation=&#8221;&#8221; row_type=&#8221;row&#8221; use_row_as_full_screen_section=&#8221;yes&#8221; type=&#8221;full_width&#8221; angled_section=&#8221;no&#8221; text_align=&#8221;left&#8221; background_image_as_pattern=&#8221;without_pattern&#8221; background_color=&#8221;#f7f7f7&#8243; z_index=&#8221;&#8221;][vc_column][vc_empty_space][vc_empty_space][vc_empty_space][vc_column_text] A.C.C.E.S.S. \u2013 Active Cross-sectoral Cooperation for Educational and Social Success [\/vc_column_text][vc_empty_space][vc_empty_space][\/vc_column][\/vc_row][vc_row css_animation=&#8221;&#8221; row_type=&#8221;row&#8221; use_row_as_full_screen_section=&#8221;yes&#8221; type=&#8221;grid&#8221; angled_section=&#8221;no&#8221; text_align=&#8221;left&#8221; background_image_as_pattern=&#8221;without_pattern&#8221; z_index=&#8221;&#8221;][vc_column width=&#8221;1\/2&#8243;][vc_empty_space][vc_single_image image=&#8221;4374&#8243; img_size=&#8221;large&#8221; qode_css_animation=&#8221;&#8221;][vc_empty_space][vc_column_text]Project No. 2018-1-IT02-KA201-048481 Projec dration: 1 October 2018\u20133 September 2021 Project co-funder: EU&#8230;<\/p>\n","protected":false},"author":2,"featured_media":0,"parent":911,"menu_order":0,"comment_status":"closed","ping_status":"closed","template":"full_width.php","meta":{"footnotes":""},"class_list":["post-16014","page","type-page","status-publish","hentry"],"acf":[],"aioseo_notices":[],"_links":{"self":[{"href":"https:\/\/sdcentras.lt\/en\/wp-json\/wp\/v2\/pages\/16014","targetHints":{"allow":["GET"]}}],"collection":[{"href":"https:\/\/sdcentras.lt\/en\/wp-json\/wp\/v2\/pages"}],"about":[{"href":"https:\/\/sdcentras.lt\/en\/wp-json\/wp\/v2\/types\/page"}],"author":[{"embeddable":true,"href":"https:\/\/sdcentras.lt\/en\/wp-json\/wp\/v2\/users\/2"}],"replies":[{"embeddable":true,"href":"https:\/\/sdcentras.lt\/en\/wp-json\/wp\/v2\/comments?post=16014"}],"version-history":[{"count":3,"href":"https:\/\/sdcentras.lt\/en\/wp-json\/wp\/v2\/pages\/16014\/revisions"}],"predecessor-version":[{"id":16016,"href":"https:\/\/sdcentras.lt\/en\/wp-json\/wp\/v2\/pages\/16014\/revisions\/16016"}],"up":[{"embeddable":true,"href":"https:\/\/sdcentras.lt\/en\/wp-json\/wp\/v2\/pages\/911"}],"wp:attachment":[{"href":"https:\/\/sdcentras.lt\/en\/wp-json\/wp\/v2\/media?parent=16014"}],"curies":[{"name":"wp","href":"https:\/\/api.w.org\/{rel}","templated":true}]}}