{"id":15571,"date":"2026-04-29T16:10:19","date_gmt":"2026-04-29T14:10:19","guid":{"rendered":"https:\/\/sdcentras.lt\/projects\/strengthening-of-parents-impact-on-education\/"},"modified":"2026-04-29T16:10:19","modified_gmt":"2026-04-29T14:10:19","slug":"strengthening-of-parents-impact-on-education","status":"publish","type":"page","link":"https:\/\/sdcentras.lt\/en\/projects\/strengthening-of-parents-impact-on-education\/","title":{"rendered":"Strengthening of Parents Impact on Education"},"content":{"rendered":"<p>[vc_row css_animation=&#8221;&#8221; row_type=&#8221;row&#8221; use_row_as_full_screen_section=&#8221;yes&#8221; type=&#8221;grid&#8221; angled_section=&#8221;no&#8221; text_align=&#8221;left&#8221; background_image_as_pattern=&#8221;without_pattern&#8221; z_index=&#8221;&#8221; background_color=&#8221;#f7f7f7&#8243;][vc_column][vc_empty_space][vc_empty_space][vc_empty_space][vc_column_text]<\/p>\n<h2 style=\"text-align: center;\">Strengthening of Parents Impact on Education<\/h2>\n<p>[\/vc_column_text][vc_empty_space][vc_empty_space][\/vc_column][\/vc_row][vc_row css_animation=&#8221;&#8221; row_type=&#8221;row&#8221; use_row_as_full_screen_section=&#8221;yes&#8221; type=&#8221;grid&#8221; angled_section=&#8221;no&#8221; text_align=&#8221;left&#8221; background_image_as_pattern=&#8221;without_pattern&#8221; z_index=&#8221;&#8221;][vc_column width=&#8221;1\/2&#8243;][vc_empty_space][vc_empty_space][vc_single_image image=&#8221;15293&#8243; img_size=&#8221;medium&#8221; qode_css_animation=&#8221;&#8221;][vc_empty_space][vc_column_text]<strong>Projekto trukm\u0117:<\/strong> 2004 m. spalis\u20132005 m. balandis <\/p>\n<p><strong>Project co-funders:<\/strong><\/p>\n<p>Baltijos Amerikos partneryst\u0117s programa<\/p>\n<p>\u0160vietimo kaitos fondas<\/p>\n<p><strong>Projekto parei\u0161k\u0117jas: <\/strong>Asociacija &#8220;Naujos jungtys&#8221;<\/p>\n<p><strong>Projekto koordinatorius: <\/strong>\u0160iuolaikini\u0173 didaktik\u0173 centras (vienas i\u0161 Asociacijos &#8220;Naujos jungtys&#8221; steig\u0117j\u0173)<\/p>\n<p><strong>Project partners: <\/strong><\/p>\n<p>Asociacijos &#8220;Naujos jungtys&#8221; steig\u0117jai:<\/p>\n<ul>\n<li>Mokykl\u0173 tobulinimo centras<\/li>\n<li>Neformaliojo \u0161vietimo debat\u0173 centras<\/li>\n<li>Ugdymo inovacij\u0173 centras<\/li>\n<li>Skuodo savivaldyb\u0117s vaik\u0173 ir moksleivi\u0173 t\u0117v\u0173 asociacija<\/li>\n<\/ul>\n<p>\u0160vietimo ir mokslo ministerija (partneris pagal pasira\u0161yt\u0105 Bendradarbiavimo sutart\u012f)<\/p>\n<p>\u0160vietimo pl\u0117tot\u0117s centras (partneris, kuriant informacinius leidinius, ugdymo programas t\u0117vams)<\/p>\n<p>\u0160iauli\u0173 apskrities \u0161vietimo \u012fstaig\u0173 taryb\u0173 t\u0117v\u0173 asociacija<\/p>\n<p>Lenkijos t\u0117v\u0173 asociacija<\/p>\n<p>Latvijos t\u0117v\u0173 asociacija<\/p>\n<p>Gruzijos t\u0117v\u0173 asociacija[\/vc_column_text][vc_empty_space][\/vc_column][vc_column width=&#8221;1\/2&#8243;][vc_empty_space][vc_empty_space][vc_single_image image=&#8221;15264&#8243; img_size=&#8221;large&#8221; qode_css_animation=&#8221;&#8221;][vc_column_text]<\/p>\n<p style=\"text-align: right;\">Asociacijos &#8220;Naujos jungtys&#8221; steig\u0117jai<\/p>\n<p>[\/vc_column_text][vc_empty_space][\/vc_column][\/vc_row][vc_row css_animation=&#8221;&#8221; row_type=&#8221;row&#8221; use_row_as_full_screen_section=&#8221;yes&#8221; type=&#8221;grid&#8221; angled_section=&#8221;no&#8221; text_align=&#8221;left&#8221; background_image_as_pattern=&#8221;without_pattern&#8221;][vc_column][vc_empty_space][vc_column_text]<\/p>\n<h6>PROJECT RELEVANCE<\/h6>\n<p>[\/vc_column_text][vc_separator type=&#8221;normal&#8221;][vc_column_text]Lietuva 2400 m. tapo Europos S\u0105jungos nare, o tai skatina diegti vakarieti\u0161kus demokratinio \u0161vietimo modelius ir stiprinti pilietin\u0119 visuomen\u0119. Lietuvoje dar tik formuojasi interes\u0173 grup\u0117s, galin\u010dios daryti \u012ftak\u0105 \u0161vietimo politikai. Jau yra veikli\u0173 moksleivi\u0173 organizacij\u0173, mokykl\u0173 vadov\u0173 bei pedagog\u0173 asociacij\u0173. Svarbiausi \u0161vietimo paslaug\u0173 u\u017esakovai yra t\u0117vai, ta\u010diau Lietuvoje j\u0173 balsas dar yra menkai girdimas, kadangi t\u0117v\u0173 organizacijos dar tik pradeda kurtis.    <\/p>\n<p>&nbsp;<\/p>\n<p>T\u0117v\u0173 vaidmuo mokykl\u0173 valdyme da\u017enai i\u0161lieka formalus arba apsiriboja tik praktini\u0173 klausim\u0173 sprendimu, tad \u0161io projekto iniciatyva siekiama i\u0161 esm\u0117s keisti \u0161i\u0105 pasyvi\u0105 kult\u016br\u0105. Augant emigracijai ir socialiniams i\u0161\u0161\u016bkiams, tampa gyvybi\u0161kai svarbu kurti glaud\u0173 \u0161eimos ir ugdymo \u012fstaigos bendradarbiavim\u0105, u\u017etikrinant\u012f geresn\u0119 vaik\u0173 socializacij\u0105 bei mokymosi rezultatus. Projektas tiesiogiai atliepia poreik\u012f suteikti t\u0117vams reikiam\u0173 \u017eini\u0173 ir \u012franki\u0173, kad jie gal\u0117t\u0173 kompetentingai dalyvauti priimant sprendimus d\u0117l ugdymo kokyb\u0117s bei mokyklos strategijos. Be to, 2004 m. vykstantis \u0161vietimo sistemos decentralizacijos procesas reikalauja didesn\u0117s vietos bendruomen\u0117s atsakomyb\u0117s, tod\u0117l t\u0117v\u0173 \u012fgalinimas tapo b\u016btina s\u0105lyga siekiant skaidresnio ir modernesnio mokykl\u0173 valdymo. Tokiu b\u016bdu projektas tampa pamatu ilgalaikiam dialogui tarp pedagog\u0173 ir t\u0117v\u0173, orientuotam \u012f vaiko poreikius besikei\u010dian\u010dioje valstyb\u0117je.     [\/vc_column_text][vc_empty_space][vc_column_text]<\/p>\n<h6>PROJECT AIM<\/h6>\n<p>[\/vc_column_text][vc_separator type=&#8221;normal&#8221;][vc_column_text]Skatinti aktyv\u0173 ir konstruktyv\u0173 t\u0117v\u0173 dalyvavim\u0105 \u0161vietimo procesuose bei mokykl\u0173 valdyme, suteikiant jiems reikiam\u0173 \u017eini\u0173 ir stiprinant \u0161eimos bei ugdymo \u012fstaigos partneryst\u0119.[\/vc_column_text][vc_empty_space][vc_column_text]<\/p>\n<h6>PROJECT OBJECTIVES<\/h6>\n<p>[\/vc_column_text][vc_separator type=&#8221;normal&#8221;][vc_column_text]<\/p>\n<p>1. Sukurti t\u0117v\u0173 informavimo sistem\u0105, pad\u0117sian\u010di\u0105 besimokan\u010di\u0173j\u0173 t\u0117vams b\u016bti gerai informuotiems apie \u0161vietimo sistem\u0105 bei jos permainas.<br \/>\n2. Sustiprinti t\u0117v\u0173 dalyvavim\u0105 \u0161vietimo politikos formavime stiprinant t\u0117v\u0173 jud\u0117jim\u0105 regionuose bei suburiant egzistuojan\u010dias ir besikurian\u010dias t\u0117v\u0173 organizacijas \u012f nacionalin\u0119 t\u0117v\u0173 asociacij\u0105, ilgainiui tapsian\u010di\u0105 Europos t\u0117v\u0173 asociacijos nare.<br \/>\n3. Sukurti t\u0117v\u0173 \u0161vietimo model\u012f, apimant\u012f valstybin\u012f, regionin\u012f bei ugdymo institucijos lygmenis.<\/p>\n<p>[\/vc_column_text][vc_empty_space][vc_column_text]<\/p>\n<h6>PROJECT TARGET GROUPS<\/h6>\n<p>[\/vc_column_text][vc_separator type=&#8221;normal&#8221;][vc_column_text]<\/p>\n<ol>\n<li>Vaik\u0173 ir jaunuoli\u0173, besimokan\u010di\u0173 Lietuvos \u0161vietimo \u012fstaigose \u2013 nuo ikimokyklinuk\u0173 iki profesini\u0173 mokykl\u0173 (iki 18m) t\u0117vai.<\/li>\n<li>Regionuose susik\u016brusios ir besikurian\u010dios t\u0117v\u0173 asociacijos ar grup\u0117s.<\/li>\n<li>Kitos t\u0117v\u0173 asociacijos (pvz. Vaik\u0173 su negalia ir pan.)<br \/>\n[\/vc_column_text][vc_empty_space][vc_column_text]<\/p>\n<h6>PROJECT ACTIVITIES<\/h6>\n<p>[\/vc_column_text][vc_separator type=&#8221;normal&#8221;][vc_column_text]<\/p>\n<p>Prad\u0117ta kurti t\u0117v\u0173 informavimo sistema, apimanti tinklap\u012f, leidinukus, t\u0117v\u0173 informavimo centrus regionuose. T\u0117vams tapo prieinama informacija apie tai, ko j\u0173 vaikai mokosi, kaip jie tur\u0117t\u0173 b\u016bti vertinami ir kitais aktualiais klausimais. Informacija buvo pateikiama t\u0117vams suprantama kalba. Tinklapyje t\u0117vai gali konsultuotis bei diskutuoti. Geriau informuoti t\u0117vai gali aktyviau reik\u0161ti savo interesus, \u012fsijungti \u012f mokykl\u0173 bendruomeni\u0173 veikl\u0105, pad\u0117ti savo vaikams mokytis bei dalyvauti mokyklos gyvenime.    <\/p>\n<p>&nbsp;<\/p>\n<p>Suvienytos visos jau susik\u016brusios t\u0117v\u0173 organizacijos ir sukurta nacionalin\u0117 Lietuvos t\u0117v\u0173 asociacija, ilgainiui tapsianti Europos t\u0117v\u0173 asociacijos nare. Regionuose susik\u016br\u0117 t\u0117v\u0173 informavimo bei konsultavimo centrai, kuriuos telkia aktyvesni t\u0117vai. T\u0117vai tapo aktyvesniais Lietuvos ir Europos \u0161vietimo politikos formuotojais, o tai daro nuolatin\u0119 \u012ftak\u0105 \u0161vietimo sistemos tobulinimui; t\u0117vai aktyviau dalyvauja savo mokykl\u0173 bendruomeni\u0173 veikloje, labiau domisi savo vaik\u0173 mokymusi, kelia problemas, ir tai padeda kelti ugdymo kokyb\u0119; atsakomyb\u0117 u\u017e ugdymo kokyb\u0119 padalinta tarp mokyklos ir \u0161eimos.  <\/p>\n<p>&nbsp;<\/p>\n<p>Sukurtos t\u0117v\u0173 \u0161vietimo programos, suteikian\u010dios t\u0117vams daugiau \u017eini\u0173 apie \u012fvairius vaik\u0173 ugdymosi aspektus, t\u0117v\u0173 dalyvavimo \u0161vietime b\u016bdus ir galimybes, Europos t\u0117v\u0173 chartijos reik\u0161m\u0119. Organizuoti seminarai t\u0117vams, kuriuose jie tur\u0117jo galimyb\u0119 bendrauti, aptarti savo problemas, gauti patarim\u0173 vieni i\u0161 kit\u0173, o gautos \u017einios jiems suteik\u0117 pasitik\u0117jimo ir patirties. Tikimasi, kad ilgainiui susiformuos t\u0117v\u0173 \u0161vietimo sistema, kuri\u0105 formuos nacionalin\u0117 bei regionin\u0117s t\u0117v\u0173 asociacijos.<br \/>\n[\/vc_column_text][vc_empty_space][vc_column_text]<\/li>\n<\/ol>\n<h6>PROJECT RESULTS<\/h6>\n<p>[\/vc_column_text][vc_separator type=&#8221;normal&#8221;][vc_column_text]<\/p>\n<ul>\n<li data-path-to-node=\"1,0,0\">Parengta ir i\u0161leista metodin\u0117 med\u017eiaga bei rekomendacijos, skirtos t\u0117v\u0173 ir mokykl\u0173 bendradarbiavimui stiprinti.<\/li>\n<li data-path-to-node=\"1,1,0\">Suorganizuoti mokymai ir seminarai t\u0117vams bei \u0161vietimo bendruomen\u0117s nariams, pad\u0117j\u0119 ugdyti j\u0173 kompetencijas dalyvauti mokyklos valdyme.<\/li>\n<li data-path-to-node=\"1,2,0\">Sustiprintos t\u0117v\u0173 savivaldos institucijos mokyklose, suteikiant joms daugiau \u012franki\u0173 daryti \u012ftak\u0105 ugdymo kokybei.<\/li>\n<li data-path-to-node=\"1,3,0\">Sukurti s\u0117kmingi partneryst\u0117s modeliai, kurie paskatino aktyvesn\u012f t\u0117v\u0173 \u012fsitraukim\u0105 \u012f sprendim\u0173 pri\u0117mimo procesus.<\/li>\n<li data-path-to-node=\"1,4,0\">Padidintas visuomen\u0117s informuotumas apie t\u0117v\u0173 teises ir pareigas \u0161vietimo sistemoje, skatinant demokratin\u0119 kult\u016br\u0105 ugdymo \u012fstaigose.<\/li>\n<\/ul>\n<p>[\/vc_column_text][vc_empty_space][vc_empty_space][vc_empty_space][\/vc_column][\/vc_row][vc_row css_animation=&#8221;&#8221; row_type=&#8221;row&#8221; use_row_as_full_screen_section=&#8221;no&#8221; type=&#8221;full_width&#8221; angled_section=&#8221;no&#8221; text_align=&#8221;left&#8221; background_image_as_pattern=&#8221;without_pattern&#8221;][vc_column][vc_column_text]<\/p>\n<p>[\/vc_column_text][\/vc_column][\/vc_row]<\/p>\n","protected":false},"excerpt":{"rendered":"<p>[vc_row css_animation=&#8221;&#8221; row_type=&#8221;row&#8221; use_row_as_full_screen_section=&#8221;yes&#8221; type=&#8221;grid&#8221; angled_section=&#8221;no&#8221; text_align=&#8221;left&#8221; background_image_as_pattern=&#8221;without_pattern&#8221; z_index=&#8221;&#8221; background_color=&#8221;#f7f7f7&#8243;][vc_column][vc_empty_space][vc_empty_space][vc_empty_space][vc_column_text] Strengthening of Parents Impact on Education [\/vc_column_text][vc_empty_space][vc_empty_space][\/vc_column][\/vc_row][vc_row css_animation=&#8221;&#8221; row_type=&#8221;row&#8221; use_row_as_full_screen_section=&#8221;yes&#8221; type=&#8221;grid&#8221; angled_section=&#8221;no&#8221; text_align=&#8221;left&#8221; background_image_as_pattern=&#8221;without_pattern&#8221; z_index=&#8221;&#8221;][vc_column width=&#8221;1\/2&#8243;][vc_empty_space][vc_empty_space][vc_single_image image=&#8221;15293&#8243; img_size=&#8221;medium&#8221; qode_css_animation=&#8221;&#8221;][vc_empty_space][vc_column_text]Projekto trukm\u0117: 2004 m. spalis\u20132005 m. balandis Project co-funders: Baltijos Amerikos partneryst\u0117s programa \u0160vietimo kaitos fondas Projekto&#8230;<\/p>\n","protected":false},"author":2,"featured_media":0,"parent":911,"menu_order":0,"comment_status":"closed","ping_status":"closed","template":"full_width.php","meta":{"footnotes":""},"class_list":["post-15571","page","type-page","status-publish","hentry"],"acf":[],"aioseo_notices":[],"_links":{"self":[{"href":"https:\/\/sdcentras.lt\/en\/wp-json\/wp\/v2\/pages\/15571","targetHints":{"allow":["GET"]}}],"collection":[{"href":"https:\/\/sdcentras.lt\/en\/wp-json\/wp\/v2\/pages"}],"about":[{"href":"https:\/\/sdcentras.lt\/en\/wp-json\/wp\/v2\/types\/page"}],"author":[{"embeddable":true,"href":"https:\/\/sdcentras.lt\/en\/wp-json\/wp\/v2\/users\/2"}],"replies":[{"embeddable":true,"href":"https:\/\/sdcentras.lt\/en\/wp-json\/wp\/v2\/comments?post=15571"}],"version-history":[{"count":0,"href":"https:\/\/sdcentras.lt\/en\/wp-json\/wp\/v2\/pages\/15571\/revisions"}],"up":[{"embeddable":true,"href":"https:\/\/sdcentras.lt\/en\/wp-json\/wp\/v2\/pages\/911"}],"wp:attachment":[{"href":"https:\/\/sdcentras.lt\/en\/wp-json\/wp\/v2\/media?parent=15571"}],"curies":[{"name":"wp","href":"https:\/\/api.w.org\/{rel}","templated":true}]}}