{"id":15431,"date":"2026-04-21T19:27:27","date_gmt":"2026-04-21T17:27:27","guid":{"rendered":"https:\/\/sdcentras.lt\/projects\/trainers-for-europeann-citizens\/"},"modified":"2026-04-21T19:53:07","modified_gmt":"2026-04-21T17:53:07","slug":"trainers-for-european-citizens","status":"publish","type":"page","link":"https:\/\/sdcentras.lt\/en\/projects\/trainers-for-european-citizens\/","title":{"rendered":"Trainers for European Citizens"},"content":{"rendered":"<p>[vc_row css_animation=&#8221;&#8221; row_type=&#8221;row&#8221; use_row_as_full_screen_section=&#8221;yes&#8221; type=&#8221;grid&#8221; angled_section=&#8221;no&#8221; text_align=&#8221;left&#8221; background_image_as_pattern=&#8221;without_pattern&#8221; z_index=&#8221;&#8221; background_color=&#8221;#f7f7f7&#8243;][vc_column][vc_empty_space][vc_empty_space][vc_empty_space][vc_column_text]<\/p>\n<h2 style=\"text-align: center;\">Trainers for European Citizens<\/h2>\n<p>[\/vc_column_text][vc_empty_space][vc_empty_space][\/vc_column][\/vc_row][vc_row css_animation=&#8221;&#8221; row_type=&#8221;row&#8221; use_row_as_full_screen_section=&#8221;yes&#8221; type=&#8221;grid&#8221; angled_section=&#8221;no&#8221; text_align=&#8221;left&#8221; background_image_as_pattern=&#8221;without_pattern&#8221; z_index=&#8221;&#8221;][vc_column width=&#8221;1\/2&#8243;][vc_empty_space][vc_empty_space][vc_single_image image=&#8221;15106&#8243; img_size=&#8221;medium&#8221; qode_css_animation=&#8221;&#8221;][vc_empty_space][vc_column_text]<strong>Project No.<\/strong> 100860-CP-1-2002-1-CZ-GRUNDTVIG-G1PP<\/p>\n<p><strong>Project duration:<\/strong> 1 October 2002\u201330 September 2004<\/p>\n<p><strong>Project co-funder:<\/strong> European Comission, Socrates Grundtvig programme<\/p>\n<p><strong>Project coordinator: <\/strong>Ostravska universita (Czech Republic)<\/p>\n<p><strong>Project partners:<\/strong><\/p>\n<p>Modern Didactics Centre (Lithuania)<br \/>\nATHENA-Association for Education and Development of Women (Czech Republic)<br \/>\nGIP FC-IP Clermont-Ferrand (France)<br \/>\nDEPENA Pe\u0148afiel (Spain)<br \/>\nKarel de Grote-Hogeschool (Belgium)<br \/>\nKEK DIMOU Kalamatas (Greece)<br \/>\nCLMAL Borl\u00e4nge (Sweden)<br \/>\nVeb-das europ\u00e4ische Bildungsinstitut (German)[\/vc_column_text][vc_empty_space][\/vc_column][vc_column width=&#8221;1\/2&#8243;][vc_empty_space][vc_empty_space][vc_single_image image=&#8221;15104&#8243; img_size=&#8221;large&#8221; qode_css_animation=&#8221;&#8221;][vc_column_text]<\/p>\n<p style=\"text-align: right;\">Project team<\/p>\n<p>[\/vc_column_text][vc_empty_space][\/vc_column][\/vc_row][vc_row css_animation=&#8221;&#8221; row_type=&#8221;row&#8221; use_row_as_full_screen_section=&#8221;yes&#8221; type=&#8221;grid&#8221; angled_section=&#8221;no&#8221; text_align=&#8221;left&#8221; background_image_as_pattern=&#8221;without_pattern&#8221;][vc_column][vc_empty_space][vc_column_text]<\/p>\n<h6>PROJECT RELEVANCE<\/h6>\n<p>[\/vc_column_text][vc_separator type=&#8221;normal&#8221;][vc_column_text]<\/p>\n<p data-path-to-node=\"0\">\u0160tai teksto vertimas \u012f angl\u0173 kalb\u0105:<\/p>\n<p data-path-to-node=\"1\"><span data-path-to-node=\"1,1\"><span class=\"citation-65\">&#8220;In recent years, the number of refugees and immigrants has been increasing not only in European Union countries but also in Central and Eastern Europe<\/span><\/span><span data-path-to-node=\"1,3\">. <\/span><span data-path-to-node=\"1,5\"><span class=\"citation-64\">The issue of social integration of immigrants is becoming relevant for the whole of Europe<\/span><\/span><span data-path-to-node=\"1,7\">. <\/span><span data-path-to-node=\"1,9\"><span class=\"citation-63\">For both refugees and immigrants, it is important not only to learn the language of the new country but also to develop social abilities, as well as cultural and social skills, in order to become equal European citizens<\/span><\/span><span data-path-to-node=\"1,11\">. <\/span><span data-path-to-node=\"1,13\"><span class=\"citation-62\">Teachers and trainers play a significant role in the social integration of refugees and immigrants, as they act as intermediaries between &#8216;old&#8217; and &#8216;new&#8217; members of society<\/span><\/span><span data-path-to-node=\"1,15\">. <\/span><span data-path-to-node=\"1,17\"><span class=\"citation-61\">Therefore, they must be able to understand not only the languages of the newcomers but also their culture, customs, and the reasons behind their behavior<\/span><\/span><span data-path-to-node=\"1,19\">. <\/span><span data-path-to-node=\"1,21\"><span class=\"citation-60\">Teachers have the opportunity to promote mutual understanding between both parts of society, thereby contributing to the prevention of racism and xenophobia<\/span><\/span><span data-path-to-node=\"1,23\">.<\/span><\/p>\n<div class=\"source-inline-chip-container ng-star-inserted\"><\/div>\n<p id=\"p-rc_fa6bd5fb154ad0c3-35\" data-path-to-node=\"2\"><span data-path-to-node=\"2,1\"><span class=\"citation-59\">Traditional teaching methods are often not adapted for working with audiences from different cultures<\/span><\/span><span data-path-to-node=\"2,3\">. <\/span><span data-path-to-node=\"2,5\"><span class=\"citation-58\">The project aims to fill this gap by creating specific recommendations and tools to help specialists communicate more effectively with newcomers<\/span><\/span><span data-path-to-node=\"2,7\">.<\/span><\/p>\n<p>[\/vc_column_text][vc_empty_space][vc_column_text]<\/p>\n<h6>PROJECT AIMS<\/h6>\n<p>[\/vc_column_text][vc_separator type=&#8221;normal&#8221;][vc_column_text]<\/p>\n<ul>\n<li data-path-to-node=\"1,0,1\"><span class=\"citation-87\">To contribute to the reduction of racism and xenophobia in Europe.<\/span><\/li>\n<li data-path-to-node=\"1,1,1\"><span class=\"citation-86\">To reduce the social exclusion of immigrants, refugees, and their families.<\/span><\/li>\n<li data-path-to-node=\"1,2,1\"><span class=\"citation-85\">To disseminate knowledge about different cultures, customs, and ways of thinking in Europe.<\/span><\/li>\n<li data-path-to-node=\"1,3,1\"><span class=\"citation-84\">To promote the awareness and understanding of cultural, traditional, and cognitive differences among immigrants and refugees living in various parts of Europe.<\/span><\/li>\n<li data-path-to-node=\"1,4,1\"><span class=\"citation-83\">To change the attitudes and behavior of European residents towards immigrants and refugees.<\/span><\/li>\n<li data-path-to-node=\"1,5,1\"><span class=\"citation-82\">To disseminate best practices in teaching people from diverse cultural backgrounds.<\/span><\/li>\n<li id=\"p-rc_a9285f6eb5a05b0a-44\" data-path-to-node=\"1,6,1\"><span class=\"citation-81\">To prepare teachers and trainers for effective communication with both immigrants\/refugees and the general public.<\/span><\/li>\n<\/ul>\n<p>[\/vc_column_text][vc_empty_space][vc_column_text]<\/p>\n<h6>PROJECT TARGET GROUPS<\/h6>\n<p>[\/vc_column_text][vc_separator type=&#8221;normal&#8221;][vc_column_text]<\/p>\n<ul>\n<li data-path-to-node=\"1,0,1\"><span class=\"citation-104\">Teachers of immigrants and refugees.<\/span><\/li>\n<li data-path-to-node=\"1,1,1\"><span class=\"citation-103\">Intermediaries working with ethnic minorities.<\/span><\/li>\n<li data-path-to-node=\"1,2,1\"><span class=\"citation-102\">Social workers.<\/span><\/li>\n<li data-path-to-node=\"1,3,1\"><span class=\"citation-101\">Staff of immigrant and refugee camps.<\/span><\/li>\n<li id=\"p-rc_1e8f46f717572364-56\" data-path-to-node=\"1,4,1\"><span class=\"citation-100\">Adult education teachers (adult educators).<\/span><\/li>\n<\/ul>\n<p>[\/vc_column_text][vc_empty_space][vc_column_text]<\/p>\n<h6>PROJECT ACTIVITIES<\/h6>\n<p>[\/vc_column_text][vc_separator type=&#8221;normal&#8221;][vc_column_text]<\/p>\n<p><span data-path-to-node=\"2,0\"><span class=\"citation-121\">National project coordinators collected information on immigration policies in their respective countries and analyzed the social situation of immigrants, refugees, and their families<\/span><\/span><span data-path-to-node=\"2,2\">. <\/span><span data-path-to-node=\"2,4\"><span class=\"citation-120\">In the partner countries, a study of local residents&#8217; opinions, attitudes, and prejudices regarding immigrants was conducted using interviews and questionnaires<\/span><\/span><span data-path-to-node=\"2,6\">. <\/span><span data-path-to-node=\"2,8\"><span class=\"citation-119\">Teachers of immigrants were also surveyed to identify the difficulties they face when communicating with immigrants and the interaction challenges they observe in the classroom between immigrants and other students<\/span><\/span><span data-path-to-node=\"2,10\">. <\/span><span data-path-to-node=\"2,12\"><span class=\"citation-118\">Furthermore, the surveys explored whether the available teaching materials for immigrants and refugees were the same as those for other residents and identified specific learning needs of immigrants<\/span><\/span><span data-path-to-node=\"2,14\">. <\/span><span data-path-to-node=\"2,16\"><span class=\"citation-117\">All of this material was analyzed and utilized in the development of the teaching methodology and guides<\/span><\/span><span data-path-to-node=\"2,18\">. <\/span><span data-path-to-node=\"2,20\"><span class=\"citation-116\">During the project, best practices from immigrants and refugees were also collected and summarized in a separate publication<\/span><\/span><span data-path-to-node=\"2,22\">.<\/span> [\/vc_column_text][vc_empty_space][vc_column_text]<\/p>\n<h6>PROJECT INTELLECTUAL OUTPUTS<\/h6>\n<p>[\/vc_column_text][vc_separator type=&#8221;normal&#8221;][\/vc_column][\/vc_row][vc_row css_animation=&#8221;&#8221; row_type=&#8221;row&#8221; use_row_as_full_screen_section=&#8221;yes&#8221; type=&#8221;grid&#8221; angled_section=&#8221;no&#8221; text_align=&#8221;left&#8221; background_image_as_pattern=&#8221;without_pattern&#8221;][vc_column][vc_empty_space][vc_column_text]<\/p>\n<h6>International Survey of Adult Educators on Immigrant Integration, National Identity, and the Need for Methodological Materials in Europe (2003)<\/h6>\n<p>&nbsp;<\/p>\n<p id=\"p-rc_65b9b19271519452-80\" data-path-to-node=\"2,0,1\"><span data-path-to-node=\"2,0,1,0\"><span class=\"citation-205\">This pilot research aimed to identify the needs and challenges of professionals (teachers, social workers, and trainers) working in adult education with culturally diverse groups<\/span><\/span><span data-path-to-node=\"2,0,1,2\">. <\/span><span data-path-to-node=\"2,0,1,4\"><span class=\"citation-204\">The study explored the participants&#8217; perspectives on European citizenship, national identity, and the specific problems faced by immigrants<\/span><\/span><span data-path-to-node=\"2,0,1,6\">. <\/span><span data-path-to-node=\"2,1,1,0\"><span class=\"citation-203\">The survey utilized a combination of standardized and open-ended questionnaires distributed across eight European countries: Belgium, the Czech Republic, Germany, Spain, France, Greece, Lithuania, and Sweden<\/span><\/span><span data-path-to-node=\"2,1,1,2\">. <\/span><span data-path-to-node=\"2,1,1,4\"><span class=\"citation-202\">Respondents were selected from various institutions, including schools, adult education institutes, and refugee camps<\/span><\/span><span data-path-to-node=\"2,1,1,6\">. <\/span><span data-path-to-node=\"2,2,1,0\"><span class=\"citation-201\">The research highlighted a significant demand for adapted teaching materials and unified methodologies to better serve immigrant needs, a call particularly strong in Lithuania and the Czech Republic<\/span><\/span><span data-path-to-node=\"2,2,1,2\">. <\/span><span data-path-to-node=\"2,2,1,4\"><span class=\"citation-200\">Trainers identified language proficiency and cultural orientation as the primary pillars for successful social participation and integration<\/span><\/span><span data-path-to-node=\"2,2,1,6\">.<\/span><span data-path-to-node=\"2,3,1,0\"><span class=\"citation-199\">\u00a0The data revealed that national identity remains a stronger influence than European identity among educators<\/span><\/span><span data-path-to-node=\"2,3,1,2\">. <\/span><span data-path-to-node=\"2,3,1,4\"><span class=\"citation-198\">Citizenship was often defined through a sense of belonging to a community and, in some regions, strongly associated with patriotism and adherence to the law<\/span><\/span><span data-path-to-node=\"2,3,1,6\">.<\/span><span data-path-to-node=\"2,4,1,0\"><span class=\"citation-197\">\u00a0The insights gathered from this analysis served as the foundational framework for developing specialized training modules and methodological guides for the TEC project<\/span><\/span><span data-path-to-node=\"2,4,1,2\">.<\/span><\/p>\n<div><strong>Download<\/strong>\u00a0<a href=\"https:\/\/sdcentras.lt\/wp-content\/uploads\/TEC-Research.pdf\" target=\"_blank\" rel=\"noopener\">EN<\/a><\/div>\n<p>[\/vc_column_text][vc_empty_space][\/vc_column][\/vc_row][vc_row css_animation=&#8221;&#8221; row_type=&#8221;row&#8221; use_row_as_full_screen_section=&#8221;yes&#8221; type=&#8221;grid&#8221; angled_section=&#8221;no&#8221; text_align=&#8221;left&#8221; background_image_as_pattern=&#8221;without_pattern&#8221;][vc_column width=&#8221;1\/4&#8243;][vc_empty_space][vc_single_image image=&#8221;10708&#8243; img_size=&#8221;large&#8221; alignment=&#8221;right&#8221; style=&#8221;vc_box_shadow&#8221; qode_css_animation=&#8221;&#8221;][\/vc_column][vc_column width=&#8221;3\/4&#8243;][vc_empty_space][vc_column_text]<\/p>\n<h6>Life-Stories of Immigrants Guidebook for Trainers, Teachers and Social Workers (2004)<\/h6>\n<p>&nbsp;<\/p>\n<p><span data-path-to-node=\"2,0\"><span class=\"citation-151\">This methodological publication was developed to help education and social sector workers better understand immigration processes and promote the integration of newcomers<\/span><\/span><span data-path-to-node=\"2,2\">. <\/span><span data-path-to-node=\"2,4\"><span class=\"citation-150\">The book reviews the immigration situation and policy directions of eight European countries: Belgium, the Czech Republic, France, Germany, Greece, Lithuania, Spain, and Sweden<\/span><\/span><span data-path-to-node=\"2,6\">. <\/span><span data-path-to-node=\"2,8\"><span class=\"citation-149\">The primary focus is on authentic life stories of immigrants, which reveal personal experiences, success factors, and emerging challenges in a foreign culture<\/span><\/span><span data-path-to-node=\"2,10\">. <\/span><span data-path-to-node=\"2,12\"><span class=\"citation-148\">The publication analyzes objective integration factors, such as the laws of the host country, as well as the subjective characteristics and motivation of the migrants themselves<\/span><\/span><span data-path-to-node=\"2,14\">. <\/span><span data-path-to-node=\"2,16\"><span class=\"citation-147\">The guide aims to break down cultural barriers and provide practical tools for fostering public openness and preventing xenophobia<\/span><\/span><span data-path-to-node=\"2,18\">. <\/span><span data-path-to-node=\"2,20\"><span class=\"citation-146\">This publication will be of service to specialists working in the fields of adult education and social assistance<\/span><\/span><span data-path-to-node=\"2,22\">.<\/span><\/p>\n<div><strong>Download <\/strong><a href=\"https:\/\/sdcentras.lt\/wp-content\/uploads\/04-leidinio-tekstas-imigrantu-gyvenimo-istorijos-vadovas-mokytoju-rengejams-mokytojams-ir-socialiniams-darbuotojams.pdf\" target=\"_blank\" rel=\"noopener\">LT<\/a>, <a href=\"https:\/\/sdcentras.lt\/wp-content\/uploads\/TECguidebookEN.pdf\" target=\"_blank\" rel=\"noopener\">EN<\/a>, <a href=\"https:\/\/sdcentras.lt\/wp-content\/uploads\/TEC-Guidebook-ES.pdf\" target=\"_blank\" rel=\"noopener\">ES<\/a>, <a href=\"https:\/\/sdcentras.lt\/wp-content\/uploads\/TEC-Guidebook-FR.pdf\" target=\"_blank\" rel=\"noopener\">FR<\/a>, <a href=\"https:\/\/sdcentras.lt\/wp-content\/uploads\/TEC-Guidebook-GR.pdf\" target=\"_blank\" rel=\"noopener\">GR<\/a>, <a href=\"https:\/\/sdcentras.lt\/wp-content\/uploads\/TEC-Guidebook-SE.pdf\" target=\"_blank\" rel=\"noopener\">SE<\/a>, <a href=\"https:\/\/sdcentras.lt\/wp-content\/uploads\/TEC-Guidebook-BE.pdf\" target=\"_blank\" rel=\"noopener\">BE<\/a>, <a href=\"https:\/\/sdcentras.lt\/wp-content\/uploads\/TEC-Guidebook-CZ.pdf\" target=\"_blank\" rel=\"noopener\">CZ<\/a>, <a href=\"https:\/\/sdcentras.lt\/wp-content\/uploads\/TEC-Guidebook-DE.pdf\" target=\"_blank\" rel=\"noopener\">DE<\/a><\/div>\n<p>[\/vc_column_text][vc_empty_space][\/vc_column][\/vc_row][vc_row css_animation=&#8221;&#8221; row_type=&#8221;row&#8221; use_row_as_full_screen_section=&#8221;yes&#8221; type=&#8221;grid&#8221; angled_section=&#8221;no&#8221; text_align=&#8221;left&#8221; background_image_as_pattern=&#8221;without_pattern&#8221;][vc_column width=&#8221;1\/4&#8243;][vc_empty_space][vc_single_image image=&#8221;15426&#8243; img_size=&#8221;large&#8221; alignment=&#8221;right&#8221; style=&#8221;vc_box_shadow&#8221; qode_css_animation=&#8221;&#8221;][\/vc_column][vc_column width=&#8221;3\/4&#8243;][vc_empty_space][vc_column_text]<\/p>\n<h6>Methodology for The Active Communication\u00a0(2004)<\/h6>\n<p>&nbsp;<\/p>\n<p><span data-path-to-node=\"2,0\"><span class=\"citation-165\">This methodology is designed for lecturers, social workers, and administrative specialists working with immigrants and refugees in Europe, aiming to facilitate their integration through effective communication<\/span><\/span><span data-path-to-node=\"2,2\">. <\/span><span data-path-to-node=\"2,4\"><span class=\"citation-164\">The publication analyzes how cultural differences, perceptions of hierarchy, and varying language usage affect the communication process and the learning of a new language<\/span><\/span><span data-path-to-node=\"2,6\">. <\/span><span data-path-to-node=\"2,8\"><span class=\"citation-163\">The authors provide practical advice and tasks to help develop social empathy, resolve intercultural conflicts, and create a trust-based learning environment<\/span><\/span><span data-path-to-node=\"2,10\">. <\/span><span data-path-to-node=\"2,12\"><span class=\"citation-162\">The methodology emphasizes that language skills alone are not enough for successful integration \u2013 it is essential to understand and respect the cultural values and behavioral norms of both the host country and the newcomers.<\/span><\/span><\/p>\n<div><strong>Download <\/strong><a href=\"https:\/\/sdcentras.lt\/wp-content\/uploads\/TEC-Methodology-for-the-active-communication.pdf\" target=\"_blank\" rel=\"noopener\">EN<\/a><\/div>\n<p>[\/vc_column_text][vc_empty_space][\/vc_column][\/vc_row][vc_row css_animation=&#8221;&#8221; row_type=&#8221;row&#8221; use_row_as_full_screen_section=&#8221;yes&#8221; type=&#8221;grid&#8221; angled_section=&#8221;no&#8221; text_align=&#8221;left&#8221; background_image_as_pattern=&#8221;without_pattern&#8221;][vc_column][vc_empty_space][vc_column_text]<\/p>\n<h6>PROJECT RESULTS<\/h6>\n<p>[\/vc_column_text][vc_separator type=&#8221;normal&#8221;][vc_column_text]<\/p>\n<ul>\n<li data-path-to-node=\"1,0,1\"><span data-path-to-node=\"1,0,1,0\"><span class=\"citation-181\">Teachers, social workers, and refugee camp staff acquired specific knowledge on how to communicate effectively with newcomers and resolve intercultural conflicts<\/span><\/span><span data-path-to-node=\"1,0,1,2\">.<\/span><\/li>\n<li data-path-to-node=\"1,0,1\"><span data-path-to-node=\"1,1,1,0\"><span class=\"citation-180\">Partners from different countries (Lithuania, Czech Republic, France, Spain, Germany, Sweden, Belgium, Greece) shared successful integration examples and methods<\/span><\/span><span data-path-to-node=\"1,1,1,2\">.<\/span><\/li>\n<li data-path-to-node=\"1,2,1\"><span data-path-to-node=\"1,2,1,0\"><span class=\"citation-179\">Increased inclusion of immigrants and refugees into society by providing them with necessary social and communication skills<\/span><\/span><span data-path-to-node=\"1,2,1,2\">.<\/span><\/li>\n<li data-path-to-node=\"1,3,1\"><span data-path-to-node=\"1,3,1,0\"><span class=\"citation-178\">Contributed to the reduction of racism, xenophobia, and stereotypes by changing the attitudes of local communities towards &#8220;new&#8221; members of society<\/span><\/span><span data-path-to-node=\"1,3,1,2\">.<\/span><\/li>\n<li data-path-to-node=\"1,4,1\"><span data-path-to-node=\"1,4,1,0\"><span class=\"citation-177\">Teachers became more effective &#8220;intermediaries&#8221; between immigrants and local residents, promoting mutual understanding<\/span><\/span><span data-path-to-node=\"1,4,1,2\">.<\/span><\/li>\n<li id=\"p-rc_87e6bbaf563df57f-73\" data-path-to-node=\"1,5,1\"><span data-path-to-node=\"1,5,1,0\"><span class=\"citation-176\">Strengthened international cooperation among educational institutions in Europe in addressing common integration challenges<\/span><\/span><span data-path-to-node=\"1,5,1,2\">.<\/span><\/li>\n<\/ul>\n<p>[\/vc_column_text][vc_empty_space][vc_empty_space][\/vc_column][\/vc_row][vc_row css_animation=&#8221;&#8221; row_type=&#8221;row&#8221; use_row_as_full_screen_section=&#8221;yes&#8221; type=&#8221;grid&#8221; angled_section=&#8221;no&#8221; text_align=&#8221;left&#8221; background_image_as_pattern=&#8221;without_pattern&#8221; z_index=&#8221;&#8221; background_color=&#8221;#f7f7f7&#8243;][vc_column width=&#8221;1\/4&#8243;][vc_empty_space][vc_empty_space][vc_single_image image=&#8221;12610&#8243; img_size=&#8221;medium&#8221; qode_css_animation=&#8221;&#8221;][vc_empty_space][vc_empty_space][\/vc_column][vc_column width=&#8221;3\/4&#8243;][vc_empty_space][vc_empty_space][vc_column_text]<\/p>\n<p style=\"text-align: left;\">Funded by the European Union. Views and opinions expressed are however those of the author(s) only and do not necessarily reflect those of the European Union or the National Agency. Neither the European Union nor National Agency can be held responsible for them.<\/p>\n<p>[\/vc_column_text][vc_empty_space][vc_empty_space][\/vc_column][\/vc_row]<\/p>\n","protected":false},"excerpt":{"rendered":"<p>[vc_row css_animation=&#8221;&#8221; row_type=&#8221;row&#8221; use_row_as_full_screen_section=&#8221;yes&#8221; type=&#8221;grid&#8221; angled_section=&#8221;no&#8221; text_align=&#8221;left&#8221; background_image_as_pattern=&#8221;without_pattern&#8221; z_index=&#8221;&#8221; background_color=&#8221;#f7f7f7&#8243;][vc_column][vc_empty_space][vc_empty_space][vc_empty_space][vc_column_text] Trainers for European Citizens [\/vc_column_text][vc_empty_space][vc_empty_space][\/vc_column][\/vc_row][vc_row css_animation=&#8221;&#8221; row_type=&#8221;row&#8221; use_row_as_full_screen_section=&#8221;yes&#8221; type=&#8221;grid&#8221; angled_section=&#8221;no&#8221; text_align=&#8221;left&#8221; background_image_as_pattern=&#8221;without_pattern&#8221; z_index=&#8221;&#8221;][vc_column width=&#8221;1\/2&#8243;][vc_empty_space][vc_empty_space][vc_single_image image=&#8221;15106&#8243; img_size=&#8221;medium&#8221; qode_css_animation=&#8221;&#8221;][vc_empty_space][vc_column_text]Project No. 100860-CP-1-2002-1-CZ-GRUNDTVIG-G1PP Project duration: 1 October 2002\u201330 September 2004 Project co-funder: European Comission, Socrates Grundtvig programme Project coordinator:&#8230;<\/p>\n","protected":false},"author":2,"featured_media":0,"parent":911,"menu_order":0,"comment_status":"closed","ping_status":"closed","template":"full_width.php","meta":{"footnotes":""},"class_list":["post-15431","page","type-page","status-publish","hentry"],"acf":[],"aioseo_notices":[],"_links":{"self":[{"href":"https:\/\/sdcentras.lt\/en\/wp-json\/wp\/v2\/pages\/15431","targetHints":{"allow":["GET"]}}],"collection":[{"href":"https:\/\/sdcentras.lt\/en\/wp-json\/wp\/v2\/pages"}],"about":[{"href":"https:\/\/sdcentras.lt\/en\/wp-json\/wp\/v2\/types\/page"}],"author":[{"embeddable":true,"href":"https:\/\/sdcentras.lt\/en\/wp-json\/wp\/v2\/users\/2"}],"replies":[{"embeddable":true,"href":"https:\/\/sdcentras.lt\/en\/wp-json\/wp\/v2\/comments?post=15431"}],"version-history":[{"count":3,"href":"https:\/\/sdcentras.lt\/en\/wp-json\/wp\/v2\/pages\/15431\/revisions"}],"predecessor-version":[{"id":15438,"href":"https:\/\/sdcentras.lt\/en\/wp-json\/wp\/v2\/pages\/15431\/revisions\/15438"}],"up":[{"embeddable":true,"href":"https:\/\/sdcentras.lt\/en\/wp-json\/wp\/v2\/pages\/911"}],"wp:attachment":[{"href":"https:\/\/sdcentras.lt\/en\/wp-json\/wp\/v2\/media?parent=15431"}],"curies":[{"name":"wp","href":"https:\/\/api.w.org\/{rel}","templated":true}]}}