{"id":15269,"date":"2026-04-18T10:52:01","date_gmt":"2026-04-18T08:52:01","guid":{"rendered":"https:\/\/sdcentras.lt\/projects\/building-advocacy-capacity-for-the-coalition-of-educational-ngos\/"},"modified":"2026-04-18T12:38:52","modified_gmt":"2026-04-18T10:38:52","slug":"building-advocacy-capacity-for-the-coalition-of-educational-ngos","status":"publish","type":"page","link":"https:\/\/sdcentras.lt\/en\/projects\/building-advocacy-capacity-for-the-coalition-of-educational-ngos\/","title":{"rendered":"Building Advocacy Capacity for the Coalition of Educational NGOs"},"content":{"rendered":"<p>[vc_row css_animation=&#8221;&#8221; row_type=&#8221;row&#8221; use_row_as_full_screen_section=&#8221;yes&#8221; type=&#8221;grid&#8221; angled_section=&#8221;no&#8221; text_align=&#8221;left&#8221; background_image_as_pattern=&#8221;without_pattern&#8221; z_index=&#8221;&#8221; background_color=&#8221;#f7f7f7&#8243;][vc_column][vc_empty_space][vc_empty_space][vc_empty_space][vc_column_text]<\/p>\n<h2 style=\"text-align: center;\">Building Advocacy Capacity for the Coalition of Educational NGOs<\/h2>\n<p>[\/vc_column_text][vc_empty_space][vc_empty_space][\/vc_column][\/vc_row][vc_row css_animation=&#8221;&#8221; row_type=&#8221;row&#8221; use_row_as_full_screen_section=&#8221;yes&#8221; type=&#8221;grid&#8221; angled_section=&#8221;no&#8221; text_align=&#8221;left&#8221; background_image_as_pattern=&#8221;without_pattern&#8221; z_index=&#8221;&#8221;][vc_column width=&#8221;1\/2&#8243;][vc_empty_space][vc_empty_space][vc_single_image image=&#8221;15292&#8243; img_size=&#8221;medium&#8221; qode_css_animation=&#8221;&#8221;][vc_empty_space][vc_column_text]<strong>Project duration:<\/strong> 1 February 2002\u201330 May 2003<\/p>\n<p><strong>Project funder:<\/strong> Baltic American Partnership Programme<\/p>\n<p><strong>Project coordinator: <\/strong>Youth Career Advising Centre<\/p>\n<p><strong>Project partners: <\/strong><\/p>\n<p data-path-to-node=\"1,0,0\">Ateitininkai Federation<\/p>\n<p data-path-to-node=\"1,1,0\">Lithuanian Club of Initiative Schools<\/p>\n<p data-path-to-node=\"1,2,0\">Non-formal Education Debate Centre<\/p>\n<p data-path-to-node=\"1,3,0\">Children Support Centre<\/p>\n<p data-path-to-node=\"1,4,0\">Modern Didactics Centre<\/p>\n<p data-path-to-node=\"1,4,0\">School Development Centre<\/p>\n<p data-path-to-node=\"1,5,0\">Skuodas District Municipal Association of Parents of Children and Students<\/p>\n<p data-path-to-node=\"1,6,0\">Education Change Foundation<\/p>\n<p data-path-to-node=\"1,7,0\">Education Innovation Centre<\/p>\n<p data-path-to-node=\"1,8,0\">Vilnius Pedagogical University<\/p>\n<p data-path-to-node=\"1,9,0\">Vytautas Magnus University<\/p>\n<p>&nbsp;<\/p>\n<p><strong>Project consultants:<\/strong><br \/>\nWessex Partnerships Ltd (Jungtin\u0117 Karalyst\u0117) \u2013 a consulting organization working in the field of economic development.<br \/>\nThe Scotish Further Education Unit, SFEU \u2013 an organization providing assistance to continuing education institutions in the field of curriculum and training development<br \/>\nWilliam Robert SEARY, independant NGO expert<\/p>\n<p>[\/vc_column_text][vc_empty_space][\/vc_column][vc_column width=&#8221;1\/2&#8243;][vc_empty_space][vc_empty_space][vc_single_image image=&#8221;15264&#8243; img_size=&#8221;large&#8221; qode_css_animation=&#8221;&#8221;][vc_column_text]<\/p>\n<p style=\"text-align: right;\">Founders of the Coalition &#8220;Jungtys&#8221;<\/p>\n<p>[\/vc_column_text][vc_empty_space][\/vc_column][\/vc_row][vc_row css_animation=&#8221;&#8221; row_type=&#8221;row&#8221; use_row_as_full_screen_section=&#8221;yes&#8221; type=&#8221;grid&#8221; angled_section=&#8221;no&#8221; text_align=&#8221;left&#8221; background_image_as_pattern=&#8221;without_pattern&#8221;][vc_column][vc_empty_space][vc_column_text]<\/p>\n<h6>PROJECT RELEVANCE<\/h6>\n<p>[\/vc_column_text][vc_separator type=&#8221;normal&#8221;][vc_column_text]For a decade, a rapid education reform has been underway in Lithuania, affecting every family raising children in one way or another. It is no secret that the reform is being implemented &#8216;top-down,&#8217; with insufficient consideration for the views and interests of key stakeholder groups such as children, parents, teachers, and school leaders. Furthermore, the absence of a clear long-term education strategy means that many individual educational innovations remain misunderstood by the public and cause anxiety about the future. The core problem is the lack of civilized mechanisms and methods for interest representation in Lithuanian education; consequently, decisions made at state and municipal levels often spark dissatisfaction within the educational community. Groups representing diverse educational interests lack the necessary cooperation skills to express these interests collectively, while government structures also lack experience in working with such groups.<\/p>\n<p>&nbsp;<\/p>\n<p data-path-to-node=\"4\">A coalition of young non-governmental educational organizations has formed to influence the course of the education reform in Lithuania through various means. The initiators of this project \u2013 NGOs established by the Open Society Fund Lithuania between 1999 and 2000 \u2013 represent the interests of pupils, students, educators, and the broader educational community by implementing modern educational ideas. These NGOs aim to deepen their expertise and skills in interest representation within the field of education. During the project, they will analyze, develop proposals, and present a key issue: the transformation of curriculum content within the process of social integration. This initiative aims to exert a concrete influence on education policy regarding youth social integration at both regional and national levels.[\/vc_column_text][vc_empty_space][vc_column_text]<\/p>\n<h6>PROJECT AIMS<\/h6>\n<p>[\/vc_column_text][vc_separator type=&#8221;normal&#8221;][vc_empty_space][vc_column_text]<\/p>\n<ul>\n<li data-path-to-node=\"3,0,0\">To strengthen the role of NGOs in shaping education policy and decision-making at national and regional levels.<\/li>\n<li data-path-to-node=\"3,1,0\">To create opportunities for representatives of educational NGOs to acquire new skills by participating in a training program on interest representation in education and methods through which the public can influence education policy.<\/li>\n<li data-path-to-node=\"3,2,0\">To facilitate the establishment of active regional groups to advocate for the interests of parents, pupils, students, educators, and various educational institutions in developing regional education policy drafts and preparing education budgets.<\/li>\n<li data-path-to-node=\"3,3,0\">To develop long-term mechanisms for NGO interest representation in education and a system for influencing education policy.<\/li>\n<li data-path-to-node=\"3,4,0\">To empower educational communities to express their interests and ensure they are taken into account during key decision-making processes and the implementation of education reform in Lithuania.<\/li>\n<\/ul>\n<p>[\/vc_column_text][vc_empty_space][vc_column_text]<\/p>\n<h6>PROJECT PARTICIPANS<\/h6>\n<p>[\/vc_column_text][vc_separator type=&#8221;normal&#8221;][vc_column_text]Zina BALTR\u0116NIEN\u0116, director of the Youth Career Advising Centre<br \/>\nJ\u016brat\u0117 MURINIEN\u0116, consultant of the Youth Career Advising Centre<br \/>\nVaclovas LABYS, president of the Skuodas District Municipal Association of Parents of Children and Students<br \/>\nEgl\u0117 PRANCK\u016aNIEN\u0116, director of the School Development Centre<br \/>\nDaiva PENKAUSKIEN\u0116, director of the Modern Didactics Centre<br \/>\nRegina SABALIAUSKIEN\u0116, director of the Education Innovation Centre<br \/>\nVirginija PAK\u0160IEN\u0116, director of the Non-formal Education Debates Centre[\/vc_column_text][vc_empty_space][vc_column_text]<\/p>\n<h6>PROJECT ACTIVITIES<\/h6>\n<p>[\/vc_column_text][vc_separator type=&#8221;normal&#8221;][vc_column_text]<\/p>\n<p data-path-to-node=\"3\"><b data-path-to-node=\"3\" data-index-in-node=\"0\">Phase I<\/b><\/p>\n<ul>\n<li data-path-to-node=\"4,0,0\">Discussion of the focal issue: Curriculum transformation within the process of social integration;<\/li>\n<li data-path-to-node=\"4,1,0\">Organization of a 3-day training seminar for NGO representatives with the involvement of international consultants.<\/li>\n<\/ul>\n<p data-path-to-node=\"5\"><b data-path-to-node=\"5\" data-index-in-node=\"0\">Phase II<\/b><\/p>\n<ul>\n<li data-path-to-node=\"6,0,0\">Situation analysis of national and regional education policies regarding youth social integration;<\/li>\n<li data-path-to-node=\"6,1,0\">Review of the situation and discussions within working groups, and the development of strategic outlines for specific proposals.<\/li>\n<\/ul>\n<p data-path-to-node=\"7\"><b data-path-to-node=\"7\" data-index-in-node=\"0\">Phase III<\/b><\/p>\n<ul>\n<li data-path-to-node=\"8,0,0\">Consultations between project developers and both international and Lithuanian experts;<\/li>\n<li data-path-to-node=\"8,1,0\">Review and detailing of the project proposal.<\/li>\n<\/ul>\n<p data-path-to-node=\"9\"><b data-path-to-node=\"9\" data-index-in-node=\"0\">Phase IV<\/b><\/p>\n<ul>\n<li data-path-to-node=\"10,0,0\">Internships\/Study visits for NGO representatives at partner organizations; experience sharing;<\/li>\n<li data-path-to-node=\"10,1,0\">Synthesis and presentation of the gained experience to all coalition partners.<\/li>\n<\/ul>\n<p data-path-to-node=\"11\"><b data-path-to-node=\"11\" data-index-in-node=\"0\">Phase V<\/b><\/p>\n<ul>\n<li data-path-to-node=\"12,0,0\">Preparation of a joint coalition project;<\/li>\n<li data-path-to-node=\"12,1,0\">Discussion and public presentation of the project to the educational community, the general public, education strategists, and policymakers;<\/li>\n<li data-path-to-node=\"12,2,0\">Dissemination of project ideas;<\/li>\n<li data-path-to-node=\"12,3,0\">Summary of mechanisms for influencing education policy, discussion of a pilot model for influencing public policy, and system development.<\/li>\n<\/ul>\n<p>[\/vc_column_text][vc_empty_space][vc_column_text]<\/p>\n<h6>PROJECT RESULTS<\/h6>\n<p>[\/vc_column_text][vc_separator type=&#8221;normal&#8221;][vc_column_text]The most significant outcome of the project is the establishment of the <strong>NGO Coalition &#8220;Jungtys&#8221;\/<\/strong><b data-path-to-node=\"2,0\" data-index-in-node=\"87\">Connections (since 2004 \u2013 Association &#8220;Naujos Jungtys&#8221;\/New Connections<\/b>.[\/vc_column_text][vc_empty_space][vc_column_text]<\/p>\n<h6>FUTURE PERSPECTIVES<\/h6>\n<p>[\/vc_column_text][vc_separator type=&#8221;normal&#8221;][vc_column_text]<\/p>\n<ul>\n<li>NGO representatives who have participated in the training program and gained experience in advocacy will be prepared to disseminate their expertise to other NGOs and informal interest groups.<\/li>\n<li>Educational NGOs will become active partners in the formation of education policy.<\/li>\n<li>An interest representation mechanism will be established, and a system for influencing public policy will be implemented<\/li>\n<\/ul>\n<p>[\/vc_column_text][vc_empty_space][vc_empty_space][vc_empty_space][\/vc_column][\/vc_row]<\/p>\n","protected":false},"excerpt":{"rendered":"<p>[vc_row css_animation=&#8221;&#8221; row_type=&#8221;row&#8221; use_row_as_full_screen_section=&#8221;yes&#8221; type=&#8221;grid&#8221; angled_section=&#8221;no&#8221; text_align=&#8221;left&#8221; background_image_as_pattern=&#8221;without_pattern&#8221; z_index=&#8221;&#8221; background_color=&#8221;#f7f7f7&#8243;][vc_column][vc_empty_space][vc_empty_space][vc_empty_space][vc_column_text] Building Advocacy Capacity for the Coalition of Educational NGOs [\/vc_column_text][vc_empty_space][vc_empty_space][\/vc_column][\/vc_row][vc_row css_animation=&#8221;&#8221; row_type=&#8221;row&#8221; use_row_as_full_screen_section=&#8221;yes&#8221; type=&#8221;grid&#8221; angled_section=&#8221;no&#8221; text_align=&#8221;left&#8221; background_image_as_pattern=&#8221;without_pattern&#8221; z_index=&#8221;&#8221;][vc_column width=&#8221;1\/2&#8243;][vc_empty_space][vc_empty_space][vc_single_image image=&#8221;15292&#8243; img_size=&#8221;medium&#8221; qode_css_animation=&#8221;&#8221;][vc_empty_space][vc_column_text]Project duration: 1 February 2002\u201330 May 2003 Project funder: Baltic American Partnership Programme Project&#8230;<\/p>\n","protected":false},"author":2,"featured_media":0,"parent":911,"menu_order":0,"comment_status":"closed","ping_status":"closed","template":"full_width.php","meta":{"footnotes":""},"class_list":["post-15269","page","type-page","status-publish","hentry"],"acf":[],"aioseo_notices":[],"_links":{"self":[{"href":"https:\/\/sdcentras.lt\/en\/wp-json\/wp\/v2\/pages\/15269","targetHints":{"allow":["GET"]}}],"collection":[{"href":"https:\/\/sdcentras.lt\/en\/wp-json\/wp\/v2\/pages"}],"about":[{"href":"https:\/\/sdcentras.lt\/en\/wp-json\/wp\/v2\/types\/page"}],"author":[{"embeddable":true,"href":"https:\/\/sdcentras.lt\/en\/wp-json\/wp\/v2\/users\/2"}],"replies":[{"embeddable":true,"href":"https:\/\/sdcentras.lt\/en\/wp-json\/wp\/v2\/comments?post=15269"}],"version-history":[{"count":8,"href":"https:\/\/sdcentras.lt\/en\/wp-json\/wp\/v2\/pages\/15269\/revisions"}],"predecessor-version":[{"id":15294,"href":"https:\/\/sdcentras.lt\/en\/wp-json\/wp\/v2\/pages\/15269\/revisions\/15294"}],"up":[{"embeddable":true,"href":"https:\/\/sdcentras.lt\/en\/wp-json\/wp\/v2\/pages\/911"}],"wp:attachment":[{"href":"https:\/\/sdcentras.lt\/en\/wp-json\/wp\/v2\/media?parent=15269"}],"curies":[{"name":"wp","href":"https:\/\/api.w.org\/{rel}","templated":true}]}}