{"id":15155,"date":"2026-04-12T08:32:22","date_gmt":"2026-04-12T06:32:22","guid":{"rendered":"https:\/\/sdcentras.lt\/projects\/reading-and-sharing\/"},"modified":"2026-04-12T08:55:23","modified_gmt":"2026-04-12T06:55:23","slug":"reading-and-sharing","status":"publish","type":"page","link":"https:\/\/sdcentras.lt\/en\/projects\/reading-and-sharing\/","title":{"rendered":"Reading and Sharing"},"content":{"rendered":"<p>[vc_row css_animation=&#8221;&#8221; row_type=&#8221;row&#8221; use_row_as_full_screen_section=&#8221;yes&#8221; type=&#8221;grid&#8221; angled_section=&#8221;no&#8221; text_align=&#8221;left&#8221; background_image_as_pattern=&#8221;without_pattern&#8221; z_index=&#8221;&#8221; background_color=&#8221;#f7f7f7&#8243;][vc_column][vc_empty_space][vc_empty_space][vc_empty_space][vc_column_text]<\/p>\n<h2 style=\"text-align: center;\">Reading and Sharing<\/h2>\n<p>[\/vc_column_text][vc_empty_space][vc_empty_space][\/vc_column][\/vc_row][vc_row css_animation=&#8221;&#8221; row_type=&#8221;row&#8221; use_row_as_full_screen_section=&#8221;yes&#8221; type=&#8221;grid&#8221; angled_section=&#8221;no&#8221; text_align=&#8221;left&#8221; background_image_as_pattern=&#8221;without_pattern&#8221; z_index=&#8221;&#8221;][vc_column width=&#8221;1\/2&#8243;][vc_empty_space][vc_empty_space][vc_column_text]<strong>Project duration:<\/strong> 2017<\/p>\n<p><strong>Project co-funders:<\/strong><\/p>\n<p>Ministry of Culture of the Republic of Lithuania<br \/>\nMinistry of Education and Science of the Republic of Lithuania<\/p>\n<p><strong>Project coordinator: <\/strong>Modern Didactics Centre (Lietuva)<\/p>\n<p><strong>Project partners:<\/strong><\/p>\n<p>Publishing house &#8220;Alma littera&#8221;<br \/>\nInstitute of Social Communication of Vilniaus Pedagogical University<br \/>\nTheatre laboratory &#8220;Atviras ratas&#8221;<br \/>\nLithuanian Parents Forum<\/p>\n<p>[\/vc_column_text][vc_empty_space][\/vc_column][vc_column width=&#8221;1\/2&#8243;][vc_empty_space][vc_empty_space][vc_single_image image=&#8221;15145&#8243; img_size=&#8221;large&#8221; qode_css_animation=&#8221;&#8221;][vc_column_text]<\/p>\n<p style=\"text-align: right;\">Discussions from the project\u00a0 final\u00a0event<\/p>\n<p>[\/vc_column_text][vc_empty_space][\/vc_column][\/vc_row][vc_row css_animation=&#8221;&#8221; row_type=&#8221;row&#8221; use_row_as_full_screen_section=&#8221;yes&#8221; type=&#8221;grid&#8221; angled_section=&#8221;no&#8221; text_align=&#8221;left&#8221; background_image_as_pattern=&#8221;without_pattern&#8221;][vc_column][vc_empty_space][vc_column_text]<\/p>\n<h6>PROJECT RELEVANCE<\/h6>\n<p>[\/vc_column_text][vc_separator type=&#8221;normal&#8221;][vc_column_text]<\/p>\n<p data-path-to-node=\"2\">The development of reading skills is vital for implementing the concept of lifelong learning. To succeed in various subjects and continue learning in the future, young people must become conscious, independent readers while still in school. They need to be capable of locating, selecting, and critically evaluating diverse texts, as well as reflecting on the information and ideas gained through reading. Effective reading occurs when information and ideas are transformed into new knowledge and understanding\u2014when one is able to make decisions or act differently based on the reading experience.<\/p>\n<p data-path-to-node=\"3\">The development of literacy skills, in the broadest sense, is an essential prerequisite for building a democratic civil society. By analyzing, interpreting, and evaluating various types of texts, students develop critical thinking skills. They recognize and examine the explicit and implicit intentions of different sources, identify positive values, assess the validity of expressed viewpoints, and learn to engage in reasoned debate. Discussions about texts foster a culture of dialogue: students learn to listen to others, respect differing opinions, acknowledge a diversity of perspectives, and defend their own views without compromising their own or others&#8217; dignity. This process nurtures responsibility for the truth, clarity, and precision of one\u2019s thoughts and statements, while creating reader communities whose culture of coexistence can serve as a model for healthy relationships within a democratic society.<\/p>\n<p data-path-to-node=\"4\">Recognizing the importance of reading skills for the individual, for society, and even for economic prosperity, many countries research reading motivation and achievement and invest in reading promotion programs. A 2005 sociological study in Lithuania, &#8220;The Scope, Direction, and Needs of Reading,&#8221; indicated that Lithuanian residents are not sufficiently motivated readers. Consequently, the Government approved a Reading Promotion Program for 2006\u20132011. The goal of this program is to increase the number of frequent readers across all age groups, thereby fostering creative, self-improving, critically thinking, and socially responsible individuals.<\/p>\n<p>[\/vc_column_text][vc_empty_space][\/vc_column][\/vc_row][vc_row css_animation=&#8221;&#8221; row_type=&#8221;row&#8221; use_row_as_full_screen_section=&#8221;yes&#8221; type=&#8221;grid&#8221; angled_section=&#8221;no&#8221; text_align=&#8221;left&#8221; background_image_as_pattern=&#8221;without_pattern&#8221;][vc_column][vc_column_text]<\/p>\n<h6>PROJECT AIM<\/h6>\n<p>[\/vc_column_text][vc_separator type=&#8221;normal&#8221;][vc_column_text]<\/p>\n<p>To develop critical thinking, intelligent, educated citizens that evaluate reading as personal and social skill.<\/p>\n<p>[\/vc_column_text][vc_empty_space][vc_column_text]<\/p>\n<h6>PROJECT OBJECTIVES<\/h6>\n<p>[\/vc_column_text][vc_separator type=&#8221;normal&#8221;][vc_column_text]<\/p>\n<ol>\n<li>To stress the importance of reading and information selection during seminars, discussions, meetings.<\/li>\n<li>To introduce to project participants with methods, strategies and opportunities of meaningful reading and critical thinking.<\/li>\n<li>To organize events, activities, meetings with writers, publishers in various educational and social institutions and thus promote the reading in various social groups.<\/li>\n<li>To prepare and publish the printed and video material for reading promotion strategies and to distribute it during workshops.<\/li>\n<\/ol>\n<p>[\/vc_column_text][vc_empty_space][vc_column_text]<\/p>\n<h6>PROJEKTO DALYVIAI<\/h6>\n<p>[\/vc_column_text][vc_separator type=&#8221;normal&#8221;][vc_column_text]<\/p>\n<p>The project was intended for students of general education schools, their parents, teachers, schools and communities, high school students.<\/p>\n<p>&nbsp;<\/p>\n<p>6 Lithuanian schools were involved into the project:<br \/>\nVilnius \u201cVyturys\u201d primary school<br \/>\nVilnius S. Daukantas secondary school<br \/>\nVilnius P. Vilei\u0161is basic school<br \/>\nContemporary School Centre<br \/>\nMol\u0117tai gymnasium<br \/>\nMa\u017eeikiai \u201c\u017dibur\u0117lis\u201d primary school<\/p>\n<p>&nbsp;<\/p>\n<p>In total there were over 300 people of all ages and social classes during the project participated in various campaigns, seminars and events<\/p>\n<p>[\/vc_column_text][vc_empty_space][vc_column_text]<\/p>\n<h6>PROJECT ACTIVITIES<\/h6>\n<p>[\/vc_column_text][vc_separator type=&#8221;normal&#8221;][vc_column_text]<\/p>\n<p><strong>Action &#8220;Reading together&#8221; for International Literacy Day, 7 September 2007<\/strong><br \/>\nThe main action took place in Vilnius Vyturys &#8220;primary school, Vilnius S. Daukantas secondary school, Vilnius P. Vilei\u0161is basic school, \u0160ilut\u0117 first gymnasium, Mazeikiai &#8220;\u017dibur\u0117lis&#8221; primary school, Mol\u0117tai gymnasium. Throughout the day in schools there were held book readings, discussions and books presentations, various forums, meetings with writers and representatives of publishing house &#8220;Alma littera. Students prepared and presented their writings, literary almanacs, books advertisements.<\/p>\n<p>&nbsp;<\/p>\n<p><strong>Reading seminars, September\u2013October 2007<\/strong><br \/>\nDuring the project period there were organized seminars &#8220;Reading workshop&#8221;, prepared in accordance with the international project &#8220;Reading and Writing for Critical Thinking&#8221; guidelines. Seminars, presenting a range of reading promotion techniques were intended for pupils, students and teachers of different subjects who shared the acquired knowledge with others, through reading promotion events in various educational and social institutions. There were organized 7 seminars that were attended by 30 students of secondary schools, 86 students of higher schools, 64 teachers, 15 lecturers. In total &#8211; 195 participants.<\/p>\n<p>&nbsp;<\/p>\n<p><strong>Social actions, September\u2013November 2007<\/strong><br \/>\nThe project actively engaged secondary and higher schools students not only to discovered reading again, but also to share their experience with others. On 7 September in Mol\u0117tai gymnasium was held the The Book Fair during which collected books were donated to Mol\u0117tai child care home. Students of Vilnius Pedagogical University Social Communication Institute visited pupils in kindergartens, child care homes, Vilnius Santarisk\u0117s children&#8217;s hospital oncology section, gave the books, red fairytales, talked, discussed not only about reading but also about other things that are important for children. Students of Vilnius Pedagogical University Social Communication Institute also organized a student&#8217;s reading promotion campaign in Vilnius, P. Vilei\u0161is secondary school.<\/p>\n<p>&nbsp;<\/p>\n<p><strong>The final event of the project, 27 November 2007<\/strong><br \/>\nThe event brought together the most active project participants sincerely and openly reflect on what reading means for us, our family members, friends and society in general. Over 70 people have participated in the event including representatives from all participating schools, project partners and sponsors.<\/p>\n<p>There were organised discussion &#8220;Reading: for and against&#8221; and these actual questions were raised:<br \/>\nIs the reading changing people? If so, how?<br \/>\nIs reading appreciated among school friends, family?<br \/>\nWhat is a good reader?<br \/>\nDo teachers (lecturers) learn to read?<br \/>\nSome of us likes to read, others \u2013 less, and others &#8211; do not like. Why is that?<br \/>\nWhat books like reading teachers, students, pupils?<br \/>\nDo they discuss their readings during lessons, with friends, family members?<br \/>\nWhat students could offer (if they would be presidents, ministers, directors of schools) for reading promotion?<\/p>\n<p>&nbsp;<\/p>\n<p>It was agreed that:<br \/>\nReading is fun, but very time intensive pleasure;<br \/>\nStudents would like to read more during the lessons and talk about it<br \/>\nReading is important for individual self-development<br \/>\nIt is fun to talk about reading with others.<\/p>\n<p>[\/vc_column_text][vc_empty_space][vc_column_text]<\/p>\n<h6>PROJECT INTELLECTUAL OUTPUTS<\/h6>\n<p>[\/vc_column_text][vc_separator type=&#8221;normal&#8221;][\/vc_column][\/vc_row][vc_row css_animation=&#8221;&#8221; row_type=&#8221;row&#8221; use_row_as_full_screen_section=&#8221;yes&#8221; type=&#8221;grid&#8221; angled_section=&#8221;no&#8221; text_align=&#8221;left&#8221; background_image_as_pattern=&#8221;without_pattern&#8221;][vc_column width=&#8221;1\/4&#8243;][vc_empty_space][vc_single_image image=&#8221;1017&#8243; img_size=&#8221;large&#8221; alignment=&#8221;right&#8221; style=&#8221;vc_box_shadow&#8221; qode_css_animation=&#8221;&#8221;][\/vc_column][vc_column width=&#8221;3\/4&#8243;][vc_empty_space][vc_column_text]<\/p>\n<h6>Effective Reading Strategies: Reading Workshop (2007)<\/h6>\n<p>&nbsp;<\/p>\n<p>This methodological resource, intended for teachers and classroom tutors, introduces a reading workshop strategy designed to foster conscious and motivated readers. The publication provides a detailed description of the workshop structure \u2013 comprising mini-lessons, reading sessions, discussions, and creative responses to texts \u2013 while offering specific examples and methods, such as the use of double-entry journals or literary letters. It emphasizes the importance of dedicated reading time, student choice, and emotional engagement with the content as key factors for effective literacy development. The material aims to transform school reading from a mandatory task into a meaningful tool for developing critical thinking and personal experience.<\/p>\n<p><strong>Download\u00a0<\/strong><a href=\"https:\/\/sdcentras.lt\/wp-content\/uploads\/Efektyvaus-skaitymo-strategijos.pdf\" target=\"_blank\" rel=\"noopener\"><strong>LT<\/strong><\/a>[\/vc_column_text][vc_empty_space][\/vc_column][\/vc_row][vc_row css_animation=&#8221;&#8221; row_type=&#8221;row&#8221; use_row_as_full_screen_section=&#8221;yes&#8221; type=&#8221;grid&#8221; angled_section=&#8221;no&#8221; text_align=&#8221;left&#8221; background_image_as_pattern=&#8221;without_pattern&#8221;][vc_column width=&#8221;1\/4&#8243;][vc_empty_space][vc_video link=&#8221;https:\/\/youtu.be\/AdSKHil6t0w&#8221;][vc_empty_space][\/vc_column][vc_column width=&#8221;3\/4&#8243;][vc_empty_space][vc_column_text]<\/p>\n<h6>Reading Workshop (2007)<\/h6>\n<p>&nbsp;<\/p>\n<p>Filmed methodological material for teachers and parents aimed at promoting children&#8217;s mindful reading. As reading is a fundamental learning tool, students must be taught to read thoughtfully rather than merely recognizing text mechanically. The workshop emphasizes three essential elements: sufficient time for reading, the opportunity to choose literature independently (personal control), and the chance to respond creatively to the content. The video also demonstrates practical classroom moments where children read, discuss, and present their thoughts. [\/vc_column_text][vc_empty_space][\/vc_column][\/vc_row][vc_row css_animation=&#8221;&#8221; row_type=&#8221;row&#8221; use_row_as_full_screen_section=&#8221;yes&#8221; type=&#8221;grid&#8221; angled_section=&#8221;no&#8221; text_align=&#8221;left&#8221; background_image_as_pattern=&#8221;without_pattern&#8221;][vc_column][vc_empty_space][vc_column_text]<\/p>\n<h6>PROJECT RESULTS<\/h6>\n<p>[\/vc_column_text][vc_separator type=&#8221;normal&#8221;][vc_column_text]<\/p>\n<ul>\n<li>Various reading events, organised during the project contributed to the reading promotion in our community.<\/li>\n<li>During reading seminars, classes and workshops reading strategies and reading promotion methods were introduced for teachers, pupils and students.<\/li>\n<li>It is expected that the project participants will assess the importance of reading, will learn for meaningful reading, using the methods that help to control the reading, critical thinking, and will look for ways to promote the reading of various social groups.<\/li>\n<\/ul>\n<p>[\/vc_column_text][vc_empty_space][vc_empty_space][vc_empty_space][\/vc_column][\/vc_row]<\/p>\n","protected":false},"excerpt":{"rendered":"<p>[vc_row css_animation=&#8221;&#8221; row_type=&#8221;row&#8221; use_row_as_full_screen_section=&#8221;yes&#8221; type=&#8221;grid&#8221; angled_section=&#8221;no&#8221; text_align=&#8221;left&#8221; background_image_as_pattern=&#8221;without_pattern&#8221; z_index=&#8221;&#8221; background_color=&#8221;#f7f7f7&#8243;][vc_column][vc_empty_space][vc_empty_space][vc_empty_space][vc_column_text] Reading and Sharing [\/vc_column_text][vc_empty_space][vc_empty_space][\/vc_column][\/vc_row][vc_row css_animation=&#8221;&#8221; row_type=&#8221;row&#8221; use_row_as_full_screen_section=&#8221;yes&#8221; type=&#8221;grid&#8221; angled_section=&#8221;no&#8221; text_align=&#8221;left&#8221; background_image_as_pattern=&#8221;without_pattern&#8221; z_index=&#8221;&#8221;][vc_column width=&#8221;1\/2&#8243;][vc_empty_space][vc_empty_space][vc_column_text]Project duration: 2017 Project co-funders: Ministry of Culture of the Republic of Lithuania Ministry of Education and Science of the Republic of Lithuania&#8230;<\/p>\n","protected":false},"author":2,"featured_media":0,"parent":911,"menu_order":0,"comment_status":"closed","ping_status":"closed","template":"full_width.php","meta":{"footnotes":""},"class_list":["post-15155","page","type-page","status-publish","hentry"],"acf":[],"aioseo_notices":[],"_links":{"self":[{"href":"https:\/\/sdcentras.lt\/en\/wp-json\/wp\/v2\/pages\/15155","targetHints":{"allow":["GET"]}}],"collection":[{"href":"https:\/\/sdcentras.lt\/en\/wp-json\/wp\/v2\/pages"}],"about":[{"href":"https:\/\/sdcentras.lt\/en\/wp-json\/wp\/v2\/types\/page"}],"author":[{"embeddable":true,"href":"https:\/\/sdcentras.lt\/en\/wp-json\/wp\/v2\/users\/2"}],"replies":[{"embeddable":true,"href":"https:\/\/sdcentras.lt\/en\/wp-json\/wp\/v2\/comments?post=15155"}],"version-history":[{"count":3,"href":"https:\/\/sdcentras.lt\/en\/wp-json\/wp\/v2\/pages\/15155\/revisions"}],"predecessor-version":[{"id":15162,"href":"https:\/\/sdcentras.lt\/en\/wp-json\/wp\/v2\/pages\/15155\/revisions\/15162"}],"up":[{"embeddable":true,"href":"https:\/\/sdcentras.lt\/en\/wp-json\/wp\/v2\/pages\/911"}],"wp:attachment":[{"href":"https:\/\/sdcentras.lt\/en\/wp-json\/wp\/v2\/media?parent=15155"}],"curies":[{"name":"wp","href":"https:\/\/api.w.org\/{rel}","templated":true}]}}