{"id":14847,"date":"2026-04-02T13:04:34","date_gmt":"2026-04-02T11:04:34","guid":{"rendered":"https:\/\/sdcentras.lt\/projects\/cremole-create-motivate-learn\/"},"modified":"2026-04-02T15:37:29","modified_gmt":"2026-04-02T13:37:29","slug":"cremole-create-motivate-learn","status":"publish","type":"page","link":"https:\/\/sdcentras.lt\/en\/projects\/cremole-create-motivate-learn\/","title":{"rendered":"CreMoLe: Create \u2013 Motivate \u2013 Learn"},"content":{"rendered":"<p>[vc_row css_animation=&#8221;&#8221; row_type=&#8221;row&#8221; use_row_as_full_screen_section=&#8221;yes&#8221; type=&#8221;grid&#8221; angled_section=&#8221;no&#8221; text_align=&#8221;left&#8221; background_image_as_pattern=&#8221;without_pattern&#8221; z_index=&#8221;&#8221; background_color=&#8221;#f7f7f7&#8243;][vc_column][vc_empty_space][vc_empty_space][vc_empty_space][vc_column_text]<\/p>\n<h2 style=\"text-align: center;\">CreMoLe: Create \u2013 Motivate \u2013 Learn<\/h2>\n<p>[\/vc_column_text][vc_empty_space][vc_empty_space][\/vc_column][\/vc_row][vc_row css_animation=&#8221;&#8221; row_type=&#8221;row&#8221; use_row_as_full_screen_section=&#8221;yes&#8221; type=&#8221;grid&#8221; angled_section=&#8221;no&#8221; text_align=&#8221;left&#8221; background_image_as_pattern=&#8221;without_pattern&#8221; z_index=&#8221;&#8221;][vc_column width=&#8221;1\/2&#8243;][vc_empty_space][vc_empty_space][vc_single_image image=&#8221;14826&#8243; img_size=&#8221;medium&#8221; qode_css_animation=&#8221;&#8221;][vc_empty_space][vc_column_text]<strong>Projecto No.<\/strong> 502374-LLP-1-2009-1-RO-GRUNDTVIG-GMP<\/p>\n<p><strong>Project duration:<\/strong> 2009\u20132011<\/p>\n<p><strong>Project co-funder:<\/strong> European Commision Grundtvig programme<\/p>\n<p><strong>Project coordinator: <\/strong>Reading and Writing for Critical Thinking International Consortium (Rumania)<\/p>\n<p><strong>Project partners:<\/strong><\/p>\n<p>\u0160iuolaikini\u0173 didaktik\u0173 centras (Lithuania)<br \/>\nBerufsforderungsinstitut Steiermark (Austria)<br \/>\nIberika Sprachschule (Germany)<br \/>\nTh\u00fcringer Volkshochschulverband e.V. (Germany)<br \/>\nInstituto de Formacion Integral S.L.U. (Spain)<br \/>\nCentro Studi et Initiative Europeo (Italy)<br \/>\nEducation Development Center (Latvia)<br \/>\nOrava Association for Democratic Education (Slovakia)<\/p>\n<p>Non-formal partner:<br \/>\nARIADNE Hess (Switzerland)[\/vc_column_text][vc_empty_space][\/vc_column][vc_column width=&#8221;1\/2&#8243;][vc_empty_space][vc_empty_space][vc_single_image image=&#8221;14824&#8243; img_size=&#8221;large&#8221; qode_css_animation=&#8221;&#8221;][vc_column_text]<\/p>\n<p style=\"text-align: right;\">Project trainings in Bratislava<\/p>\n<p>[\/vc_column_text][vc_empty_space][\/vc_column][\/vc_row][vc_row css_animation=&#8221;&#8221; row_type=&#8221;row&#8221; use_row_as_full_screen_section=&#8221;yes&#8221; type=&#8221;grid&#8221; angled_section=&#8221;no&#8221; text_align=&#8221;left&#8221; background_image_as_pattern=&#8221;without_pattern&#8221;][vc_column][vc_empty_space][vc_column_text]<\/p>\n<h6>PROJECT RELEVANCE<\/h6>\n<p>[\/vc_column_text][vc_separator type=&#8221;normal&#8221;][vc_column_text]In the 21st century, individuals should be able to cope with constant changes. Our rapidly changing world causes a large share of its population to be forced into new and challenging working environments, which call for new skills and attitudes. In many European countries, teaching has been geared towards preparing individuals to become lifelong learners by helping them develop learning skills as early as in primary school. Some EU member states&#8217; educational systems are more advanced in implementing an engaging style of teaching and in supporting the development of learning skills, including in the case of adult education, while other systems lag far behind. The proponents of the present project, a wide partnership of Eastern, Central and Western European adult education organizations, aim to identify key factors related to motivating participation and persistence in LLL processes of a wide range of adult learners.<\/p>\n<p>&nbsp;<\/p>\n<p>We plan to carry out a survey of adult educators and learners, and collect a set of best practices in adult education to widely share with adult educators. Building on the existing good practices, we will develop innovative approaches to teaching adults, relying on a constructivist framework for learning, and pilot them in our countries; a guidebook including the innovative approaches will be published, and a Grundtvig training course will be developed.<\/p>\n<p>&nbsp;<\/p>\n<p>In sum, educators will be provided with creative and critical thinking strategies to use in a variety of adult learning contexts; learning will be made more accessible for adults, and their motivation for lifelong learning will be enhanced. The workshops will provide adult educators direct experience of the innovative practices. We expect to make an important contribution to the more successful learning of European adults, and to the overall improvement of their learning skills. The collection of best practices and the guidebook sharing innovative teaching strategies will be produced in five languages.[\/vc_column_text][vc_empty_space][\/vc_column][\/vc_row][vc_row css_animation=&#8221;&#8221; row_type=&#8221;row&#8221; use_row_as_full_screen_section=&#8221;yes&#8221; type=&#8221;grid&#8221; angled_section=&#8221;no&#8221; text_align=&#8221;left&#8221; background_image_as_pattern=&#8221;without_pattern&#8221;][vc_column][vc_empty_space][vc_column_text]<\/p>\n<h6>PROJEKTO TIKSLAI<\/h6>\n<p>[\/vc_column_text][vc_separator type=&#8221;normal&#8221;][vc_column_text]<\/p>\n<ul>\n<li>Contribute to the development of high-quality lifelong education.<\/li>\n<li>Develop innovative strategies for the professional development of adult educators, with the aim of strengthening adults\u2019 motivation to learn and their active participation in the lifelong learning process.<\/li>\n<li>Promote self-actualization, competitiveness, employment, and entrepreneurship through innovative teaching strategies.<\/li>\n<li>To foster closer and more effective cooperation among organizations active in the field of adult education.<\/li>\n<li>To promote the inclusion of low-motivated individuals and those from socially vulnerable groups in the lifelong learning process..<\/li>\n<\/ul>\n<p>[\/vc_column_text][vc_empty_space][vc_column_text]<\/p>\n<h6>PROJECT OBJECTIVES<\/h6>\n<p>[\/vc_column_text][vc_separator type=&#8221;normal&#8221;][vc_column_text]<\/p>\n<ol>\n<li>To motivate adults\u2019 participation and persistence in LLL processes.<\/li>\n<li>To compile a set of creative and critical thinking strategies to be used by adult educators to more successfully motivate adults to participate in LLL processes.<\/li>\n<li>\u00a0To improve teaching competences of adult-teachers\/tutors.<\/li>\n<li>To improve the content and delivery of adult education.<\/li>\n<li>To improve the accessibility of learning opportunities for adults.<\/li>\n<li>To enhance the adults\u2019 motivation for lifelong learning.<\/li>\n<li>To provide trainers\/ tutors the opportunity to share experiences and practices from the participating countries.<\/li>\n<li>\u00a0to work together with European colleagues to improve participation in Lifelong learning.<\/li>\n<\/ol>\n<p>[\/vc_column_text][vc_empty_space][vc_column_text]<\/p>\n<h6>PROJECT TARGET GROUPS<\/h6>\n<p>[\/vc_column_text][vc_separator type=&#8221;normal&#8221;][vc_column_text]Adult educators from 9 EU countries (Romania, Lithuania, Latvia, Austria, Germany, Italy, Spain, Slovakia, Switzerland).[\/vc_column_text][vc_empty_space][vc_column_text]<\/p>\n<h6>PROJECT INTELLECTUAL OUTPUTS<\/h6>\n<p>[\/vc_column_text][vc_separator type=&#8221;normal&#8221;][vc_column_text]<\/p>\n<h6>Best Practices of Training Methodologies and Learning Techniques in Adult Education. <span style=\"font-size: 10.72px;\">Survey Report<\/span><\/h6>\n<p>&nbsp;<\/p>\n<p>The project partners shared their accumulated experience working with various groups of adults, examined adult education practices, and analyzed best practices in adult education from European Union countries. A survey of adult education providers and learners in the project countries was conducted to collect best practices in adult education related to teaching methodologies and learning strategies. Twenty examples of good practice were selected and presented in a separate publication; the selection methodology was discussed, and a comparison of the examples of good practice was provided.<\/p>\n<p><strong><a href=\"https:\/\/sdcentras.lt\/wp-content\/uploads\/Cremole-Survey-report.pdf\" target=\"_blank\" rel=\"noopener\">Download<\/a><\/strong>[\/vc_column_text][\/vc_column][\/vc_row][vc_row css_animation=&#8221;&#8221; row_type=&#8221;row&#8221; use_row_as_full_screen_section=&#8221;yes&#8221; type=&#8221;grid&#8221; angled_section=&#8221;no&#8221; text_align=&#8221;left&#8221; background_image_as_pattern=&#8221;without_pattern&#8221;][vc_column width=&#8221;1\/4&#8243;][vc_empty_space][vc_single_image image=&#8221;14859&#8243; img_size=&#8221;large&#8221; alignment=&#8221;right&#8221; style=&#8221;vc_box_shadow&#8221; qode_css_animation=&#8221;&#8221;][\/vc_column][vc_column width=&#8221;3\/4&#8243;][vc_empty_space][vc_column_text]<\/p>\n<h6>Motivating Adult Learners\u2019 Participation and Persistence in Lifelong Learning Processes. Training Methodologies and Learning Techniques in Adult Education \u2013 a Collection of Best Practices (2010).<\/h6>\n<p>&nbsp;<\/p>\n<p>The best practice examples presented in this publication are based on the experience of the project partners and a systematic review of nine European countries: Austria, Germany, Italy, Latvia, Lithuania, Romania, Slovakia, Spain, and Switzerland. Project partners from these countries examined various adult education programs and courses developed and organized by different adult education providers for various adult groups. Forty examples of training programs were reviewed, analyzed, and evaluated. From these, 16 of the most innovative and motivating programs were selected, suitable for adaptation in other countries. This publication is intended for adult education providers, adult educators, and instructors seeking to motivate learners in the lifelong learning process.<\/p>\n<p><strong>Download<\/strong> <a href=\"https:\/\/sdcentras.lt\/wp-content\/uploads\/Cremole-Geriausios-praktikos.pdf\" target=\"_blank\" rel=\"noopener\">LT<\/a>, <a href=\"https:\/\/sdcentras.lt\/wp-content\/uploads\/Cremole-Best-practices.pdf\" target=\"_blank\" rel=\"noopener\">EN<\/a>[\/vc_column_text][vc_empty_space][\/vc_column][\/vc_row][vc_row css_animation=&#8221;&#8221; row_type=&#8221;row&#8221; use_row_as_full_screen_section=&#8221;yes&#8221; type=&#8221;grid&#8221; angled_section=&#8221;no&#8221; text_align=&#8221;left&#8221; background_image_as_pattern=&#8221;without_pattern&#8221;][vc_column width=&#8221;1\/4&#8243;][vc_empty_space][vc_single_image image=&#8221;14857&#8243; img_size=&#8221;large&#8221; alignment=&#8221;right&#8221; style=&#8221;vc_box_shadow&#8221; qode_css_animation=&#8221;&#8221;][\/vc_column][vc_column width=&#8221;3\/4&#8243;][vc_empty_space][vc_column_text]<\/p>\n<h6>Innovative Ways for Motivating Adults for Learning. Guidebook (2011)<\/h6>\n<p>&nbsp;<\/p>\n<p>The guide consists of two parts. The first, introductory part describes the project itself and its partnership, and provides basic information about the project. The second part provides a definition of \u201cinnovative strategies\u201d\u2014as understood by the project partners and the guide\u2019s authors\u2014and offers a systematic and detailed description of the innovative strategies that, in the project partners\u2019 view, foster adult motivation to learn; it includes key information, specific examples, feedback received from training participants, and recommendations for those wishing to apply or adapt specific strategies. The appendices contain additional references and resources (texts, questions, etc.). The methods, strategies, and activities described here can be used in both formal and non-formal education settings. Some strategies may be adapted for use with children, adolescents, school teachers, or parents. The guide offers tried-and-true ideas designed to motivate learning. The guide may also be useful for organizations that develop vocational training programs and activities for adult educators seeking to improve and enhance the quality of their services.<\/p>\n<p><strong>Download<\/strong> <a href=\"https:\/\/sdcentras.lt\/wp-content\/uploads\/Cremole-Vadovas.pdf\" target=\"_blank\" rel=\"noopener\">LT<\/a>, <a href=\"https:\/\/sdcentras.lt\/wp-content\/uploads\/Cremole-Guidebook.pdf\" target=\"_blank\" rel=\"noopener\">EN<\/a>[\/vc_column_text][vc_empty_space][\/vc_column][\/vc_row][vc_row css_animation=&#8221;&#8221; row_type=&#8221;row&#8221; use_row_as_full_screen_section=&#8221;yes&#8221; type=&#8221;grid&#8221; angled_section=&#8221;no&#8221; text_align=&#8221;left&#8221; background_image_as_pattern=&#8221;without_pattern&#8221;][vc_column][vc_empty_space][vc_column_text]<\/p>\n<h6>PROJECT RESULTS<\/h6>\n<p>[\/vc_column_text][vc_separator type=&#8221;normal&#8221;][vc_column_text]<\/p>\n<ul>\n<li>A collection of best learning practices and a guide presenting innovative teaching strategies were developed.<\/li>\n<li>A Grundtvig training course was developed.<\/li>\n<li>Experiences were shared using creative and critical thinking strategies and by motivating adults to participate in the lifelong learning process.<\/li>\n<li>It is expected that this project has contributed to more successful adult learning in Europe. The proposed strategies for fostering creative and critical thinking can be applied in various adult learning contexts, situations, geographical areas, and cultures.<\/li>\n<\/ul>\n<p>[\/vc_column_text][vc_empty_space][vc_column_text]<\/p>\n<h6>PROJECT DISSEMINATION<\/h6>\n<p>[\/vc_column_text][vc_separator type=&#8221;normal&#8221;][vc_column_text]<a href=\"https:\/\/sdcentras.lt\/wp-content\/uploads\/Cremole-Newsletter-1.pdf\" target=\"_blank\" rel=\"noopener\">Newsletter No. 1<\/a><\/p>\n<p><a href=\"https:\/\/sdcentras.lt\/wp-content\/uploads\/Cremole-Newsletter-2.pdf\" target=\"_blank\" rel=\"noopener\">Newsletter No. 2<\/a>[\/vc_column_text][vc_empty_space][\/vc_column][\/vc_row][vc_row css_animation=&#8221;&#8221; row_type=&#8221;row&#8221; use_row_as_full_screen_section=&#8221;yes&#8221; type=&#8221;grid&#8221; angled_section=&#8221;no&#8221; text_align=&#8221;left&#8221; background_image_as_pattern=&#8221;without_pattern&#8221; z_index=&#8221;&#8221; background_color=&#8221;#f7f7f7&#8243;][vc_column width=&#8221;1\/4&#8243;][vc_empty_space][vc_empty_space][vc_single_image image=&#8221;12610&#8243; img_size=&#8221;medium&#8221; qode_css_animation=&#8221;&#8221;][vc_empty_space][vc_empty_space][\/vc_column][vc_column width=&#8221;3\/4&#8243;][vc_empty_space][vc_empty_space][vc_column_text]<\/p>\n<p style=\"text-align: left;\">Funded by the European Union. Views and opinions expressed are however those of the author(s) only and do not necessarily reflect those of the European Union or the National Agency. Neither the European Union nor National Agency can be held responsible for them.<\/p>\n<p>[\/vc_column_text][vc_empty_space][vc_empty_space][\/vc_column][\/vc_row]<\/p>\n","protected":false},"excerpt":{"rendered":"<p>[vc_row css_animation=&#8221;&#8221; row_type=&#8221;row&#8221; use_row_as_full_screen_section=&#8221;yes&#8221; type=&#8221;grid&#8221; angled_section=&#8221;no&#8221; text_align=&#8221;left&#8221; background_image_as_pattern=&#8221;without_pattern&#8221; z_index=&#8221;&#8221; background_color=&#8221;#f7f7f7&#8243;][vc_column][vc_empty_space][vc_empty_space][vc_empty_space][vc_column_text] CreMoLe: Create \u2013 Motivate \u2013 Learn [\/vc_column_text][vc_empty_space][vc_empty_space][\/vc_column][\/vc_row][vc_row css_animation=&#8221;&#8221; row_type=&#8221;row&#8221; use_row_as_full_screen_section=&#8221;yes&#8221; type=&#8221;grid&#8221; angled_section=&#8221;no&#8221; text_align=&#8221;left&#8221; background_image_as_pattern=&#8221;without_pattern&#8221; z_index=&#8221;&#8221;][vc_column width=&#8221;1\/2&#8243;][vc_empty_space][vc_empty_space][vc_single_image image=&#8221;14826&#8243; img_size=&#8221;medium&#8221; qode_css_animation=&#8221;&#8221;][vc_empty_space][vc_column_text]Projecto No. 502374-LLP-1-2009-1-RO-GRUNDTVIG-GMP Project duration: 2009\u20132011 Project co-funder: European Commision Grundtvig programme Project coordinator: Reading and Writing&#8230;<\/p>\n","protected":false},"author":2,"featured_media":0,"parent":911,"menu_order":0,"comment_status":"closed","ping_status":"closed","template":"full_width.php","meta":{"footnotes":""},"class_list":["post-14847","page","type-page","status-publish","hentry"],"acf":[],"aioseo_notices":[],"_links":{"self":[{"href":"https:\/\/sdcentras.lt\/en\/wp-json\/wp\/v2\/pages\/14847","targetHints":{"allow":["GET"]}}],"collection":[{"href":"https:\/\/sdcentras.lt\/en\/wp-json\/wp\/v2\/pages"}],"about":[{"href":"https:\/\/sdcentras.lt\/en\/wp-json\/wp\/v2\/types\/page"}],"author":[{"embeddable":true,"href":"https:\/\/sdcentras.lt\/en\/wp-json\/wp\/v2\/users\/2"}],"replies":[{"embeddable":true,"href":"https:\/\/sdcentras.lt\/en\/wp-json\/wp\/v2\/comments?post=14847"}],"version-history":[{"count":6,"href":"https:\/\/sdcentras.lt\/en\/wp-json\/wp\/v2\/pages\/14847\/revisions"}],"predecessor-version":[{"id":14863,"href":"https:\/\/sdcentras.lt\/en\/wp-json\/wp\/v2\/pages\/14847\/revisions\/14863"}],"up":[{"embeddable":true,"href":"https:\/\/sdcentras.lt\/en\/wp-json\/wp\/v2\/pages\/911"}],"wp:attachment":[{"href":"https:\/\/sdcentras.lt\/en\/wp-json\/wp\/v2\/media?parent=14847"}],"curies":[{"name":"wp","href":"https:\/\/api.w.org\/{rel}","templated":true}]}}