{"id":14763,"date":"2026-03-25T17:59:13","date_gmt":"2026-03-25T15:59:13","guid":{"rendered":"https:\/\/sdcentras.lt\/projects\/university-didactics\/"},"modified":"2026-03-25T18:13:43","modified_gmt":"2026-03-25T16:13:43","slug":"university-didactics","status":"publish","type":"page","link":"https:\/\/sdcentras.lt\/en\/projects\/university-didactics\/","title":{"rendered":"University Didactics"},"content":{"rendered":"<p>[vc_row css_animation=&#8221;&#8221; row_type=&#8221;row&#8221; use_row_as_full_screen_section=&#8221;yes&#8221; type=&#8221;grid&#8221; angled_section=&#8221;no&#8221; text_align=&#8221;left&#8221; background_image_as_pattern=&#8221;without_pattern&#8221; z_index=&#8221;&#8221; background_color=&#8221;#f7f7f7&#8243;][vc_column][vc_empty_space css=&#8221;.vc_custom_1772102206680{background-color: #f7f7f7 !important;}&#8221;][vc_empty_space][vc_empty_space][vc_column_text]<\/p>\n<h2 style=\"text-align: center;\">University Didactics<\/h2>\n<p>[\/vc_column_text][vc_empty_space][vc_empty_space][\/vc_column][\/vc_row][vc_row css_animation=&#8221;&#8221; row_type=&#8221;row&#8221; use_row_as_full_screen_section=&#8221;yes&#8221; type=&#8221;grid&#8221; angled_section=&#8221;no&#8221; text_align=&#8221;left&#8221; background_image_as_pattern=&#8221;without_pattern&#8221; z_index=&#8221;&#8221;][vc_column width=&#8221;1\/2&#8243;][vc_empty_space][vc_empty_space][vc_column_text]<\/p>\n<p><strong>Project duration:<\/strong> 2000\u20132001<\/p>\n<p><strong>Project funded by <\/strong>Open Society Fund-Lithuania<\/p>\n<p><strong>Project coordinator: <\/strong>\u0160iuolaikini\u0173 didaktik\u0173 centras<\/p>\n<p>[\/vc_column_text][vc_empty_space][\/vc_column][vc_column width=&#8221;1\/2&#8243;][vc_empty_space][vc_empty_space][vc_single_image image=&#8221;14744&#8243; img_size=&#8221;large&#8221; qode_css_animation=&#8221;&#8221;][vc_column_text]<\/p>\n<p style=\"text-align: right;\">Project participants with prof. T. Kozma<\/p>\n<p>[\/vc_column_text][vc_empty_space][\/vc_column][\/vc_row][vc_row css_animation=&#8221;&#8221; row_type=&#8221;row&#8221; use_row_as_full_screen_section=&#8221;yes&#8221; type=&#8221;grid&#8221; angled_section=&#8221;no&#8221; text_align=&#8221;left&#8221; background_image_as_pattern=&#8221;without_pattern&#8221;][vc_column][vc_empty_space][vc_column_text]<\/p>\n<h6>PROJECT RELEVANCE<\/h6>\n<p>[\/vc_column_text][vc_separator type=&#8221;normal&#8221;][vc_column_text]<\/p>\n<p>In today\u2019s professional field, a creative methodology that integrates artistic and philosophical concepts to enhance problem-solving and communication is highly relevant:<\/p>\n<ul>\n<li>The job market demands professionals with innovative problem-solving skills.<\/li>\n<li>Trainers in the arts, philosophy and communication need structured Visual Thinking resources.<\/li>\n<li>The project provides new methodologies for effective and engaging education.[\/vc_column_text][vc_empty_space][vc_column_text]<\/li>\n<\/ul>\n<h6>PROJECT AIM<\/h6>\n<p>[\/vc_column_text][vc_separator type=&#8221;normal&#8221;][vc_column_text]To improve the quality of teaching at the universities, organizing dissemination of modern teaching methods, encouraging doctoral students and beginners lecturers to share information and experience of working with students.[\/vc_column_text][vc_empty_space][vc_column_text]<\/p>\n<h6>PROJECT OBJECTIVES<\/h6>\n<p>[\/vc_column_text][vc_separator type=&#8221;normal&#8221;][vc_column_text]<\/p>\n<ol>\n<li>To help doctoral students and beginners lecturers to prepare for work with the students.<\/li>\n<li>To come to agreement with the administrations of the organizations of the participants on introducing the \u201cUniversity Didactic\u201d course as an obligatory course for doctoral students.<\/li>\n<li>To help project participants to collect methodical materials and prepare notes for the lesson \u201cIntroduction into University Didactic\u201d.<\/li>\n<\/ol>\n<p>[\/vc_column_text][vc_empty_space][vc_column_text]<\/p>\n<h6>PROJEKTO DALYVIAI<\/h6>\n<p>[\/vc_column_text][vc_separator type=&#8221;normal&#8221;][vc_column_text]70 representatives of Lithuania universities took part in the project.<br \/>\nDoctoral students and lecturers from these universities participated in the project:<br \/>\nVilnius University<br \/>\nVilnius Pedagogical University<br \/>\nVilnius Gediminas Technical University<br \/>\nVilnius college<br \/>\nKaunas Vytautas Magnum University<br \/>\nLithuanian Music Academy<br \/>\nSiauliai University<br \/>\nKlaipeda University<br \/>\nLithuanian University of Law<br \/>\nLithuanian Military Academy.[\/vc_column_text][vc_empty_space][vc_column_text]<\/p>\n<h6>PROJECT ACTIVITIES<\/h6>\n<p>[\/vc_column_text][vc_separator type=&#8221;normal&#8221;][vc_column_text]<\/p>\n<p>11 January 2001<br \/>\nLecture &#8220;Theories, Research and Practice of Education&#8221; \/ Lecturer \u2013 Prof. David Bridges (East Anglia University, UK).<\/p>\n<p>&nbsp;<\/p>\n<p>12 January 2001<br \/>\nPresentation of the publication &#8220;University Didactic&#8221; and discussions with the authors \/ Moderator \u2013 Nijole Lomaniene (Vilnius University, Lithuania).<\/p>\n<p>&nbsp;<\/p>\n<p>26 February\u20131 March 2001<br \/>\nSeminar &#8220;Problem Based Learning&#8221; \/ lecturer &#8211; Prof. Tamas Kozma (Debrecen University, Hungary).<\/p>\n<p>&nbsp;<\/p>\n<p>30 April\u20133 May 2001<br \/>\nSeminar &#8220;Researching and Monitoring Student satisfaction&#8221; \/ Lecturer \u2013 Prof. Tamas Kozma (Debrecen University, Hungary).<\/p>\n<p>&nbsp;<\/p>\n<p>9\u201312 June 2001<br \/>\nSeminar &#8220;High Education as Adult Learning&#8221; \/ Lecturer \u2013 Prof. Tamas Kozma (Debrecen University, Hungary).<\/p>\n<p>&nbsp;<\/p>\n<p>10\u201311 October 2001<br \/>\nSeminar &#8220;Active Learning Methods at University&#8221; \/ lecturers: Daiva Penkauskiene, dr. Valdone Indrasiene (Modern Didactic Center, Lithuania)<\/p>\n<p>&nbsp;<\/p>\n<p>10\u201311 December 2001<br \/>\nSeminar &#8220;Evaluation Portfolio and Evaluation Criteria: Tool of Self Assessment and Evaluation&#8221; \/ Lecturer \u2013 Katerina Kubesova (Charles University, Czech Republic).<\/p>\n<p>[\/vc_column_text][vc_empty_space][vc_column_text]<\/p>\n<h6>PROJECT RESULTS<\/h6>\n<p>[\/vc_column_text][vc_separator type=&#8221;normal&#8221;][vc_column_text]<\/p>\n<p>The project has been modified in the process of implementation taking into account needs and expectations of the participants, so just part of the objectives had been achieved.<\/p>\n<p>While forming the group of the participants, representatives delegated by the universities had been invited and they committed to keep contacts with the administration of their institutions in the process of preparing the &#8220;University didactic&#8221; course. However, the delegated people either did not participate at all, or they participated only in solitary seminars, so communication with administration of the universities was not successful.<\/p>\n<p>The most active participants were those who learned about the project from their colleagues and expressed their willingness to participate. The main need of the participants was not representing their institutions, not preparing the course for their universities, but new knowledge and skills, i.e. their own professional development. The participants of the seminars not only made their notes, but they also received written in shorthand materials and directions of the sources which might help prepare plan of the introductory course.<\/p>\n<p>Since the motivation of the participants has changed, the project had no direct influence on the universities. That\u2019s why it is not clear if administration of the universities will be willing to include the course into curriculum, despite of the fact that a few of them (Lithuanian Academy of Law, Klaipeda University, Siauliai University) confirmed their intentions in written form.<\/p>\n<p>The organizers of the project consider the project to be a success, because it met the needs of the participants and showed that seminars of such mind are necessary for the lecturers of the universities. Modern Didactics Center managed to unite doctoral students and lecturers of the universities interested in the problems of university didactic and are open for further communication and cooperation.<\/p>\n<p>&nbsp;<\/p>\n<p>[\/vc_column_text][vc_empty_space][\/vc_column][\/vc_row]<\/p>\n","protected":false},"excerpt":{"rendered":"<p>[vc_row css_animation=&#8221;&#8221; row_type=&#8221;row&#8221; use_row_as_full_screen_section=&#8221;yes&#8221; type=&#8221;grid&#8221; angled_section=&#8221;no&#8221; text_align=&#8221;left&#8221; background_image_as_pattern=&#8221;without_pattern&#8221; z_index=&#8221;&#8221; background_color=&#8221;#f7f7f7&#8243;][vc_column][vc_empty_space css=&#8221;.vc_custom_1772102206680{background-color: #f7f7f7 !important;}&#8221;][vc_empty_space][vc_empty_space][vc_column_text] University Didactics [\/vc_column_text][vc_empty_space][vc_empty_space][\/vc_column][\/vc_row][vc_row css_animation=&#8221;&#8221; row_type=&#8221;row&#8221; use_row_as_full_screen_section=&#8221;yes&#8221; type=&#8221;grid&#8221; angled_section=&#8221;no&#8221; text_align=&#8221;left&#8221; background_image_as_pattern=&#8221;without_pattern&#8221; z_index=&#8221;&#8221;][vc_column width=&#8221;1\/2&#8243;][vc_empty_space][vc_empty_space][vc_column_text] Project duration: 2000\u20132001 Project funded by Open Society Fund-Lithuania Project coordinator: \u0160iuolaikini\u0173 didaktik\u0173 centras [\/vc_column_text][vc_empty_space][\/vc_column][vc_column width=&#8221;1\/2&#8243;][vc_empty_space][vc_empty_space][vc_single_image image=&#8221;14744&#8243; img_size=&#8221;large&#8221; qode_css_animation=&#8221;&#8221;][vc_column_text] Project&#8230;<\/p>\n","protected":false},"author":2,"featured_media":0,"parent":911,"menu_order":0,"comment_status":"closed","ping_status":"closed","template":"full_width.php","meta":{"footnotes":""},"class_list":["post-14763","page","type-page","status-publish","hentry"],"acf":[],"aioseo_notices":[],"_links":{"self":[{"href":"https:\/\/sdcentras.lt\/en\/wp-json\/wp\/v2\/pages\/14763","targetHints":{"allow":["GET"]}}],"collection":[{"href":"https:\/\/sdcentras.lt\/en\/wp-json\/wp\/v2\/pages"}],"about":[{"href":"https:\/\/sdcentras.lt\/en\/wp-json\/wp\/v2\/types\/page"}],"author":[{"embeddable":true,"href":"https:\/\/sdcentras.lt\/en\/wp-json\/wp\/v2\/users\/2"}],"replies":[{"embeddable":true,"href":"https:\/\/sdcentras.lt\/en\/wp-json\/wp\/v2\/comments?post=14763"}],"version-history":[{"count":2,"href":"https:\/\/sdcentras.lt\/en\/wp-json\/wp\/v2\/pages\/14763\/revisions"}],"predecessor-version":[{"id":14766,"href":"https:\/\/sdcentras.lt\/en\/wp-json\/wp\/v2\/pages\/14763\/revisions\/14766"}],"up":[{"embeddable":true,"href":"https:\/\/sdcentras.lt\/en\/wp-json\/wp\/v2\/pages\/911"}],"wp:attachment":[{"href":"https:\/\/sdcentras.lt\/en\/wp-json\/wp\/v2\/media?parent=14763"}],"curies":[{"name":"wp","href":"https:\/\/api.w.org\/{rel}","templated":true}]}}