{"id":14700,"date":"2026-03-20T23:41:35","date_gmt":"2026-03-20T21:41:35","guid":{"rendered":"https:\/\/sdcentras.lt\/projects\/critical-thinking-development-in-higher-education\/"},"modified":"2026-03-24T14:16:31","modified_gmt":"2026-03-24T12:16:31","slug":"critical-thinking-development-in-higher-education","status":"publish","type":"page","link":"https:\/\/sdcentras.lt\/en\/projects\/critical-thinking-development-in-higher-education\/","title":{"rendered":"Critical Thinking Development in Higher Education"},"content":{"rendered":"<p>[vc_row css_animation=&#8221;&#8221; row_type=&#8221;row&#8221; use_row_as_full_screen_section=&#8221;yes&#8221; type=&#8221;grid&#8221; angled_section=&#8221;no&#8221; text_align=&#8221;left&#8221; background_image_as_pattern=&#8221;without_pattern&#8221; z_index=&#8221;&#8221; background_color=&#8221;#f7f7f7&#8243;][vc_column][vc_empty_space][vc_empty_space][vc_empty_space][vc_column_text]<\/p>\n<h2 style=\"text-align: center;\">Critical Thinking Development in Higher Education<\/h2>\n<p>[\/vc_column_text][vc_empty_space][vc_empty_space][\/vc_column][\/vc_row][vc_row css_animation=&#8221;&#8221; row_type=&#8221;row&#8221; use_row_as_full_screen_section=&#8221;yes&#8221; type=&#8221;grid&#8221; angled_section=&#8221;no&#8221; text_align=&#8221;left&#8221; background_image_as_pattern=&#8221;without_pattern&#8221; z_index=&#8221;&#8221;][vc_column width=&#8221;1\/2&#8243;][vc_empty_space][vc_empty_space][vc_column_text]<strong>Project duration:<\/strong> 2002\u20132003<\/p>\n<p><strong>Project supported by: <\/strong><\/p>\n<p>Open Society Institute-New York<\/p>\n<p>International Reading Association<\/p>\n<p><strong>Project coordinator:<\/strong> \u0160iuolaikini\u0173 didaktik\u0173 centras[\/vc_column_text][vc_empty_space][\/vc_column][vc_column width=&#8221;1\/2&#8243;][vc_empty_space][vc_empty_space][vc_single_image image=&#8221;14692&#8243; img_size=&#8221;large&#8221; qode_css_animation=&#8221;&#8221;][vc_column_text]<\/p>\n<p style=\"text-align: right;\">Summer school<\/p>\n<p>[\/vc_column_text][vc_empty_space][\/vc_column][\/vc_row][vc_row css_animation=&#8221;&#8221; row_type=&#8221;row&#8221; use_row_as_full_screen_section=&#8221;yes&#8221; type=&#8221;grid&#8221; angled_section=&#8221;no&#8221; text_align=&#8221;left&#8221; background_image_as_pattern=&#8221;without_pattern&#8221;][vc_column][vc_empty_space][vc_column_text]<\/p>\n<h6>PROJECT RELEVANCE<\/h6>\n<p>[\/vc_column_text][vc_separator type=&#8221;normal&#8221;][vc_column_text]<\/p>\n<p>The project Reading and Writing for Critical Thinking (RWCT) which had been carried out in Lithuania in 1997 &#8211; 2000 was directed to all educators &#8211; elementary and secondary school teachers and college and university lecturers. The project was mostly oriented for general education and was successfully carried out in elementary and secondary schools. After the careful situation analysis, Modern Didactics Center decided to elaborate long term project for higher schools.<br \/>\nContemporary universities face the challenge not only to develop the system of knowledge but also the system of different skills. Educators claim that didactic goals of the curricula of the universities must be oriented not only towards providing fundamental and applied knowledge but also towards teaching methods for different activities and problem resolution. Though traditionally universities require the students to learn, memorize, draw conclusions, analyze the arguments and solve the problems, students are seldom taught how to do it. So progressive education must rest on two foundations: learning how to get quickly oriented in the rapidly growing flow of the information and finding what is needed, and knowing how to think over and apply the information. This program can help the educators to meet the challenges of contemporary science, restructure teaching process, present consistent and theoretically grounded teaching methods, encouraging the students to learn actively and think critically.<\/p>\n<p>&nbsp;<\/p>\n<p>Critical thinking program enables the lecturers:<br \/>\n&#8211; To create the atmosphere based on open and responsible cooperation.<br \/>\n&#8211; To use teaching framework and methods encouraging critical thinking and independent studies.<\/p>\n<p>&nbsp;<\/p>\n<p>The lecturers working according critical thinking program develop students\u2019 abilities to:<br \/>\n&#8211; Think critically.<br \/>\n&#8211; Accept responsibility for their learning.<br \/>\n&#8211; Work in cooperation with the others.<br \/>\n&#8211; Acquire skills of permanent learning.<\/p>\n<p>&nbsp;<\/p>\n<p>Critical thinking program does not demand preliminary preparation; the lecturers can rely on their own experience, available programs and teaching materials. The theory is closely related to practice: after the workshops the lecturers can immediately apply new teaching methods in their classes. The program is based on the unanimous system of thinking and learning, which is based on the latest research in education and ideas of the eminent scholars: J. Piaget, J. Dewey, N. Noddings, L. Vygotsky, C. B. Smith, P. D. Pearson, L. Fielding, L. Rosenblatt, J. L. Vaughan, T. Estes, and others.<\/p>\n<p>[\/vc_column_text][vc_empty_space][vc_column_text]<\/p>\n<h6>PROJECT AIM<\/h6>\n<p>[\/vc_column_text][vc_separator type=&#8221;normal&#8221;][vc_column_text]Project was aimed to integrate critical thinking training into universities\u2019 curriculum.[\/vc_column_text][vc_empty_space][vc_column_text]<\/p>\n<h6>PROJECT TARGET GROUP<\/h6>\n<p>[\/vc_column_text][vc_separator type=&#8221;normal&#8221;][vc_column_text]The project was directed to the lecturers of the colleges and universities.<\/p>\n<p>&nbsp;<\/p>\n<p>49 educators, representing the following institutions, take part in the project:<br \/>\nKaunas College<br \/>\nKlaipeda University<br \/>\nLithuanian Christian Fund College<br \/>\nSiauliai University<br \/>\nUtena College<br \/>\nVilnius Gediminas Technical University<br \/>\nVilnius College<br \/>\nVilnius Pedagogical University<br \/>\nVilnius Pedagogical College[\/vc_column_text][vc_empty_space][vc_column_text]<\/p>\n<h6>PROJECT ACTIVITIES<\/h6>\n<p>[\/vc_column_text][vc_separator type=&#8221;normal&#8221;][vc_column_text]<\/p>\n<p><strong>I STAGE \u2013 Formation of critical thinking development teams in higher education institutions<\/strong><br \/>\nTo participate in the project there where invited not individual teachers, but teams of higher education institutions. Taking into account teaching peculiarities, two groups of lecturers were formed: form pedagogical and non-pedagogical higher education institutions.<br \/>\nParticipants of the project passed the full 48 hrs course of Critical Thinking. During the participation in the project, the lecturers were encouraged to apply new strategies in their schools, observe the lectures led by their team members, have meetings with them and discuss their achievements and what might be changed in order to get adjusted to specific situations.<\/p>\n<p>19\u201320 March, 2002 Workshop \u201cFramework and Environment for Teaching Critical Thinking&#8221;<\/p>\n<p>&nbsp;<\/p>\n<p>29\u201330 April, 16\u201317 May, 2002 Workshop \u201eMethods of Teaching Critical Thinking&#8221;<\/p>\n<p>&nbsp;<\/p>\n<p>2\u20135 July, 2002 Summer school, workshop &#8220;Planning and assessment of critical thinking lecture. Development of student orientates study programmes&#8221;<\/p>\n<p>&nbsp;<\/p>\n<p>24\u201325 September, 2002 Seminar for administrators of higher education institutions &#8220;Content of Contemporary Studies at University&#8221;<br \/>\nGuest lecturers: dr. Jeannie STEELE, dr. Kurt MEREDITH (University of Northern Iowa, USA)<\/p>\n<p>Seeking of project sustainability, it was decided to involve universities administration into the project and to deliver to them an introductory seminar. Vice-rectors and directors of study departments got acquainted with the project and had understanding about benefits of the modern critical thinking course in higher education curriculum.<\/p>\n<p>&nbsp;<\/p>\n<p>24\u201325 October, 18\u201319 November, 2002 Workshop &#8220;Writing as a tool for critical thinking development. Attitudes towards scientific texts reading. Text analysis&#8221;<\/p>\n<p>&nbsp;<\/p>\n<p>7\u20139 January, 2003 Winter School, workshop &#8220;Adult education&#8221;<\/p>\n<p>&nbsp;<\/p>\n<p><strong>II STAGE \u2013 Development of integrated and individual programmes for critical thinking teaching<\/strong><\/p>\n<p>The second year of the project was devoted for analyzing of study programmes and teaching subjects from the point of view of critical thinking teaching possibility.<br \/>\nLecturers chose one of those ways for individual or group activity:<br \/>\n&#8211; to integrate a programme of critical thinking into their subject teaching;<br \/>\n&#8211; to develop an optional critical thinking teaching course;<br \/>\n&#8211; to develop a new critical thinking course.<\/p>\n<p>&nbsp;<\/p>\n<p>17 February, 2004 Final conference of the project.<br \/>\nDuring the conference project coordinators implemented an idea to link together experience of critical thinking development in secondary and higher education. Therefore teachers from Modern Didactics Center methodical schools \u2013 Critical Thinking centres: Vilnius \u201cVyturys\u201d primary school, Vilnius Simonas Daukantas secondary school, 1st gymnasium of Silute, Moletai gymnasium \u2013 were invited to participate in conference. Project participants presented developed programmes for their colleagues as well as secondary school teachers share their long-lived experience in critical thinking education.<\/p>\n<p>[\/vc_column_text][vc_empty_space][vc_column_text]<\/p>\n<h6>PROJECT INTELECTUAL OUTPUT<\/h6>\n<h6><\/h6>\n<p>[\/vc_column_text][vc_separator type=&#8221;normal&#8221;][\/vc_column][\/vc_row][vc_row css_animation=&#8221;&#8221; row_type=&#8221;row&#8221; use_row_as_full_screen_section=&#8221;yes&#8221; type=&#8221;grid&#8221; angled_section=&#8221;no&#8221; text_align=&#8221;left&#8221; background_image_as_pattern=&#8221;without_pattern&#8221;][vc_column width=&#8221;1\/4&#8243;][vc_empty_space][vc_single_image image=&#8221;1059&#8243; img_size=&#8221;medium&#8221; style=&#8221;vc_box_shadow&#8221; qode_css_animation=&#8221;&#8221;][\/vc_column][vc_column width=&#8221;3\/4&#8243;][vc_empty_space][vc_column_text]<\/p>\n<h6>Critical Thinking Development in Higher Education: Study Programmes\u00a0(2004)<\/h6>\n<p>&nbsp;<\/p>\n<p>This publication presents curriculum programmes and detailed course outlines that highlight opportunities for fostering critical thinking across a wide range of study programmes\u2014including law, accounting, foreign languages, social pedagogy, communication, and others. in the respective courses. A similar model was followed in preparing the syllabi: first, the purpose of the course, its place in the study program, goals and objectives, connections with other subjects, course structure, teaching principles and methods are presented, followed by the expanded content and a lecture or seminar illustrating it.<\/p>\n<p>All extended lectures are based on a three-stage model for fostering critical thinking. The first stage \u2013 stimulation \u2013 aims to spark students\u2019 interest in a new topic and encourages them to recall previously acquired knowledge and experience related to the lecture. In the second stage\u2014comprehension\u2014new material is taught. In the third stage\u2014reflection\u2014conclusions and evaluations are drawn by connecting prior knowledge with newly acquired knowledge. All three of these stages form the foundation of a lecture or lecture series, upon which the content and teaching methods are built.<\/p>\n<p>The material presented consists of original works by the project participants. We hope that the lecture plans and descriptions provided will encourage interest in various theories of teaching and learning in higher education, inspire the search for one\u2019s own teaching methods, and foster critical thinking among students.<\/p>\n<p><strong>Download <\/strong><a href=\"https:\/\/sdcentras.lt\/wp-content\/uploads\/Kritinio-mastymo-ugdymas-aukstojoje-mokykloje.pdf\" target=\"_blank\" rel=\"noopener\">LT<\/a>[\/vc_column_text][vc_empty_space][\/vc_column][\/vc_row][vc_row css_animation=&#8221;&#8221; row_type=&#8221;row&#8221; use_row_as_full_screen_section=&#8221;yes&#8221; type=&#8221;grid&#8221; angled_section=&#8221;no&#8221; text_align=&#8221;left&#8221; background_image_as_pattern=&#8221;without_pattern&#8221;][vc_column][vc_empty_space][vc_column_text]<\/p>\n<h6>PROJECT RESULTS<\/h6>\n<p>[\/vc_column_text][vc_separator type=&#8221;normal&#8221;][vc_column_text]<\/p>\n<ul>\n<li>Project is characterized by the unity of theory and practice, comprehensive analysis and reflection of the higher education activity.<br \/>\nUnited critical thinking teams were organized at the Universities.<\/li>\n<li>Participants got acquainted with the methods and strategies encouraging critical thinking and were encouraged to use strategies of critical thinking while teaching their subjects.<\/li>\n<li>Project materials were issued in the publication \u201eCritical Thinking Development in Higher Education: Study Programmes&#8221;.[\/vc_column_text][vc_empty_space][vc_empty_space][\/vc_column][\/vc_row][vc_row css_animation=&#8221;&#8221; row_type=&#8221;row&#8221; use_row_as_full_screen_section=&#8221;no&#8221; type=&#8221;full_width&#8221; angled_section=&#8221;no&#8221; text_align=&#8221;left&#8221; background_image_as_pattern=&#8221;without_pattern&#8221;][vc_column][vc_column_text]<\/li>\n<\/ul>\n<p>[\/vc_column_text][\/vc_column][\/vc_row]<\/p>\n","protected":false},"excerpt":{"rendered":"<p>[vc_row css_animation=&#8221;&#8221; row_type=&#8221;row&#8221; use_row_as_full_screen_section=&#8221;yes&#8221; type=&#8221;grid&#8221; angled_section=&#8221;no&#8221; text_align=&#8221;left&#8221; background_image_as_pattern=&#8221;without_pattern&#8221; z_index=&#8221;&#8221; background_color=&#8221;#f7f7f7&#8243;][vc_column][vc_empty_space][vc_empty_space][vc_empty_space][vc_column_text] Critical Thinking Development in Higher Education [\/vc_column_text][vc_empty_space][vc_empty_space][\/vc_column][\/vc_row][vc_row css_animation=&#8221;&#8221; row_type=&#8221;row&#8221; use_row_as_full_screen_section=&#8221;yes&#8221; type=&#8221;grid&#8221; angled_section=&#8221;no&#8221; text_align=&#8221;left&#8221; background_image_as_pattern=&#8221;without_pattern&#8221; z_index=&#8221;&#8221;][vc_column width=&#8221;1\/2&#8243;][vc_empty_space][vc_empty_space][vc_column_text]Project duration: 2002\u20132003 Project supported by: Open Society Institute-New York International Reading Association Project coordinator: \u0160iuolaikini\u0173 didaktik\u0173 centras[\/vc_column_text][vc_empty_space][\/vc_column][vc_column width=&#8221;1\/2&#8243;][vc_empty_space][vc_empty_space][vc_single_image image=&#8221;14692&#8243;&#8230;<\/p>\n","protected":false},"author":2,"featured_media":0,"parent":911,"menu_order":0,"comment_status":"closed","ping_status":"closed","template":"full_width.php","meta":{"footnotes":""},"class_list":["post-14700","page","type-page","status-publish","hentry"],"acf":[],"aioseo_notices":[],"_links":{"self":[{"href":"https:\/\/sdcentras.lt\/en\/wp-json\/wp\/v2\/pages\/14700","targetHints":{"allow":["GET"]}}],"collection":[{"href":"https:\/\/sdcentras.lt\/en\/wp-json\/wp\/v2\/pages"}],"about":[{"href":"https:\/\/sdcentras.lt\/en\/wp-json\/wp\/v2\/types\/page"}],"author":[{"embeddable":true,"href":"https:\/\/sdcentras.lt\/en\/wp-json\/wp\/v2\/users\/2"}],"replies":[{"embeddable":true,"href":"https:\/\/sdcentras.lt\/en\/wp-json\/wp\/v2\/comments?post=14700"}],"version-history":[{"count":5,"href":"https:\/\/sdcentras.lt\/en\/wp-json\/wp\/v2\/pages\/14700\/revisions"}],"predecessor-version":[{"id":14708,"href":"https:\/\/sdcentras.lt\/en\/wp-json\/wp\/v2\/pages\/14700\/revisions\/14708"}],"up":[{"embeddable":true,"href":"https:\/\/sdcentras.lt\/en\/wp-json\/wp\/v2\/pages\/911"}],"wp:attachment":[{"href":"https:\/\/sdcentras.lt\/en\/wp-json\/wp\/v2\/media?parent=14700"}],"curies":[{"name":"wp","href":"https:\/\/api.w.org\/{rel}","templated":true}]}}