{"id":14660,"date":"2026-03-16T13:25:31","date_gmt":"2026-03-16T11:25:31","guid":{"rendered":"https:\/\/sdcentras.lt\/projects\/mis-docente-europeo-movein-science\/"},"modified":"2026-03-24T12:28:38","modified_gmt":"2026-03-24T10:28:38","slug":"mis-docente-europeo-movein-science","status":"publish","type":"page","link":"https:\/\/sdcentras.lt\/en\/projects\/mis-docente-europeo-movein-science\/","title":{"rendered":"MIS \u2013 Docente Europeo: Move\u2019in Science"},"content":{"rendered":"<p>[vc_row css_animation=&#8221;&#8221; row_type=&#8221;row&#8221; use_row_as_full_screen_section=&#8221;yes&#8221; type=&#8221;full_width&#8221; angled_section=&#8221;no&#8221; text_align=&#8221;left&#8221; background_image_as_pattern=&#8221;without_pattern&#8221; background_color=&#8221;#f7f7f7&#8243; z_index=&#8221;&#8221;][vc_column][vc_empty_space][vc_empty_space][vc_empty_space][vc_column_text]<\/p>\n<h2 style=\"text-align: center;\">MIS \u2013 Docente Europeo: Move\u2019in Science<\/h2>\n<p>[\/vc_column_text][vc_empty_space][vc_empty_space][\/vc_column][\/vc_row][vc_row css_animation=&#8221;&#8221; row_type=&#8221;row&#8221; use_row_as_full_screen_section=&#8221;yes&#8221; type=&#8221;grid&#8221; angled_section=&#8221;no&#8221; text_align=&#8221;left&#8221; background_image_as_pattern=&#8221;without_pattern&#8221;][vc_column width=&#8221;1\/2&#8243;][vc_empty_space][vc_single_image image=&#8221;7587&#8243; img_size=&#8221;medium&#8221; qode_css_animation=&#8221;&#8221;][vc_empty_space][vc_column_text]<strong>Projekto Nr. <\/strong>134648\u20132007\u2013IT\u2013COMENIUS\u2013CMP<strong><br \/>\n<\/strong><\/p>\n<p><strong>Project duration:<\/strong> 18 February 2008\u201330 November 2009<\/p>\n<p><strong>Project co-funder:<\/strong> EU program Erasmus+<\/p>\n<p><strong>Projekto coordinator:<\/strong> Associazione SEND (Italy)<\/p>\n<p><strong>Project partners:<\/strong><\/p>\n<p>V\u0161\u012e \u0160iuolaikini\u0173 didaktik\u0173 centras (Lietuva)<br \/>\nUniversit\u00e0 di Palermo, Scuola Interuniversitaria Siciliana di Specializzazione per l\u2019Insegnamento Secondario (Italy)<br \/>\nUniverzita Komensk\u00e9ho, Fakulta matematiky, fyziky a informatiky v Bratislave (Slovakia)<br \/>\nRuhr-Universit\u00e4t Bochum &#8211; Fakult\u00e4t f\u00fcr Physik und Astronomie &#8211; Lehrstuhl f\u00fcr Fachdidaktik der Physik (Germany)<br \/>\nAndrei Saguna University (Romania)<br \/>\nArteveldehogeschool (Belgium)[\/vc_column_text][vc_empty_space][\/vc_column][vc_column width=&#8221;1\/2&#8243;][vc_empty_space][vc_empty_space][vc_single_image image=&#8221;7605&#8243; img_size=&#8221;large&#8221; qode_css_animation=&#8221;&#8221;][vc_column_text]<\/p>\n<p style=\"text-align: right;\">Project team<\/p>\n<p>[\/vc_column_text][vc_empty_space][\/vc_column][\/vc_row][vc_row css_animation=&#8221;&#8221; row_type=&#8221;row&#8221; use_row_as_full_screen_section=&#8221;yes&#8221; type=&#8221;grid&#8221; angled_section=&#8221;no&#8221; text_align=&#8221;left&#8221; background_image_as_pattern=&#8221;without_pattern&#8221;][vc_column][vc_empty_space][vc_column_text]<\/p>\n<h6>PROJECT RELEVANCE<\/h6>\n<p>[\/vc_column_text][vc_separator type=&#8221;normal&#8221;][vc_column_text]<\/p>\n<p>In recent years, numerous studies have indicated a significant decline in the number of students studying mathematics and the sciences. The way in which the sciences are taught in schools has been the primary contributing factor. Schools are encouraged to adopt more effective, research-based teaching methods and to actively promote the improvement of teacher qualifications and the creation of teacher networks. A better culture of teaching natural and exact sciences would help create a true knowledge society and a knowledge-based economy in the EU.<\/p>\n<p>&nbsp;<\/p>\n<p>National teacher training systems in European countries, both for initial training and professional development, are based on traditional, standardized models, often without taking into account the latest scientific advances and research, particularly in the teaching of natural and exact sciences. As a result, an opportunity is lost to respond to the challenges of the 21<sup>st<\/sup> century and to foster young people\u2019s interest in scientific ideas.<\/p>\n<p>&nbsp;<\/p>\n<p>The project aims to update teaching methods in the Science and Technology areas, with an emphasis on developing pedagogical competencies and enhancing students\u2019 motivation to learn. Numerous studies reveal that students are not adequately prepared to work in schools and present the subject matter to students in an accessible manner. The level of academic learning required of students in higher education is subsequently transferred to students in general education schools once they begin working there, without considering the need to rethink didactic methodology and instructional content. This contradiction highlights the need to develop prospective teachers\u2019 ability to link subject-specific competencies with pedagogical competencies and to teach students not only the subject matter but also the didactics of the subject.<\/p>\n<p>&nbsp;<\/p>\n<p>This project is build on the need to develop competences and knowledge in the educational field of the initial teacher education of secondary school teachers of science and technology areas with specific reference to the Pedagogical Content Knowledge (PCK) methodology.<\/p>\n<p>[\/vc_column_text][vc_empty_space][vc_column_text]<\/p>\n<h6>PROJECT AIM<\/h6>\n<p>[\/vc_column_text][vc_separator type=&#8221;normal&#8221;][vc_column_text]To strengthen the teaching of scientific and technological areas in higher education institutions and general education schools, as well as to increase students\u2019 motivation and interest in natural and exact sciences, in the teaching of these subjects, and in scientific careers, and train future teachers in the application of these methods in schools.[\/vc_column_text][vc_empty_space][vc_column_text]<\/p>\n<h6>PROJECT OBJECTIVES<\/h6>\n<p>[\/vc_column_text][vc_separator type=&#8221;normal&#8221;][vc_column_text]<\/p>\n<ul>\n<li>To create a working group at European level composed by trainers of prospective teachers, teachers of\u00a0 science and technology areas, which will develop an educational approach based on PCK development diffused\u00a0 to institutions dealing with initial teacher education (secondary school level).<\/li>\n<li>To test training models for prospective teachers in working groups.<\/li>\n<li>Elaborating the Handbook including pedagogical materials for the PCK development.<\/li>\n<li>To ralise experimentation and exchange paths of the PCK development among prospective teachers of science and technology areas through mobility actions abroad.<\/li>\n<\/ul>\n<p>[\/vc_column_text][vc_empty_space][vc_column_text]<\/p>\n<h6>PROJECT TARGET GROUPS<\/h6>\n<p>[\/vc_column_text][vc_separator type=&#8221;normal&#8221;][vc_column_text]<\/p>\n<ul>\n<li>Students \u2013 future teachers of Science and Technology subjects.<\/li>\n<li>University teachers \u2013 trainers of future teachers.<\/li>\n<li>Students \u2013 indirect target group.<\/li>\n<\/ul>\n<p>[\/vc_column_text][vc_empty_space][vc_column_text]<\/p>\n<h6>PROJECT ACTIVITIES<\/h6>\n<p>[\/vc_column_text][vc_separator type=&#8221;normal&#8221;][vc_column_text]<strong>DIDACTIC MODULES<\/strong><\/p>\n<p>The partner institutions developed teaching modules for physics, mathematics, and computer science programs. These modules were tested and evaluated during the student exchange (mobility) program in the spring semester of 2009.<\/p>\n<p>The following modules have been developed:<br \/>\nMechanical waves: from observation to descriptive and interpretive models (SISSIS, University of Palermo, Italy)<br \/>\nMathematical mazes and card games as teaching tools (Comenius University in Bratislava, Slovakia)<br \/>\nIntroduction to the &#8220;fourth&#8221; state of matter: plasma (Ruhr University Bochum, Germany)<br \/>\nAtomic theory: from theory to conceptual experiments (Vilnius Pedagogical University)<br \/>\nAlternative teaching methods using conceptual illustrations and experiments with inexpensive materials (Artevelde University College, Belgium)<\/p>\n<p>&nbsp;<\/p>\n<p><b>MOBILITY PROGRAM<\/b><\/p>\n<p>A four-week mobility program was organized, bringing together 60 future European teachers from the project\u2019s partner institutions. During the program, after an initial week of joint activities, participants were divided into subject groups and, under the guidance of a mentor, began classroom internships that involved testing the models developed locally. The overall aim of the mobility program is to incorporate a European dimension into teacher training. More specifically, the four weeks abroad will provide an opportunity to engage in discussions within an international working group \u2013 comprising \u201ccolleagues\u201d from six European countries \u2013 on science teaching methods and to test the European applicability of the PCK models developed with local groups.<\/p>\n<p>&nbsp;<\/p>\n<p><strong>AN ASSESSMENT OF MOBILITY PROGRAM<\/strong><\/p>\n<p>Under the guidance of the coordinating organization, which specializes in mobility projects in Europe, a quality model was developed to identify the key factors contributing to the success of the mobility experience and establish quality standards for it. The purpose of the quality modl \u2013 to establish standards that all partners must adhere to when organizing both incoming and outgoing mobility. This helped ensure that mobility experiences are as consistent as possible in terms of educational offerings, logistical services, and cultural aspects. The definition of standards were essential for evaluating the various experiences.<\/p>\n<p>During the mobility program, students\u2019 reflections were recorded and analyzed. Students assessed their satisfaction with the program, their involvement in activities, opportunities to demonstrate their competencies as future teachers, their lesson preparation and delivery, and the experience they gained in schools by observing lessons and participating in scientific trials and experiments. Group cohesion, the activities of the host institution, and the organization of mobility were also evaluated.<\/p>\n<p><strong>Assessment report<\/strong> <a href=\"https:\/\/sdcentras.lt\/wp-content\/uploads\/MIS-studentu-praktikos-tyrimas-2009.pdf\" target=\"_blank\" rel=\"noopener\">LT<\/a>, <a href=\"https:\/\/sdcentras.lt\/wp-content\/uploads\/MIS-project-results-2009.pdf\" target=\"_blank\" rel=\"noopener\">EN<\/a>[\/vc_column_text][vc_empty_space][vc_column_text]<\/p>\n<h6>PROJECT INTELECTUAL OUTPUT<\/h6>\n<p>[\/vc_column_text][vc_separator type=&#8221;normal&#8221;][vc_row_inner row_type=&#8221;row&#8221; type=&#8221;full_width&#8221; text_align=&#8221;left&#8221; css_animation=&#8221;&#8221;][vc_column_inner width=&#8221;1\/4&#8243;][vc_empty_space][vc_single_image image=&#8221;14656&#8243; img_size=&#8221;large&#8221; style=&#8221;vc_box_shadow&#8221; qode_css_animation=&#8221;&#8221;][vc_empty_space][\/vc_column_inner][vc_column_inner width=&#8221;3\/4&#8243;][vc_empty_space][vc_column_text]<\/p>\n<h6>EU project Docente Europeo: Move\u2019in Science Handbook (2009)<\/h6>\n<p>[\/vc_column_text][vc_empty_space][\/vc_column_inner][\/vc_row_inner][vc_empty_space][vc_column_text]<\/p>\n<h6>PROJECT RESULTS<\/h6>\n<p>[\/vc_column_text][vc_separator type=&#8221;normal&#8221;][vc_column_text]<\/p>\n<ul>\n<li>The project strengthened international cooperation among educational institutions in the field of science and promoted the mobility of students in the exact sciences.<\/li>\n<li>The project contributed to improving the training of future teachers and motivating students to choose fields of study in the natural and technological sciences.<\/li>\n<\/ul>\n<p>[\/vc_column_text][vc_empty_space][vc_empty_space][\/vc_column][\/vc_row][vc_row css_animation=&#8221;&#8221; row_type=&#8221;row&#8221; use_row_as_full_screen_section=&#8221;yes&#8221; type=&#8221;grid&#8221; angled_section=&#8221;no&#8221; text_align=&#8221;left&#8221; background_image_as_pattern=&#8221;without_pattern&#8221; z_index=&#8221;&#8221; background_color=&#8221;#f7f7f7&#8243;][vc_column width=&#8221;1\/4&#8243;][vc_empty_space][vc_single_image image=&#8221;12610&#8243; img_size=&#8221;medium&#8221; qode_css_animation=&#8221;&#8221;][vc_empty_space][\/vc_column][vc_column width=&#8221;3\/4&#8243;][vc_empty_space][vc_column_text]<\/p>\n<p style=\"text-align: left;\">The European Commission\u2019s support for the production of this publication does not constitute an endorsement of the contents, which reflect the views only of the authors, and the Commission cannot be held responsible for any use which may be made of the information contained therein.<\/p>\n<p>[\/vc_column_text][vc_empty_space][\/vc_column][\/vc_row]<\/p>\n","protected":false},"excerpt":{"rendered":"<p>[vc_row css_animation=&#8221;&#8221; row_type=&#8221;row&#8221; use_row_as_full_screen_section=&#8221;yes&#8221; type=&#8221;full_width&#8221; angled_section=&#8221;no&#8221; text_align=&#8221;left&#8221; background_image_as_pattern=&#8221;without_pattern&#8221; background_color=&#8221;#f7f7f7&#8243; z_index=&#8221;&#8221;][vc_column][vc_empty_space][vc_empty_space][vc_empty_space][vc_column_text] MIS \u2013 Docente Europeo: Move\u2019in Science [\/vc_column_text][vc_empty_space][vc_empty_space][\/vc_column][\/vc_row][vc_row css_animation=&#8221;&#8221; row_type=&#8221;row&#8221; use_row_as_full_screen_section=&#8221;yes&#8221; type=&#8221;grid&#8221; angled_section=&#8221;no&#8221; text_align=&#8221;left&#8221; background_image_as_pattern=&#8221;without_pattern&#8221;][vc_column width=&#8221;1\/2&#8243;][vc_empty_space][vc_single_image image=&#8221;7587&#8243; img_size=&#8221;medium&#8221; qode_css_animation=&#8221;&#8221;][vc_empty_space][vc_column_text]Projekto Nr. 134648\u20132007\u2013IT\u2013COMENIUS\u2013CMP Project duration: 18 February 2008\u201330 November 2009 Project co-funder: EU program Erasmus+ Projekto coordinator: Associazione&#8230;<\/p>\n","protected":false},"author":2,"featured_media":0,"parent":911,"menu_order":0,"comment_status":"closed","ping_status":"closed","template":"full_width.php","meta":{"footnotes":""},"class_list":["post-14660","page","type-page","status-publish","hentry"],"acf":[],"aioseo_notices":[],"_links":{"self":[{"href":"https:\/\/sdcentras.lt\/en\/wp-json\/wp\/v2\/pages\/14660","targetHints":{"allow":["GET"]}}],"collection":[{"href":"https:\/\/sdcentras.lt\/en\/wp-json\/wp\/v2\/pages"}],"about":[{"href":"https:\/\/sdcentras.lt\/en\/wp-json\/wp\/v2\/types\/page"}],"author":[{"embeddable":true,"href":"https:\/\/sdcentras.lt\/en\/wp-json\/wp\/v2\/users\/2"}],"replies":[{"embeddable":true,"href":"https:\/\/sdcentras.lt\/en\/wp-json\/wp\/v2\/comments?post=14660"}],"version-history":[{"count":7,"href":"https:\/\/sdcentras.lt\/en\/wp-json\/wp\/v2\/pages\/14660\/revisions"}],"predecessor-version":[{"id":14706,"href":"https:\/\/sdcentras.lt\/en\/wp-json\/wp\/v2\/pages\/14660\/revisions\/14706"}],"up":[{"embeddable":true,"href":"https:\/\/sdcentras.lt\/en\/wp-json\/wp\/v2\/pages\/911"}],"wp:attachment":[{"href":"https:\/\/sdcentras.lt\/en\/wp-json\/wp\/v2\/media?parent=14660"}],"curies":[{"name":"wp","href":"https:\/\/api.w.org\/{rel}","templated":true}]}}