{"id":14639,"date":"2026-03-13T13:31:57","date_gmt":"2026-03-13T11:31:57","guid":{"rendered":"https:\/\/sdcentras.lt\/projects\/qua-l-i-t-i-vertinimo-sistemos-tobulinimas-geresniam-mokymui-ir-mokymuisi-aukstojoje-mokykloje\/"},"modified":"2026-03-17T14:01:39","modified_gmt":"2026-03-17T12:01:39","slug":"qua-l-i-t-i-vertinimo-sistemos-tobulinimas-geresniam-mokymui-ir-mokymuisi-aukstojoje-mokykloje","status":"publish","type":"page","link":"https:\/\/sdcentras.lt\/en\/projects\/qua-l-i-t-i-vertinimo-sistemos-tobulinimas-geresniam-mokymui-ir-mokymuisi-aukstojoje-mokykloje\/","title":{"rendered":"QUA.L.I.T.I. \u2013 Didactic Quality Assessment for Innovation of Teaching and Learning Improvement"},"content":{"rendered":"<p>[vc_row css_animation=&#8221;&#8221; row_type=&#8221;row&#8221; use_row_as_full_screen_section=&#8221;yes&#8221; type=&#8221;grid&#8221; angled_section=&#8221;no&#8221; text_align=&#8221;left&#8221; background_image_as_pattern=&#8221;without_pattern&#8221; background_color=&#8221;#f7f7f7&#8243; z_index=&#8221;&#8221;][vc_column][vc_empty_space][vc_empty_space][vc_empty_space][vc_column_text]<\/p>\n<h2 style=\"text-align: center;\">QUA.L.I.T.I. \u2013 Didactic Quality Assessment for Innovation of Teaching and Learning Improvement<\/h2>\n<p>[\/vc_column_text][vc_empty_space][vc_empty_space][\/vc_column][\/vc_row][vc_row css_animation=&#8221;&#8221; row_type=&#8221;row&#8221; use_row_as_full_screen_section=&#8221;yes&#8221; type=&#8221;grid&#8221; angled_section=&#8221;no&#8221; text_align=&#8221;left&#8221; background_image_as_pattern=&#8221;without_pattern&#8221; z_index=&#8221;&#8221;][vc_column width=&#8221;1\/2&#8243;][vc_empty_space][vc_single_image image=&#8221;14605&#8243; img_size=&#8221;medium&#8221; qode_css_animation=&#8221;&#8221;][vc_empty_space][vc_column_text]<strong>Project No.<\/strong> <a href=\"https:\/\/erasmus-plus.ec.europa.eu\/projects\/search\/details\/2019-1-IT02-KA203-063157\" target=\"_blank\" rel=\"noopener\">2019-1-IT02-KA203-063157<\/a><\/p>\n<p><strong>Project duration:<\/strong> 28 September 2019\u201327 July 2022<\/p>\n<p><strong>Project co-funder:<\/strong> EU program Erasmus+<\/p>\n<p><strong>Project coordinator:<\/strong> <a href=\"https:\/\/www.univaq.it\/\" target=\"_blank\" rel=\"noopener\">Universit\u00e0 degli Studi dell&#8217;Aquila (Italy)<\/a><\/p>\n<p><strong>Project partners:<\/strong><\/p>\n<p><a href=\"https:\/\/www.ub.edu\/web\/portal\/ca\/\" target=\"_blank\" rel=\"noopener\">Universitat de Barcelona (Spain)<\/a><\/p>\n<p><a href=\"https:\/\/www.valahia.ro\/en\/\" target=\"_blank\" rel=\"noopener\">Universitatea Valahia din Targoviste (Romania)<\/a><\/p>\n<p><a href=\"https:\/\/studia.pl\/uczelnia\/collegium-balticum\/\" target=\"_blank\" rel=\"noopener\">Szczecinska Szkola Wyzsza Collegium Balticum (Poland)<\/a><\/p>\n<p><a href=\"https:\/\/www.ilmiofuturo.it\/\" target=\"_blank\" rel=\"noopener\">Ilmiolavoro srl (Italy)<\/a><\/p>\n<p><a href=\"https:\/\/www.vu.lt\/\" target=\"_blank\" rel=\"noopener\">Vilniaus universitetas (Lithuania)<\/a><\/p>\n<p>\u0160iuolaikini\u0173 didaktik\u0173 centras (Lithuania)[\/vc_column_text][vc_empty_space][\/vc_column][vc_column width=&#8221;1\/2&#8243;][vc_empty_space][vc_empty_space][vc_single_image image=&#8221;6449&#8243; img_size=&#8221;large&#8221; qode_css_animation=&#8221;&#8221;][vc_column_text]<\/p>\n<p style=\"text-align: right;\">Project team<\/p>\n<p>[\/vc_column_text]<span class='q_social_icon_holder circle_social' ><a itemprop='url' href='http:\/\/qualiti.univaq.it\/' target='_blank'><span class='fa-stack fa-lg' style=''><span aria-hidden=\"true\" class=\"qode_icon_font_elegant social_share \" style=\"\" ><\/span><\/span><\/a><\/span>[vc_empty_space][\/vc_column][\/vc_row][vc_row css_animation=&#8221;&#8221; row_type=&#8221;row&#8221; use_row_as_full_screen_section=&#8221;yes&#8221; type=&#8221;grid&#8221; angled_section=&#8221;no&#8221; text_align=&#8221;left&#8221; background_image_as_pattern=&#8221;without_pattern&#8221;][vc_column][vc_empty_space][vc_column_text]<\/p>\n<h6>PROJECT RELEVANCE<\/h6>\n<p>[\/vc_column_text][vc_separator type=&#8221;normal&#8221;][vc_column_text]Higher education institutions in the European Union are key centers where students are taught what is known, where the unknown is explored, where new knowledge is created, and where critically thinking individuals are nurtured \u2013 the intellectual potential needed to address the challenges facing society. It is therefore clear that European citizens have a strong interest in the quality of higher education systems.<\/p>\n<p>&nbsp;<\/p>\n<p>Within the European Union, there are significant differences in how Member States and higher education institutions promote the quality of teaching and learning. With the emergence of competitive research funding and international university rankings based on research results, the quality of teaching often takes a back seat. At the same time, it is argued that good teaching is essential for students to acquire the knowledge, skills, and experience they need <a href=\"https:\/\/eur-lex.europa.eu\/legal-content\/EN\/TXT\/PDF\/?uri=CELEX:52017SC0164&amp;from=HU)\" target=\"_blank\" rel=\"noopener\">(SWD (2017) 164 p. 35\u201339)<\/a>.<\/p>\n<p>&nbsp;<\/p>\n<p>Continuing professional development for primary and secondary school teachers is taken for granted, but when it comes to higher education, there seems to be a widespread assumption that such professional development for faculty members is not necessary. Given the differences within the higher education sector, it may be difficult to define a universal standard of quality teaching and learning that applies to all, but this hardly justifies the current reluctance to acknowledge that professional pedagogical skills are needed by those who are already teaching or intend to become teachers. A key challenge for the higher education sector is to fully professionalize the teaching community <a href=\"https:\/\/op.europa.eu\/o\/opportal-service\/download-handler?identifier=fbd4c2aa-aeb7-41ac-ab4c-a94feea9eb1f&amp;format=pdf&amp;language=en&amp;productionSystem=cellar&amp;part=\" target=\"_blank\" rel=\"noopener\">(High Level Group on the Modernisationof Higher Education, 2013, p. 12\u201318)<\/a>.<\/p>\n<p>&nbsp;<\/p>\n<p><a href=\"https:\/\/op.europa.eu\/o\/opportal-service\/download-handler?identifier=fbd4c2aa-aeb7-41ac-ab4c-a94feea9eb1f&amp;format=pdf&amp;language=en&amp;productionSystem=cellar&amp;part=\" target=\"_blank\" rel=\"noopener\">High Level Group on the Modernisationof Higher Education<\/a> presents recommendations for improving the quality of teaching and learning:<\/p>\n<p>1. Public authorities responsible for higher education should ensure that a sustainable, well-funded system is established to support higher education institutions\u2019 efforts to improve the quality of teaching and learning.<\/p>\n<p>2. Teaching and learning in higher education must be understood as a shared activity of all faculty and students, requiring holistic quality management.<\/p>\n<p>3. Create conditions in the higher education sector where both teaching and research are valued equally, so that higher education faculty members know they must invest not only in their subject-matter expertise but also in becoming effective teachers.<\/p>\n<p>4. Every higher education institution should develop and implement a strategy for maintaining and continuously improving the quality of teaching and learning, allocating the necessary human and financial resources to this task and incorporating this priority into its overall mission, giving teaching the same importance as research.<\/p>\n<p>5. The higher education institution must support its faculty through various measures, ranging from continuing education and professional development courses to individual mentoring, as well as measures that strengthen collaboration among faculty teams.<\/p>\n<p>&nbsp;<\/p>\n<p>In implementing the project, the project partners rely on the <a href=\"http:\/\/www.ehea.info\/media.ehea.info\/file\/ESG\/00\/2\/ESG_2015_616002.pdf\" target=\"_blank\" rel=\"noopener\">Standards and Guidelines for Quality Assurance in the European Higher Education Area (ESG, 2015)<\/a> and focus on the following internal quality assurance indicators:<\/p>\n<p>1. Information management \u2013 key performance indicators.<\/p>\n<p>2. Student-centered learning, teaching, and assessment \u2013 the typology and appropriateness of indicators used to evaluate the quality of teaching.[\/vc_column_text][vc_empty_space][vc_column_text]<\/p>\n<h6>PROJECT AIM<\/h6>\n<p>[\/vc_column_text][vc_separator type=&#8221;normal&#8221;][vc_column_text]Improve the quality of higher education by implementing systematic measures that integrate the principles of instructional assessment, pedagogical training, faculty professionalism, and the adoption of instructional innovations.[\/vc_column_text][vc_empty_space][vc_column_text]<\/p>\n<h6>PROJECT OBJECTIVES<\/h6>\n<p>[\/vc_column_text][vc_separator type=&#8221;normal&#8221;][vc_column_text]1. Provide greater opportunities to demonstrate the quality of teaching by obtaining integrated data.<\/p>\n<p>2. Provide greater opportunities to compare teaching outcomes across higher education institutions.<\/p>\n<p>3. Enhance the capacity of higher education institutions to pursue institutional goals of continuous improvement in teaching by implementing a data-driven system for recognizing teaching quality.<\/p>\n<p>4. Promote the professional development of faculty members to enhance the quality of teaching.[\/vc_column_text][vc_empty_space][vc_column_text]<\/p>\n<h6>PROJECT TARGET GROUPS<\/h6>\n<p>[\/vc_column_text][vc_separator type=&#8221;normal&#8221;][vc_column_text]<\/p>\n<p>The project is addressed to all members of the academic community, specifically:<\/p>\n<ul>\n<li>university students;<\/li>\n<li>university faculty members teaching undergraduate (bachelor\u2019s) degree programs.<\/li>\n<\/ul>\n<p>[\/vc_column_text][vc_empty_space][vc_column_text]<\/p>\n<h6>PROJECT INTELLECTUAL OUTPUTS<\/h6>\n<p>[\/vc_column_text][vc_separator type=&#8221;normal&#8221;][\/vc_column][\/vc_row][vc_row css_animation=&#8221;&#8221; row_type=&#8221;row&#8221; use_row_as_full_screen_section=&#8221;yes&#8221; type=&#8221;grid&#8221; angled_section=&#8221;no&#8221; text_align=&#8221;left&#8221; background_image_as_pattern=&#8221;without_pattern&#8221;][vc_column width=&#8221;1\/4&#8243;][vc_empty_space][vc_single_image image=&#8221;13215&#8243; img_size=&#8221;large&#8221; style=&#8221;vc_box_shadow&#8221; qode_css_animation=&#8221;&#8221;][\/vc_column][vc_column width=&#8221;3\/4&#8243;][vc_empty_space][vc_column_text]<\/p>\n<h6><span class=\"a_GcMg font-feature-liga-off font-feature-clig-off font-feature-calt-off text-decoration-none text-strikethrough-none\">Teaching Quality Indicators Framework <\/span><span class=\"a_GcMg font-feature-liga-off font-feature-clig-off font-feature-calt-off text-decoration-none text-strikethrough-none\">(2023)<\/span><\/h6>\n<p>&nbsp;<\/p>\n<p>In order to understand the national and international context and the type of indicators used, a major review of the literature, in particular of institutional relationships, national and international research and practices, was undertaken. As a result of this overview, a selection and classification of the framework of quality indicators of teaching at multiple levels within universities, i.e. institutional, planning and individual, has been developed.<\/p>\n<p>The Teaching Quality Indicators Framework is not and does not pretend to be an exhaustive list of all relevant indicators, but serves to contribute to a broader discussion on teaching quality in higher education by addressing the need to seek empirical evidence of teaching quality through a rigorous examination of empirical studies in the literature.<\/p>\n<p><strong>Download <\/strong><a href=\"https:\/\/sdcentras.lt\/wp-content\/uploads\/QUALITI-IO1-Quality-indicators.pdf\">EN<\/a>[\/vc_column_text][\/vc_column][\/vc_row][vc_row css_animation=&#8221;&#8221; row_type=&#8221;row&#8221; use_row_as_full_screen_section=&#8221;yes&#8221; type=&#8221;grid&#8221; angled_section=&#8221;no&#8221; text_align=&#8221;left&#8221; background_image_as_pattern=&#8221;without_pattern&#8221;][vc_column width=&#8221;1\/4&#8243;][vc_empty_space][vc_single_image image=&#8221;13213&#8243; img_size=&#8221;large&#8221; style=&#8221;vc_box_shadow&#8221; qode_css_animation=&#8221;&#8221;][\/vc_column][vc_column width=&#8221;3\/4&#8243;][vc_empty_space][vc_column_text]<\/p>\n<h6>University Teacher Profile Learning\/Teaching Focused and Centred on Student Characteristics (2023)<\/h6>\n<p>&nbsp;<\/p>\n<p>The profile of university lecturer offers the opportunity to clarify what characteristics an ideal didactically qualified teacher possesses and what skills, expectations and training he needs to operate effectively in university contexts.\u00a0The profile has been created to support, in fact, those who work in university contexts and who need to develop a deeper understanding of the teaching role of the teacher, to reflect on how to allow students to learn better, to motivate them and to lead them towards educational success.<\/p>\n<p>The design of a desirable profile of university lecturer responds, therefore, to the effort or to identify ambitious requirements, characteristics, attributes and elements of the &#8220;didactic personality&#8221; of a teacher who aims to achieve key educational objectives and is ready to perform demanding tasks with intentionality, awareness and professional responsibility, contributing to the development of students\u2019 skills and knowledge, expanding their university experience.<\/p>\n<p><strong>Download <\/strong><a href=\"https:\/\/sdcentras.lt\/wp-content\/uploads\/QUALITI-IO2-Teacher-profile.pdf\">EN<\/a>[\/vc_column_text][\/vc_column][\/vc_row][vc_row css_animation=&#8221;&#8221; row_type=&#8221;row&#8221; use_row_as_full_screen_section=&#8221;yes&#8221; type=&#8221;grid&#8221; angled_section=&#8221;no&#8221; text_align=&#8221;left&#8221; background_image_as_pattern=&#8221;without_pattern&#8221;][vc_column width=&#8221;1\/4&#8243;][vc_empty_space][vc_single_image image=&#8221;13211&#8243; img_size=&#8221;large&#8221; style=&#8221;vc_box_shadow&#8221; qode_css_animation=&#8221;&#8221;][\/vc_column][vc_column width=&#8221;3\/4&#8243;][vc_empty_space][vc_column_text]<\/p>\n<h6>Methodological-Didactics Guidelines for the \u201cLearning\/Teaching Focused Teacher\u201d (2023)<\/h6>\n<p>&nbsp;<\/p>\n<p>The Guidelines aime at investigating and identifying empirical evidence of high quality teaching and provide a guide for university professors about the methodological-didactic aspects and factors on which teachers should focus to allow them to develop proposals and activate qualitatively appreciable teaching interventions on the design level and to support and implement quality teaching over time.<\/p>\n<p>These Methodological Guidelines can be used by teachers helping them to develop and activate a quality didactic action system and a didactic-organizational model (also in terms of programming, planning and proceduralization) such as to ensure the implementation of a flexible teaching in terms of design, evaluation and documentation of the cultural proposal and didactic intervention, while adopting a strategic approach that supports decision-making processes in context.<\/p>\n<p><strong>Download <\/strong><a href=\"https:\/\/sdcentras.lt\/wp-content\/uploads\/QUALITI-IO3-Methodological-didactics-guidelines.pdf\">EN<\/a>[\/vc_column_text][vc_empty_space][vc_empty_space][\/vc_column][\/vc_row][vc_row css_animation=&#8221;&#8221; row_type=&#8221;row&#8221; use_row_as_full_screen_section=&#8221;no&#8221; type=&#8221;grid&#8221; angled_section=&#8221;no&#8221; text_align=&#8221;left&#8221; background_image_as_pattern=&#8221;without_pattern&#8221;][vc_column][vc_empty_space][vc_column_text]<\/p>\n<h6>PROJECT RESULTS<\/h6>\n<p>[\/vc_column_text][vc_separator type=&#8221;normal&#8221;][vc_column_text]<\/p>\n<p>The project had a positive impact on:<\/p>\n<p>teaching staff, by increasing their involvement in improving the quality of teaching;<br \/>\nstudents, by providing them with the opportunity to gain a more valuable learning experience and achieve better learning outcomes.<\/p>\n<p>[\/vc_column_text][vc_empty_space][vc_empty_space height=&#8221;22px&#8221;][\/vc_column][\/vc_row][vc_row css_animation=&#8221;&#8221; row_type=&#8221;row&#8221; use_row_as_full_screen_section=&#8221;yes&#8221; type=&#8221;grid&#8221; angled_section=&#8221;no&#8221; text_align=&#8221;left&#8221; background_image_as_pattern=&#8221;without_pattern&#8221; z_index=&#8221;&#8221; background_color=&#8221;#f7f7f7&#8243;][vc_column width=&#8221;1\/4&#8243;][vc_empty_space][vc_empty_space][vc_single_image image=&#8221;12610&#8243; img_size=&#8221;medium&#8221; qode_css_animation=&#8221;&#8221;][vc_empty_space][vc_empty_space][\/vc_column][vc_column width=&#8221;3\/4&#8243;][vc_empty_space][vc_empty_space][vc_column_text]<\/p>\n<p>The European Commission\u2019s support for the production of this publication does not constitute an endorsement of the contents, which reflect the views only of the authors, and the Commission cannot be held responsible for any use which may be made of the information contained therein.<\/p>\n<p>[\/vc_column_text][vc_empty_space][vc_empty_space][\/vc_column][\/vc_row]<\/p>\n","protected":false},"excerpt":{"rendered":"<p>[vc_row css_animation=&#8221;&#8221; row_type=&#8221;row&#8221; use_row_as_full_screen_section=&#8221;yes&#8221; type=&#8221;grid&#8221; angled_section=&#8221;no&#8221; text_align=&#8221;left&#8221; background_image_as_pattern=&#8221;without_pattern&#8221; background_color=&#8221;#f7f7f7&#8243; z_index=&#8221;&#8221;][vc_column][vc_empty_space][vc_empty_space][vc_empty_space][vc_column_text] QUA.L.I.T.I. \u2013 Didactic Quality Assessment for Innovation of Teaching and Learning Improvement [\/vc_column_text][vc_empty_space][vc_empty_space][\/vc_column][\/vc_row][vc_row css_animation=&#8221;&#8221; row_type=&#8221;row&#8221; use_row_as_full_screen_section=&#8221;yes&#8221; type=&#8221;grid&#8221; angled_section=&#8221;no&#8221; text_align=&#8221;left&#8221; background_image_as_pattern=&#8221;without_pattern&#8221; z_index=&#8221;&#8221;][vc_column width=&#8221;1\/2&#8243;][vc_empty_space][vc_single_image image=&#8221;14605&#8243; img_size=&#8221;medium&#8221; qode_css_animation=&#8221;&#8221;][vc_empty_space][vc_column_text]Project No. 2019-1-IT02-KA203-063157 Project duration: 28 September 2019\u201327 July 2022 Project&#8230;<\/p>\n","protected":false},"author":2,"featured_media":0,"parent":911,"menu_order":0,"comment_status":"closed","ping_status":"closed","template":"full_width.php","meta":{"footnotes":""},"class_list":["post-14639","page","type-page","status-publish","hentry"],"acf":[],"aioseo_notices":[],"_links":{"self":[{"href":"https:\/\/sdcentras.lt\/en\/wp-json\/wp\/v2\/pages\/14639","targetHints":{"allow":["GET"]}}],"collection":[{"href":"https:\/\/sdcentras.lt\/en\/wp-json\/wp\/v2\/pages"}],"about":[{"href":"https:\/\/sdcentras.lt\/en\/wp-json\/wp\/v2\/types\/page"}],"author":[{"embeddable":true,"href":"https:\/\/sdcentras.lt\/en\/wp-json\/wp\/v2\/users\/2"}],"replies":[{"embeddable":true,"href":"https:\/\/sdcentras.lt\/en\/wp-json\/wp\/v2\/comments?post=14639"}],"version-history":[{"count":6,"href":"https:\/\/sdcentras.lt\/en\/wp-json\/wp\/v2\/pages\/14639\/revisions"}],"predecessor-version":[{"id":14681,"href":"https:\/\/sdcentras.lt\/en\/wp-json\/wp\/v2\/pages\/14639\/revisions\/14681"}],"up":[{"embeddable":true,"href":"https:\/\/sdcentras.lt\/en\/wp-json\/wp\/v2\/pages\/911"}],"wp:attachment":[{"href":"https:\/\/sdcentras.lt\/en\/wp-json\/wp\/v2\/media?parent=14639"}],"curies":[{"name":"wp","href":"https:\/\/api.w.org\/{rel}","templated":true}]}}