{"id":14390,"date":"2026-03-09T09:22:04","date_gmt":"2026-03-09T07:22:04","guid":{"rendered":"https:\/\/sdcentras.lt\/projects\/kritinio-mastymo-ugdymas-skaitant-ir-rasant\/"},"modified":"2026-03-12T14:21:39","modified_gmt":"2026-03-12T12:21:39","slug":"critical-thinking-for-reading-and-writing","status":"publish","type":"page","link":"https:\/\/sdcentras.lt\/en\/projects\/critical-thinking-for-reading-and-writing\/","title":{"rendered":"Critical Thinking for Reading and Writing"},"content":{"rendered":"<p>[vc_row css_animation=&#8221;&#8221; row_type=&#8221;row&#8221; use_row_as_full_screen_section=&#8221;yes&#8221; type=&#8221;full_width&#8221; angled_section=&#8221;no&#8221; text_align=&#8221;left&#8221; background_image_as_pattern=&#8221;without_pattern&#8221; background_color=&#8221;#f7f7f7&#8243; z_index=&#8221;&#8221;][vc_column][vc_empty_space][vc_empty_space][vc_empty_space][vc_column_text]<\/p>\n<h2 style=\"text-align: center;\">Critical Thinking for Reading and Writing<\/h2>\n<p>[\/vc_column_text][vc_empty_space][vc_empty_space][\/vc_column][\/vc_row][vc_row css_animation=&#8221;&#8221; row_type=&#8221;row&#8221; use_row_as_full_screen_section=&#8221;yes&#8221; type=&#8221;grid&#8221; angled_section=&#8221;no&#8221; text_align=&#8221;left&#8221; background_image_as_pattern=&#8221;without_pattern&#8221;][vc_column width=&#8221;1\/2&#8243;][vc_empty_space][vc_empty_space][vc_empty_space][vc_column_text]<b>Project duration:<\/b> 1997\u20132000<\/p>\n<p><b>Project funders:<br \/>\n<\/b>Open Society Institute (USA)<br \/>\nInternational Reading Association (USA)<br \/>\nOpen Society Fund Lithuania\u00a0<b><br \/>\n<\/b><\/p>\n<p><strong>Project coordinator:<\/strong> \u0160iuolaikini\u0173 didaktik\u0173 centras[\/vc_column_text][vc_empty_space][vc_single_image image=&#8221;14598&#8243; img_size=&#8221;medium&#8221; qode_css_animation=&#8221;&#8221;][vc_empty_space][\/vc_column][vc_column width=&#8221;1\/2&#8243;][vc_empty_space][vc_empty_space][vc_empty_space][vc_single_image image=&#8221;14386&#8243; img_size=&#8221;large&#8221; qode_css_animation=&#8221;&#8221;][vc_column_text]<\/p>\n<p style=\"text-align: right;\">Project coordinators with volunteers Wendy Saul, Jeanne Reardon and project authors Kurt Meredith, Jeannie Steele<\/p>\n<p>[\/vc_column_text][\/vc_column][\/vc_row][vc_row css_animation=&#8221;&#8221; row_type=&#8221;row&#8221; use_row_as_full_screen_section=&#8221;yes&#8221; type=&#8221;grid&#8221; angled_section=&#8221;no&#8221; text_align=&#8221;left&#8221; background_image_as_pattern=&#8221;without_pattern&#8221;][vc_column][vc_empty_space][vc_column_text]<\/p>\n<h6>PROJECT RELEVANCE<\/h6>\n<p>[\/vc_column_text][vc_separator type=&#8221;normal&#8221;][vc_column_text]Critical Thinking for Reading and Writing (RWCT) is an international project initiated in 1997 by the Open Society Institute (OSI) and the International Reading Association (IRA). The authors of the project are Kurt Meredith, Jeannie Steele (Northern Iowa University), Charles Temple (Hobart and William Smith College), and Scott Walter (International Reading Association).<\/p>\n<p>Critical thinking is one of the most important skills in an open and democratic society. More than ever, young people need to be able to solve complex problems, critically assess circumstances, weigh alternative opinions, and make thoughtful, consistent decisions. Lithuanian general education standards and general education programs also emphasize the ability to think critically, use information creatively, and apply it in practice.<\/p>\n<p>&nbsp;<\/p>\n<p>Before starting to implement the international RWCT project in Lithuania, studies on the state of science in Lithuania and assessments of the quality of educational content were analyzed, which showed that:<\/p>\n<ul>\n<li>Lithuanian schools focus on teaching knowledge and aim to reinforce encyclopedic knowledge.<\/li>\n<li>Students are unable to make independent decisions and justify them, draw conclusions from their experience, or plan for the future.<\/li>\n<li>Students lack the skills to search for, select, and evaluate information.<\/li>\n<li>The knowledge acquired at school is not linked to practice.<\/li>\n<li>The knowledge assessment system is imperfect.<\/li>\n<li>Teachers&#8217; creativity is limited.<\/li>\n<li>There is a shortage of specialists with new ideas.<\/li>\n<li>There are few advanced teaching tools.<\/li>\n<li>There are no signs of the development of an information-based and democratic society.<\/li>\n<\/ul>\n<p>&nbsp;<\/p>\n<p>Advantages of the RWCT project:<\/p>\n<ul>\n<li>It can be effectively applied at all levels of the education system \u2013 primary, secondary, higher, and higher education institutions teaching various subjects.<\/li>\n<li>The project is designed to develop critical thinking in children of different ages.<\/li>\n<li>Teachers and students do not need any prior preparation.<\/li>\n<li>Teachers can rely on their own experience, existing programs, and teaching materials.<\/li>\n<li>Theory is closely linked to practice \u2013 after attending seminars, teachers can immediately apply new teaching methods in their lessons.<\/li>\n<li>The Critical Thinking Education (CTE) program is based on a unified system of thinking and learning, which is developed based on the latest educational research and the works of prominent educators (J. Piaget, J. Dewey, N. Noddings, L. Vygotsky, C. B. Smith, P. D. Pearson, L. Fielding, L. Rosenblatt, J. L. Vaughan, T. Estes, and others).<\/li>\n<\/ul>\n<p>[\/vc_column_text][vc_empty_space][vc_column_text]<\/p>\n<h6>PROJECT AIM<\/h6>\n<p>[\/vc_column_text][vc_separator type=&#8221;normal&#8221;][vc_column_text]To foster critical thinking and civic engagement, and to develop democratic education ideas and processes at the school and classroom levels.[\/vc_column_text][vc_empty_space][vc_column_text]<\/p>\n<h6>PROJECT OBJECTIVES<\/h6>\n<p>[\/vc_column_text][vc_separator type=&#8221;normal&#8221;][vc_column_text]<\/p>\n<ul>\n<li>Train RWCT teachers and lecturers.<\/li>\n<li>Help teachers restructure the teaching process by introducing teaching methods that encourage critical thinking and independent learning among students.<\/li>\n<li>Establish teacher training models and methods that can be used after the project ends.<\/li>\n<\/ul>\n<p>[\/vc_column_text][vc_empty_space][vc_column_text]<\/p>\n<h6>PROJECT TARGET GOUP<\/h6>\n<p>[\/vc_column_text][vc_separator type=&#8221;normal&#8221;][vc_column_text]The program is addressed to teachers of all levels of education and all subjects, as well as employees of professional development institutions, heads of educational institutions, and administrators.[\/vc_column_text][vc_empty_space][\/vc_column][\/vc_row][vc_row css_animation=&#8221;&#8221; row_type=&#8221;row&#8221; use_row_as_full_screen_section=&#8221;no&#8221; type=&#8221;grid&#8221; angled_section=&#8221;no&#8221; text_align=&#8221;left&#8221; background_image_as_pattern=&#8221;without_pattern&#8221; z_index=&#8221;&#8221; background_color=&#8221;#f7f7f7&#8243;][vc_column css=&#8221;.vc_custom_1663322214728{background-color: #f7f7f7 !important;}&#8221;]<div class='testimonials_c_holder clearfix '><div class=\"testimonials_c testimonials_c_carousel\" data-show-navigation=\"no\" data-animation-speed=\"\" data-auto-rotate-slides=\"10\" data-number-per-slide=\"1\"><ul class=\"slides\"><li id=\"testimonials-c-14448\" class=\"testimonial_content\"><div class=\"testimonial_content_inner\"><div class=\"testimonial_image_holder\"><img decoding=\"async\" src=\"https:\/\/sdcentras.lt\/wp-content\/uploads\/Kestutis-Kaminskas-150x150.jpg\" \/><\/div><div class=\"testimonial_text_holder\"><div class=\"testimonial_text_inner\" style=\"\"><p>What RWCT means for me? Several things \u2013 term of pedagogical reality; constant self-questioning: Am I in a right track? Are my students in a right track? Do I provide opportunities to them to look at problems differently?; community of close to me people, where we understand each other from half of a word.<\/p><p class=\"testimonial_author\" style=\"color: #339966;font-size: 16px;\">K\u0119stutis Kaminskas, KMUSR programos dalyvis<\/p><\/div><\/div><\/div><\/li><li id=\"testimonials-c-14451\" class=\"testimonial_content\"><div class=\"testimonial_content_inner\"><div class=\"testimonial_image_holder\"><img decoding=\"async\" src=\"https:\/\/sdcentras.lt\/wp-content\/uploads\/Vida-Gudzinskiene-150x150.jpg\" \/><\/div><div class=\"testimonial_text_holder\"><div class=\"testimonial_text_inner\" style=\"\"><p>For me, critical thinking is a process of considering information that is applied in all areas of life; it is the ability to justify one's thoughts, consider, make decisions, and implement them. It is analytical, non-authoritarian reasoning, constantly asking causal questions, seeking the most correct (best) solutions, without emphasizing or imposing a single absolute truth. As an educator, critical thinking for me is dialogue (with students, colleagues, pupils, etc.), searching for the most favorable solutions, solving emerging problems, forming beliefs, and fostering independence and responsibility.<\/p><p class=\"testimonial_author\" style=\"color: #339966;font-size: 16px;\">prof. dr. Vida Gud\u017einskien\u0117,  KMUSR programos lektor\u0117 ir vertintoja<\/p><\/div><\/div><\/div><\/li><li id=\"testimonials-c-14449\" class=\"testimonial_content\"><div class=\"testimonial_content_inner\"><div class=\"testimonial_image_holder\"><img decoding=\"async\" src=\"https:\/\/sdcentras.lt\/wp-content\/uploads\/Danguole-Dauksiene-150x150.jpg\" \/><\/div><div class=\"testimonial_text_holder\"><div class=\"testimonial_text_inner\" style=\"\"><p>RWCT for me is what I was looking for long time in books, conversations, methodical literature. What I have learned in the programme, proved my assumptions, guesses, helped to look again at the already known things differently and from the new perspective. RWCT provided, scientifically and pedagogically proved methodology, like comprehensive system for teaching and learning, which can be applied in all subjects and for all age pupils. I can openly acknowledge that RWCT changed my work style. What was like separate attempts, methods, \u201etries\u201c, became systematical daily practice. I cannot imagine working in other way now.<\/p><p class=\"testimonial_author\" style=\"color: #339966;font-size: 16px;\">Danguol\u0117 Dauk\u0161ien\u0117,  KMUSR programos mokytoja, lektor\u0117 ir vertintoja<\/p><\/div><\/div><\/div><\/li><li id=\"testimonials-c-14447\" class=\"testimonial_content\"><div class=\"testimonial_content_inner\"><div class=\"testimonial_image_holder\"><img decoding=\"async\" src=\"https:\/\/sdcentras.lt\/wp-content\/uploads\/Raimonda-Jariene-1-150x150.jpg\" \/><\/div><div class=\"testimonial_text_holder\"><div class=\"testimonial_text_inner\" style=\"\"><p>What critical thinking means for me? I began to understand a man and his\/her \u201erevolutionary attempts to struggle with biological, moral, intellectual reality\u201d I found this thought while reading book \u201ePromise of Daybreak\u201c by Romain Gary. It sounded to me as not found, but as recognized and experienced idea. RWCT helped me to understand that those attempts can be fruitful.  <...> To learn means to change and to expand personal boundaries. To learn means to help to do the same for others. Learning is sharing. For me, an introvert person, RWCT was intensive social training. I was rewarded for my attempts by numerous free, inspiring, meaningful professional conversations. When I reflect upon got experience, I can say honestly, that becoming member of RWCT community means to be fortunes gift.<\/p><p class=\"testimonial_author\" style=\"color: #339966;font-size: 16px;\">Raimonda Jarien\u0117, KMUSR programos mokytoja ir lektor\u0117<\/p><\/div><\/div><\/div><\/li><\/ul><\/div><\/div>[\/vc_column][\/vc_row][vc_row css_animation=&#8221;&#8221; row_type=&#8221;row&#8221; use_row_as_full_screen_section=&#8221;no&#8221; type=&#8221;grid&#8221; angled_section=&#8221;no&#8221; text_align=&#8221;left&#8221; background_image_as_pattern=&#8221;without_pattern&#8221; z_index=&#8221;&#8221;][vc_column][vc_empty_space][vc_empty_space][vc_column_text]<\/p>\n<h6>PROJECT ACTIVITIES<\/h6>\n<p>[\/vc_column_text][vc_separator type=&#8221;normal&#8221;][vc_column_text]Since its establishment in 1999, the Modern Didactics Centre has taken over the coordination of the international RWCT project\u00a0 in Lithuania, which has been implemented since 1997 by the Open Lithuania Foundation&#8217;s program &#8220;Education for Lithuania&#8217;s Future.&#8221;<\/p>\n<p>&nbsp;<\/p>\n<ul>\n<li>In the first year, future lecturers were trained: volunteers Wendy Saul (University of Maryland), Jeanne Reardon (Montgomery County Public Schools), Janice Dole (University of Utah), Bonnie Morgan (Utah State Department of Education) led seminars for teachers from Lithuanian primary, secondary, and high schools, as well as university lecturers, teaching various methods and strategies that encourage critical thinking.<\/li>\n<li>In 1998, the RWCT program began to be disseminated in Lithuanian schools.<\/li>\n<li>Between 1997 and 2000, 48 schools from educational centers participated in the project, and over 600 teachers from various schools across the country attended KMUSR seminars.<\/li>\n<li>In 1998\u20131999, Vilnius University and in 1998\u20132008, Vilnius Pedagogical University offered an elective credit course for students entitled &#8220;Critical Thinking in Various Subjects,&#8221; which was attended by over 700 students.<\/li>\n<li>In 1999, a sociological study of the KMUSR project was conducted, which revealed the successful implementation of the project in Lithuania and positive changes in the activities of teachers and students.<\/li>\n<li>In order to ensure the quality of the program, a certification process for teachers and lecturers of critical thinking education programs was launched in Lithuania in 2001, and certification standards were published. Three teachers have been certified in Lithuania.<\/li>\n<li>RWCT programme, starting from 1997 till now has faced many challenges. Any way it still remains to serve as background for many RWCT-Lithuania team works. It had tremendous impact on personal and professional growth on project participants.<\/li>\n<\/ul>\n<p>[\/vc_column_text][vc_empty_space][vc_column_text]<\/p>\n<h5 style=\"text-align: center;\">Critical thinking education centers<\/h5>\n<p>[\/vc_column_text][vc_separator type=&#8221;normal&#8221;][vc_empty_space][vc_column_text]Five schools have become methodological centers for critical thinking education. Most teachers at these schools have completed the full cycle of KMUSR seminars and are certified program teachers and lecturers. They apply critical thinking education schemes and methods in their lessons, conduct seminars for other teachers, and hold open lessons. [\/vc_column_text][vc_empty_space][\/vc_column][\/vc_row][vc_row css_animation=&#8221;&#8221; row_type=&#8221;row&#8221; use_row_as_full_screen_section=&#8221;yes&#8221; type=&#8221;grid&#8221; angled_section=&#8221;no&#8221; text_align=&#8221;left&#8221; background_image_as_pattern=&#8221;without_pattern&#8221; z_index=&#8221;&#8221;][vc_column width=&#8221;1\/5&#8243;][vc_single_image image=&#8221;7160&#8243; img_size=&#8221;large&#8221; alignment=&#8221;center&#8221; qode_css_animation=&#8221;&#8221;][vc_empty_space][vc_column_text]<\/p>\n<h6 style=\"text-align: center;\"><a href=\"https:\/\/vilniausvyturio.lt\/\" target=\"_blank\" rel=\"noopener\">Vilnius \u201eVyturys\u201c Primary School<\/a><\/h6>\n<p>[\/vc_column_text][\/vc_column][vc_column width=&#8221;1\/5&#8243;][vc_single_image image=&#8221;7152&#8243; img_size=&#8221;large&#8221; alignment=&#8221;center&#8221; qode_css_animation=&#8221;&#8221;][vc_empty_space][vc_column_text]<\/p>\n<h6 style=\"text-align: center;\"><a href=\"http:\/\/www.daukanto.vilnius.lm.lt\/\" target=\"_blank\" rel=\"noopener\">Vilnius Simonas Daukantas Gymnasium<\/a><\/h6>\n<p>[\/vc_column_text][\/vc_column][vc_column width=&#8221;1\/5&#8243;][vc_single_image image=&#8221;7156&#8243; img_size=&#8221;large&#8221; alignment=&#8221;center&#8221; qode_css_animation=&#8221;&#8221;][vc_empty_space][vc_column_text]<\/p>\n<h6 style=\"text-align: center;\"><a href=\"https:\/\/www.gimnazija.moletai.lt\/\" target=\"_blank\" rel=\"noopener\">Mol\u0117tai Gymnasium<\/a><\/h6>\n<p>[\/vc_column_text][\/vc_column][vc_column width=&#8221;1\/5&#8243;][vc_single_image image=&#8221;7154&#8243; img_size=&#8221;large&#8221; alignment=&#8221;center&#8221; qode_css_animation=&#8221;&#8221;][vc_empty_space][vc_column_text]<\/p>\n<h6 style=\"text-align: center;\"><a href=\"https:\/\/www.zibureliomokykla.lt\/\" target=\"_blank\" rel=\"noopener\">Ma\u017eeikiai \u201e\u017dibur\u0117lis\u201c Primary School<\/a><\/h6>\n<p>[\/vc_column_text][\/vc_column][vc_column width=&#8221;1\/5&#8243;][vc_single_image image=&#8221;7158&#8243; img_size=&#8221;large&#8221; alignment=&#8221;center&#8221; qode_css_animation=&#8221;&#8221;][vc_empty_space][vc_column_text]<\/p>\n<h6 style=\"text-align: center;\"><a href=\"https:\/\/www.pirmojigimnazija.lt\/\" target=\"_blank\" rel=\"noopener\">The First Gymnasium of \u0160ilut\u0117<\/a><\/h6>\n<p>[\/vc_column_text][\/vc_column][\/vc_row][vc_row css_animation=&#8221;&#8221; row_type=&#8221;row&#8221; use_row_as_full_screen_section=&#8221;no&#8221; type=&#8221;grid&#8221; angled_section=&#8221;no&#8221; text_align=&#8221;left&#8221; background_image_as_pattern=&#8221;without_pattern&#8221; z_index=&#8221;&#8221;][vc_column][vc_empty_space][vc_empty_space][vc_empty_space][vc_column_text]<\/p>\n<h6>PROJECT INTELLECTUAL OUTPUTS<\/h6>\n<p>[\/vc_column_text][vc_separator type=&#8221;normal&#8221;][\/vc_column][\/vc_row][vc_row css_animation=&#8221;&#8221; row_type=&#8221;row&#8221; use_row_as_full_screen_section=&#8221;yes&#8221; type=&#8221;grid&#8221; angled_section=&#8221;no&#8221; text_align=&#8221;left&#8221; background_image_as_pattern=&#8221;without_pattern&#8221;][vc_column width=&#8221;1\/4&#8243;][vc_empty_space][vc_single_image image=&#8221;1064&#8243; img_size=&#8221;medium&#8221; style=&#8221;vc_box_shadow&#8221; qode_css_animation=&#8221;&#8221;][vc_empty_space][\/vc_column][vc_column width=&#8221;3\/4&#8243;][vc_empty_space][vc_column_text]<\/p>\n<h6>Critical Thinking Education: Theory and Practice (2001)<\/h6>\n<p>&nbsp;<\/p>\n<p>The aim of the book is to introduce the main ideas and theoretical principles of the project and to share practical experience. The first chapter of the book presents a consistent thinking and learning scheme and shows how to apply it, as well as the advantages and significance of each stage of the scheme in developing critical thinking. It also discusses lesson planning and assessment options. In the second chapter of the book, teachers working with children of various ages, from primary school pupils to university students, share their experiences; teachers who teach various subjects, from the humanities to the exact sciences. Teachers from general education schools and higher education institutions participated in the project. By listening to theoretical lectures, experimenting, and trying to apply critical thinking methods in their work, teachers sought to discover their own model of critical thinking and to figure out for themselves what critical thinking is.<\/p>\n<p><a href=\"https:\/\/sdcentras.lt\/kritinio-mastymo-ugdymas-teorija-ir-praktika\/\" target=\"_blank\" rel=\"noopener\">Download LT<\/a>[\/vc_column_text][vc_empty_space][\/vc_column][\/vc_row][vc_row css_animation=&#8221;&#8221; row_type=&#8221;row&#8221; use_row_as_full_screen_section=&#8221;yes&#8221; type=&#8221;grid&#8221; angled_section=&#8221;no&#8221; text_align=&#8221;left&#8221; background_image_as_pattern=&#8221;without_pattern&#8221;][vc_column width=&#8221;1\/4&#8243;][vc_empty_space][vc_single_image image=&#8221;941&#8243; img_size=&#8221;medium&#8221; style=&#8221;vc_box_shadow&#8221; qode_css_animation=&#8221;&#8221;][vc_empty_space][\/vc_column][vc_column width=&#8221;3\/4&#8243;][vc_empty_space][vc_column_text]<\/p>\n<h6>RWCT Teacher&#8217;s and Lecturer&#8217;s Certification Standards and Procedures (2004)<\/h6>\n<p>&nbsp;<\/p>\n<p>Lithuania, like other countries participating in the project, has joined the international project participant certification process. Readers are presented with international critical thinking education standards for professional development and qualification improvement. The focus is on the personal and professional competencies of teachers\/lecturers, which are expressed through the creation of the learning environment, the educational process itself, lesson planning, and assessment.<\/p>\n<p>Educators who aspire to become excellent teachers can use the standards and assessment procedures as guidelines. Certified critical thinking teachers\/instructors and lecturers play an important role in developing their personal and professional growth as well as that of their pupils or students.<\/p>\n<p><a href=\"https:\/\/sdcentras.lt\/wp-content\/uploads\/Kritinio-mastymo-ugdymo%C5%BEprogramos-sertifikavimo-standartai.pdf\" target=\"_blank\" rel=\"noopener\">Download LT<\/a>[\/vc_column_text][vc_empty_space][\/vc_column][\/vc_row][vc_row css_animation=&#8221;&#8221; row_type=&#8221;row&#8221; use_row_as_full_screen_section=&#8221;yes&#8221; type=&#8221;grid&#8221; angled_section=&#8221;no&#8221; text_align=&#8221;left&#8221; background_image_as_pattern=&#8221;without_pattern&#8221;][vc_column width=&#8221;1\/4&#8243;][vc_empty_space][vc_single_image image=&#8221;4838&#8243; img_size=&#8221;medium&#8221; style=&#8221;vc_box_shadow&#8221; qode_css_animation=&#8221;&#8221;][vc_empty_space][\/vc_column][vc_column width=&#8221;3\/4&#8243;][vc_empty_space][vc_column_text]<\/p>\n<h6><strong>Thinking Classroom, 2000\u20132008 m.<\/strong><\/h6>\n<p>&nbsp;<\/p>\n<p>This is an international journal on critical thinking education, published in Lithuanian, Russian, and English from 2000 to 2008. It is intended for teachers and all educators interested in the dissemination of democratic education, promoting professional cooperation among educators and the sharing of experience and research. Permainos publishes theoretical reflections, relevant research material, and lesson examples to help readers better understand teaching practices, education policy and methodology that encourages critical and creative thinking, active learning, and student-centered teaching and assessment.<\/p>\n<p>&nbsp;<\/p>\n<p>From 2000 to 2005, the journal was published by the Modern Didactics Center, and from 2006 to 2008 by the International Critical Thinking Consortium.<\/p>\n<p>[\/vc_column_text][vc_empty_space][vc_empty_space][\/vc_column][\/vc_row][vc_column][\/vc_column]<\/p>\n","protected":false},"excerpt":{"rendered":"<p>[vc_row css_animation=&#8221;&#8221; row_type=&#8221;row&#8221; use_row_as_full_screen_section=&#8221;yes&#8221; type=&#8221;full_width&#8221; angled_section=&#8221;no&#8221; text_align=&#8221;left&#8221; background_image_as_pattern=&#8221;without_pattern&#8221; background_color=&#8221;#f7f7f7&#8243; z_index=&#8221;&#8221;][vc_column][vc_empty_space][vc_empty_space][vc_empty_space][vc_column_text] Critical Thinking for Reading and Writing [\/vc_column_text][vc_empty_space][vc_empty_space][\/vc_column][\/vc_row][vc_row css_animation=&#8221;&#8221; row_type=&#8221;row&#8221; use_row_as_full_screen_section=&#8221;yes&#8221; type=&#8221;grid&#8221; angled_section=&#8221;no&#8221; text_align=&#8221;left&#8221; background_image_as_pattern=&#8221;without_pattern&#8221;][vc_column width=&#8221;1\/2&#8243;][vc_empty_space][vc_empty_space][vc_empty_space][vc_column_text]Project duration: 1997\u20132000 Project funders: Open Society Institute (USA) International Reading Association (USA) Open Society Fund Lithuania\u00a0 Project coordinator: \u0160iuolaikini\u0173 didaktik\u0173&#8230;<\/p>\n","protected":false},"author":2,"featured_media":0,"parent":911,"menu_order":0,"comment_status":"closed","ping_status":"closed","template":"full_width.php","meta":{"footnotes":""},"class_list":["post-14390","page","type-page","status-publish","hentry"],"acf":[],"aioseo_notices":[],"_links":{"self":[{"href":"https:\/\/sdcentras.lt\/en\/wp-json\/wp\/v2\/pages\/14390","targetHints":{"allow":["GET"]}}],"collection":[{"href":"https:\/\/sdcentras.lt\/en\/wp-json\/wp\/v2\/pages"}],"about":[{"href":"https:\/\/sdcentras.lt\/en\/wp-json\/wp\/v2\/types\/page"}],"author":[{"embeddable":true,"href":"https:\/\/sdcentras.lt\/en\/wp-json\/wp\/v2\/users\/2"}],"replies":[{"embeddable":true,"href":"https:\/\/sdcentras.lt\/en\/wp-json\/wp\/v2\/comments?post=14390"}],"version-history":[{"count":9,"href":"https:\/\/sdcentras.lt\/en\/wp-json\/wp\/v2\/pages\/14390\/revisions"}],"predecessor-version":[{"id":14600,"href":"https:\/\/sdcentras.lt\/en\/wp-json\/wp\/v2\/pages\/14390\/revisions\/14600"}],"up":[{"embeddable":true,"href":"https:\/\/sdcentras.lt\/en\/wp-json\/wp\/v2\/pages\/911"}],"wp:attachment":[{"href":"https:\/\/sdcentras.lt\/en\/wp-json\/wp\/v2\/media?parent=14390"}],"curies":[{"name":"wp","href":"https:\/\/api.w.org\/{rel}","templated":true}]}}