{"id":14378,"date":"2026-03-08T19:29:17","date_gmt":"2026-03-08T17:29:17","guid":{"rendered":"https:\/\/sdcentras.lt\/projects\/integration-of-children-with-special-needs-into-school\/"},"modified":"2026-03-08T22:16:34","modified_gmt":"2026-03-08T20:16:34","slug":"integration-of-children-with-special-needs-in-educational-institutions","status":"publish","type":"page","link":"https:\/\/sdcentras.lt\/en\/projects\/integration-of-children-with-special-needs-in-educational-institutions\/","title":{"rendered":"Integration of Children with Special Needs in Educational Institutions"},"content":{"rendered":"<p>[vc_row css_animation=&#8221;&#8221; row_type=&#8221;row&#8221; use_row_as_full_screen_section=&#8221;yes&#8221; type=&#8221;full_width&#8221; angled_section=&#8221;no&#8221; text_align=&#8221;left&#8221; background_image_as_pattern=&#8221;without_pattern&#8221; background_color=&#8221;#f7f7f7&#8243; z_index=&#8221;&#8221;][vc_column][vc_empty_space][vc_empty_space][vc_empty_space][vc_column_text]<\/p>\n<h2 style=\"text-align: center;\">Integration of Children with Special Needs in Educational Institutions<\/h2>\n<p>[\/vc_column_text][vc_empty_space][vc_empty_space][\/vc_column][\/vc_row][vc_row css_animation=&#8221;&#8221; row_type=&#8221;row&#8221; use_row_as_full_screen_section=&#8221;yes&#8221; type=&#8221;grid&#8221; angled_section=&#8221;no&#8221; text_align=&#8221;left&#8221; background_image_as_pattern=&#8221;without_pattern&#8221;][vc_column width=&#8221;1\/2&#8243;][vc_empty_space][vc_empty_space][vc_column_text]<strong>Project duration:<\/strong> 29 September 2001\u201322 July 2002<\/p>\n<p><strong>Project funder:<\/strong><\/p>\n<p>Foundation for Educational Change, Lithuania<\/p>\n<p><strong>Project coordinator:<\/strong> \u0160iuolaikini\u0173 didaktik\u0173 centras[\/vc_column_text][vc_empty_space][\/vc_column][vc_column width=&#8221;1\/2&#8243;][vc_empty_space][vc_empty_space][vc_single_image image=&#8221;7058&#8243; img_size=&#8221;large&#8221; qode_css_animation=&#8221;&#8221;][\/vc_column][\/vc_row][vc_row css_animation=&#8221;&#8221; row_type=&#8221;row&#8221; use_row_as_full_screen_section=&#8221;yes&#8221; type=&#8221;grid&#8221; angled_section=&#8221;no&#8221; text_align=&#8221;left&#8221; background_image_as_pattern=&#8221;without_pattern&#8221;][vc_column][vc_column_text]<\/p>\n<h6>PROJECT RELEVANCE<\/h6>\n<p>[\/vc_column_text][vc_separator type=&#8221;normal&#8221;][vc_column_text]Recently, there has been increasing discussion about the integration of children with special needs into educational institutions. However, today&#8217;s schools and teachers are often not yet prepared for the full integration process. There is a lack of theoretical knowledge and specific working methods. The aim of this project is not only to provide theoretical knowledge, specific methodologies, and strategies, but also to help teachers and social pedagogues participating in the project to create and test a specific action plan. [\/vc_column_text][vc_empty_space][vc_column_text]<\/p>\n<h6>PROJECT AIM<\/h6>\n<p>[\/vc_column_text][vc_separator type=&#8221;normal&#8221;][vc_column_text]To warrant an integration of children with special needs into education institutions.[\/vc_column_text][vc_empty_space][vc_column_text]<\/p>\n<h6>PROJECT OBJECTIVES<\/h6>\n<p>[\/vc_column_text][vc_separator type=&#8221;normal&#8221;][vc_column_text]<\/p>\n<ul>\n<li>To organize a training session for subject teachers, social pedagogues, special pedagogues, psychologists, speech specialists.<\/li>\n<li>To present for project participants theory and methodology of work with special needs children, to analyse peculiarities of communication with these children, to present strategies of common problem solving.<\/li>\n<li>To develop and to test action plans for work with special needs children.<\/li>\n<\/ul>\n<p>[\/vc_column_text][vc_empty_space][vc_column_text]<\/p>\n<h6>PROJECT TARGET GROUPS<\/h6>\n<p>[\/vc_column_text][vc_separator type=&#8221;normal&#8221;][vc_column_text]Two groups of teachers participated in the project <strong>\u2013<\/strong> 60 subject teachers, social pedagogues, special pedagogues, psychologists and speech specialists. They represented 43 schools of different level <strong>\u2013<\/strong> pre-primary, primary, basic, secondary, special schools and gymnasiums, from different regions of Lithuania.<\/p>\n<p>[\/vc_column_text][vc_empty_space][vc_column_text]<\/p>\n<h6>PROJECT ACTIVITIES<\/h6>\n<p>[\/vc_column_text][vc_separator type=&#8221;normal&#8221;][vc_column_text]<\/p>\n<p>During the project three 2 days seminars and the final conference were organized.<\/p>\n<p><strong>The Ist seminar. 15\u201316, 22\u201323 November 2001<\/strong><br \/>\nTopics of the seminar: Preparation of a teacher to work with particular child. Preparation of pupils and their parents. Preparation of class for integration of child with special needs. Ways and methods for cognition of pupils. Trying of different ways of introduction. Group work organization. Methods of group work. Specific methods of group work helping to master a teaching subject content. Importance of cooperation and communication for the integration or children with special needs.<\/p>\n<p>&nbsp;<\/p>\n<p><strong>The IInd seminar. 10\u201311, 17\u201318 January 2002<\/strong><br \/>\nTopics of the seminar:<br \/>\nMethods of active learning. Educational games. Games for social skills development. Testing of specific game methods.<\/p>\n<p>&nbsp;<\/p>\n<p><strong>The IIIrd seminar. 7\u20138, 14\u201315 March 2002<\/strong><br \/>\nTopics of the seminar:<br \/>\nMethods of work with parents. A method of active meeting. Writing of letters. Strategies of organizing events rallying a class community. Methods of evaluation and self evaluation. Preparation of portfolio. Collection of social data.<\/p>\n<p>&nbsp;<\/p>\n<p><strong>The final conference. 10 May 2002<\/strong><br \/>\nAnalysis of collected social data. Evaluation of effectiveness of different methodologies. Preparation of methodical recommendations for teachers working with special needs children.<\/p>\n<p>[\/vc_column_text][vc_empty_space][vc_column_text]<\/p>\n<h6>PROJECT RESULTS<\/h6>\n<p>[\/vc_column_text][vc_separator type=&#8221;normal&#8221;][vc_column_text]<\/p>\n<ul>\n<li>Project participants acquired knowledge and practical skills of the work with special needs children and will be able to share the experience with their colleagues.<\/li>\n<li>Teachers, participated in the project, developed, tested and evaluated concrete action plans for a work with special needs children. They also developed individual models of special needs children integration into school.<\/li>\n<li>During the final conference participants made presentations, shared their experience, discussed peculiarities of special needs children integration.<\/li>\n<li>On the basis of seminar materials and materials collected and tested by project participants a methodical Guidebook was prepared for teachers working with special needs children.<\/li>\n<\/ul>\n<p>[\/vc_column_text][vc_empty_space][vc_empty_space][\/vc_column][\/vc_row]<\/p>\n","protected":false},"excerpt":{"rendered":"<p>[vc_row css_animation=&#8221;&#8221; row_type=&#8221;row&#8221; use_row_as_full_screen_section=&#8221;yes&#8221; type=&#8221;full_width&#8221; angled_section=&#8221;no&#8221; text_align=&#8221;left&#8221; background_image_as_pattern=&#8221;without_pattern&#8221; background_color=&#8221;#f7f7f7&#8243; z_index=&#8221;&#8221;][vc_column][vc_empty_space][vc_empty_space][vc_empty_space][vc_column_text] Integration of Children with Special Needs in Educational Institutions [\/vc_column_text][vc_empty_space][vc_empty_space][\/vc_column][\/vc_row][vc_row css_animation=&#8221;&#8221; row_type=&#8221;row&#8221; use_row_as_full_screen_section=&#8221;yes&#8221; type=&#8221;grid&#8221; angled_section=&#8221;no&#8221; text_align=&#8221;left&#8221; background_image_as_pattern=&#8221;without_pattern&#8221;][vc_column width=&#8221;1\/2&#8243;][vc_empty_space][vc_empty_space][vc_column_text]Project duration: 29 September 2001\u201322 July 2002 Project funder: Foundation for Educational Change, Lithuania Project coordinator: \u0160iuolaikini\u0173 didaktik\u0173&#8230;<\/p>\n","protected":false},"author":2,"featured_media":0,"parent":911,"menu_order":0,"comment_status":"closed","ping_status":"closed","template":"full_width.php","meta":{"footnotes":""},"class_list":["post-14378","page","type-page","status-publish","hentry"],"acf":[],"aioseo_notices":[],"_links":{"self":[{"href":"https:\/\/sdcentras.lt\/en\/wp-json\/wp\/v2\/pages\/14378","targetHints":{"allow":["GET"]}}],"collection":[{"href":"https:\/\/sdcentras.lt\/en\/wp-json\/wp\/v2\/pages"}],"about":[{"href":"https:\/\/sdcentras.lt\/en\/wp-json\/wp\/v2\/types\/page"}],"author":[{"embeddable":true,"href":"https:\/\/sdcentras.lt\/en\/wp-json\/wp\/v2\/users\/2"}],"replies":[{"embeddable":true,"href":"https:\/\/sdcentras.lt\/en\/wp-json\/wp\/v2\/comments?post=14378"}],"version-history":[{"count":3,"href":"https:\/\/sdcentras.lt\/en\/wp-json\/wp\/v2\/pages\/14378\/revisions"}],"predecessor-version":[{"id":14384,"href":"https:\/\/sdcentras.lt\/en\/wp-json\/wp\/v2\/pages\/14378\/revisions\/14384"}],"up":[{"embeddable":true,"href":"https:\/\/sdcentras.lt\/en\/wp-json\/wp\/v2\/pages\/911"}],"wp:attachment":[{"href":"https:\/\/sdcentras.lt\/en\/wp-json\/wp\/v2\/media?parent=14378"}],"curies":[{"name":"wp","href":"https:\/\/api.w.org\/{rel}","templated":true}]}}