{"id":14340,"date":"2026-03-07T23:09:26","date_gmt":"2026-03-07T21:09:26","guid":{"rendered":"https:\/\/sdcentras.lt\/projects\/mokiniu-savitarpio-pagalba-iveikiant-mokymosi-sunkumus\/"},"modified":"2026-03-07T23:26:11","modified_gmt":"2026-03-07T21:26:11","slug":"students-to-students-helping-to-overcome-learning-difficulties","status":"publish","type":"page","link":"https:\/\/sdcentras.lt\/en\/projects\/students-to-students-helping-to-overcome-learning-difficulties\/","title":{"rendered":"Students to Students Helping to Overcome Learning Difficulties"},"content":{"rendered":"<p>[vc_row css_animation=&#8221;&#8221; row_type=&#8221;row&#8221; use_row_as_full_screen_section=&#8221;yes&#8221; type=&#8221;full_width&#8221; angled_section=&#8221;no&#8221; text_align=&#8221;left&#8221; background_image_as_pattern=&#8221;without_pattern&#8221; z_index=&#8221;&#8221;][vc_column][vc_empty_space][vc_empty_space][vc_empty_space][vc_column_text]<\/p>\n<h2 style=\"text-align: center;\">Students to Students Helping to Overcome Learning Difficulties<\/h2>\n<p>[\/vc_column_text][vc_empty_space][vc_empty_space][\/vc_column][\/vc_row][vc_row css_animation=&#8221;&#8221; row_type=&#8221;row&#8221; use_row_as_full_screen_section=&#8221;yes&#8221; type=&#8221;grid&#8221; angled_section=&#8221;no&#8221; text_align=&#8221;left&#8221; background_image_as_pattern=&#8221;without_pattern&#8221; z_index=&#8221;&#8221; background_color=&#8221;#f7f7f7&#8243;][vc_column width=&#8221;1\/2&#8243;][vc_empty_space][vc_empty_space][vc_column_text]<\/p>\n<p><b>Project duration:<\/b> 1 July 2004\u201330 June 2005<\/p>\n<p><b>Project funder: <\/b>World Bank<\/p>\n<p><strong>Project coordinator:<\/strong>\u00a0\u0160iuolaikini\u0173 didaktik\u0173 centras<\/p>\n<p><b>Projecr partner: <\/b><a href=\"https:\/\/pvc.lt\/\" target=\"_blank\" rel=\"noopener\">Paramos vaikams centras<\/a>\u00a0(Lithuania)<\/p>\n<p>[\/vc_column_text][vc_empty_space][vc_empty_space][\/vc_column][vc_column width=&#8221;1\/2&#8243;][vc_empty_space][vc_empty_space][vc_single_image image=&#8221;1478&#8243; img_size=&#8221;large&#8221; qode_css_animation=&#8221;&#8221;][vc_empty_space][vc_empty_space][\/vc_column][\/vc_row][vc_row css_animation=&#8221;&#8221; row_type=&#8221;row&#8221; use_row_as_full_screen_section=&#8221;yes&#8221; type=&#8221;grid&#8221; angled_section=&#8221;no&#8221; text_align=&#8221;left&#8221; background_image_as_pattern=&#8221;without_pattern&#8221;][vc_column][vc_empty_space][vc_column_text]<\/p>\n<h6>PROJECT RELEVANCE<\/h6>\n<p>[\/vc_column_text][vc_separator type=&#8221;normal&#8221;][vc_column_text]<\/p>\n<p>The most important activity for students at school is learning. It determines how students evaluate themselves and perceive others, and essentially determines how successful they will be in adulthood. Therefore, it is very important to give children opportunities at school to take a closer look at their own learning process and that of their friends, and to create an environment where they can safely analyze and overcome learning difficulties. This will help them to better understand themselves and others, learn to tolerate diversity, focus on meaningful activities, and help and accept help.<\/p>\n<p>&nbsp;<\/p>\n<p>There is a lot of research data proving that mutual assistance among students has a positive effect on school life: there are fewer late arrivals, fewer missed classes, and fewer dropouts. Students&#8217; social and self-control skills and learning outcomes improve.<\/p>\n<p>&nbsp;<\/p>\n<p>For Lithuanian schools, this is a new form of learning that requires new skills in organizing educational activities, reflecting on the learning process, and collaborating.<\/p>\n<p>&nbsp;<\/p>\n<p>Mutual assistance among students in learning is organized with the understanding that learning failure is one of the factors contributing to school absenteeism, and efforts are made to overcome the causes of this phenomenon rather than the consequences of school avoidance. This activity brings the school community together, as it involves cooperation between students from different classes, their parents, and teachers. It also promotes the consolidation of democratic attitudes, as the results of this learning are publicly visible and discussed. Undoubtedly, this method of learning promotes the achievement of strategic educational goals: fostering a supportive civil society and reducing social exclusion. What is new is that it seeks to mobilize the internal resources of the school community to overcome learning gaps, and the most active participants in these processes are the students themselves. However, they need methodological guidance from teachers and the support and assistance of parents and peers.<\/p>\n<p>&nbsp;<\/p>\n<p>An active student position is a desirable goal for Lithuanian schools, which is pursued by introducing collaborative learning, active teaching methods, fostering critical thinking, and implementing a concept of student progress and achievement assessment that focuses on improving students&#8217; ability to self-assess and set learning goals. It would be great if students, by helping each other, could understand the benefits of these methods and learn how to use them in practice.<\/p>\n<p>&nbsp;<\/p>\n<p>New methods and ideas usually reach schools in the form of shorter or longer projects. This project is one of many. It is new in that it draws attention to a pressing problem: learning gaps and how to overcome them by pooling the internal resources of the school community. It also draws attention to the organization of the educational process, where overcoming learning gaps has not been given the necessary attention until now.[\/vc_column_text][vc_empty_space][vc_column_text]<\/p>\n<h6>PROJECT AIM<\/h6>\n<p>[\/vc_column_text][vc_separator type=&#8221;normal&#8221;][vc_column_text]<\/p>\n<p>The project aimed to involve school communities in peer and cross-age tutoring activities, promoting the idea of learning to learn as the main accelerator towards the goal of inclusive education.[\/vc_column_text][vc_empty_space][vc_column_text]<\/p>\n<h6>PROJECT OBJECTIVES<\/h6>\n<p>[\/vc_column_text][vc_separator type=&#8221;normal&#8221;][vc_column_text]<\/p>\n<ul>\n<li>To provide teachers and tutors with teaching instructions for partner-learning.<\/li>\n<li>To achieve multiple increase of help-giving recourses.<\/li>\n<li>To enhance learning results of tutees and tutors and their contentment with the learning activities.<\/li>\n<li>To increase the collaboration skills between the teachers, students and their parents.<\/li>\n<li>To make learning processes a part of democratization of school community life.<\/li>\n<\/ul>\n<p>[\/vc_column_text][vc_empty_space][vc_column_text]<\/p>\n<h6>PROJECT PARTICIPANTS<\/h6>\n<p>[\/vc_column_text][vc_separator type=&#8221;normal&#8221;][vc_column_text]<\/p>\n<p>Target groups of the project \u2013 teachers, students and their parents, school communities.<\/p>\n<p>15 teachers and 42 students of 7\u201310 grades from these schools participated in the project:<br \/>\nVilnius J. Basanavicius secondary school<br \/>\nGrigiskes secondary school of Vilnius municipality<br \/>\nVilnius A. Kulvietis secondary school<br \/>\nVilnius A. Mickiewich gymnasium<br \/>\nVilnius M. Mazvydas secondary school<br \/>\nVilnius P. Vileisis basic school<\/p>\n<p>Project lecturers:<\/p>\n<p>Romualda RAGUOTIEN\u0116,\u00a0psychologist of Vilnius A.Mickievich gymnasium<br \/>\nErna PETKUT\u0116, Director of Children Support Center<\/p>\n<p>[\/vc_column_text][vc_empty_space][vc_column_text]<\/p>\n<h6>PROJECT ACTIVITIES<\/h6>\n<p>[\/vc_column_text][vc_separator type=&#8221;normal&#8221;][vc_column_text]September 2004\u2013May 2005<br \/>\nWorkshops for the teachers and students-tutors<\/p>\n<p>September\u2013October 2004<br \/>\nOrganization of peer and cross-age tutoring clubs<\/p>\n<p>&nbsp;<\/p>\n<p>September 2004\u2013June 2005<br \/>\nOngoing assessment of peer tutoring activities<\/p>\n<p>&nbsp;<\/p>\n<p>September 2004\u2013June 2005<br \/>\nDiscussions on peer and cross-age tutoring activities at the students\u2019 councils<\/p>\n<p>&nbsp;<\/p>\n<p>September\u2013October 2004<br \/>\nPreparation of the tools to evaluate students learning progress and contentment with the learning activities<\/p>\n<p>&nbsp;<\/p>\n<p>September 2004\u2013June 2005<br \/>\nMonitoring of learning progress of tutors and tutees during the project time<\/p>\n<p>&nbsp;<\/p>\n<p>September 2004, May 2005<br \/>\nSurvey on contentment with the learning activities of tutors and tutees in the beginning and in the end of the project<\/p>\n<p>&nbsp;<\/p>\n<p>October 2004\u2013May 2005<br \/>\nConsultations for tutors regarding teaching contents, methods, communication problems<\/p>\n<p>&nbsp;<\/p>\n<p>October 2004\u2013May 2005<br \/>\nPublications in the schools newsletters about the project activities and problematic issues<\/p>\n<p>&nbsp;<\/p>\n<p>March\u2013May 2005<br \/>\nPreparation and publishing the methodical recommendations on peer and cross-age tutoring<\/p>\n<p>&nbsp;<\/p>\n<p>October 2004\u2013May 2005<br \/>\nDiscussions of the project activities with students teachers and parents<\/p>\n<p>[\/vc_column_text][vc_empty_space][vc_column_text]<\/p>\n<h6>PROJECT INTELLECTUAL OUTPUT<\/h6>\n<p>[\/vc_column_text][vc_separator type=&#8221;normal&#8221;][\/vc_column][\/vc_row][vc_row css_animation=&#8221;&#8221; row_type=&#8221;row&#8221; use_row_as_full_screen_section=&#8221;yes&#8221; type=&#8221;grid&#8221; angled_section=&#8221;no&#8221; text_align=&#8221;left&#8221; background_image_as_pattern=&#8221;without_pattern&#8221;][vc_column width=&#8221;1\/4&#8243;][vc_empty_space][vc_single_image image=&#8221;1046&#8243; img_size=&#8221;medium&#8221; style=&#8221;vc_box_shadow&#8221; qode_css_animation=&#8221;&#8221;][vc_empty_space][\/vc_column][vc_column width=&#8221;3\/4&#8243;][vc_empty_space][vc_column_text]<\/p>\n<h6>Methodical Recommendations for Teachers Organizing Peer and Cross-age Tutoring Activities (2005)<\/h6>\n<p>&nbsp;<\/p>\n<p>Publication introduces a peer and cross-age tutoring model, elaborated during the project, that could be applied at other Lithuania schools. The methodical and practical guidelines of peer and cross-age tutoring programme implementation as well as individual cases of peer tutoring are presented in the publication.<\/p>\n<p>&nbsp;<\/p>\n<p>Download <a href=\"https:\/\/sdcentras.lt\/wp-content\/uploads\/metodines-rekomendcijos-mokytojams-organizuojantiems-moksleiviu-savitarpio-pagalba.pdf\" target=\"_blank\" rel=\"noopener\">LT<\/a>[\/vc_column_text][vc_empty_space][\/vc_column][\/vc_row][vc_row css_animation=&#8221;&#8221; row_type=&#8221;row&#8221; use_row_as_full_screen_section=&#8221;yes&#8221; type=&#8221;grid&#8221; angled_section=&#8221;no&#8221; text_align=&#8221;left&#8221; background_image_as_pattern=&#8221;without_pattern&#8221;][vc_column][vc_empty_space][vc_column_text]<\/p>\n<h6>PROJECT RESULTS<\/h6>\n<p>[\/vc_column_text][vc_separator type=&#8221;normal&#8221;][vc_empty_space][vc_column_text]<\/p>\n<ul>\n<li>The project activities improved child-oriented teaching skills, provided the opportunities to discuss openly the teaching and learning issues, to look for and mobilize inner school resources for learning improvement.<\/li>\n<li>The methodic recommendations for the teachers who want to organize peer tutoring in their schools were prepared.<\/li>\n<li>A group of teachers and tutors prepared for teaching new groups after the end of the project.<\/li>\n<\/ul>\n<p>&nbsp;<\/p>\n<p>Learning to learn is one of the goals of contemporary school. Our project like a small laboratory enabled to notice, how this goal is possible to achieve and what stands on the way to it.<\/p>\n<p>&nbsp;<\/p>\n<p>The teachers involved in the project were interested and trying to keep the timetable of the project. This project stressed the reflection skills and the ability to go deep in to the learning specifics of the particular child, which is more and more demanded at the contemporary school because of the ongoing process of integration children with the special educational needs. Our project gave the opportunity for the teachers to develop these necessary skills.<\/p>\n<p>&nbsp;<\/p>\n<p>Students involved in the project seemed also interested, because they have the possibility to learn communication skills and to discuss the difficulties in very concrete activities, which is not common in usual class setting. Giving voice for children in the process of solving problems of their learning is the part of democratization of school community life.<\/p>\n<p>&nbsp;<\/p>\n<p>Communication with the school communities was not always easy, but useful, because the process of the discussion showed, that participants became more and more involved in the topic and developed the attitude of the necessity to organize support for those in need.<br \/>\nSome teachers experienced significant difficulties in monitoring the learning process of the peer they coach, because this is a quite new skill they have to learn.<\/p>\n<p>Some cases showed, that teachers are reluctant to negotiate with parents difficult topics, such as, why the parents do not allow their children either to help other children or to receive the help from other children after the lessons, why the work in peers do no show results at class and how to solve this inadequacy.<\/p>\n<p>Some pupils think that life at school is so intense and out of their control, that the best thing they can do is to help themselves. This is the attitude worth constant teachers and parents attention. This is an obstacle for the sustainability of our project ideas.<\/p>\n<p>[\/vc_column_text][vc_empty_space][vc_empty_space][\/vc_column][\/vc_row]<\/p>\n","protected":false},"excerpt":{"rendered":"<p>[vc_row css_animation=&#8221;&#8221; row_type=&#8221;row&#8221; use_row_as_full_screen_section=&#8221;yes&#8221; type=&#8221;full_width&#8221; angled_section=&#8221;no&#8221; text_align=&#8221;left&#8221; background_image_as_pattern=&#8221;without_pattern&#8221; z_index=&#8221;&#8221;][vc_column][vc_empty_space][vc_empty_space][vc_empty_space][vc_column_text] Students to Students Helping to Overcome Learning Difficulties [\/vc_column_text][vc_empty_space][vc_empty_space][\/vc_column][\/vc_row][vc_row css_animation=&#8221;&#8221; row_type=&#8221;row&#8221; use_row_as_full_screen_section=&#8221;yes&#8221; type=&#8221;grid&#8221; angled_section=&#8221;no&#8221; text_align=&#8221;left&#8221; background_image_as_pattern=&#8221;without_pattern&#8221; z_index=&#8221;&#8221; background_color=&#8221;#f7f7f7&#8243;][vc_column width=&#8221;1\/2&#8243;][vc_empty_space][vc_empty_space][vc_column_text] Project duration: 1 July 2004\u201330 June 2005 Project funder: World Bank Project coordinator:\u00a0\u0160iuolaikini\u0173 didaktik\u0173 centras Projecr partner:&#8230;<\/p>\n","protected":false},"author":2,"featured_media":0,"parent":911,"menu_order":0,"comment_status":"closed","ping_status":"closed","template":"full_width.php","meta":{"footnotes":""},"class_list":["post-14340","page","type-page","status-publish","hentry"],"acf":[],"aioseo_notices":[],"_links":{"self":[{"href":"https:\/\/sdcentras.lt\/en\/wp-json\/wp\/v2\/pages\/14340","targetHints":{"allow":["GET"]}}],"collection":[{"href":"https:\/\/sdcentras.lt\/en\/wp-json\/wp\/v2\/pages"}],"about":[{"href":"https:\/\/sdcentras.lt\/en\/wp-json\/wp\/v2\/types\/page"}],"author":[{"embeddable":true,"href":"https:\/\/sdcentras.lt\/en\/wp-json\/wp\/v2\/users\/2"}],"replies":[{"embeddable":true,"href":"https:\/\/sdcentras.lt\/en\/wp-json\/wp\/v2\/comments?post=14340"}],"version-history":[{"count":4,"href":"https:\/\/sdcentras.lt\/en\/wp-json\/wp\/v2\/pages\/14340\/revisions"}],"predecessor-version":[{"id":14344,"href":"https:\/\/sdcentras.lt\/en\/wp-json\/wp\/v2\/pages\/14340\/revisions\/14344"}],"up":[{"embeddable":true,"href":"https:\/\/sdcentras.lt\/en\/wp-json\/wp\/v2\/pages\/911"}],"wp:attachment":[{"href":"https:\/\/sdcentras.lt\/en\/wp-json\/wp\/v2\/media?parent=14340"}],"curies":[{"name":"wp","href":"https:\/\/api.w.org\/{rel}","templated":true}]}}