{"id":14288,"date":"2026-03-05T21:20:57","date_gmt":"2026-03-05T19:20:57","guid":{"rendered":"https:\/\/sdcentras.lt\/projects\/ugdymo-kaita-mokytoju-kompetenciju-tobulinimas\/"},"modified":"2026-03-05T22:19:20","modified_gmt":"2026-03-05T20:19:20","slug":"educational-change-development-of-teachers-competences","status":"publish","type":"page","link":"https:\/\/sdcentras.lt\/en\/projects\/educational-change-development-of-teachers-competences\/","title":{"rendered":"Educational Change: Development of Teachers Competences"},"content":{"rendered":"<p>[vc_row css_animation=&#8221;&#8221; row_type=&#8221;row&#8221; use_row_as_full_screen_section=&#8221;yes&#8221; type=&#8221;full_width&#8221; angled_section=&#8221;no&#8221; text_align=&#8221;left&#8221; background_image_as_pattern=&#8221;without_pattern&#8221; z_index=&#8221;&#8221;][vc_column][vc_empty_space][vc_empty_space][vc_empty_space][vc_column_text]<\/p>\n<h2 style=\"text-align: center;\">Educational Change: Development of Teachers Competences<\/h2>\n<p>[\/vc_column_text][vc_empty_space][vc_empty_space][\/vc_column][\/vc_row][vc_row css_animation=&#8221;&#8221; row_type=&#8221;row&#8221; use_row_as_full_screen_section=&#8221;yes&#8221; type=&#8221;grid&#8221; angled_section=&#8221;no&#8221; text_align=&#8221;left&#8221; background_image_as_pattern=&#8221;without_pattern&#8221; z_index=&#8221;&#8221; background_color=&#8221;#f7f7f7&#8243;][vc_column width=&#8221;1\/2&#8243;][vc_empty_space][vc_empty_space][vc_column_text]<strong>Project No.<\/strong> 2004-LT0009-TES-2NOR-02-061<\/p>\n<p><strong>Project duration:<\/strong> 12 January<b>\u2013<\/b>30 September 2010<\/p>\n<p><strong>Project supported<\/strong> by the Republic of Lithuania and Norwegian Financial Mechanism under the subsidies scheme \u201cTransfer of experience and strengthening of cooperation among local, regional and Euro-regional partners in Lithuania and Norway<\/p>\n<p><strong>Project coordinator:<\/strong> <a href=\"https:\/\/www.bilngimn.lt\/\" target=\"_blank\" rel=\"noopener\">Anyk\u0161\u010diai Jonas Bili\u016bnas gimnasium<\/a>\u00a0(Lithuania)<\/p>\n<p><strong>Project partners:<\/strong><\/p>\n<p>\u0160iuolaikini\u0173 didaktik\u0173 centras (Lithuania)<\/p>\n<p><a href=\"http:\/\/www.trysil.vgs.no\/dtMain1.aspx?m=3305\" target=\"_blank\" rel=\"noopener\">Trysil videreg\u00e5ende skole\u00a0<\/a>(Norway)[\/vc_column_text][vc_empty_space][vc_single_image image=&#8221;1460&#8243; img_size=&#8221;medium&#8221; qode_css_animation=&#8221;&#8221;][vc_empty_space][\/vc_column][vc_column width=&#8221;1\/2&#8243;][vc_empty_space][vc_empty_space][vc_single_image image=&#8221;6703&#8243; img_size=&#8221;large&#8221; qode_css_animation=&#8221;&#8221;][vc_column_text]<\/p>\n<p style=\"text-align: right;\">Project team<\/p>\n<p>[\/vc_column_text][vc_empty_space][\/vc_column][\/vc_row][vc_row css_animation=&#8221;&#8221; row_type=&#8221;row&#8221; use_row_as_full_screen_section=&#8221;yes&#8221; type=&#8221;grid&#8221; angled_section=&#8221;no&#8221; text_align=&#8221;left&#8221; background_image_as_pattern=&#8221;without_pattern&#8221;][vc_column][vc_empty_space][vc_column_text]<\/p>\n<h6>PROJECT RELEVANCE<\/h6>\n<p>[\/vc_column_text][vc_separator type=&#8221;normal&#8221;][vc_column_text]According to the European Union 2009-2012 priorities in the sphere of education in Lithuania the content of general education is being constantly renewed. In 2009-2012 new programmes of basic education will be put into action, the programmes of secondary education are also going to be renewed. They strongly change the attitude to teaching and learning.<\/p>\n<p>According to the data of national and international research, the main problems being solved in the process of learning \u2013 unattractive learning environment, the lack of students\u2019 motivation as well as their poor learning skills and teachers\u2019 proficiency in organizing and optimizing the process of learning.<\/p>\n<p>&nbsp;<\/p>\n<p>The most significant social purpose in contemporary Lithuania \u2013 the development of information society and knowledge economy. Dual role in this process is falls to the school: as an organization, making its performance, it must learn to manage information, on the other &#8211; raise the students&#8217; competence. Addressing these challenges general education schools consistently computerized and Information and Communication Technologies (ICT) are referring as one of the most important conditions for change in the educational process.<\/p>\n<p>&nbsp;<\/p>\n<p>According Information Technology Education Center 2007 data, in Lithuanian schools of general education, there was 9,7 computers to 100 pupils (in Anyksciai Jonas Biliunas gymnasium \u2013 10,1). O only several schools in Lithuania are developed strategies of ICT usage in their work. In ICT operation in teaching Lithuania is twice from behind the EU countries average. In Lithuania 59% of teachers use a computer in classroom, in Jonas Biliunas gymnasium \u2013 only 45%, in Norway \u2013 89%.<\/p>\n<p>&nbsp;<\/p>\n<p>Anyksciai Jonas Biliunas gymnasium teachers\u2019 survey conducted in the 2008-2009 school year, shows that school need to develop a strategy for ICT use, seeking to optimize of information flows, to modernize the education (learning) environment, to develop teachers&#8217; skills in ICT management, more actively use teachers\u2019 creative potential for methodological activities in the field of ICT.<\/p>\n<p>&nbsp;<\/p>\n<p>Differently from Lithuania, Norway occupies a leading position in Europe in the field of computerization of schools. In this country number of computers using by students in education process is up to 4 times higher than the Lithuanian average. Norway Trysil school is ready to share the positive experience of ICT use in education and to cooperate actively seeking for new methodological opportunities to develop this activity.<\/p>\n<p>&nbsp;<\/p>\n<p>With this project it is seeking for major upgrading the teaching and learning of Anyksciai Jonas Biliunas gymnasium, active cooperation of Lithuania and Norway teachers in adoption and dissemination of best educational experience, as well as practical and intercultural cooperation of project in the future.[\/vc_column_text][vc_empty_space][vc_column_text]<\/p>\n<h6>PROJECT AIM<\/h6>\n<p>[\/vc_column_text][vc_separator type=&#8221;normal&#8221;][vc_column_text]To focus on tendencies of modern pedagogical activities, using the experience of Lithuanian and Norwegian schools in developing teachers\u2019 competence which is necessary for creating modern learning environment and using it for effective improvement of learning quality.<br \/>\n[\/vc_column_text][vc_empty_space][vc_column_text]<\/p>\n<h6>PROJECT TARGET GROUPS<\/h6>\n<p>[\/vc_column_text][vc_separator type=&#8221;normal&#8221;][vc_column_text]Anyksciai Jonas Biliunas gymnasium teachers &#8211; 61 (30 active participants)<br \/>\nTrysil school teachers &#8211; 37 (20 active participants).[\/vc_column_text][vc_empty_space][vc_column_text]<\/p>\n<h6>PROJECT ACTIVITIES<\/h6>\n<p>[\/vc_column_text][vc_separator type=&#8221;normal&#8221;][vc_column_text]<strong>The theoretical-practical conference &#8220;The role of the school in the information society and knowledge economy&#8221;<\/strong><br \/>\nThe conference was held on 3 March 2010 in Anyksciai Jonas Biliunas gymnasium. The were discussed tendencies of educational change and and current practice in using ICT to improve the quality of education. Project partners \u2013 Modern Didactics Centre and Norway Trysil school introduced their activities. After plenary session work in groups took place generating ICT application in Anyksciai Jonas Biliunas gymnasium, and planning steps of ICT strategy development.<\/p>\n<p>&nbsp;<\/p>\n<p><strong>Preparation for internships in Norway<\/strong><br \/>\nPreparing for visits to Norway, Anyksciai Jonas Biliunas gymnasium teachers had ICT training in the technological level and training for educational ICT competence development. During the trainings there were foreseen aims and objectives of internship, key activities and role of project participants in these activities.<\/p>\n<p>&nbsp;<\/p>\n<p><strong>Anyksciai Jonas Biliunas gymnasium teachers internship in Norway<\/strong><br \/>\nThe goal of internships &#8211; to get acquainted with the use of ICT to improve teaching (learning) environment and management experience in teaching, teachers&#8217; educational ICT competencies, capabilities and objectives of future co-operation partners anticipation. There were foreseen two 5-day long visits to Norway Trysil school. The first internship was held on 25\u201329 April 2010, the second \u2013 on 20\u201324 September 2010.<\/p>\n<p>&nbsp;<\/p>\n<p><strong>Development of teachers&#8217; educational ICT competencies, learning to apply them<\/strong><br \/>\nDuring the trainings there was solidified experience acquired in Norway, adapting it to local training (learning) needs and environment, helping teachers to provide adequate opportunities for ICT usage in education individualizing and differentiating teaching (learning).<\/p>\n<p>&nbsp;<\/p>\n<p><strong>Norway Trysil school teachers&#8217; visit to Anyksciai Jonas Biliunas gymnasium<\/strong><br \/>\nDuring this internship good experience of both countries teachers was applied into practice. Teachers have worked together in planning the structure and content of methodological recommendations for ICT use. Teachers discussed and prepared both school communities intercultural cooperation strategy.<\/p>\n<p>&nbsp;<\/p>\n<p><strong>Development of methodological recommendations of ICT usage for education quality improvement<\/strong><br \/>\nWith leadership and counselling of the Modern Didactics Centre, project participants have developed methodical recommendations reflecting the full potential of ICT use to improve the educational process.<\/p>\n<p>&nbsp;<\/p>\n<p><strong>The final project conference<\/strong><br \/>\nThe conference took place in both schools, 23 September 2010 in Trysil and on 29 September 2010 in Anyksciai, seeking to present project achievements, to sign co-operation agreement between Anyksciai Jonas Biliunas gymnasium and Trysil.[\/vc_column_text][vc_empty_space][vc_column_text]<\/p>\n<h6>PROJECT RESULTS<\/h6>\n<p>[\/vc_column_text][vc_separator type=&#8221;normal&#8221;][vc_column_text]<\/p>\n<ul>\n<li>There have been developed methodological recommendations of ICT usage for education quality improvement in Anyksciai Jonas Biliunas gymnasium.<\/li>\n<li>Project initiated by Anyksciai Jonas Biliunas gymnasium addressing the fundamental actuality of today \u2013 development ICT competences of community members and that it contributes to the information society and knowledge economy development in the region.<\/li>\n<li>The project promoted more rapid development and implementation of school ICT strategy \u2013 that corresponds to the National 2007\u20132010 program of regions social and economic disparities reduction objective 1.4.4 \u2013 To update and develop infrastructure of the institutions of science and education.<\/li>\n<li>This project continued active cooperation between Norway Hedmark county and Utena county, ongoing since 1995.<\/li>\n<li>The project developed cooperation between the Lithuanian and Norwegian state and municipal institutions and agencies, other public entities sharing best practices and actively using it for progressive development of communities.<\/li>\n<\/ul>\n<p>[\/vc_column_text][vc_empty_space][vc_empty_space][\/vc_column][\/vc_row]<\/p>\n","protected":false},"excerpt":{"rendered":"<p>[vc_row css_animation=&#8221;&#8221; row_type=&#8221;row&#8221; use_row_as_full_screen_section=&#8221;yes&#8221; type=&#8221;full_width&#8221; angled_section=&#8221;no&#8221; text_align=&#8221;left&#8221; background_image_as_pattern=&#8221;without_pattern&#8221; z_index=&#8221;&#8221;][vc_column][vc_empty_space][vc_empty_space][vc_empty_space][vc_column_text] Educational Change: Development of Teachers Competences [\/vc_column_text][vc_empty_space][vc_empty_space][\/vc_column][\/vc_row][vc_row css_animation=&#8221;&#8221; row_type=&#8221;row&#8221; use_row_as_full_screen_section=&#8221;yes&#8221; type=&#8221;grid&#8221; angled_section=&#8221;no&#8221; text_align=&#8221;left&#8221; background_image_as_pattern=&#8221;without_pattern&#8221; z_index=&#8221;&#8221; background_color=&#8221;#f7f7f7&#8243;][vc_column width=&#8221;1\/2&#8243;][vc_empty_space][vc_empty_space][vc_column_text]Project No. 2004-LT0009-TES-2NOR-02-061 Project duration: 12 January\u201330 September 2010 Project supported by the Republic of Lithuania and Norwegian Financial Mechanism&#8230;<\/p>\n","protected":false},"author":2,"featured_media":0,"parent":911,"menu_order":0,"comment_status":"closed","ping_status":"closed","template":"full_width.php","meta":{"footnotes":""},"class_list":["post-14288","page","type-page","status-publish","hentry"],"acf":[],"aioseo_notices":[],"_links":{"self":[{"href":"https:\/\/sdcentras.lt\/en\/wp-json\/wp\/v2\/pages\/14288","targetHints":{"allow":["GET"]}}],"collection":[{"href":"https:\/\/sdcentras.lt\/en\/wp-json\/wp\/v2\/pages"}],"about":[{"href":"https:\/\/sdcentras.lt\/en\/wp-json\/wp\/v2\/types\/page"}],"author":[{"embeddable":true,"href":"https:\/\/sdcentras.lt\/en\/wp-json\/wp\/v2\/users\/2"}],"replies":[{"embeddable":true,"href":"https:\/\/sdcentras.lt\/en\/wp-json\/wp\/v2\/comments?post=14288"}],"version-history":[{"count":6,"href":"https:\/\/sdcentras.lt\/en\/wp-json\/wp\/v2\/pages\/14288\/revisions"}],"predecessor-version":[{"id":14302,"href":"https:\/\/sdcentras.lt\/en\/wp-json\/wp\/v2\/pages\/14288\/revisions\/14302"}],"up":[{"embeddable":true,"href":"https:\/\/sdcentras.lt\/en\/wp-json\/wp\/v2\/pages\/911"}],"wp:attachment":[{"href":"https:\/\/sdcentras.lt\/en\/wp-json\/wp\/v2\/media?parent=14288"}],"curies":[{"name":"wp","href":"https:\/\/api.w.org\/{rel}","templated":true}]}}