{"id":14284,"date":"2026-03-05T13:12:15","date_gmt":"2026-03-05T11:12:15","guid":{"rendered":"https:\/\/sdcentras.lt\/projects\/creativity-education-research-and-methodology\/"},"modified":"2026-03-05T22:24:16","modified_gmt":"2026-03-05T20:24:16","slug":"development-of-creativity-research-and-methodology","status":"publish","type":"page","link":"https:\/\/sdcentras.lt\/en\/projects\/development-of-creativity-research-and-methodology\/","title":{"rendered":"Development of Creativity: Research and Methodology"},"content":{"rendered":"<p>[vc_row css_animation=&#8221;&#8221; row_type=&#8221;row&#8221; use_row_as_full_screen_section=&#8221;yes&#8221; type=&#8221;full_width&#8221; angled_section=&#8221;no&#8221; text_align=&#8221;left&#8221; background_image_as_pattern=&#8221;without_pattern&#8221; z_index=&#8221;&#8221;][vc_column][vc_empty_space][vc_empty_space][vc_empty_space][vc_column_text]<\/p>\n<h2 style=\"text-align: center;\">Development of Creativity: Research and Methodology<\/h2>\n<p>[\/vc_column_text][vc_empty_space][vc_empty_space][\/vc_column][\/vc_row][vc_row css_animation=&#8221;&#8221; row_type=&#8221;row&#8221; use_row_as_full_screen_section=&#8221;yes&#8221; type=&#8221;grid&#8221; angled_section=&#8221;no&#8221; text_align=&#8221;left&#8221; background_image_as_pattern=&#8221;without_pattern&#8221; z_index=&#8221;&#8221; background_color=&#8221;#f7f7f7&#8243;][vc_column width=&#8221;1\/2&#8243;][vc_empty_space][vc_empty_space][vc_column_text]<strong>Project No.<\/strong> VP1-2.2-\u0160MM-05-K-02-029<\/p>\n<p><strong>Project dutarion:<\/strong> 4 August 2011\u20134 August 2013<\/p>\n<p><strong>Funded by<\/strong> the European Social Fund and the budget of the Republic of Lithuania<\/p>\n<p><strong>Project coordinator:<\/strong> <a href=\"https:\/\/www.kaunorajonosvietimocentras.lt\/#\" target=\"_blank\" rel=\"noopener\">Kaunas District Education Centre<\/a> (Lituania)<\/p>\n<p><strong>Project partners:<\/strong><\/p>\n<p>\u0160iuolaikini\u0173 didaktik\u0173 centras<br \/>\nKaunas District Domeikava Gymnasium<br \/>\nKlaip\u0117da Vyd\u016bnas Secondary School<br \/>\nTrakai District Onu\u0161kis Secondary School<br \/>\nUkmerg\u0117 District Siesikai Secondary School<br \/>\nVilnius Gerosios Vilties Secondary School[\/vc_column_text][vc_empty_space][vc_single_image image=&#8221;14253&#8243; img_size=&#8221;medium&#8221; qode_css_animation=&#8221;&#8221;][vc_empty_space][\/vc_column][vc_column width=&#8221;1\/2&#8243;][vc_empty_space][vc_empty_space][vc_single_image image=&#8221;1138&#8243; img_size=&#8221;large&#8221; qode_css_animation=&#8221;&#8221;][vc_empty_space][\/vc_column][\/vc_row][vc_row css_animation=&#8221;&#8221; row_type=&#8221;row&#8221; use_row_as_full_screen_section=&#8221;yes&#8221; type=&#8221;grid&#8221; angled_section=&#8221;no&#8221; text_align=&#8221;left&#8221; background_image_as_pattern=&#8221;without_pattern&#8221;][vc_column][vc_empty_space][vc_column_text]<\/p>\n<h6>PROJECT RELEVANCE<\/h6>\n<p>[\/vc_column_text][vc_separator type=&#8221;normal&#8221;][vc_column_text]A complex and rapidly changing environment increases the need to solve problems creatively. Lithuania&#8217;s progress strategy, Lithuania 2030, focuses on education, which must create all the conditions for the formation of creative, responsible, and open personalities, and at the conference &#8220;Education for Lithuania&#8217;s Success&#8221; on August 24, 2011, unleashed creativity was identified as one of the main priorities.<\/p>\n<p>&nbsp;<\/p>\n<p>However, many foreign and Lithuanian scientists note that today&#8217;s schools are oriented towards non-creative, reproductive education. The very concept of creativity in Lithuania is mostly associated with artistic and extracurricular activities. The cultivation of creativity is limited by the prevailing culture of assessing quantifiable achievements. Today, teachers are not trained or encouraged to work creatively, and they often lack the knowledge and skills needed for universal creativity education and critical thinking strategies. Although teachers theoretically recognize the importance of creativity, they do not always succeed in applying it in practice in the educational process. They often associate it with well-expressed thoughts in speech and writing. Other manifestations of creativity are difficult to recognize, and if they are recognized, they are difficult to fit into the framework of traditional assessment. In Lithuania, the culture of creativity education as it is understood today is only just emerging. We have few original publications and studies. The latter are often limited to a specific research task, examining a particular area of creativity, or are content with stating the general situation.<\/p>\n<p>&nbsp;<\/p>\n<p>We do not have a broad, deep, and comprehensive study across several levels of education in Lithuanian language and literature classes. Nor do we have an exclusively original methodology for creativity in Lithuania. The only serious work in this area is L. V. Sruoginis&#8217; book &#8220;Ra\u0161yti gali kiekvienas&#8221; (Anyone Can Write), which is dedicated to teaching creative writing to children. Of course, individual tasks can be found in textbooks or exercise books, but this is not consistent teaching. [\/vc_column_text][vc_empty_space][vc_column_text]<\/p>\n<h6>PROJECT AIM<\/h6>\n<p>[\/vc_column_text][vc_separator type=&#8221;normal&#8221;][vc_column_text]This project aims to contribute to the implementation of a systematic approach to creativity education in schools, starting with Lithuanian language and literature lessons. The essence of the project is to promote the development of creative thinking, which allows for the improvement of thinking in a positive direction and should become a universal goal. [\/vc_column_text][vc_empty_space][vc_column_text]<\/p>\n<h6>PROJECT OBJECTIVES<\/h6>\n<p>[\/vc_column_text][vc_separator type=&#8221;normal&#8221;][vc_column_text]Based on the analysis of the results of the study on the state of creative thinking education in grades 4, 8, and 11 in the Lithuanian language, develop and test creativity development methodology, methodological and teaching tools for various types of schools.[\/vc_column_text][vc_empty_space][vc_column_text]<\/p>\n<h6>PROJECT TARGET GROUPS<\/h6>\n<p>[\/vc_column_text][vc_separator type=&#8221;normal&#8221;][vc_column_text]Primary and secondary school teachers who teach Lithuanian and school administrators.[\/vc_column_text][vc_empty_space][vc_column_text]<\/p>\n<h6>PROJECT INTELLECTUAL OUTPUTS<\/h6>\n<p>[\/vc_column_text][vc_empty_space][vc_empty_space css=&#8221;.vc_custom_1772098565681{background-color: #f7f7f7 !important;}&#8221;][vc_column_text css=&#8221;.vc_custom_1772705910337{background-color: #f7f7f7 !important;}&#8221;]<\/p>\n<p style=\"text-align: center;\"><strong>RESEARCH ON THE CURRENT STATE OF STUDENTS CREATIVITY DEVELOPMENT IN LITHUANIAN (NATIVE) LANGUAGE CLASSES<\/strong><\/p>\n<p>[\/vc_column_text][vc_empty_space css=&#8221;.vc_custom_1772098565681{background-color: #f7f7f7 !important;}&#8221;][vc_empty_space][vc_column_text]When developing a methodology for creativity development and creative thinking in native language lessons, a comprehensive situation analysis was conducted to identify shortcomings in creativity education and opportunities for improvement. Six studies were conducted in the five schools participating in the project:<\/p>\n<p>&nbsp;<\/p>\n<h6>1. <a href=\"https:\/\/sdcentras.lt\/wp-content\/uploads\/K%C5%ABrybinio-m%C4%85stymo-ugdymui-palankios-aplinkos-mokykloje-tyrimas.pdf\" target=\"_blank\" rel=\"noopener\">Research on environments fostering creative thinking in schools<\/a> (2011)<\/h6>\n<p>Research into a supportive environment is one of the most important components of creativity education. The research report discusses the characteristics of the immediate environment conducive to creativity related to the problem under investigation, with particular attention paid to the school as an environment for the expression and development of creativity and creative thinking among teachers and students. In order to create a suitable research instrument, the experience of similar studies conducted abroad and in Lithuania was first analyzed. The results of the literature analysis became the basis for empirical research, i.e., they helped to create and scientifically substantiate the methodology for researching environments conducive to the development of creativity and creative thinking. A survey of teachers and school administrators revealed the overall panorama of creativity education in Lithuania and showed the extent and nature of the opportunities available to Lithuanian language teachers. The survey was conducted using a virtual electronic environment (written survey). Respondents included primary school teachers who teach the Lithuanian language, secondary school and gymnasium teachers who teach Lithuanian, and school administrators (101 respondents).<\/p>\n<p>&nbsp;<\/p>\n<h6>2. <a href=\"https:\/\/sdcentras.lt\/wp-content\/uploads\/Ugdymo-program%C5%B3-ir-mokymo-priemoni%C5%B3-analiz%C4%97.pdf\" target=\"_blank\" rel=\"noopener\">Analysis of native language education programs and teaching resources<\/a> (2012)<\/h6>\n<p>After developing a unified analysis methodology, educational programs and teaching tools were analyzed in terms of creativity and creative thinking development. Taking into account the analysis of theoretical literature and empirical research data, the aim was to answer the question: whether and to what extent the conditions for fostering creativity are created in educational programs and teaching tools. This analysis provided a basis for more focused and targeted planning and development of creativity education methodology. It also helped teachers to critically evaluate the available tools and provided some insights for the developers of new programs and teaching tools. The main sets of teaching tools analyzed\u2014textbooks, teacher&#8217;s books, and exercise books\u2014are used in all schools participating in the project when teaching the native language in grades 4, 8, and 11. The latest editions of teaching tools were evaluated. A total of 40 items were analyzed.<\/p>\n<p>&nbsp;<\/p>\n<h6>3. <a href=\"https:\/\/sdcentras.lt\/wp-content\/uploads\/K%C5%ABrybi%C5%A1kumo-ir-k%C5%ABrybinio-m%C4%85stymo-ugdymo-gimtosios-kalbos-pamokose-tyrimas.pdf\" target=\"_blank\" rel=\"noopener\">A study on the development of creativity and creative thinking in native language lessons<\/a> (2012)<\/h6>\n<p>Class observation is one of the methods used in the project to find out how creativity is fostered in Lithuanian language and literature classes in grades 4, 8, and 11. The lessons were observed to see how teachers create a learning environment conducive to creativity, how they plan and conduct lessons, how they evaluate and reflect on their own work and that of their students in Lithuanian language lessons, how students engage in lessons, and how and which teaching (and learning) strategies used by teachers are most or least effective in fostering students&#8217; creativity and active participation in lessons. 67 lessons in 34 classes were observed.<\/p>\n<p>&nbsp;<\/p>\n<h6><a href=\"https:\/\/sdcentras.lt\/wp-content\/uploads\/Kokybinis-tyrimas.pdf\" target=\"_blank\" rel=\"noopener\">Qualitatice Research<\/a> (2012):<\/h6>\n<p><strong>4. Research on teachers&#8217; attitudes towards fostering creativity in native language lessons<\/strong><\/p>\n<p><strong>5. Research on students&#8217; attitudes toward creativity education in native language lessons<\/strong><\/p>\n<p><strong>6. Analysis of students&#8217; creative tasks<\/strong><\/p>\n<p>&nbsp;<\/p>\n<p>The study aimed to find out the attitudes of teachers and students towards the situation, conditions, prerequisites, and opportunities for creativity education in native language classes. Thirty teachers from five schools participating in the project, who teach Lithuanian in grades 4, 8, and 11, took part in the study. Three hundred eighty-five students in grades 8 and 11 responded to the questionnaire, and 513 students (in grades 4, 8, and 11) were analyzed, which allowed us to find out how students think and how their thinking is revealed when performing tasks, what the similarities and differences are, and what the general trends are. The research methodologies were based on the results of a study of environments conducive to creative thinking, an analysis of educational programs and teaching tools, and observations of native language lessons conducted during this project. The analysis of these research results became a valuable source of information for the developers of creativity education methodologies, teaching and methodological materials.<\/p>\n<p>&nbsp;<\/p>\n<h6><a href=\"https:\/\/sdcentras.lt\/wp-content\/uploads\/014-apibendrinimas-tyrimas-mokiniai-kurybiskumas-ugdymas-lietuviu-gimtosios-kalbos-pamokose-2011-2012.pdf\" target=\"_blank\" rel=\"noopener\">Summary of studies, conclusions, and recommendations<\/a> (2012)<\/h6>\n<p>The results of six studies conducted in five schools participating in the project are presented in summary conclusions, on the basis of which recommendations are formulated. The conclusions on the state of creativity education in Lithuania were presented to the project participants and the education community on June 18, 2012, during an event in Vilnius. [\/vc_column_text][vc_empty_space][vc_empty_space css=&#8221;.vc_custom_1772098565681{background-color: #f7f7f7 !important;}&#8221;][vc_column_text css=&#8221;.vc_custom_1772705918768{background-color: #f7f7f7 !important;}&#8221;]<\/p>\n<p style=\"text-align: center;\"><strong>METHODOLOGY AND TEACHING MATERIALS FOR CREATIVITY EDUCATION<\/strong><\/p>\n<p>[\/vc_column_text][vc_empty_space css=&#8221;.vc_custom_1772098565681{background-color: #f7f7f7 !important;}&#8221;][\/vc_column][\/vc_row][vc_row css_animation=&#8221;&#8221; row_type=&#8221;row&#8221; use_row_as_full_screen_section=&#8221;yes&#8221; type=&#8221;grid&#8221; angled_section=&#8221;no&#8221; text_align=&#8221;left&#8221; background_image_as_pattern=&#8221;without_pattern&#8221;][vc_column width=&#8221;1\/4&#8243;][vc_empty_space][vc_single_image image=&#8221;982&#8243; img_size=&#8221;medium&#8221; style=&#8221;vc_box_shadow&#8221; qode_css_animation=&#8221;&#8221;][\/vc_column][vc_column width=&#8221;3\/4&#8243;][vc_empty_space height=&#8221;22px&#8221;][vc_column_text]<\/p>\n<h6>Methodology for Developing Students&#8217; Creativity in Lithuanian (Native) Language Lessons (2013)<\/h6>\n<p>&nbsp;<\/p>\n<p>The methodology for developing creativity is common to all grades and covers all possible means of expression in primary, middle, and secondary schools. It is a tool for the successful application of creativity education strategies and methods in reading, writing, discussing, storytelling, and improvisation in Lithuanian language and literature lessons. The structure and objectives of the methodology are in line with the goals of active teaching (and learning), it presents the factors that determine creativity, analyzes and evaluates creative processes, reveals stereotypes about creativity that prevent both students and teachers from being more insightful, flexible, and courageous, and provides a number of valuable tips.<\/p>\n<p><strong>Download\u00a0<\/strong><strong><a href=\"https:\/\/sdcentras.lt\/wp-content\/uploads\/022-leidinio-tekstas-mokiniu-kurybiskumo-ugdymo-lietuviu-gimtosios-kalbos-pamokose-metodika.pdf\">LT<\/a><\/strong>[\/vc_column_text][vc_empty_space][\/vc_column][\/vc_row][vc_row css_animation=&#8221;&#8221; row_type=&#8221;row&#8221; use_row_as_full_screen_section=&#8221;yes&#8221; type=&#8221;grid&#8221; angled_section=&#8221;no&#8221; text_align=&#8221;left&#8221; background_image_as_pattern=&#8221;without_pattern&#8221;][vc_column width=&#8221;1\/4&#8243;][vc_empty_space][vc_single_image image=&#8221;984&#8243; img_size=&#8221;medium&#8221; style=&#8221;vc_box_shadow&#8221; qode_css_animation=&#8221;&#8221;][\/vc_column][vc_column width=&#8221;3\/4&#8243;][vc_empty_space height=&#8221;22px&#8221;][vc_column_text]<\/p>\n<h6>Teaching Material for Developing Students&#8217; Creativity in Lithuanian (Native) Language Lessons (2013)<strong><br \/>\n<\/strong><\/h6>\n<p>&nbsp;<\/p>\n<p>The teaching material is designed to foster creativity in students during Lithuanian language and literature lessons. The material is prepared in such a way that it is convenient to print out one or more pages and prepare teaching material for students. With this and the methodological materials, teachers will be able to explain to students the purpose of the tasks and the expected results. The authors of these materials have deliberately not assigned the tasks to a specific class or age group. Many of the tasks described here can be adapted to different classes \u2013 if not exactly as described, then at least by adapting certain aspects (for example, by choosing a different text or working methods). The authors of the resource view the development of students&#8217; creativity in the context of the challenges facing modern schools, so they have made an effort to ensure that the selected material provokes students&#8217; thinking, encourages motivation, develops creative abilities, and emphasizes the importance of non-stereotypical, original thinking and activity.<\/p>\n<p><strong>Download <\/strong><strong><a href=\"https:\/\/sdcentras.lt\/wp-content\/uploads\/021-leidinio-tekstas-mokiniu-kurybiskumo-ugdymo-lietuviu-gimtosios-kalbos-pamokose-mokomoji-medziaga.pdf\">LT<\/a><\/strong>[\/vc_column_text][vc_empty_space][\/vc_column][\/vc_row][vc_row css_animation=&#8221;&#8221; row_type=&#8221;row&#8221; use_row_as_full_screen_section=&#8221;yes&#8221; type=&#8221;grid&#8221; angled_section=&#8221;no&#8221; text_align=&#8221;left&#8221; background_image_as_pattern=&#8221;without_pattern&#8221;][vc_column width=&#8221;1\/3&#8243;][vc_empty_space][vc_video link=&#8221;https:\/\/youtu.be\/jV99aGa0-OQ&#8221;][vc_column_text]Creation and Creativity, 2013[\/vc_column_text][vc_empty_space][\/vc_column][vc_column width=&#8221;1\/3&#8243;][vc_empty_space][vc_video link=&#8221;https:\/\/youtu.be\/hlZ7zPEVi1U&#8221;][vc_column_text]An Enviroment Promoting Creativity, 2013[\/vc_column_text][vc_empty_space][\/vc_column][vc_column width=&#8221;1\/3&#8243;][vc_empty_space][vc_video link=&#8221;https:\/\/youtu.be\/gARCDvLqFKs&#8221;][vc_column_text]Creative writing workshop, 2013[\/vc_column_text][vc_empty_space][\/vc_column][\/vc_row][vc_row css_animation=&#8221;&#8221; row_type=&#8221;row&#8221; use_row_as_full_screen_section=&#8221;yes&#8221; type=&#8221;grid&#8221; angled_section=&#8221;no&#8221; text_align=&#8221;left&#8221; background_image_as_pattern=&#8221;without_pattern&#8221;][vc_column width=&#8221;1\/2&#8243;][vc_video link=&#8221;https:\/\/youtu.be\/6Q7MwRNC43k&#8221;][vc_column_text]Reading with intention and creation of stories, 2013[\/vc_column_text][\/vc_column][vc_column width=&#8221;1\/2&#8243;][vc_video link=&#8221;https:\/\/youtu.be\/KDD2dnJ_zgU&#8221;][vc_column_text]Evaluation of creative works, 2013[\/vc_column_text][vc_empty_space][\/vc_column][\/vc_row][vc_row css_animation=&#8221;&#8221; row_type=&#8221;row&#8221; use_row_as_full_screen_section=&#8221;yes&#8221; type=&#8221;grid&#8221; angled_section=&#8221;no&#8221; text_align=&#8221;left&#8221; background_image_as_pattern=&#8221;without_pattern&#8221;][vc_column][vc_empty_space][vc_column_text]<\/p>\n<h6>PROJECT RESULTS<\/h6>\n<p>[\/vc_column_text][vc_separator type=&#8221;normal&#8221;][vc_column_text]The study on the state of creativity education became the basis for an original creative education methodology for Lithuanian language lessons. The methodology covers various areas of expression and provides teaching materials that can be used at all levels of education. It was tested during seminars and lessons in schools participating in the project and, at the end of the project, was presented to the educational community in 10 Lithuanian municipalities. The creativity education methodology will continue to be implemented in the schools that participated in the project. It is hoped that the research and methodology tools developed will serve as a model for the analysis, implementation, and development of creativity education in other educational programs\/ [\/vc_column_text][vc_empty_space][vc_empty_space][vc_empty_space][\/vc_column][\/vc_row]<\/p>\n","protected":false},"excerpt":{"rendered":"<p>[vc_row css_animation=&#8221;&#8221; row_type=&#8221;row&#8221; use_row_as_full_screen_section=&#8221;yes&#8221; type=&#8221;full_width&#8221; angled_section=&#8221;no&#8221; text_align=&#8221;left&#8221; background_image_as_pattern=&#8221;without_pattern&#8221; z_index=&#8221;&#8221;][vc_column][vc_empty_space][vc_empty_space][vc_empty_space][vc_column_text] Development of Creativity: Research and Methodology [\/vc_column_text][vc_empty_space][vc_empty_space][\/vc_column][\/vc_row][vc_row css_animation=&#8221;&#8221; row_type=&#8221;row&#8221; use_row_as_full_screen_section=&#8221;yes&#8221; type=&#8221;grid&#8221; angled_section=&#8221;no&#8221; text_align=&#8221;left&#8221; background_image_as_pattern=&#8221;without_pattern&#8221; z_index=&#8221;&#8221; background_color=&#8221;#f7f7f7&#8243;][vc_column width=&#8221;1\/2&#8243;][vc_empty_space][vc_empty_space][vc_column_text]Project No. VP1-2.2-\u0160MM-05-K-02-029 Project dutarion: 4 August 2011\u20134 August 2013 Funded by the European Social Fund and the budget of&#8230;<\/p>\n","protected":false},"author":2,"featured_media":0,"parent":911,"menu_order":0,"comment_status":"closed","ping_status":"closed","template":"full_width.php","meta":{"footnotes":""},"class_list":["post-14284","page","type-page","status-publish","hentry"],"acf":[],"aioseo_notices":[],"_links":{"self":[{"href":"https:\/\/sdcentras.lt\/en\/wp-json\/wp\/v2\/pages\/14284","targetHints":{"allow":["GET"]}}],"collection":[{"href":"https:\/\/sdcentras.lt\/en\/wp-json\/wp\/v2\/pages"}],"about":[{"href":"https:\/\/sdcentras.lt\/en\/wp-json\/wp\/v2\/types\/page"}],"author":[{"embeddable":true,"href":"https:\/\/sdcentras.lt\/en\/wp-json\/wp\/v2\/users\/2"}],"replies":[{"embeddable":true,"href":"https:\/\/sdcentras.lt\/en\/wp-json\/wp\/v2\/comments?post=14284"}],"version-history":[{"count":3,"href":"https:\/\/sdcentras.lt\/en\/wp-json\/wp\/v2\/pages\/14284\/revisions"}],"predecessor-version":[{"id":14303,"href":"https:\/\/sdcentras.lt\/en\/wp-json\/wp\/v2\/pages\/14284\/revisions\/14303"}],"up":[{"embeddable":true,"href":"https:\/\/sdcentras.lt\/en\/wp-json\/wp\/v2\/pages\/911"}],"wp:attachment":[{"href":"https:\/\/sdcentras.lt\/en\/wp-json\/wp\/v2\/media?parent=14284"}],"curies":[{"name":"wp","href":"https:\/\/api.w.org\/{rel}","templated":true}]}}