{"id":14265,"date":"2026-03-04T14:19:58","date_gmt":"2026-03-04T12:19:58","guid":{"rendered":"https:\/\/sdcentras.lt\/projects\/datause-using-data-for-improving-school-and-student-performance\/"},"modified":"2026-03-05T11:53:56","modified_gmt":"2026-03-05T09:53:56","slug":"datause-using-data-for-improving-school-and-student-performance","status":"publish","type":"page","link":"https:\/\/sdcentras.lt\/en\/projects\/datause-using-data-for-improving-school-and-student-performance\/","title":{"rendered":"DATAUSE \u2013 Using Data for Improving School and Student Performance"},"content":{"rendered":"<p>[vc_row css_animation=&#8221;&#8221; row_type=&#8221;row&#8221; use_row_as_full_screen_section=&#8221;yes&#8221; type=&#8221;full_width&#8221; angled_section=&#8221;no&#8221; text_align=&#8221;left&#8221; background_image_as_pattern=&#8221;without_pattern&#8221; z_index=&#8221;&#8221;][vc_column][vc_empty_space][vc_empty_space][vc_empty_space][vc_column_text]<\/p>\n<h2 style=\"text-align: center;\">DATAUSE \u2013 Using Data for Improving School and Student Performance<\/h2>\n<p>[\/vc_column_text][vc_empty_space][vc_empty_space][\/vc_column][\/vc_row][vc_row css_animation=&#8221;&#8221; row_type=&#8221;row&#8221; use_row_as_full_screen_section=&#8221;yes&#8221; type=&#8221;grid&#8221; angled_section=&#8221;no&#8221; text_align=&#8221;left&#8221; background_image_as_pattern=&#8221;without_pattern&#8221; z_index=&#8221;&#8221; background_color=&#8221;#f7f7f7&#8243;][vc_column width=&#8221;1\/2&#8243;][vc_empty_space][vc_empty_space][vc_column_text] <strong>Project No.<\/strong> 510477-LLP-1-2010-1-PL-COMENIUS-CMP<\/p>\n<p><strong>Project duration:<\/strong> 1 November 2010\u201331 October 2012<\/p>\n<p><strong>Project co-funder:<\/strong> EU Comenius programme<\/p>\n<p><strong>Project coordinator:<\/strong> <a href=\"https:\/\/pcgpolska.pl\/en\/about\/index.html\" target=\"_blank\" rel=\"noopener\">PCG Polska Public Consulting Group (Poland)<\/a><\/p>\n<p><strong>Project partners:<\/strong><\/p>\n<p>\u0160iuolaikini\u0173 didaktik\u0173 centras (Lithuania)<\/p>\n<p><a href=\"https:\/\/www.ifib.de\/start\" target=\"_blank\" rel=\"noopener\">Institut f\u00fcr Informationsmanagement Bremen GmbH (Germany)<\/a><\/p>\n<p><a href=\"http:\/\/www.utwente.nl\/gw\/co\/en\/\" target=\"_blank\" rel=\"noopener\">Twente university (Netherlands)<\/a><\/p>\n<p><a href=\"http:\/\/www.ssatrust.org.uk\" target=\"_blank\" rel=\"noopener\">The Schools, Students and Teachers Network, SSAT (UK)<\/a>[\/vc_column_text][vc_empty_space][vc_single_image image=&#8221;2394&#8243; img_size=&#8221;medium&#8221; qode_css_animation=&#8221;&#8221;][\/vc_column][vc_column width=&#8221;1\/2&#8243;][vc_empty_space][vc_empty_space][vc_single_image image=&#8221;6618&#8243; img_size=&#8221;large&#8221; qode_css_animation=&#8221;&#8221;][vc_column_text]<\/p>\n<p style=\"text-align: right;\">Project team<\/p>\n<p>[\/vc_column_text][vc_empty_space][\/vc_column][\/vc_row][vc_row css_animation=&#8221;&#8221; row_type=&#8221;row&#8221; use_row_as_full_screen_section=&#8221;yes&#8221; type=&#8221;grid&#8221; angled_section=&#8221;no&#8221; text_align=&#8221;left&#8221; background_image_as_pattern=&#8221;without_pattern&#8221;][vc_column][vc_empty_space][vc_column_text]<\/p>\n<h6>PROJECT RELEVANCE<\/h6>\n<p>[\/vc_column_text][vc_separator type=&#8221;normal&#8221;][vc_column_text]Data has become increasingly important in an age of increased accountability and significant school autonomy. As schools are being held more accountable for the education they provide the data-driven decision making is becoming increasingly important. Data can be used to formulate appropriate and effective education policy and to measure the effectiveness of programmes and instructional interventions. Data can also be used to measure individual student progress, guide the development of curriculum, determine appropriate allocation of resources and to report progress to the community. But despite the leverage that can be gained by using data effectively, many schools still struggle with data-driven decision-making. Despite the importance of using data, very little training exists throughout Europe to help school leaders and their staff use data effectively. The DATAUSE project was created to build the capacity of school leaders and staff to establish learning communities where data is used to improve educational outcomes.<\/p>\n<p>&nbsp;<\/p>\n<p>The Data Use theory of action recognizes that education policy has the greatest influence on data use in schools. School policy affects all other components by creating conditions, incentives, and\/or barriers. The Data Use Activity Theory distinguishes between three types of data-based decisions: school improvement (e.g., policy improvement, teacher professional development, flexible allocation, etc.), accountability (e.g., compliance with official requirements, communication with stakeholders), and organizational improvement (e.g., progress monitoring, adaptation of instructions). If data is used for these three different purposes, it is possible to achieve all learning outcomes. The learning of school teachers, in turn, affects the learning of students (e.g., their interest in their own learning and improvement of learning outcomes [\/vc_column_text][vc_empty_space][vc_column_text]<\/p>\n<h6>PROJECT AIM<\/h6>\n<p>[\/vc_column_text][vc_separator type=&#8221;normal&#8221;][vc_column_text]The DATAUSE project was created to build the capacity of school leaders and staff to establish learning communities where data are used to improve educational outcomes.<br \/>\nThe aims of the project included:<\/p>\n<ul>\n<li>helping school leaders establish a vision for using data to improve educational outcomes;<\/li>\n<li>increasing the understanding of how to maximize use of available data;<\/li>\n<li>building key data use skills among school leaders;<\/li>\n<li>helping leaders use data to inform decisions.[\/vc_column_text][vc_empty_space][vc_column_text]<\/li>\n<\/ul>\n<h6>PROJECT OBJECTIVES<\/h6>\n<p>[\/vc_column_text][vc_separator type=&#8221;normal&#8221;][vc_column_text]<\/p>\n<ul>\n<li>research and documentation of best practices for using data to improve instructional outcomes;<\/li>\n<li>building and administering a data use survey instrument that measures the extent of data use in schools both at the beginning and the end of the project;<\/li>\n<li>designing and piloting a data use professional development curriculum for school-based professional learning communities;<\/li>\n<li>delivering a training and materials on data use to the professional learning communities;<\/li>\n<li>collecting feedback from schools and refining the Data Use Course content and structure.<\/li>\n<\/ul>\n<p>[\/vc_column_text][vc_empty_space][vc_column_text]<\/p>\n<h6>PROJECT TARGET GROUPS<\/h6>\n<p>[\/vc_column_text][vc_separator type=&#8221;normal&#8221;][vc_column_text]The project\u2019s <strong>short term target groups<\/strong> included school-based professional learning communities that were established for the purpose of the project in 10 participating schools, based in 5 partners\u2019 countries \u2013 Poland, United Kingdom, Germany, Lithuania and the Netherlands.<\/p>\n<p>&nbsp;<\/p>\n<p><strong>Long-term target groups<\/strong> identified for this project included educational leadership training institutions and organizations, district and regional administrators and leaders, research institutions, school leaders and teachers, and ultimately, students.<br \/>\nThe benefits for the long term target groups included developing their awareness about the available suite of tools, materials and methodologies to support schools in reaching better outcomes. The envisioned impact upon this group was to nurture a new approach to school improvement. Long-term target groups were reached by numerous dissemination activities performed by project consortium both nationally and internationally.[\/vc_column_text][vc_empty_space][vc_column_text]<\/p>\n<h6>PROJECT INTELLECTUAL OUTPUTS<\/h6>\n<p>[\/vc_column_text][vc_empty_space][vc_empty_space css=&#8221;.vc_custom_1772617770437{background-color: #f7f7f7 !important;}&#8221;][vc_column_text css=&#8221;.vc_custom_1772701410705{background-color: #f7f7f7 !important;}&#8221;]<\/p>\n<p style=\"text-align: center;\"><strong>SURVEYS OF USE OF DATA FOR SCHOOL IMPROVEMENT<\/strong><\/p>\n<p>[\/vc_column_text][vc_empty_space css=&#8221;.vc_custom_1772701392752{background-color: #f7f7f7 !important;}&#8221;][vc_empty_space][vc_column_text]<\/p>\n<h6>Comparative Analysis Data Use in Germany, the Netherlands, Lithuania, Poland and England (2011)<\/h6>\n<p>&nbsp;<\/p>\n<p>All partners conducted case study reports which were subject to a cross case analyses. All the results were compared and contrasted and compiled into a comparative report which provided a basis for developing a Data Use Theory of Action constituting the framework for the Data Use Survey and development of the Data Use Course materials. Important outcomes of the case study indicated that in all 5 countries school staff believe data use to be important, and that it can lead to school improvement in terms of increased student achievement. Moreover, we found that schools declare the need for support in the use of data, and that several factors need to be taken into account in order for schools to use data effectively, i.e.: school leader support, the need for training, and the importance of teacher collaboration.<br \/>\n<strong>Download <\/strong><a href=\"https:\/\/sdcentras.lt\/wp-content\/uploads\/Comparative-Analyses-Data-Use-in-Germany-The-Netherlands-Lithuania-Poland-and-England.pdf\" target=\"_blank\" rel=\"noopener\">EN<\/a>[\/vc_column_text][vc_empty_space][vc_column_text]<\/p>\n<h6>Data Use Survey (2011\u20132012)<\/h6>\n<p>&nbsp;<\/p>\n<p>From the state-of-the-art research, a set of 78 indicators on data use were developed and later categorized according to the Data Use Theory of Action. Two surveys were conducted among schools: one before and the other after the Data Use Course implementation.<br \/>\nIn case of the first survey, conducted in 2011, it was administered to 398 recipients, in 5 countries, in 13 schools. The results of the survey for each of the schools allowed for school\u2019s self assessment and identifying the areas of strength and areas of weaknesses in each of the categories according to the Data Use Theory of Action. In 2012, the survey was re-administered through the online tool to the schools taking part in the project. In total, there were 229 recipients in 5 countries. The results allowed for the schools to determine their progress level in terms of data use during the Course.<\/p>\n<p>&nbsp;<\/p>\n<p>Observations from the first survey administration in 2011:<br \/>\nThe results of the first survey proved the rationale for the project. Cross-country factor analysis has shown that \u201cUser Skills\u201d, \u201cUser Attitudes\u201d and \u201cUsing Data for Instructional Development\u201d are not pivotal categories in the data use practices in the schools proving the rationale for the project.<\/p>\n<p>&nbsp;<\/p>\n<p>Observations from the survey re-administration in 2012:<\/p>\n<p>Second administration of the survey provided results on the cross-country level and showed an improvement in all of the survey categories. Integration of school leadership into the course helped improving qualitative and infrastructural bases for data use.<\/p>\n<p>All these results provided a great basis for the analysis of the change and progress in data use in the participating schools. The analyses provided also a statistically valid measure for project success as they proved achieving the project goals as measured against the success indicators.<\/p>\n<p><strong>Download <\/strong><a href=\"https:\/\/sdcentras.lt\/wp-content\/uploads\/Survey-report.pdf\" target=\"_blank\" rel=\"noopener\">EN<\/a>[\/vc_column_text][vc_empty_space][vc_empty_space css=&#8221;.vc_custom_1772617770437{background-color: #f7f7f7 !important;}&#8221;][vc_column_text css=&#8221;.vc_custom_1772701419416{background-color: #f7f7f7 !important;}&#8221;]<\/p>\n<p style=\"text-align: center;\"><strong>DATAUSE COURSE AND METHODICAL MATERIALS<\/strong><\/p>\n<p>[\/vc_column_text][vc_empty_space css=&#8221;.vc_custom_1772617770437{background-color: #f7f7f7 !important;}&#8221;][vc_empty_space][\/vc_column][\/vc_row][vc_row css_animation=&#8221;&#8221; row_type=&#8221;row&#8221; use_row_as_full_screen_section=&#8221;yes&#8221; type=&#8221;grid&#8221; angled_section=&#8221;no&#8221; text_align=&#8221;left&#8221; background_image_as_pattern=&#8221;without_pattern&#8221;][vc_column width=&#8221;1\/4&#8243;][vc_empty_space][vc_single_image image=&#8221;14274&#8243; img_size=&#8221;medium&#8221; style=&#8221;vc_box_shadow&#8221; qode_css_animation=&#8221;&#8221;][\/vc_column][vc_column width=&#8221;3\/4&#8243;][vc_empty_space height=&#8221;12px&#8221;][vc_column_text]<\/p>\n<h6>Using Data Professional Development Course: Program and Methodical Materials (2011)<\/h6>\n<p>&nbsp;<\/p>\n<p>The professional development course is a convenient tool for European educators to use in improving their professional skills in order to achieve better teaching and learning outcomes. The course includes both activities and specific tools that can be used in schools to develop a culture of data use. The course aims to develop the skills of leaders and their teams, who can then develop the data skills of everyone else \u2013 teachers and community members. The course curriculum included tools and activities that help build capacity within professional learning communities to establish a culture of udong data to inform decisions about policy, programs, and instructional practice.<\/p>\n<p>&nbsp;<\/p>\n<p>The professional development course is based on an inquiry model consisting of the stages of discovery, diagnosis, action, and evaluation. The stages of the course accompany school teams throughout the inquiry process and provide opportunities for active learning during this process. The course not only provides guidance for inquiry and action, but also helps teams develop the technical, analytical, and collaborative skills necessary to implement the data use action theory framework and use data to improve teaching and learning.<\/p>\n<p>The course curriculum was built up from 11 obligatory modules, with each module being delivered in an approximately 3 hour session (depending on pace, knowledge and experience of a given PLC). Modules 1 and 2 are Preparation modules that build the capacity of the PLC to engage in data work. Modules 3 to 11 take the PLC through each stage of the data use inquiry model: Discovery, Diagnosis, Doing, and Evaluation.<\/p>\n<p>&nbsp;<\/p>\n<p>The benefits for each school taking the Data Use Course included:<\/p>\n<ul>\n<li>practicing the process of data collection and analysis to solve school problems through problem identification, root cause analysis, action planning, initiative implementation and monitoring as well as evaluation;<\/li>\n<li>developing a professional school-based team proficient in data use to support and spread the methodology implementation;<\/li>\n<li>hands on application of data use principles to address an urgent issue identified by the school;<\/li>\n<li>learning a universal data-informed process of problem solving.<br \/>\nThe envisioned impact upon the schools was to observe improvement as a result of a structured, data-informed process that included identifying and solving a student centred problem.<\/li>\n<\/ul>\n<p><strong>Download <\/strong><a href=\"https:\/\/sdcentras.lt\/wp-content\/uploads\/DATAUSE-Duomenu-naudojimo-kursas.pdf\" target=\"_blank\" rel=\"noopener\">LT<\/a>, <a href=\"https:\/\/sdcentras.lt\/wp-content\/uploads\/DATAUSE-course-guidebook.pdf\" target=\"_blank\" rel=\"noopener\">EN<\/a>[\/vc_column_text][vc_empty_space][\/vc_column][\/vc_row][vc_row css_animation=&#8221;&#8221; row_type=&#8221;row&#8221; use_row_as_full_screen_section=&#8221;yes&#8221; type=&#8221;grid&#8221; angled_section=&#8221;no&#8221; text_align=&#8221;left&#8221; background_image_as_pattern=&#8221;without_pattern&#8221;][vc_column width=&#8221;1\/4&#8243;][vc_empty_space][vc_single_image image=&#8221;14272&#8243; img_size=&#8221;medium&#8221; style=&#8221;vc_box_shadow&#8221; qode_css_animation=&#8221;&#8221;][vc_empty_space][\/vc_column][vc_column width=&#8221;3\/4&#8243;][vc_empty_space height=&#8221;12px&#8221;][vc_column_text]<\/p>\n<h6>Data Coach Facilitator Guide (2011)<\/h6>\n<p>&nbsp;<\/p>\n<p>The role of the data coach is crucial to the success of the course as a whole. Coach need to set the tone by bringing together a range of data experience and confidence from among team members, reassuring both those who might feel a lack of confidence and those who have done it all before. All team members will need to perceive that their contributions are valued. Essential to the success of the course will be developing a team whose different strengths can be drawn upon to help each other and to move the programme along.<\/p>\n<p>The Data Coach Facilitator Guide is an instruction manual on how to consistently guide teachers through all the modules of the training course and develop a qualified and professional data management school team. The guide provides a description of each module of the course on data use in schools, the main objectives, a list of necessary resources and materials, the time required to present each part of the module, and instructions for presenting the slides.<\/p>\n<p><strong>Download <\/strong><a href=\"https:\/\/sdcentras.lt\/wp-content\/uploads\/DATAUSE-Mokyklos-komandos-lyderio-vadovas.pdf\" target=\"_blank\" rel=\"noopener\">LT<\/a>, <a href=\"https:\/\/sdcentras.lt\/wp-content\/uploads\/DATAUSE-coaches-guide.pdf\" target=\"_blank\" rel=\"noopener\">EN<\/a><\/p>\n<p><strong>Course presentations <\/strong><a href=\"https:\/\/sdcentras.lt\/wp-content\/uploads\/DATAUSE-mokymu-skaidres.pdf\" target=\"_blank\" rel=\"noopener\">LT<\/a>, <a href=\"https:\/\/sdcentras.lt\/wp-content\/uploads\/DATAUSE-Course-presentations.pdf\" target=\"_blank\" rel=\"noopener\">EN<\/a>[\/vc_column_text][vc_empty_space][\/vc_column][\/vc_row][vc_row css_animation=&#8221;&#8221; row_type=&#8221;row&#8221; use_row_as_full_screen_section=&#8221;yes&#8221; type=&#8221;grid&#8221; angled_section=&#8221;no&#8221; text_align=&#8221;left&#8221; background_image_as_pattern=&#8221;without_pattern&#8221;][vc_column][vc_empty_space][vc_column_text]<\/p>\n<h6>PROJECT RESULTS<\/h6>\n<p>[\/vc_column_text][vc_separator type=&#8221;normal&#8221;][vc_column_text]<\/p>\n<ul>\n<li>The DATAUSE project contributed to EU education policy, such as the Lisbon, Bologna, and the Bergen Conventions, by implementing an innovative program that aims to focus educators&#8217; attention on the results of their work, seek new methods to improve them, and thus better prepare students for a dynamic world and job opportunities.<\/li>\n<li>The DATAUSE project partners brought their individual experience and expertise to collaboratively produce high quality courseware and tools that address the needs of schools assuring at the same time exchange of experiences.<\/li>\n<li>The project involved numerous research methodologies, strategies, and approaches to develop the project deliverables effectively. Some of them included: methodology for the exploratory research of data use, Data Use Theory of Action, Data Inquiry Model as well as the analysis and interpretation of data use survey results. The project employed also strategies in the areas of quality management, dissemination and exploitation as well as project management.<\/li>\n<li>Project produced project deliverables which included: comparative report on data use across 5 partner countries, data use survey, data use survey results report and analysis, data use professional development course, data coaches guide.<\/li>\n<li>Professional learning communities were established in 10 participating schools (approx. 400 teachers), based in 5 partners\u2019 countries \u2013 Poland, United Kingdom, Germany, Lithuania and the Netherlands.<\/li>\n<li>Final evaluation of the project was performed by measuring against the established set of success indicators, proving that the attitude of teachers to using data has become more positive, data use knowledge and skills of teachers have improved, teachers use data for instructional as well as school improvement more often and systematically and collaboration in school has improved. This has been confirmed based on individual case studies analyses of schools participating in the project. [\/vc_column_text][vc_empty_space][vc_column_text]<\/li>\n<\/ul>\n<h6>PROJECT DISSEMINATION<\/h6>\n<p>[\/vc_column_text][vc_separator type=&#8221;normal&#8221;][vc_column_text]<a href=\"https:\/\/sdcentras.lt\/wp-content\/uploads\/DATAUSE-final-report-public-part.pdf\" target=\"_blank\" rel=\"noopener\">DATAUSE project report (EN)<\/a><\/p>\n<p><a href=\"https:\/\/sdcentras.lt\/wp-content\/uploads\/Data-Use-in-Schools-%E2%80%93-A-Cross-Country-Study.pdf\" target=\"_blank\" rel=\"noopener\">Breiter, Andreas, &amp; Karbautzki, Louisa. (2012). <em>Data use in schools \u2013 a cross-country study<\/em>. Paper for the International Congress for School Effectiveness and Improvement (ICSEI), 25th ICSEI Congress in January 2012, Malm\u00f6, Sweden. <\/a><\/p>\n<p><a href=\"https:\/\/sdcentras.lt\/wp-content\/uploads\/Development-of-the-Data-Use-Professional-Development-Course.pdf\" target=\"_blank\" rel=\"noopener\">Marciniak, Ma\u0142gorzata, &amp; Ronka, David. (2012). <em>Development of the Data Use professional development course<\/em>. Paper for the International Congress for School Effectiveness and Improvement (ICSEI), 25th ICSEI Congress in January 2012, Malm\u00f6, Sweden. <\/a><\/p>\n<p><a href=\"https:\/\/sdcentras.lt\/wp-content\/uploads\/The-Use-of-Data-Across-Countries.pdf\" target=\"_blank\" rel=\"noopener\">Schildamp, Kim. (2012). The use of data across countries: Development of a Data Use framework. Paper for the International Congress for School Effectiveness and Improvement (ICSEI), 25th ICSEI Congress in January 2012, Malm\u00f6, Sweden. <\/a>[\/vc_column_text][vc_empty_space][vc_empty_space][\/vc_column][\/vc_row][vc_row css_animation=&#8221;&#8221; row_type=&#8221;row&#8221; use_row_as_full_screen_section=&#8221;yes&#8221; type=&#8221;grid&#8221; angled_section=&#8221;no&#8221; text_align=&#8221;left&#8221; background_image_as_pattern=&#8221;without_pattern&#8221; z_index=&#8221;&#8221; background_color=&#8221;#f7f7f7&#8243;][vc_column width=&#8221;1\/4&#8243;][vc_empty_space][vc_empty_space][vc_single_image image=&#8221;12610&#8243; img_size=&#8221;medium&#8221; qode_css_animation=&#8221;&#8221;][vc_empty_space][vc_empty_space][\/vc_column][vc_column width=&#8221;3\/4&#8243;][vc_empty_space][vc_empty_space][vc_column_text]<\/p>\n<p style=\"text-align: left;\">The European Commission\u2019s support for the production of this publication does not constitute an endorsement of the contents, which reflect the views only of the authors, and the Commission cannot be held responsible for any use which may be made of the information contained therein.<\/p>\n<p>[\/vc_column_text][vc_empty_space][vc_empty_space][\/vc_column][\/vc_row]<\/p>\n","protected":false},"excerpt":{"rendered":"<p>[vc_row css_animation=&#8221;&#8221; row_type=&#8221;row&#8221; use_row_as_full_screen_section=&#8221;yes&#8221; type=&#8221;full_width&#8221; angled_section=&#8221;no&#8221; text_align=&#8221;left&#8221; background_image_as_pattern=&#8221;without_pattern&#8221; z_index=&#8221;&#8221;][vc_column][vc_empty_space][vc_empty_space][vc_empty_space][vc_column_text] DATAUSE \u2013 Using Data for Improving School and Student Performance [\/vc_column_text][vc_empty_space][vc_empty_space][\/vc_column][\/vc_row][vc_row css_animation=&#8221;&#8221; row_type=&#8221;row&#8221; use_row_as_full_screen_section=&#8221;yes&#8221; type=&#8221;grid&#8221; angled_section=&#8221;no&#8221; text_align=&#8221;left&#8221; background_image_as_pattern=&#8221;without_pattern&#8221; z_index=&#8221;&#8221; background_color=&#8221;#f7f7f7&#8243;][vc_column width=&#8221;1\/2&#8243;][vc_empty_space][vc_empty_space][vc_column_text] Project No. 510477-LLP-1-2010-1-PL-COMENIUS-CMP Project duration: 1 November 2010\u201331 October 2012 Project co-funder: EU Comenius programme&#8230;<\/p>\n","protected":false},"author":2,"featured_media":0,"parent":911,"menu_order":0,"comment_status":"closed","ping_status":"closed","template":"full_width.php","meta":{"footnotes":""},"class_list":["post-14265","page","type-page","status-publish","hentry"],"acf":[],"aioseo_notices":[],"_links":{"self":[{"href":"https:\/\/sdcentras.lt\/en\/wp-json\/wp\/v2\/pages\/14265","targetHints":{"allow":["GET"]}}],"collection":[{"href":"https:\/\/sdcentras.lt\/en\/wp-json\/wp\/v2\/pages"}],"about":[{"href":"https:\/\/sdcentras.lt\/en\/wp-json\/wp\/v2\/types\/page"}],"author":[{"embeddable":true,"href":"https:\/\/sdcentras.lt\/en\/wp-json\/wp\/v2\/users\/2"}],"replies":[{"embeddable":true,"href":"https:\/\/sdcentras.lt\/en\/wp-json\/wp\/v2\/comments?post=14265"}],"version-history":[{"count":5,"href":"https:\/\/sdcentras.lt\/en\/wp-json\/wp\/v2\/pages\/14265\/revisions"}],"predecessor-version":[{"id":14280,"href":"https:\/\/sdcentras.lt\/en\/wp-json\/wp\/v2\/pages\/14265\/revisions\/14280"}],"up":[{"embeddable":true,"href":"https:\/\/sdcentras.lt\/en\/wp-json\/wp\/v2\/pages\/911"}],"wp:attachment":[{"href":"https:\/\/sdcentras.lt\/en\/wp-json\/wp\/v2\/media?parent=14265"}],"curies":[{"name":"wp","href":"https:\/\/api.w.org\/{rel}","templated":true}]}}