{"id":14211,"date":"2026-03-03T15:57:49","date_gmt":"2026-03-03T13:57:49","guid":{"rendered":"https:\/\/sdcentras.lt\/projects\/growe-skaitytoju-ugdymas-auginant-emocini-intelekta\/"},"modified":"2026-03-04T10:56:55","modified_gmt":"2026-03-04T08:56:55","slug":"growe-get-readers-on-the-wavelength-of-emotions","status":"publish","type":"page","link":"https:\/\/sdcentras.lt\/en\/projects\/growe-get-readers-on-the-wavelength-of-emotions\/","title":{"rendered":"GROWE \u2013 Get Readers on the Wavelength of Emotions"},"content":{"rendered":"<p>[vc_row css_animation=&#8221;&#8221; row_type=&#8221;row&#8221; use_row_as_full_screen_section=&#8221;yes&#8221; type=&#8221;grid&#8221; angled_section=&#8221;no&#8221; text_align=&#8221;left&#8221; background_image_as_pattern=&#8221;without_pattern&#8221; z_index=&#8221;&#8221;][vc_column][vc_empty_space][vc_empty_space][vc_empty_space][vc_column_text]<\/p>\n<h2 style=\"text-align: center;\">GROWE \u2013 Get Readers on the Wavelength of Emotions<\/h2>\n<p>[\/vc_column_text][vc_empty_space][vc_empty_space][\/vc_column][\/vc_row][vc_row css_animation=&#8221;&#8221; row_type=&#8221;row&#8221; use_row_as_full_screen_section=&#8221;yes&#8221; type=&#8221;grid&#8221; angled_section=&#8221;no&#8221; text_align=&#8221;left&#8221; background_image_as_pattern=&#8221;without_pattern&#8221; z_index=&#8221;&#8221; background_color=&#8221;#f7f7f7&#8243;][vc_column width=&#8221;1\/2&#8243;][vc_empty_space][vc_empty_space][vc_column_text]<strong>Project No.<\/strong> 2018-1-IT02-KA201-048481<\/p>\n<p><strong>Project duration:<\/strong> 1 September 2019\u201331 December 2022<\/p>\n<p><strong>Project co-funder:<\/strong> EU program Erasmus+<\/p>\n<p><strong>Project coordinator: <\/strong><a href=\"https:\/\/www.glos.ac.uk\/\" target=\"_blank\" rel=\"noopener\">University of Gloucestershire (UK)<\/a><\/p>\n<p><strong>Project partners:<\/strong><\/p>\n<p><a href=\"https:\/\/danilodolci.org\/\" target=\"_blank\" rel=\"noopener\">Centro per lo Sviluppo Creativo Danilo Dolci (Italy)<\/a><\/p>\n<p><a href=\"https:\/\/www.alsdgc.ro\/home\/index\/lang\/en\" target=\"_blank\" rel=\"noopener\">Asociatia LSDGC (Romania)<\/a><\/p>\n<p>\u0160iuolaikini\u0173 didaktik\u0173 centras (Lithuania)<\/p>\n<p><strong><a href=\"https:\/\/groweproject.eu\/\" target=\"_blank\" rel=\"noopener\">Project website<\/a><\/strong><strong><br \/>\n<\/strong>[\/vc_column_text][vc_empty_space][vc_single_image image=&#8221;14236&#8243; img_size=&#8221;medium&#8221; qode_css_animation=&#8221;&#8221;][\/vc_column][vc_column width=&#8221;1\/2&#8243;][vc_empty_space][vc_empty_space][vc_single_image image=&#8221;6352&#8243; img_size=&#8221;large&#8221; qode_css_animation=&#8221;&#8221;][vc_column_text]<\/p>\n<p style=\"text-align: right;\">Project team<\/p>\n<p>[\/vc_column_text]<span class='q_social_icon_holder circle_social' ><a itemprop='url' href='https:\/\/www.facebook.com\/groweproject\/' target='_blank'><span class='fa-stack fa-lg' style=''><span aria-hidden=\"true\" class=\"qode_icon_font_elegant social_facebook \" style=\"\" ><\/span><\/span><\/a><\/span><span class='q_social_icon_holder circle_social' ><a itemprop='url' href='https:\/\/www.youtube.com\/@groweproject' target='_blank'><span class='fa-stack fa-lg' style=''><span aria-hidden=\"true\" class=\"qode_icon_font_elegant social_youtube \" style=\"\" ><\/span><\/span><\/a><\/span>[vc_empty_space][\/vc_column][\/vc_row][vc_row css_animation=&#8221;&#8221; row_type=&#8221;row&#8221; use_row_as_full_screen_section=&#8221;yes&#8221; type=&#8221;grid&#8221; angled_section=&#8221;no&#8221; text_align=&#8221;left&#8221; background_image_as_pattern=&#8221;without_pattern&#8221;][vc_column][vc_empty_space][vc_column_text]<\/p>\n<h6>PROJECT RELEVANCE<\/h6>\n<p>[\/vc_column_text][vc_separator type=&#8221;normal&#8221;][vc_column_text]Both literacy and social-emotional skills are of crucial importance for lifelong learning. Pupils who do not master literacy skills are unlikely to succeed in formal education. Throughout a child\u2019s development, the time devoted to literacy-related activities remains essential to the acquisition of reading literacy skills. The European Literacy Policy Network therefore recommends that all teachers receive effective initial teacher education and professional development in literacy teaching and learning in order to be well prepared for the tasks of making all Europeans able to read and write at a level that enables them to function and develop in society, at home, at school and at work, in order to achieve their aspirations as individuals, family members, workers and citizens. This recommendation calls for so-called disciplinary literacy approaches. Disciplinary literacy refers to the specifics of reading, writing, and communicating within a discipline, focusing on the ways of thinking, the skills, and the tools used by experts in the disciplines. Each discipline has a specialized vocabulary and components unique to that discipline and we believe that teaching these can be best achieved by using authentic texts. In this regard, our project aimed to blend disciplinary literacy and social-emotional skills with the aim of ensuring children\u2019s metacognitive development in terms of key curriculum subjects.[\/vc_column_text][vc_empty_space][\/vc_column][\/vc_row][vc_row css_animation=&#8221;&#8221; row_type=&#8221;row&#8221; use_row_as_full_screen_section=&#8221;no&#8221; type=&#8221;grid&#8221; angled_section=&#8221;no&#8221; text_align=&#8221;left&#8221; background_image_as_pattern=&#8221;without_pattern&#8221; background_color=&#8221;#f7f7f7&#8243;][vc_column css_animation=&#8221;slideInUp&#8221; width=&#8221;1\/3&#8243;][vc_empty_space][vc_column_text]<\/p>\n<h6 style=\"text-align: center;\"><span style=\"color: #259687;\">DALYKINIS RA\u0160TINGUMAS \u2013<\/span><\/h6>\n<h6 style=\"text-align: center;\"><em><br \/>\n<span style=\"color: #259687;\">tai skaitymo, ra\u0161ymo bei bendravimo ypatumai, b\u016bdingi konkre\u010diam dalykui. Jie apima m\u0105stymo b\u016bdus, \u012fg\u016bd\u017eius bei \u012frankius naudojamus to dalyko ekspert\u0173. <\/span><br \/>\n<\/em><\/h6>\n<h6 style=\"text-align: center;\"><em><br \/>\n<span style=\"color: #259687;\">Dalykinis ra\u0161tingumas pabr\u0117\u017eia pagrindini\u0173 \u017eini\u0173, geb\u0117jim\u0173 ir kalbos, b\u016bdingos konkre\u010dioms mokslo disciplinoms, \u012fsisavinim\u0105.<\/span><br \/>\n<\/em><\/h6>\n<p>[\/vc_column_text][vc_separator type=&#8221;small&#8221; position=&#8221;center&#8221;][vc_empty_space][\/vc_column][vc_column css_animation=&#8221;slideInUp&#8221; width=&#8221;1\/3&#8243;][vc_empty_space][vc_column_text]<\/p>\n<h6 style=\"text-align: center;\"><span style=\"color: #259687;\">SOCIALINIAI-EMOCINIAI \u012eG\u016aD\u017dIAI \u2013<\/span><\/h6>\n<h6 style=\"text-align: center;\"><em><br \/>\n<span style=\"color: #259687;\">tai geb\u0117jimai reguliuoti savo mintis, emocijas ir elges\u012f, i\u0161mokstant atpa\u017einti ir valdyti savo emocijas, u\u017emegzti gerus santykius ir priimti atsakingus sprendimus.<\/span><br \/>\n<\/em><\/h6>\n<h6 style=\"text-align: center;\"><em><br \/>\n<span style=\"color: #259687;\">Yra nustatytas ai\u0161kus ry\u0161ys tarp socialin\u0117s bei emocin\u0117s mokyklos kult\u016bros ir mokini\u0173 pasiekim\u0173, rezultat\u0173 bei lankomumo.<\/span><br \/>\n<\/em><\/h6>\n<p>[\/vc_column_text][vc_separator type=&#8221;small&#8221; position=&#8221;center&#8221;][vc_empty_space][\/vc_column][vc_column css_animation=&#8221;slideInUp&#8221; width=&#8221;1\/3&#8243;][vc_empty_space][vc_column_text]<\/p>\n<h6 style=\"text-align: center;\"><span style=\"color: #259687;\">Projekte GROWE siekiama sujungti \u0161iuos du elementus, parengiant mokymo program\u0105 \u012fvairi\u0173 dalyk\u0173 mokytojams.<\/span><\/h6>\n<h6 style=\"text-align: center;\"><span style=\"color: #259687;\">\u0160i programa parengt\u0173 mokytojus ugdyti mokini\u0173 dalykin\u012f ra\u0161tingum\u0105 ir socialinius emocinius \u012fg\u016bd\u017eius.<\/span><\/h6>\n<h6 style=\"text-align: center;\"><span style=\"color: #259687;\">GROWE siekia sukurti veiksming\u0105 priemon\u0119 ir sudaryti mokytojams profesinio tobul\u0117jimo galimybes, tuo pa\u010diu padedant mokiniams siekti akademin\u0117s s\u0117km\u0117s.<\/span><\/h6>\n<p>[\/vc_column_text][vc_separator type=&#8221;small&#8221; position=&#8221;center&#8221;][vc_empty_space][\/vc_column][\/vc_row][vc_row css_animation=&#8221;&#8221; row_type=&#8221;row&#8221; use_row_as_full_screen_section=&#8221;yes&#8221; type=&#8221;grid&#8221; angled_section=&#8221;no&#8221; text_align=&#8221;left&#8221; background_image_as_pattern=&#8221;without_pattern&#8221;][vc_column][vc_empty_space][vc_column_text]<\/p>\n<h6>PROJECT AIM<\/h6>\n<p>[\/vc_column_text][vc_separator type=&#8221;normal&#8221;][vc_column_text]This project aims to develop teacher trainers\u2019 and subsequently teachers\u2019 competences to address students\u2019 literacy and emotional learning needs by developing a model of integrated intervention relying on the use of high-quality authentic texts (different from school textbooks) selected from contemporary children\u2019s and adolescents\u2019 literature. [\/vc_column_text][vc_empty_space][vc_column_text]<\/p>\n<h6>PROJECT OBJECTIVES<\/h6>\n<p>[\/vc_column_text][vc_separator type=&#8221;normal&#8221;][vc_column_text]<\/p>\n<ol>\n<li>\u00a0Increase the partner Organisations\u2019 capacity to support teachers in developing their students\u2019 literacy and social-emotional skills.<\/li>\n<li>Develop and test an in-service teacher training course in blended learning format to prepare teachers for addressing students\u2019 literacy and social-emotional learning needs.<\/li>\n<li>Develop a toolkit (OER) featuring good practice to inspire teachers to adopt effective strategies for developing their students\u2019 literacy and social-emotional skills.<\/li>\n<\/ol>\n<p>[\/vc_column_text][vc_empty_space][vc_column_text]<\/p>\n<h6>PROJECT TARGET GROUPS<\/h6>\n<p>[\/vc_column_text][vc_separator type=&#8221;normal&#8221;][vc_column_text]The project is aimed at adult educators and teachers of various subjects. Project participants \u2013 schools and students \u2013 tested the integrated program for developing subject literacy and social-emotional skills.[\/vc_column_text][vc_empty_space][vc_column_text]<\/p>\n<h6>PROJECT INTELLECTUAL OUTPUTS<\/h6>\n<p>[\/vc_column_text][vc_separator type=&#8221;normal&#8221;][\/vc_column][\/vc_row][vc_row css_animation=&#8221;&#8221; row_type=&#8221;row&#8221; use_row_as_full_screen_section=&#8221;yes&#8221; type=&#8221;grid&#8221; angled_section=&#8221;no&#8221; text_align=&#8221;left&#8221; background_image_as_pattern=&#8221;without_pattern&#8221;][vc_column width=&#8221;1\/4&#8243;][vc_empty_space][vc_single_image image=&#8221;14225&#8243; img_size=&#8221;large&#8221; alignment=&#8221;right&#8221; qode_css_animation=&#8221;&#8221;][\/vc_column][vc_column width=&#8221;3\/4&#8243;][vc_empty_space][vc_column_text]<\/p>\n<h6>GROWE Training Course Curriculum (2022)<strong><br \/>\n<\/strong><\/h6>\n<p>&nbsp;<\/p>\n<p>This training course addresses primary and secondary teachers in pre-service or in-service. The course aims to develop the teachers\u2019 professional skills to address students\u2019 literacy and social-emotional learning needs.<\/p>\n<p><strong>Download <\/strong><a href=\"https:\/\/sdcentras.lt\/wp-content\/uploads\/growe-io1-lt.pdf\" target=\"_blank\" rel=\"noopener\">LT,<\/a> <a href=\"https:\/\/ec.europa.eu\/programmes\/erasmus-plus\/project-result-content\/7708585a-dc6b-40fb-a427-434434203487\/growe-io1-en.pdf\" target=\"_blank\" rel=\"noopener\">EN<\/a>, <a href=\"https:\/\/ec.europa.eu\/programmes\/erasmus-plus\/project-result-content\/3c21648f-2d96-4217-b67f-e5112ac5e858\/growe-io1-it.pdf\" target=\"_blank\" rel=\"noopener\">IT<\/a>, <a href=\"https:\/\/ec.europa.eu\/programmes\/erasmus-plus\/project-result-content\/6739828c-c915-468f-bef9-e05091be856b\/growe-io1-ro.pdf\" target=\"_blank\" rel=\"noopener\">RO<\/a>[\/vc_column_text][vc_empty_space][\/vc_column][\/vc_row][vc_row css_animation=&#8221;&#8221; row_type=&#8221;row&#8221; use_row_as_full_screen_section=&#8221;yes&#8221; type=&#8221;grid&#8221; angled_section=&#8221;no&#8221; text_align=&#8221;left&#8221; background_image_as_pattern=&#8221;without_pattern&#8221;][vc_column width=&#8221;1\/4&#8243;][vc_empty_space][vc_single_image image=&#8221;14223&#8243; img_size=&#8221;large&#8221; alignment=&#8221;right&#8221; qode_css_animation=&#8221;&#8221;][\/vc_column][vc_column width=&#8221;3\/4&#8243;][vc_empty_space][vc_column_text]<\/p>\n<h6>Methodology for Data Collection to Document Piloting (2022).<\/h6>\n<p>&nbsp;<\/p>\n<p>This intellectual output will allow us to study the effects of the training course on the trainee and existing teachers and their students, based on which we will be able to revise and finalise IO1<\/p>\n<p><strong>Download <\/strong><a href=\"https:\/\/sdcentras.lt\/wp-content\/uploads\/growe-io2-lt.pdf\" target=\"_blank\" rel=\"noopener\">LT<\/a>, <a href=\"https:\/\/ec.europa.eu\/programmes\/erasmus-plus\/project-result-content\/4f05d500-92c6-488e-9720-7e68a1e45103\/growe-io2-en.pdf\" target=\"_blank\" rel=\"noopener\">EN<\/a>, <a href=\"https:\/\/ec.europa.eu\/programmes\/erasmus-plus\/project-result-content\/319b2251-b893-4467-9c00-1abebd19aa6c\/growe-io2-it.pdf\" target=\"_blank\" rel=\"noopener\">IT<\/a>, <a href=\"https:\/\/ec.europa.eu\/programmes\/erasmus-plus\/project-result-content\/2300e976-b06e-4c1e-92d1-7f33fd9a3863\/growe-io2-ro.pdf\" target=\"_blank\" rel=\"noopener\">RO<\/a>[\/vc_column_text][vc_empty_space][\/vc_column][\/vc_row][vc_row css_animation=&#8221;&#8221; row_type=&#8221;row&#8221; use_row_as_full_screen_section=&#8221;yes&#8221; type=&#8221;grid&#8221; angled_section=&#8221;no&#8221; text_align=&#8221;left&#8221; background_image_as_pattern=&#8221;without_pattern&#8221;][vc_column width=&#8221;1\/4&#8243;][vc_empty_space][vc_single_image image=&#8221;7995&#8243; img_size=&#8221;large&#8221; alignment=&#8221;right&#8221; qode_css_animation=&#8221;&#8221;][\/vc_column][vc_column width=&#8221;3\/4&#8243;][vc_empty_space][vc_column_text]<\/p>\n<h6>Data Analysis: Survey of GROWE Training Course Piloting 2020\u20132022 (2022)<\/h6>\n<p>&nbsp;<\/p>\n<p>Siekiant pamatuoti integruoto dalykinio ra\u0161tingumo ir socialinio-emocinio ugdymo mokym\u0173 programos efektyvum\u0105, buvo atlikti tyrimai, kuriuose dalyvavo mokytoj\u0173 reng\u0117jai, mokytojai praktikai , mokiniai bei pasiremta \u012fvairiomis duomen\u0173 rinkimo ir analiz\u0117s priemon\u0117mis.<\/p>\n<p>Tyrimas parod\u0117 i\u0161augusias mokytoj\u0173 \u017einias bei supratim\u0105 apie DR ir SE\u012e ugdymo svarb\u0105 ir geb\u0117jim\u0105 paremti bei palengvinti mokini\u0173 DR ir SE\u012e mokym\u0105si bei \u012fgyvendinti GROWE strategijas savo klas\u0117se. Nustatyta, kad po GROW programos metod\u0173 taikymo pamokose, pager\u0117jo mokini\u0173 dalykinio ra\u0161tingumo, socialiniai-emociniai, kalb\u0117jimo bendradarbiaujant, skaitymo supratimo, ra\u0161ymo mokymuisi, sav\u0119s pa\u017einimo, santyki\u0173 palaikymo \u012fg\u016bd\u017eiai.<\/p>\n<p><strong>Download\u00a0<\/strong><a href=\"https:\/\/sdcentras.lt\/wp-content\/uploads\/growe-data-analysis-en.pdf\" target=\"_blank\" rel=\"noopener\">EN<\/a>[\/vc_column_text][vc_empty_space][\/vc_column][\/vc_row][vc_row css_animation=&#8221;&#8221; row_type=&#8221;row&#8221; use_row_as_full_screen_section=&#8221;yes&#8221; type=&#8221;grid&#8221; angled_section=&#8221;no&#8221; text_align=&#8221;left&#8221; background_image_as_pattern=&#8221;without_pattern&#8221;][vc_column width=&#8221;1\/4&#8243;][vc_empty_space][vc_single_image image=&#8221;14249&#8243; img_size=&#8221;large&#8221; alignment=&#8221;right&#8221; style=&#8221;vc_box_shadow&#8221; qode_css_animation=&#8221;&#8221;][\/vc_column][vc_column width=&#8221;3\/4&#8243;][vc_empty_space][vc_column_text]<\/p>\n<h6><a href=\"https:\/\/groweproject.eu\/good-practice-toolkit\/\" target=\"_blank\" rel=\"noopener\">Good Practice Toolkit\u00a0 (2022)<strong>.<\/strong> [Open Educational Resource in national languages]<\/a><strong><br \/>\n<\/strong><\/h6>\n<p>&nbsp;<\/p>\n<p>The current toolkit is aimed at sharing key ideas of the GROWE approach and examples of good practice to inspire teachers to adopt effective strategies for developing their students\u2019 literacy and social-emotional skills and insludes practical tips from the project\u2019s implementation by secondary school teachers in Italy, Romania, Lithuania and the UK.[\/vc_column_text][vc_empty_space][\/vc_column][\/vc_row][vc_row css_animation=&#8221;&#8221; row_type=&#8221;row&#8221; use_row_as_full_screen_section=&#8221;yes&#8221; type=&#8221;grid&#8221; angled_section=&#8221;no&#8221; text_align=&#8221;left&#8221; background_image_as_pattern=&#8221;without_pattern&#8221;][vc_column][vc_empty_space][vc_column_text]<\/p>\n<h6>PROJECT RESULTS<\/h6>\n<p>[\/vc_column_text][vc_separator type=&#8221;normal&#8221;][vc_column_text]<\/p>\n<ul>\n<li>The project brought together four partner institutions (youth and adult education NGOs, higher education institutions) from four countries (the United Kingdom, Italy, Romania, and Lithuania).<\/li>\n<li>Four intellectual outputs were developed.<\/li>\n<li>12 teacher educators trained how to deliver the teacher training programme (participants in the LTTA).<\/li>\n<li>100 trained teachers highly skilled in developing literacy and social-emotional skills in the classroom while teaching various age groups and disciplines.<\/li>\n<li>2500 students improved their literacy and social-emotional skills as a result of participating in classroom activities that pursue these goals explicitly, in addition to discipline-related learning objectives.<\/li>\n<li>4 schools adopted school-wide practices to improve literacy and social-emotional skills in an integrated manner to support their students\u2019 academic success and personal growth.<\/li>\n<\/ul>\n<p>[\/vc_column_text][vc_empty_space][vc_column_text]<\/p>\n<h6>PROJECT DISSEMINATION<\/h6>\n<p>[\/vc_column_text][vc_separator type=&#8221;normal&#8221;][vc_tabs style=&#8221;horizontal_left&#8221;][vc_tab title=&#8221;Articles&#8221; tab_id=&#8221;ae8516f0-0238-3&#8243;][vc_column_text]<a href=\"https:\/\/elinet.pro\/blog-9-get-readers-on-the-wavelength-of-emotions-growe-project\/\" target=\"_blank\" rel=\"noopener\">Vacaretu A. S., Kovacs M. (21 October 2022). Getting readers on the wavelength of emotions (GROWE) project &#8211; Two birds with one stone. <em>ELINET blog<\/em>.<\/a><\/p>\n<p><a href=\"https:\/\/sdcentras.lt\/wp-content\/uploads\/GROWE-Education-Journal-Review.pdf\" target=\"_blank\" rel=\"noopener\">Screech, B. &amp; Butler, E. (2020). Getting readers on the wavelength of emotions: A preliminary thematic review. <em>Education Journal Review, 26<\/em>(1), 2-27.<\/a>[\/vc_column_text][\/vc_tab][vc_tab title=&#8221;GROWE model&#8221; tab_id=&#8221;732b1bef-a052-6&#8243;][vc_single_image image=&#8221;8074&#8243; img_size=&#8221;large&#8221; alignment=&#8221;center&#8221; qode_css_animation=&#8221;&#8221;][\/vc_tab][vc_tab title=&#8221;Infographic&#8221; tab_id=&#8221;1678181214171-2-5&#8243;][vc_single_image image=&#8221;8076&#8243; img_size=&#8221;large&#8221; alignment=&#8221;center&#8221; qode_css_animation=&#8221;&#8221;][\/vc_tab][\/vc_tabs][vc_empty_space][vc_empty_space][\/vc_column][\/vc_row][vc_row css_animation=&#8221;&#8221; row_type=&#8221;row&#8221; use_row_as_full_screen_section=&#8221;yes&#8221; type=&#8221;grid&#8221; angled_section=&#8221;no&#8221; text_align=&#8221;left&#8221; background_image_as_pattern=&#8221;without_pattern&#8221; z_index=&#8221;&#8221; background_color=&#8221;#f7f7f7&#8243;][vc_column width=&#8221;1\/4&#8243;][vc_empty_space][vc_empty_space][vc_single_image image=&#8221;12610&#8243; img_size=&#8221;medium&#8221; qode_css_animation=&#8221;&#8221;][vc_empty_space][vc_empty_space][\/vc_column][vc_column width=&#8221;3\/4&#8243;][vc_empty_space][vc_empty_space][vc_column_text]<\/p>\n<p style=\"text-align: left;\">The European Commission\u2019s support for the production of this publication does not constitute an endorsement of the contents, which reflect the views only of the authors, and the Commission cannot be held responsible for any use which may be made of the information contained therein.<\/p>\n<p>[\/vc_column_text][vc_empty_space][vc_empty_space][\/vc_column][\/vc_row]<\/p>\n","protected":false},"excerpt":{"rendered":"<p>[vc_row css_animation=&#8221;&#8221; row_type=&#8221;row&#8221; use_row_as_full_screen_section=&#8221;yes&#8221; type=&#8221;grid&#8221; angled_section=&#8221;no&#8221; text_align=&#8221;left&#8221; background_image_as_pattern=&#8221;without_pattern&#8221; z_index=&#8221;&#8221;][vc_column][vc_empty_space][vc_empty_space][vc_empty_space][vc_column_text] GROWE \u2013 Get Readers on the Wavelength of Emotions [\/vc_column_text][vc_empty_space][vc_empty_space][\/vc_column][\/vc_row][vc_row css_animation=&#8221;&#8221; row_type=&#8221;row&#8221; use_row_as_full_screen_section=&#8221;yes&#8221; type=&#8221;grid&#8221; angled_section=&#8221;no&#8221; text_align=&#8221;left&#8221; background_image_as_pattern=&#8221;without_pattern&#8221; z_index=&#8221;&#8221; background_color=&#8221;#f7f7f7&#8243;][vc_column width=&#8221;1\/2&#8243;][vc_empty_space][vc_empty_space][vc_column_text]Project No. 2018-1-IT02-KA201-048481 Project duration: 1 September 2019\u201331 December 2022 Project co-funder: EU program Erasmus+ Project coordinator:&#8230;<\/p>\n","protected":false},"author":2,"featured_media":0,"parent":911,"menu_order":0,"comment_status":"closed","ping_status":"closed","template":"full_width.php","meta":{"footnotes":""},"class_list":["post-14211","page","type-page","status-publish","hentry"],"acf":[],"aioseo_notices":[],"_links":{"self":[{"href":"https:\/\/sdcentras.lt\/en\/wp-json\/wp\/v2\/pages\/14211","targetHints":{"allow":["GET"]}}],"collection":[{"href":"https:\/\/sdcentras.lt\/en\/wp-json\/wp\/v2\/pages"}],"about":[{"href":"https:\/\/sdcentras.lt\/en\/wp-json\/wp\/v2\/types\/page"}],"author":[{"embeddable":true,"href":"https:\/\/sdcentras.lt\/en\/wp-json\/wp\/v2\/users\/2"}],"replies":[{"embeddable":true,"href":"https:\/\/sdcentras.lt\/en\/wp-json\/wp\/v2\/comments?post=14211"}],"version-history":[{"count":5,"href":"https:\/\/sdcentras.lt\/en\/wp-json\/wp\/v2\/pages\/14211\/revisions"}],"predecessor-version":[{"id":14250,"href":"https:\/\/sdcentras.lt\/en\/wp-json\/wp\/v2\/pages\/14211\/revisions\/14250"}],"up":[{"embeddable":true,"href":"https:\/\/sdcentras.lt\/en\/wp-json\/wp\/v2\/pages\/911"}],"wp:attachment":[{"href":"https:\/\/sdcentras.lt\/en\/wp-json\/wp\/v2\/media?parent=14211"}],"curies":[{"name":"wp","href":"https:\/\/api.w.org\/{rel}","templated":true}]}}