{"id":14167,"date":"2026-03-02T20:50:34","date_gmt":"2026-03-02T18:50:34","guid":{"rendered":"https:\/\/sdcentras.lt\/projects\/visual-creativity-and-design-thinking-as-tools-for-young-learners-in-a-virtual-world\/"},"modified":"2026-03-03T15:50:19","modified_gmt":"2026-03-03T13:50:19","slug":"visual-creativity-and-design-thinking-as-tools-for-young-learners-in-a-virtual-world","status":"publish","type":"page","link":"https:\/\/sdcentras.lt\/en\/projects\/visual-creativity-and-design-thinking-as-tools-for-young-learners-in-a-virtual-world\/","title":{"rendered":"Visual Creativity and Design Thinking as Tools for Young Learners in a Virtual World"},"content":{"rendered":"<p>[vc_row css_animation=&#8221;&#8221; row_type=&#8221;row&#8221; use_row_as_full_screen_section=&#8221;yes&#8221; type=&#8221;grid&#8221; angled_section=&#8221;no&#8221; text_align=&#8221;left&#8221; background_image_as_pattern=&#8221;without_pattern&#8221; z_index=&#8221;&#8221;][vc_column][vc_empty_space][vc_empty_space][vc_empty_space][vc_column_text]<\/p>\n<h2 style=\"text-align: center;\">Visual Creativity and Design Thinking as Tools for Young Learners in a Virtual World<\/h2>\n<p>[\/vc_column_text][vc_empty_space][vc_empty_space][\/vc_column][\/vc_row][vc_row css_animation=&#8221;&#8221; row_type=&#8221;row&#8221; use_row_as_full_screen_section=&#8221;yes&#8221; type=&#8221;grid&#8221; angled_section=&#8221;no&#8221; text_align=&#8221;left&#8221; background_image_as_pattern=&#8221;without_pattern&#8221; z_index=&#8221;&#8221; background_color=&#8221;#f7f7f7&#8243;][vc_column width=&#8221;1\/2&#8243;][vc_empty_space][vc_empty_space][vc_column_text]<strong>Project No.<\/strong> 2020-1-EE01-KA227-SCH-093376<\/p>\n<p><strong>Project duration:<\/strong> 1 March 2021\u201328 February 2023<\/p>\n<p><strong>Project co-funder:<\/strong> EU program Erasmus+<\/p>\n<p><strong>Project coordinator:<\/strong> <a href=\"http:\/\/koplikool.ee\/\" target=\"_blank\" rel=\"noopener\">Tallinna Kunstig\u00fcmnaasium (Estonia)<\/a><\/p>\n<p><strong>Project partners:<\/strong><\/p>\n<p><a href=\"https:\/\/www.tartukunstikool.ee\/en\" target=\"_blank\" rel=\"noopener\">Tartu kunsti kool (Estonia)<\/a><\/p>\n<p><a href=\"https:\/\/educraftor.com\/eu-projects\" target=\"_blank\" rel=\"noopener\">Educraftor Oy Ab (Finland)<\/a><\/p>\n<p><a href=\"https:\/\/crossingborders.dk\/\" target=\"_blank\" rel=\"noopener\">Crossing Borders (Denmark)<\/a><\/p>\n<p>\u0160iuolaikini\u0173 didaktik\u0173 centras (Lithuania)[\/vc_column_text][vc_single_image image=&#8221;8174&#8243; qode_css_animation=&#8221;&#8221;][\/vc_column][vc_column width=&#8221;1\/2&#8243;][vc_empty_space][vc_empty_space][vc_single_image image=&#8221;5461&#8243; img_size=&#8221;large&#8221; qode_css_animation=&#8221;&#8221;][vc_empty_space][vc_empty_space][\/vc_column][\/vc_row][vc_row css_animation=&#8221;&#8221; row_type=&#8221;row&#8221; use_row_as_full_screen_section=&#8221;yes&#8221; type=&#8221;grid&#8221; angled_section=&#8221;no&#8221; text_align=&#8221;left&#8221; background_image_as_pattern=&#8221;without_pattern&#8221;][vc_column][vc_empty_space][vc_column_text]<\/p>\n<h6>PROJECT RELEVANCE<\/h6>\n<p>[\/vc_column_text][vc_separator type=&#8221;normal&#8221;][vc_column_text]The COVID-19 pandemic had and continues to have a too great impact on the education system and on young learning requiring a re-thinking and re-design of educational approaches. Together with the partners we came to the conclusion that offering them the possibility to learn design thinking, to use and practice Visual Thinking methods using their creativity and the digital instruments, they will acquire new, necessary skills and knowledge to help them stay mentally and emotionally well and continue the learning regardless of the situation and location: in a classroom, or in isolation.<br \/>\n\u201cCreative Digital Visualization for the Development of Design Thinking Strategies among students and youth\u201d project was designed to encourage young learners to stay creative regardless of where they are.<br \/>\nThe project aim was to integrate arts and creativity to develop digital skills among target groups by the means of innovative practices in a digital era when distance learning becomes the \u201cnew normal\u201d in education and youth work. It aimed at enabling learning opportunities for students, pupils, youth, teachers about innovative digital tools making use of and boosting their creativity. [\/vc_column_text][vc_empty_space][vc_column_text]<\/p>\n<h6>PROJECT AIM<\/h6>\n<p>[\/vc_column_text][vc_separator type=&#8221;normal&#8221;][vc_column_text]To encourage young learners \u2013 pupils, students, young people, but also teachers, coaches, youth workers to stay creative regardless of their location during working\/studying process by integrating arts and creativity to develop digital skills due to innovative practices such as design thinking strategies and visual thinking techniques in education and youth work; by enabling learning opportunities for students, pupils, youth, teachers to develop a new culture of independent studying assuring the mental wellbeing of the stakeholders.[\/vc_column_text][vc_empty_space][vc_column_text]<\/p>\n<h6>PROJECT OBJECTIVES<\/h6>\n<p>[\/vc_column_text][vc_separator type=&#8221;normal&#8221;][vc_column_text]<\/p>\n<ol>\n<li>To enable young learners and teachers to use creativity and arts to stay balanced despite the situation they are facing.<\/li>\n<li>To develop new skills and knowledge among young learners and teachers to help them to cope with various issues affecting their possibility of movement.<\/li>\n<li>\u00a0To train students and teachers to use Visual Thinking Techniques for the creative visualization of their situation and condition.<\/li>\n<li>To train students and teachers to use Design Thinking Strategies for the solution processes of various problems in life, in studies, in work.<\/li>\n<li>To support teachers and youth workers to employ Design Thinking Strategies for planning lessons, delivering activities and content.<\/li>\n<li>To elaborate a methodological framework for a course to be delivered in schools, youth centers, organizations on Visual Thinking techniques and Design Thinking Strategies.<\/li>\n<li>To shift the approach to planning and delivering lessons to a new one, more creative, engaging and animated with the use of Design Thinking Strategies.<\/li>\n<li>To establish a network of partners who will continue the coperation after the project is ended.[\/vc_column_text][vc_empty_space][vc_column_text]<\/li>\n<\/ol>\n<h6>PROJECT TARGET GROUPS<\/h6>\n<p>[\/vc_column_text][vc_separator type=&#8221;normal&#8221;][vc_column_text]<\/p>\n<ul>\n<li>teachers of formal and in-formal education;<\/li>\n<li>youth workers;<\/li>\n<li>students and other learners.<\/li>\n<\/ul>\n<p>[\/vc_column_text][vc_empty_space][vc_single_image image=&#8221;14207&#8243; img_size=&#8221;large&#8221; alignment=&#8221;center&#8221; qode_css_animation=&#8221;&#8221;][vc_empty_space][vc_column_text]<\/p>\n<h6>INTELLECTUAL OUTPUT<\/h6>\n<p>[\/vc_column_text][vc_separator type=&#8221;normal&#8221;][vc_row_inner row_type=&#8221;row&#8221; type=&#8221;full_width&#8221; text_align=&#8221;left&#8221; css_animation=&#8221;&#8221;][vc_column_inner width=&#8221;1\/4&#8243;][vc_single_image image=&#8221;14202&#8243; img_size=&#8221;medium&#8221; style=&#8221;vc_box_shadow&#8221; qode_css_animation=&#8221;&#8221;][\/vc_column_inner][vc_column_inner width=&#8221;3\/4&#8243;][vc_column_text]<\/p>\n<h6>A Guidebook For Visual Thinking Techniques &amp; Design Thinking Strategies as Tools for Young Learners in a Virtual Wolrd (2023).<\/h6>\n<p>&nbsp;<\/p>\n<p>This material presents Design Thinking and Visual Thinking as methods for teaching problem solving both when learning and at the learning community. The material guides through the different stages of the methodology and provides with ideas and examples on how to bring more visual elements into your lessons.<\/p>\n<p>The project behind the material introduced to explaining the why\u2019s and how\u2019s. Then the material guides through the theory behind the Design Thinking and Visual Thinking methodologies and explains how the process works.<\/p>\n<p>The material also includes 12 case studies with different target audiences: basic, secondary and adult education, and teacher training. The cases for teachers and educators have been explained in more detail in order to open up the process of teaching and applying<br \/>\nthe methodology.<\/p>\n<p><strong>Download <\/strong><a href=\"https:\/\/sdcentras.lt\/wp-content\/uploads\/VCDT-Vadovas.pdf\" target=\"_blank\" rel=\"noopener\">LT<\/a>, <a href=\"https:\/\/sdcentras.lt\/wp-content\/uploads\/VTTDTS-Guidebook-for-educators.pdf\" target=\"_blank\" rel=\"noopener\">EN<\/a>, <a href=\"https:\/\/ec.europa.eu\/programmes\/erasmus-plus\/project-result-content\/225c4ec5-ed0f-46ac-a8d6-6e6207f909e8\/THE-IO-DENMARK.pdf\" target=\"_blank\" rel=\"noopener\">DK<\/a>, <a href=\"https:\/\/ec.europa.eu\/programmes\/erasmus-plus\/project-result-content\/aef9e02f-6374-4dd2-ac73-15f9daa644ad\/THE-IO-ESTONIA.pdf\" target=\"_blank\" rel=\"noopener\">EE<\/a>, <a href=\"https:\/\/ec.europa.eu\/programmes\/erasmus-plus\/project-result-content\/d4629b7b-fa2c-4d1c-92ee-b013c1d39720\/THE-IO-FINLAND.pdf\" target=\"_blank\" rel=\"noopener\">FI<\/a>[\/vc_column_text][\/vc_column_inner][\/vc_row_inner][vc_empty_space][vc_column_text]<\/p>\n<h6>PROJECT RESULTS<\/h6>\n<p>[\/vc_column_text][vc_separator type=&#8221;normal&#8221;][vc_column_text]<\/p>\n<ul>\n<li>5-sessions coaching activities \u201ctrain the trainers\u201d organized for future trainers on VTT and DTS .<\/li>\n<li>Replication of the 5-sessions training activities for learners from the partner countries (formal partners and organizations).<\/li>\n<li>Teachers and workers of the partners organizations started to deliver lessons and activities by the mean of DTS and VTT.<\/li>\n<li>Collected works and photos from the process of learning DTS and VTT exhibited in the organizations&#8217; premises and on Youtube.<\/li>\n<li>Trained teachers plan their lessons using DTS to be taught in the classroom.<\/li>\n<\/ul>\n<p>&nbsp;<\/p>\n<p>Our long-term aimed results is to have a new framework for educators to apply in order to animate their lessons, to deliver them in an attractive way, to involve more actively the learner in the process of learning. The main result is an enjoyable learning period for young people under any conditions, enabling tools for them to stay creative in the classroom or at home during distance days. We offer the framework that helps to open up the borders for our target groups the same way the COVID-19 pandemic closed them.[\/vc_column_text][vc_empty_space][\/vc_column][\/vc_row][vc_row css_animation=&#8221;&#8221; row_type=&#8221;row&#8221; use_row_as_full_screen_section=&#8221;no&#8221; type=&#8221;grid&#8221; angled_section=&#8221;no&#8221; text_align=&#8221;left&#8221; background_image_as_pattern=&#8221;without_pattern&#8221; z_index=&#8221;&#8221; background_color=&#8221;#f7f7f7&#8243;][vc_column width=&#8221;1\/4&#8243;][vc_empty_space][vc_empty_space][vc_single_image image=&#8221;12610&#8243; img_size=&#8221;medium&#8221; qode_css_animation=&#8221;&#8221;][vc_empty_space][vc_empty_space][\/vc_column][vc_column width=&#8221;3\/4&#8243;][vc_empty_space][vc_empty_space][vc_column_text]<\/p>\n<p style=\"text-align: left;\">The European Commission\u2019s support for the production of this publication does not constitute an endorsement of the contents, which reflect the views only of the authors, and the Commission cannot be held responsible for any use which may be made of the information contained therein.<\/p>\n<p>[\/vc_column_text][vc_empty_space][vc_empty_space][\/vc_column][\/vc_row]<\/p>\n","protected":false},"excerpt":{"rendered":"<p>[vc_row css_animation=&#8221;&#8221; row_type=&#8221;row&#8221; use_row_as_full_screen_section=&#8221;yes&#8221; type=&#8221;grid&#8221; angled_section=&#8221;no&#8221; text_align=&#8221;left&#8221; background_image_as_pattern=&#8221;without_pattern&#8221; z_index=&#8221;&#8221;][vc_column][vc_empty_space][vc_empty_space][vc_empty_space][vc_column_text] Visual Creativity and Design Thinking as Tools for Young Learners in a Virtual World [\/vc_column_text][vc_empty_space][vc_empty_space][\/vc_column][\/vc_row][vc_row css_animation=&#8221;&#8221; row_type=&#8221;row&#8221; use_row_as_full_screen_section=&#8221;yes&#8221; type=&#8221;grid&#8221; angled_section=&#8221;no&#8221; text_align=&#8221;left&#8221; background_image_as_pattern=&#8221;without_pattern&#8221; z_index=&#8221;&#8221; background_color=&#8221;#f7f7f7&#8243;][vc_column width=&#8221;1\/2&#8243;][vc_empty_space][vc_empty_space][vc_column_text]Project No. 2020-1-EE01-KA227-SCH-093376 Project duration: 1 March 2021\u201328 February 2023 Project co-funder:&#8230;<\/p>\n","protected":false},"author":2,"featured_media":0,"parent":911,"menu_order":0,"comment_status":"closed","ping_status":"closed","template":"full_width.php","meta":{"footnotes":""},"class_list":["post-14167","page","type-page","status-publish","hentry"],"acf":[],"aioseo_notices":[],"_links":{"self":[{"href":"https:\/\/sdcentras.lt\/en\/wp-json\/wp\/v2\/pages\/14167","targetHints":{"allow":["GET"]}}],"collection":[{"href":"https:\/\/sdcentras.lt\/en\/wp-json\/wp\/v2\/pages"}],"about":[{"href":"https:\/\/sdcentras.lt\/en\/wp-json\/wp\/v2\/types\/page"}],"author":[{"embeddable":true,"href":"https:\/\/sdcentras.lt\/en\/wp-json\/wp\/v2\/users\/2"}],"replies":[{"embeddable":true,"href":"https:\/\/sdcentras.lt\/en\/wp-json\/wp\/v2\/comments?post=14167"}],"version-history":[{"count":4,"href":"https:\/\/sdcentras.lt\/en\/wp-json\/wp\/v2\/pages\/14167\/revisions"}],"predecessor-version":[{"id":14209,"href":"https:\/\/sdcentras.lt\/en\/wp-json\/wp\/v2\/pages\/14167\/revisions\/14209"}],"up":[{"embeddable":true,"href":"https:\/\/sdcentras.lt\/en\/wp-json\/wp\/v2\/pages\/911"}],"wp:attachment":[{"href":"https:\/\/sdcentras.lt\/en\/wp-json\/wp\/v2\/media?parent=14167"}],"curies":[{"name":"wp","href":"https:\/\/api.w.org\/{rel}","templated":true}]}}