{"id":13728,"date":"2026-02-05T20:40:24","date_gmt":"2026-02-05T18:40:24","guid":{"rendered":"https:\/\/sdcentras.lt\/reseach\/ugdymo-turinio-tobulinimo-ir-mokymosi-poreikiu-tyrimai\/"},"modified":"2026-02-05T20:56:21","modified_gmt":"2026-02-05T18:56:21","slug":"ugdymo-turinio-tobulinimo-ir-mokymosi-poreikiu-tyrimai","status":"publish","type":"page","link":"https:\/\/sdcentras.lt\/en\/reseach\/ugdymo-turinio-tobulinimo-ir-mokymosi-poreikiu-tyrimai\/","title":{"rendered":"Research on improving educational content and learning needs"},"content":{"rendered":"<p>[vc_row css_animation=&#8221;&#8221; row_type=&#8221;row&#8221; use_row_as_full_screen_section=&#8221;no&#8221; type=&#8221;full_width&#8221; angled_section=&#8221;no&#8221; text_align=&#8221;left&#8221; background_image_as_pattern=&#8221;without_pattern&#8221; z_index=&#8221;&#8221; background_color=&#8221;#f7f7f7&#8243;][vc_column][vc_empty_space height=&#8221;52px&#8221;][vc_column_text]<\/p>\n<h1 style=\"text-align: center;\">Research on improving educational content and learning needs<\/h1>\n<p>[\/vc_column_text][vc_empty_space height=&#8221;52px&#8221;][\/vc_column][\/vc_row][vc_row css_animation=&#8221;&#8221; row_type=&#8221;row&#8221; use_row_as_full_screen_section=&#8221;no&#8221; type=&#8221;grid&#8221; angled_section=&#8221;no&#8221; text_align=&#8221;left&#8221; background_image_as_pattern=&#8221;without_pattern&#8221; z_index=&#8221;&#8221;][vc_column][vc_empty_space][vc_empty_space][vc_column_text]<\/p>\n<h3>Analysis of factors contributing to early dropout from the general education system, 2018\u20132019<\/h3>\n<p>[\/vc_column_text][vc_separator type=&#8221;small&#8221; position=&#8221;left&#8221;][vc_column_text]As part of the Erasmus+ program project &#8220;A.C.C.E.S.S. Active Cross-Sectoral Cooperation for Educational and Social Success&#8221; (No. 2018-1-IT02-KA201-048481), a study was conducted in 2018\u20132019 in the project partner countries (Lithuania, Romania, Italy, Portugal) to analyze the relationship between the school environment, culture, teaching and learning strategies and methods, and early dropout from the general education system. A quantitative and qualitative study was conducted, focusing on teachers and students at risk of early school leaving. The Modern Didactics centre was responsible for the analysis of data from the qualitative study, which was conducted using interviews.<br \/>\nThe study aimed to gain a deeper understanding of students&#8217; attitudes towards attending and\/or not attending school, as well as their overall image of school. Based on the research data, a theoretical model of risk factors for early dropout from the general education system was developed, which will help teachers to assess the first signs of risk factors and their intensity.<br \/>\nA total of 256 teachers (47 from Lithuania) and 975 students (xx from Lithuania) participated in the questionnaire survey.<br \/>\nA total of 87 teachers (16 from Lithuania) participated in the focus group discussions.<br \/>\nA total of 53 students (12 from Lithuania) participated in the interviews.<\/p>\n<p>[\/vc_column_text][vc_empty_space][vc_empty_space][\/vc_column][\/vc_row][vc_row css_animation=&#8221;&#8221; row_type=&#8221;row&#8221; use_row_as_full_screen_section=&#8221;no&#8221; type=&#8221;grid&#8221; angled_section=&#8221;no&#8221; text_align=&#8221;left&#8221; background_image_as_pattern=&#8221;without_pattern&#8221; z_index=&#8221;&#8221;][vc_column][vc_column_text]<\/p>\n<h3>Research of project &#8220;DATAUSE \u2013 Using Data for Improving School and Student Performance&#8221; implementation\u00a0 in project schools, 2011\u20132012<\/h3>\n<p>[\/vc_column_text][vc_separator type=&#8221;small&#8221; position=&#8221;left&#8221;][vc_column_text]The aim of the project &#8220;DATAUSE \u2013 Using Data for Improving School and Student Performance&#8221; (2010\u20132012) is to develop the skills of school leaders in creating learning communities that use data to improve educational outcomes. In the countries participating in the project \u2013 Poland, Germany, the United Kingdom, the Netherlands, and Lithuania \u2013 school teams were formed, consisting of representatives of the administration, department heads, senior teachers-experts, IT specialists, etc. Lithuania was represented in the project by Vilnius Gerosios Vilties Secondary School and Vilnius Antano Vienuolio Primary School. The schools were included in comparative studies of good practice. The questionnaire was designed to help assess the strengths and weaknesses of schools in terms of their ability to use data. The study consisted of a review of data use, an analysis of the situation in partner countries, and interviews with teachers. The survey sought to assess various aspects of data use in schools: opportunities and obstacles for data use, characteristics of data use, characteristics of data users, characteristics of the organization, use of data for reporting, use of data for improving school performance, and use of data for improving the teaching\/learning process. The results of the research and survey were used to develop the Data Use Course material. The study was conducted in 2011 and repeated in 2012 to monitor the impact of the Data Use Course on changes in schools and attitudes towards working with data in order to achieve better student learning outcomes. The 2011 survey involved 367 respondents from 10 schools in Poland, Germany, the United Kingdom, the Netherlands, and Lithuania, while the 2012 survey involved 228 respondents from 7 schools in Poland, Germany, the Netherlands, and Lithuania. In Lithuania, 113 respondents (school principals and teachers) were surveyed in 2011, and 106 in 2012.<br \/>\n<a href=\"https:\/\/sdcentras.lt\/wp-content\/uploads\/Datause-Survey-Analysis.pps\" target=\"_blank\" rel=\"noopener\">Research analysis<\/a><br \/>\n<a href=\"https:\/\/sdcentras.lt\/wp-content\/uploads\/013-tyrimas-projektas-duomenu-naudojimas-tobulinant-mokyklos-veikla-mokiniu-pa%C5%BEangai-mokyklose-2011-2012.pdf\" target=\"_blank\" rel=\"noopener\">Comparision of 2011-2012 m. research data <\/a>[\/vc_column_text][vc_empty_space][vc_empty_space][\/vc_column][\/vc_row][vc_row css_animation=&#8221;&#8221; row_type=&#8221;row&#8221; use_row_as_full_screen_section=&#8221;no&#8221; type=&#8221;grid&#8221; angled_section=&#8221;no&#8221; text_align=&#8221;left&#8221; background_image_as_pattern=&#8221;without_pattern&#8221; z_index=&#8221;&#8221;][vc_column][vc_column_text]<\/p>\n<h3>Research of effectiveness of programme &#8220;Students to Students&#8221;, 2005<\/h3>\n<p>[\/vc_column_text][vc_separator type=&#8221;small&#8221; position=&#8221;left&#8221;][vc_column_text]As part of the project &#8220;Students to Students Helping to Overcome Learning Difficulties&#8221; the &#8220;Students to Students&#8221; program was implemented in six Vilnius city schools in 2004\u20132005. Under the guidance of teachers, students helped their peers or younger friends during or after classes. There was ongoing evaluation of the mutual assistance activities, monitoring and assessment of students&#8217; learning progress and satisfaction with learning. The project activities were discussed at meetings with school communities, teachers, and parents. The evaluation included: 1) analysis of the direct peer support process (evaluation tools: work of children who were helped, diaries of student helpers, teacher&#8217;s diary, questionnaire for students; 2) analysis of the school context (evaluation tools: questionnaire for teachers, questions for project progress analysis, discussions at parent meetings, conversations with school administrators). A total of 20 students, 10 tutors, and 16 teachers were surveyed.<br \/>\nTeachers and students who participated in the project noted the positive impact of the program on teaching and learning. Students were indeed able to help each other, and they found this activity engaging, meaningful, and useful. Teachers noticed an improvement in student behavior during lessons: children became more actively involved in learning activities, made systematic efforts to overcome learning difficulties, and many of them improved their results. When evaluating the comments of teachers, parents, and students, it became clear that for many, the ideas of this project are new and must overcome prevailing attitudes of competition. On the other hand, it is recognized that the implementation of the project develops communication and cooperation skills and promotes mutual understanding and tolerance among community members.<br \/>\n[\/vc_column_text][vc_empty_space][vc_empty_space][\/vc_column][\/vc_row][vc_row css_animation=&#8221;&#8221; row_type=&#8221;row&#8221; use_row_as_full_screen_section=&#8221;no&#8221; type=&#8221;grid&#8221; angled_section=&#8221;no&#8221; text_align=&#8221;left&#8221; background_image_as_pattern=&#8221;without_pattern&#8221; z_index=&#8221;&#8221;][vc_column][vc_column_text]<\/p>\n<h3>Study &#8220;Training needs of youth leaders&#8221;, 2002<\/h3>\n<p>[\/vc_column_text][vc_separator type=&#8221;small&#8221; position=&#8221;left&#8221;][vc_column_text]<\/p>\n<p>The study was conducted as part of the project &#8220;Education of Youth Leaders&#8221;.<\/p>\n<p>The study was conducted by sociologists R. Karlinskait\u0117, G. Rusteikait\u0117, and D. Sinkevi\u010di\u016bt\u0117.<\/p>\n<p>This qualitative situation study aimed to identify the needs of six different types of non-governmental youth organizations for leadership training and to highlight the characteristics of youth leaders. More than 100 active members of youth organizations were surveyed.<\/p>\n<p>The results of the study showed that respondents consider the ability to bring together and motivate a team to be the most important characteristic of a youth leader. Equally important skills are planning and organizing, and taking responsibility. However, according to the respondents, the ability to resolve conflicts and represent one&#8217;s organization is not essential for a leader. The respondents mentioned the ability to balance individual and group interests and to organize and lead meetings as the most important leadership skills.<\/p>\n<p>The data from the sociological survey showed that representatives of non-political organizations participate in various youth leadership training courses more often than representatives of political organizations. Representatives of both political and non-political organizations most often participate in training courses organized and initiated by themselves.[\/vc_column_text][vc_empty_space][vc_empty_space][\/vc_column][\/vc_row]<\/p>\n","protected":false},"excerpt":{"rendered":"<p>[vc_row css_animation=&#8221;&#8221; row_type=&#8221;row&#8221; use_row_as_full_screen_section=&#8221;no&#8221; type=&#8221;full_width&#8221; angled_section=&#8221;no&#8221; text_align=&#8221;left&#8221; background_image_as_pattern=&#8221;without_pattern&#8221; z_index=&#8221;&#8221; background_color=&#8221;#f7f7f7&#8243;][vc_column][vc_empty_space height=&#8221;52px&#8221;][vc_column_text] Research on improving educational content and learning needs [\/vc_column_text][vc_empty_space height=&#8221;52px&#8221;][\/vc_column][\/vc_row][vc_row css_animation=&#8221;&#8221; row_type=&#8221;row&#8221; use_row_as_full_screen_section=&#8221;no&#8221; type=&#8221;grid&#8221; angled_section=&#8221;no&#8221; text_align=&#8221;left&#8221; background_image_as_pattern=&#8221;without_pattern&#8221; z_index=&#8221;&#8221;][vc_column][vc_empty_space][vc_empty_space][vc_column_text] Analysis of factors contributing to early dropout from the general education system, 2018\u20132019 [\/vc_column_text][vc_separator type=&#8221;small&#8221; position=&#8221;left&#8221;][vc_column_text]As&#8230;<\/p>\n","protected":false},"author":2,"featured_media":0,"parent":919,"menu_order":0,"comment_status":"closed","ping_status":"closed","template":"full_width.php","meta":{"footnotes":""},"class_list":["post-13728","page","type-page","status-publish","hentry"],"acf":[],"aioseo_notices":[],"_links":{"self":[{"href":"https:\/\/sdcentras.lt\/en\/wp-json\/wp\/v2\/pages\/13728","targetHints":{"allow":["GET"]}}],"collection":[{"href":"https:\/\/sdcentras.lt\/en\/wp-json\/wp\/v2\/pages"}],"about":[{"href":"https:\/\/sdcentras.lt\/en\/wp-json\/wp\/v2\/types\/page"}],"author":[{"embeddable":true,"href":"https:\/\/sdcentras.lt\/en\/wp-json\/wp\/v2\/users\/2"}],"replies":[{"embeddable":true,"href":"https:\/\/sdcentras.lt\/en\/wp-json\/wp\/v2\/comments?post=13728"}],"version-history":[{"count":2,"href":"https:\/\/sdcentras.lt\/en\/wp-json\/wp\/v2\/pages\/13728\/revisions"}],"predecessor-version":[{"id":13730,"href":"https:\/\/sdcentras.lt\/en\/wp-json\/wp\/v2\/pages\/13728\/revisions\/13730"}],"up":[{"embeddable":true,"href":"https:\/\/sdcentras.lt\/en\/wp-json\/wp\/v2\/pages\/919"}],"wp:attachment":[{"href":"https:\/\/sdcentras.lt\/en\/wp-json\/wp\/v2\/media?parent=13728"}],"curies":[{"name":"wp","href":"https:\/\/api.w.org\/{rel}","templated":true}]}}