{"id":13720,"date":"2026-02-05T20:12:31","date_gmt":"2026-02-05T18:12:31","guid":{"rendered":"https:\/\/sdcentras.lt\/reseach\/creativity-research\/"},"modified":"2026-02-05T20:23:36","modified_gmt":"2026-02-05T18:23:36","slug":"creativity-research","status":"publish","type":"page","link":"https:\/\/sdcentras.lt\/en\/reseach\/creativity-research\/","title":{"rendered":"Creativity research"},"content":{"rendered":"<p>[vc_row css_animation=&#8221;&#8221; row_type=&#8221;row&#8221; use_row_as_full_screen_section=&#8221;no&#8221; type=&#8221;grid&#8221; angled_section=&#8221;no&#8221; text_align=&#8221;left&#8221; background_image_as_pattern=&#8221;without_pattern&#8221; css=&#8221;.vc_custom_1539948682172{background-color: #f7f7f7 !important;}&#8221;][vc_column][vc_empty_space height=&#8221;52px&#8221;][vc_row_inner row_type=&#8221;row&#8221; type=&#8221;full_width&#8221; text_align=&#8221;left&#8221; css_animation=&#8221;&#8221;][vc_column_inner][vc_column_text]<\/p>\n<h1 style=\"text-align: center;\">Creativity research<\/h1>\n<p>[\/vc_column_text][\/vc_column_inner][\/vc_row_inner][vc_empty_space height=&#8221;52px&#8221;][\/vc_column][\/vc_row][vc_row css_animation=&#8221;&#8221; row_type=&#8221;row&#8221; use_row_as_full_screen_section=&#8221;no&#8221; type=&#8221;grid&#8221; angled_section=&#8221;no&#8221; text_align=&#8221;left&#8221; background_image_as_pattern=&#8221;without_pattern&#8221;][vc_column][vc_empty_space][vc_empty_space][vc_column_text]<\/p>\n<h3>Research on the development of students&#8217; creativity in Lithuanian (native) language lessons, 2011\u20132012<\/h3>\n<p>[\/vc_column_text][vc_separator type=&#8221;small&#8221; position=&#8221;left&#8221;][vc_empty_space][vc_column_text]<\/p>\n<p>The research was conducted by R\u016bta Girdzijauskien\u0117, Daiva Penkauskien\u0117, Laima Vinc\u0117 Sruoginis, Janina Bukantien\u0117, Lina Grinyt\u0117, Asta Matonyt\u0117, and Raimonda Jarien\u0117.<\/p>\n<p>The 2011\u20132013 Structural Funds project &#8220;Developing Creativity: Research and Methodology&#8221; is linked to the development of opportunities for fostering creativity and creative thinking in the teaching of the native language in Lithuanian general education schools. When developing the methodology for fostering creativity and creative thinking in native language lessons, a comprehensive study of the situation was conducted, which helped to highlight the shortcomings in creativity education and identify opportunities for improvement. Six studies were conducted in the five schools participating in the project:<\/p>\n<p>1. Study of an environment conducive to creative thinking (written survey \u2013 101 respondents).<\/p>\n<p>2. Analysis of native language education programs and teaching aids (Analysis of the main sets of teaching aids \u2013 textbooks, teacher&#8217;s books, exercise books \u2013 used in all schools participating in the project when teaching the native language in grades 4, 8, and 11. The latest editions of teaching aids were evaluated. A total of 40 items were analyzed).<\/p>\n<p>3. Study of creativity and creative thinking education in native language lessons (67 lessons in 34 classes were observed).<\/p>\n<p>4. Study of teachers&#8217; attitudes towards the development of creativity in native language lessons (written survey \u2013 30 respondents).<\/p>\n<p>5. Study of students&#8217; attitudes towards the development of creativity in native language lessons (questionnaire \u2013 385 respondents).<\/p>\n<p>6. Analysis of students&#8217; creative tasks (513 creative tasks completed by students from schools participating in the project were analyzed).<\/p>\n<p>These studies highlighted problems related to creativity education in schools: teachers&#8217; competence in developing students&#8217; creativity is most often acquired in a non-systematic, random manner, through personal initiatives or work experience, lessons lack exploration and interpretation activities, language teaching (especially grammar) is rarely linked to creativity, and as students get older, the frequency of using creativity-building methods decreases, etc. Based on the conclusions of the above-mentioned studies and theoretical insights, a competent project research team (Janina Bukantien\u0117, R\u016bta Girdzijauskien\u0117, Raimonda Jarien\u0117, Daiva Penkauskien\u0117, Laima Vinc\u0117 Sruoginis) prepared the publications &#8220;Methodology for Fostering Student Creativity in Lithuanian (Native) Language Lessons&#8221; and &#8220;Teaching Materials for Fostering Student Creativity in Native Language Lessons.&#8221;<\/p>\n<p><a href=\"https:\/\/sdcentras.lt\/wp-content\/uploads\/Creativity-research-report-2012.pdf\" target=\"_blank\" rel=\"noopener\">Research report<\/a> [\/vc_column_text][vc_empty_space][vc_empty_space][\/vc_column][\/vc_row]<\/p>\n","protected":false},"excerpt":{"rendered":"<p>[vc_row css_animation=&#8221;&#8221; row_type=&#8221;row&#8221; use_row_as_full_screen_section=&#8221;no&#8221; type=&#8221;grid&#8221; angled_section=&#8221;no&#8221; text_align=&#8221;left&#8221; background_image_as_pattern=&#8221;without_pattern&#8221; css=&#8221;.vc_custom_1539948682172{background-color: #f7f7f7 !important;}&#8221;][vc_column][vc_empty_space height=&#8221;52px&#8221;][vc_row_inner row_type=&#8221;row&#8221; type=&#8221;full_width&#8221; text_align=&#8221;left&#8221; css_animation=&#8221;&#8221;][vc_column_inner][vc_column_text] Creativity research [\/vc_column_text][\/vc_column_inner][\/vc_row_inner][vc_empty_space height=&#8221;52px&#8221;][\/vc_column][\/vc_row][vc_row css_animation=&#8221;&#8221; row_type=&#8221;row&#8221; use_row_as_full_screen_section=&#8221;no&#8221; type=&#8221;grid&#8221; angled_section=&#8221;no&#8221; text_align=&#8221;left&#8221; background_image_as_pattern=&#8221;without_pattern&#8221;][vc_column][vc_empty_space][vc_empty_space][vc_column_text] Research on the development of students&#8217; creativity in Lithuanian (native) language lessons, 2011\u20132012 [\/vc_column_text][vc_separator type=&#8221;small&#8221; position=&#8221;left&#8221;][vc_empty_space][vc_column_text] The research&#8230;<\/p>\n","protected":false},"author":2,"featured_media":0,"parent":919,"menu_order":0,"comment_status":"closed","ping_status":"closed","template":"full_width.php","meta":{"footnotes":""},"class_list":["post-13720","page","type-page","status-publish","hentry"],"acf":[],"aioseo_notices":[],"_links":{"self":[{"href":"https:\/\/sdcentras.lt\/en\/wp-json\/wp\/v2\/pages\/13720","targetHints":{"allow":["GET"]}}],"collection":[{"href":"https:\/\/sdcentras.lt\/en\/wp-json\/wp\/v2\/pages"}],"about":[{"href":"https:\/\/sdcentras.lt\/en\/wp-json\/wp\/v2\/types\/page"}],"author":[{"embeddable":true,"href":"https:\/\/sdcentras.lt\/en\/wp-json\/wp\/v2\/users\/2"}],"replies":[{"embeddable":true,"href":"https:\/\/sdcentras.lt\/en\/wp-json\/wp\/v2\/comments?post=13720"}],"version-history":[{"count":2,"href":"https:\/\/sdcentras.lt\/en\/wp-json\/wp\/v2\/pages\/13720\/revisions"}],"predecessor-version":[{"id":13724,"href":"https:\/\/sdcentras.lt\/en\/wp-json\/wp\/v2\/pages\/13720\/revisions\/13724"}],"up":[{"embeddable":true,"href":"https:\/\/sdcentras.lt\/en\/wp-json\/wp\/v2\/pages\/919"}],"wp:attachment":[{"href":"https:\/\/sdcentras.lt\/en\/wp-json\/wp\/v2\/media?parent=13720"}],"curies":[{"name":"wp","href":"https:\/\/api.w.org\/{rel}","templated":true}]}}