{"id":13512,"date":"2026-01-08T12:08:37","date_gmt":"2026-01-08T10:08:37","guid":{"rendered":"https:\/\/sdcentras.lt\/2024-annual-report\/"},"modified":"2026-01-12T12:05:04","modified_gmt":"2026-01-12T10:05:04","slug":"2024-annual-report","status":"publish","type":"page","link":"https:\/\/sdcentras.lt\/en\/2024-annual-report\/","title":{"rendered":"2024 annual report"},"content":{"rendered":"<p>[vc_row css_animation=&#8221;&#8221; row_type=&#8221;row&#8221; use_row_as_full_screen_section=&#8221;yes&#8221; type=&#8221;grid&#8221; angled_section=&#8221;no&#8221; text_align=&#8221;left&#8221; background_image_as_pattern=&#8221;without_pattern&#8221; background_color=&#8221;#f7f7f7&#8243; z_index=&#8221;&#8221;][vc_column][vc_empty_space][vc_empty_space][vc_row_inner row_type=&#8221;row&#8221; type=&#8221;grid&#8221; text_align=&#8221;left&#8221; css_animation=&#8221;&#8221;][vc_column_inner][vc_column_text]<\/p>\n<h1 style=\"text-align: center;\">2024 annual report<\/h1>\n<p>[\/vc_column_text][vc_column_text][\/vc_column_text][\/vc_column_inner][\/vc_row_inner][vc_empty_space][vc_column_text]Modern Didactics Centre is non-profit, non-governmental organization for continuing adult education and in-service training. Modern Didactics Centre was established in 1999 as inter-university centre by an initiative of Vilnius Pedagogical University and the Open Society Fund-Lithuania.[\/vc_column_text][vc_empty_space][\/vc_column][\/vc_row][vc_row css_animation=&#8221;&#8221; row_type=&#8221;row&#8221; use_row_as_full_screen_section=&#8221;no&#8221; type=&#8221;full_width&#8221; angled_section=&#8221;no&#8221; text_align=&#8221;left&#8221; background_image_as_pattern=&#8221;without_pattern&#8221;][vc_column][vc_empty_space][\/vc_column][\/vc_row][vc_row css_animation=&#8221;&#8221; row_type=&#8221;row&#8221; use_row_as_full_screen_section=&#8221;yes&#8221; type=&#8221;grid&#8221; angled_section=&#8221;no&#8221; text_align=&#8221;left&#8221; background_image_as_pattern=&#8221;without_pattern&#8221;][vc_column][vc_empty_space][vc_column_text]<\/p>\n<h3>Mission, aims and objectives<\/h3>\n<p>[\/vc_column_text][vc_column_text]Our mission \u2013 to initiate and implement strategic educational development projects and programs that contribute to the improvement of quality in education, by continuously monitoring, researching, and analysing the overall situation in education, taking into account the needs and opportunities of Lithuanian educational institutions and adult learners.<\/p>\n<p>&nbsp;<\/p>\n<p>Aims:<\/p>\n<ul>\n<li>To foster educators&#8217; desire and ability to continuously improve their professional activities and actively participate in Lithuanian educational change.<\/li>\n<li>Contribute to the implementation of the provisions of the Lifelong Learning Memorandum by working with various adult groups.<\/li>\n<li>Contribute to the implementation of sustainable development goals by providing consulting and expert assistance to partner countries, educating and informing the public about development and sustainable development processes.<\/li>\n<\/ul>\n<p>&nbsp;<\/p>\n<p>Objectives:<\/p>\n<ul>\n<li>To initiate and implement innovative educational projects.<\/li>\n<li>To provide professional development for teachers and other adult groups.<\/li>\n<li>To consult teachers, schools, municipalities, state, non-governmental, and business organizations on educational issues in Lithuania and other countries.<\/li>\n<li>To provide expert services by conducting research, preparing strategic educational documents and models, and participating in expert groups.<\/li>\n<li>To disseminate best practices by participating in and organizing national and international conferences, seminars, discussions, study visits, and by preparing and publishing methodological teaching materials.<\/li>\n<\/ul>\n<p>[\/vc_column_text][vc_empty_space][vc_column_text]<\/p>\n<h3>IMPLEMENTED ACTIVITIES<\/h3>\n<p>[\/vc_column_text][vc_empty_space][vc_column_text]<\/p>\n<h6>PROJECTS<\/h6>\n<p>[\/vc_column_text][vc_separator type=&#8221;normal&#8221;][vc_column_text]<strong>COMPASS \u2013 In support of students\u2018 competence assessment<\/strong><\/p>\n<p>No. 2023-1-LT01-KA220-SCH-000156521<\/p>\n<p>Dutarion: 4 September 2023\u20133 November 2025<\/p>\n<p>Co-funder: EU Erasmus+ program<\/p>\n<p>Coordinator: Modern Didactics Centre (LT)<\/p>\n<p>Partners: Centre for School Improvement (LT), The Romanian Reading and Writing for Critical Thinking Association (RO), INNOLINE Oy (FI)<\/p>\n<p>&nbsp;<\/p>\n<p>The project aims to support teachers, school leaders and other pedagogical staff in development and assessment of students&#8217; competences, for the progress and success of all and each single student, and promote an inclusive approach to education. This is to be achieved by developing and testing a universal competency assessment model at classroom\/subject and all school levels.<\/p>\n<p>&nbsp;<\/p>\n<ul>\n<li>In 2024, the first intellectual products were prepared \u2013 Compendium of scientific literature on competence development and assessment and Brief review of competence development and assessment policies and practices in general education. Cases of Finland, Lithuania and Romania. Work began on developing a model for competence development and assessment.<\/li>\n<li>On September 5\u20137, 2024, a 64-hour training course for project mentors began in Cluj-Napoca (Romania). Experienced educators from Lithuania, Finland, and Romania met to share best practices in competence development and assessment and to prepare to involve and assist teachers in their countries in applying the COMPASS Model for developing and assessing general competences. The training will continue remotely until March 2025.<\/li>\n<li>After preparing the mentor training program and materials, national mentor training began in April 2024, during which the competence assessment Model is being piloted in five Lithuanian schools: Vilnius Antakalnis Progymnasium, Kaunas J. Dobkevi\u010dius Progymnasium, Kaunas Panemun\u0117 Primary School, Prienai District Stakli\u0161k\u0117s Gymnasium, and the community school \u201eT\u0117km\u0117\u201c.<\/li>\n<\/ul>\n<p>&nbsp;<\/p>\n<p><strong>MIND \u2013 Critical theory in adult education practice: Empowerment for critical actions<\/strong><\/p>\n<p>No. 2023-1-LT01-KA220-ADU-000153426<\/p>\n<p>Duration: 31 December 2023\u201330 December 2025<\/p>\n<p>Co-funder: EU Erasmus+ program<\/p>\n<p>Coordinator: Lithuanian Association of Adult Education (LT)<\/p>\n<p>Partners: Modern Didactics Centre (LT), Education Development Center (LT), Latvian Adult Education Association (LT), Adult Education Institute DANTE (HR), Public Open School LIBAR (HR), Bucharest University of Economics Studies (RO), Association EGOMUNDI (RO)<\/p>\n<p>&nbsp;<\/p>\n<p>The project aims to fill in the gap and to foster critical thinking approach in non-formal adult education by strengthening professional capacities of adult educators and empowering diverse groups of learners to apply and cultivate critical thinking in various spheres of personal, community, professional and social life. This will be done by consolidating scientific knowledge and good practice, through partner organizations active in the fields of adult education, general education and higher education.<\/p>\n<p>&nbsp;<\/p>\n<ul>\n<li>The first meeting of the project partners took place in Vilnius on January 23\u201324, 2024.<\/li>\n<li>An analysis of scientific articles on critical thinking education in non-formal adult education was conducted.<\/li>\n<li>A qualitative study (interviews with education experts) on the importance of critical thinking in adult life and education was conducted.<\/li>\n<li>Based on the information obtained, a universal MIND Model was developed for teachers, lecturers, and program developers who want to develop and improve the critical thinking skills of learners.<\/li>\n<li>A critical thinking training program and a set of methodological tools were developed for adult educators working in the field of non-formal education.<\/li>\n<li>On November 4\u20136, 2024, an international 35-hour training course on the application of the program was held in Rijeka (Croatia) for adult educators.<\/li>\n<li>On November 18, 2024, during the adult learning week \u201eSurprise Yourself with Thinking&#8221;, the Modern Didactics Centre, together with the Lithuanian Adult Education Association, conducted a online seminar \u201eHow Much Critical Thinking Do I Have?&#8221; during which they presented the MIND project and the relevance of critical thinking in adult education policy (100 participants).<\/li>\n<\/ul>\n<p>&nbsp;<\/p>\n<p><strong>EcoSocialAgency \u2013 Adult educators supporting eco-social agency<\/strong><\/p>\n<p>No. 2023-2-FI01-KA210-ADU-000179217<\/p>\n<p>Duration: 1 February 2024\u201331 January 2025<\/p>\n<p>Co-funder: EU Erasmus+ program<\/p>\n<p>Coordinator: KSL Study Centre (FI)<\/p>\n<p>Partners: Modern Didactics Centre (LT), S\u00edmenntun Lifelong Learning Center (IS)<\/p>\n<p>&nbsp;<\/p>\n<p>The project aims to improve the competence of educators and other adult education staff in eco-social sustainability and education.<\/p>\n<p>&nbsp;<\/p>\n<ul>\n<li>On February 29\u2013March 1, 2024, a partner meeting was held in Helsinki (Finland), during which the conceptual understanding of eco-social sustainability and education, key terms, and project objectives were defined.<\/li>\n<li>In order to find out how best to integrate the themes of ecological and social sustainability into adult education and to understand the needs and challenges of adult educators and learners, a survey (interviews with adult educators) and focus group discussions with adult learners were conducted in April\u2013May 2024.<\/li>\n<li>On May 27-28, 2024, a partner meeting was held in Borgarnes (Iceland), during which the partners summarized the results of the study and, based on them, prepared a training program for adult educators on eco-social sustainability.<\/li>\n<li>On November 21, 2024, a national workshop for adult educators on \u201eEco-Social Action and Critical Thinking&#8221; was organized (12 participants).<\/li>\n<li>On November 25-26, 2024, the project partners met in Vilnius and summarized the results of the national training sessions: the practical seminars held in the three countries were successfully implemented and broadened the participants&#8217; understanding of eco-social sustainability, while highlighting its complexity. Adult educators gained ideas on how to promote sustainable practices in their professional and personal lives. The workshops also revealed that addressing the complex challenges of sustainability in adult education requires continuous learning, collaboration, and openness to innovation.<\/li>\n<\/ul>\n<p>[\/vc_column_text][vc_empty_space][vc_column_text]<\/p>\n<h6>PROFESSIONAL DEVELOPMENT<\/h6>\n<p>[\/vc_column_text][vc_separator type=&#8221;normal&#8221;][vc_column_text]Since 2008, the Modern Didactics Centre has been an accredited adult education centre. Accreditation certificate No. IVP-12 (Order No. V-1686 of the Minister of Education and Science of the Republic of Lithuania, November 4, 2020).<\/p>\n<p>&nbsp;<\/p>\n<p>In 2024, the Modern Didactics Centre organized training courses on pedagogy, psychology, educational leadership, critical thinking, reading motivation and skills promotion, inclusive education, national security, career education, and digital skills improvement.<\/p>\n<p>&nbsp;<\/p>\n<p>13 different professional development programs were implemented. A total of 17 professional development events were held, attended by 1,028 participants.<\/p>\n<p>&nbsp;<\/p>\n<ul>\n<li>A 180-hour pedagogical-psychological knowledge course was implemented for individuals preparing to work and working as vocational teachers, non-formal children&#8217;s education teachers, career counselors, and those without pedagogical qualifications.<\/li>\n<li>In 2024, Modern Didactics Centre participated in the Lithuanian Millennium Schools Program and implemented the following programs: \u201cSpotiself: Career Education Program&#8221; (40 academic hours), \u201cReading and Writing for Critical Thinking&#8221; (40 academic hours), \u201cMethods for Promoting Reading Motivation and Skills and their Application in the Education Process (40 academic hours).<\/li>\n<li>Under the agreement with the National Education Agency, 56 academic hours of training were organized in accordance with the national program &#8220;National Security and Defence. Strengthening Civic Attitudes in Education&#8221;.<\/li>\n<li>On November 4\u20136, 2024, an international 35-hour training course for adult educators entitled &#8220;Critical Thinking in Non-Formal Education&#8221; was held in Rijeka, Croatia.<\/li>\n<li>A critical thinking training program and a set of methodological tools were developed for adult educators working in the field of non-formal education.<\/li>\n<\/ul>\n<p>[\/vc_column_text][vc_empty_space][vc_column_text]<\/p>\n<h6>EXPERTISE, RESEARCH ACTIVITIES<\/h6>\n<p>[\/vc_column_text][vc_separator type=&#8221;normal&#8221;][vc_column_text]<strong>Prototypes for distance, blended, and hybrid learning<\/strong><\/p>\n<p>Under an agreement with the National Education Agency, as part of the project \u201eDigital Education Transformation (EdTech)&#8221;, a group of experts brought together by the Modern Didactics Centre and the Centre for School Improvement prepared and participated in the digitization of prototypes for distance, blended, and hybrid education. A digital tool for planning distance, blended, and hybrid teaching (and learning) activities, Plan@, was developed. It provides a didactic rationale for the prototypes, recommendations and methodological material for teachers, teaching material for students, and examples of educational activities for distance, blended, and hybrid learning.<\/p>\n<p>&nbsp;<\/p>\n<p><strong>MIND model<\/strong><\/p>\n<p>A universal MIND model, \u201eModeling Critical Thinking Education in Non-Formal Adult Education&#8221;, has been developed for teachers, lecturers, and program developers who want to develop and improve the critical thinking skills of learners.<\/p>\n<p>&nbsp;<\/p>\n<p><strong>EURYDICE international education information network<\/strong><\/p>\n<p>Under a contract with the National Education Agency, experts from the Modern Didactics Centre updated the information about the Lithuanian education system published on the website of the European Commission&#8217;s Erasmus+ education information network EURYDICE in 2024 and provided data for the EURYDICE publication on academic staff in higher education.<\/p>\n<p>&nbsp;<\/p>\n<p><strong>Surveys<\/strong><\/p>\n<ul>\n<li>Survey of adult educators and learners, \u201eThe Situation and Opportunities for Eco-Social Education&#8221;, to find out how eco-social sustainability topics can best be integrated into adult education.<\/li>\n<li>Analysis of the development and assessment of student competencies in Lithuanian general education schools: how competency-enriched educational content was created, what student competencies are sought to be developed, and what challenges are encountered in the practice of competency development and assessment.<\/li>\n<li>Analysis of scientific literature on competence development and assessment.<\/li>\n<li>Analysis of scientific articles on critical thinking development in non-formal adult education at the international and national levels.<\/li>\n<li>Qualitative research (interviews with education experts) on the importance of critical thinking in adult life and education.<\/li>\n<\/ul>\n<p>&nbsp;<\/p>\n<p><strong>Consultations<\/strong><\/p>\n<p>Consultations provided on new educational initiatives, project and program development, cooperation between the education and private sector, and other issues. [\/vc_column_text][vc_empty_space][vc_column_text]<\/p>\n<h6>DISSEMINATION OF GOOD PRACTICES<\/h6>\n<p>[\/vc_column_text][vc_separator type=&#8221;normal&#8221;][vc_column_text]<strong>Good practice seminars<\/strong><\/p>\n<ul>\n<li>On October 16, 2024, a seminar organized by the National Education Agency presented the theoretical part and practical examples of prototypes of remote, blended, and hybrid teaching (learning) lessons (activities) prepared by experts from the Modern Didactics Centre and the Centre for School Improvement.<\/li>\n<li>On November 18, 2024, during the adult learning week \u201eSurprise Yourself with Thinking&#8221;, the Modern Didactics Centre, together with the Lithuanian Adult Education Association, conducted a online seminar \u201eHow Much Critical Thinking Do I Have?&#8221; during which they presented the MIND project and the relevance of critical thinking in adult education policy.<\/li>\n<li>On November 21, 2024, a seminar on the dissemination of good practices from the project \u201eEcoSocialAgency \u2013 Adult Educators&#8217; Support for Eco-Social Action&#8221; was organized for adult educators, entitled \u201eEco-Social Action and Critical Thinking&#8221;.<\/li>\n<\/ul>\n<p>&nbsp;<\/p>\n<p><strong>Presentations at international conferences and national events<\/strong><\/p>\n<ul>\n<li>February 8, 2024. Presentation by Modern Didactics Centre&#8217;s expert Judita Kasperi\u016bnien\u0117 about distance, blended, and hybrid teaching (learning) lesson (activity) prototypes at the international conference on educational innovation and digital education transformation \u201eEdTech Week Lithuania 2024&#8243;, organized by EdTech Lithuania, the EdTech Center of the National Education Agency, and Kaunas University of Technology.<\/li>\n<li>June 25, 2024. Presentation by Daiva Penkauskien\u0117 and Virgita Vali\u016bnait\u0117 \u201eThe Importance and Relevance of Eco-Social Issues in Adult Education&#8221; at the 4th annual summit of the European Reform Universities Alliance (ERUA) held at Mykolas Romeris University.<\/li>\n<li>June 27, 2024. Plenary presentation by Daiva Penkauskien\u0117 \u201eConcept and Context of Critical Thinking in Higher Education&#8221; at the international conference \u201eNurturing Critical Minds: Interdisciplinary Perspectives in Education and the Workforce&#8221;, organized by Vilnius University and the University of Western Macedonia (Greece).<\/li>\n<li>August 28, 2024. Presentation by Daiva Penkauskien\u0117 and Egl\u0117 Pranck\u016bnien\u0117 \u201eRepresentation of Individual and Collective Agency in the Life Narratives of Educational Reformers: the Case of Lithuania&#8221; at the European Educational Research Association (EERA) conference \u201eEducation in an Age of Uncertainty: Memory and Hope for the Future&#8221;, Nicosia (Cyprus).<\/li>\n<li>September 24, 2024. Presentation by Daiva Penkauskien\u0117 and Egl\u0117 Pranck\u016bnien\u0117 \u201eState, Ideology, and School Policy&#8221; at the international scientific-practical conference \u201eOvercoming Authoritarian Patterns in School Education: Pedagogical Attitudes, Communicative Practices, Emotional Regimes&#8221;, held in Vilnius, at the European Humanities University.<\/li>\n<li>October 23, 2024. Presentation by Virgita Vali\u016bnait\u0117 \u201e5 Practical Tips for Implementing Erasmus+ KA220 Cooperation Partnership Projects&#8221; at the Education Exchange Support Fund KA220 project event.<\/li>\n<\/ul>\n<p>[\/vc_column_text][vc_empty_space][vc_column_text]<\/p>\n<h6>PUBLICATIONS<\/h6>\n<p>[\/vc_column_text][vc_separator type=&#8221;normal&#8221;][vc_column_text]Modern Didactics Centre experts participated in the preparation, translation, and editing of the following publications:<\/p>\n<ul>\n<li>Girdzijauskien\u0117, R., Nilivaara, P., Penkauskien\u0117, D. (2024). <em>Compendium of scientific literature on competence development and assessment<\/em>. COMPASS project.<\/li>\n<li>Pranck\u016bnien\u0117, E., Nilivaara, P., Vacaretu, A., Kovacs, M. (2024). <em>Brief review of competence development and assessment policies and practices in general education. Cases of Finland, Lithuania and Romania. <\/em>COMPASS project.<\/li>\n<li>Penkauskien\u0117, D., Katana, P., Marjanu\u0161i\u0107, A., Verse, I., Kalni\u0146a, S., Mih\u0103il\u0103, R., ir St\u0103iculescu, C. (2024). <em>Compendium of scientific ideas. Critical thinking in non-formal adult education.<\/em> MIND project.<\/li>\n<li>B\u0117k\u0161ta, A., Luko\u0161\u016bnien\u0117, V., Pilate, S., Mura\u0161kovska, I., Pascu, G., Dumitru, D., \u010cop, S., ir Rosandi\u0107, I. (2024). <em>Executive report. Critical thinking in non-formal adult education programs and documents.<\/em> MIND project.<\/li>\n<li>B\u0117k\u0161ta, A., Luko\u0161\u016bnien\u0117, V., Penkauskien\u0117, D., Vali\u016bnait\u0117, V., Kalni\u0146a, S., V\u0113rse, I., P\u012bl\u0101te, S., Mura\u0161kovska, I., Dumitru, D., Richiteanu-Nastase, R., Pascu, G., Stancu, E., Katana, P., Marjanu\u0161i\u0107, A., Martinovi\u0107, J., ir Rosandi\u0107, I. (2024). <em>The MIND Model. Model framework for the development of critical thinking in non-formal adult education.<\/em> MIND ptoject.<\/li>\n<li><em>Plan@. Prototypes for distance, blended, and hybrid learning. <\/em>(2004). [Digital learning tool]. The National Agency for Education.<\/li>\n<\/ul>\n<p>[\/vc_column_text][vc_empty_space][vc_column_text]<\/p>\n<h3>COOPERATION<\/h3>\n<p>[\/vc_column_text][vc_column_text]In implementing joint activities in 2024, we cooperated with the \u201eDiemedis\u201c school, Vilnius University, Mykolas Romeris University, Centre for School Improvement, company \u201eKarjeros kelias&#8221;, company \u201eWedev.lt\u201c, the Lithuanian Adult Education Association, the Lithuanian Scout Association, non-formal education institutions, general education schools, and institutions engaged in the improvement of teacher qualifications. [\/vc_column_text][vc_empty_space][vc_column_text]<\/p>\n<h3>MEMBERSHIP<\/h3>\n<p>[\/vc_column_text][vc_column_text]The Modern Didactics centre is a collective member of the following organizations:<\/p>\n<ul>\n<li>Lithuanian Adult Education Association<\/li>\n<li>Lithuanian Development Education and Awareness Raising Network (LITDEA)<\/li>\n<li>Lithuanian Association of Education Centers Employees<\/li>\n<li>Reading and Writing for Critical Thinking International Consortium (RWCT IC)<\/li>\n<\/ul>\n<p>&nbsp;<\/p>\n<p>Daiva Penkauskien\u0117, director of the Modern Didactics Centre, represents the Centre in the following organizations:<\/p>\n<ul>\n<li>Lithuanian Educational Research Association (LETA)<\/li>\n<li>Reading and Cultural Literacy Association<\/li>\n<li>International Literacy Association (ILA)<\/li>\n<\/ul>\n<p>[\/vc_column_text][vc_empty_space][vc_column_text]<\/p>\n<h3>FINANCING<\/h3>\n<p>[\/vc_column_text][vc_column_text]The Modern Didactics Centre is not funded by the state budget.<\/p>\n<p>In 2024, 78% of its income came from training, consulting, and expert services, and 22% from EU support for project implementation. [\/vc_column_text][vc_empty_space][vc_empty_space][\/vc_column][\/vc_row]<\/p>\n","protected":false},"excerpt":{"rendered":"<p>[vc_row css_animation=&#8221;&#8221; row_type=&#8221;row&#8221; use_row_as_full_screen_section=&#8221;yes&#8221; type=&#8221;grid&#8221; angled_section=&#8221;no&#8221; text_align=&#8221;left&#8221; background_image_as_pattern=&#8221;without_pattern&#8221; background_color=&#8221;#f7f7f7&#8243; z_index=&#8221;&#8221;][vc_column][vc_empty_space][vc_empty_space][vc_row_inner row_type=&#8221;row&#8221; type=&#8221;grid&#8221; text_align=&#8221;left&#8221; css_animation=&#8221;&#8221;][vc_column_inner][vc_column_text] 2024 annual report [\/vc_column_text][vc_column_text][\/vc_column_text][\/vc_column_inner][\/vc_row_inner][vc_empty_space][vc_column_text]Modern Didactics Centre is non-profit, non-governmental organization for continuing adult education and in-service training. Modern Didactics Centre was established in 1999 as inter-university centre by an initiative of&#8230;<\/p>\n","protected":false},"author":2,"featured_media":0,"parent":0,"menu_order":0,"comment_status":"closed","ping_status":"closed","template":"full_width.php","meta":{"footnotes":""},"class_list":["post-13512","page","type-page","status-publish","hentry"],"acf":[],"aioseo_notices":[],"_links":{"self":[{"href":"https:\/\/sdcentras.lt\/en\/wp-json\/wp\/v2\/pages\/13512","targetHints":{"allow":["GET"]}}],"collection":[{"href":"https:\/\/sdcentras.lt\/en\/wp-json\/wp\/v2\/pages"}],"about":[{"href":"https:\/\/sdcentras.lt\/en\/wp-json\/wp\/v2\/types\/page"}],"author":[{"embeddable":true,"href":"https:\/\/sdcentras.lt\/en\/wp-json\/wp\/v2\/users\/2"}],"replies":[{"embeddable":true,"href":"https:\/\/sdcentras.lt\/en\/wp-json\/wp\/v2\/comments?post=13512"}],"version-history":[{"count":9,"href":"https:\/\/sdcentras.lt\/en\/wp-json\/wp\/v2\/pages\/13512\/revisions"}],"predecessor-version":[{"id":13539,"href":"https:\/\/sdcentras.lt\/en\/wp-json\/wp\/v2\/pages\/13512\/revisions\/13539"}],"wp:attachment":[{"href":"https:\/\/sdcentras.lt\/en\/wp-json\/wp\/v2\/media?parent=13512"}],"curies":[{"name":"wp","href":"https:\/\/api.w.org\/{rel}","templated":true}]}}