{"id":13381,"date":"2025-11-27T22:21:22","date_gmt":"2025-11-27T20:21:22","guid":{"rendered":"https:\/\/sdcentras.lt\/projects\/visual-thinking-4-education\/"},"modified":"2026-03-03T09:41:17","modified_gmt":"2026-03-03T07:41:17","slug":"visual-thinking-4-education","status":"publish","type":"page","link":"https:\/\/sdcentras.lt\/en\/projects\/visual-thinking-4-education\/","title":{"rendered":"Visual Thinking 4 Education"},"content":{"rendered":"<p>[vc_row css_animation=&#8221;&#8221; row_type=&#8221;row&#8221; use_row_as_full_screen_section=&#8221;yes&#8221; type=&#8221;full_width&#8221; angled_section=&#8221;no&#8221; text_align=&#8221;left&#8221; background_image_as_pattern=&#8221;without_pattern&#8221; z_index=&#8221;&#8221;][vc_column][vc_empty_space][vc_empty_space][vc_empty_space][vc_column_text]<\/p>\n<h2 style=\"text-align: center;\">Visual Thinking 4 Education<\/h2>\n<p>[\/vc_column_text][vc_empty_space][vc_empty_space][\/vc_column][\/vc_row][vc_row css_animation=&#8221;&#8221; row_type=&#8221;row&#8221; use_row_as_full_screen_section=&#8221;yes&#8221; type=&#8221;grid&#8221; angled_section=&#8221;no&#8221; text_align=&#8221;left&#8221; background_image_as_pattern=&#8221;without_pattern&#8221; z_index=&#8221;&#8221; background_color=&#8221;#f7f7f7&#8243;][vc_column width=&#8221;1\/2&#8243;][vc_empty_space][vc_empty_space][vc_column_text]<\/p>\n<p><strong>Project No.<\/strong> 2024-1-IT01-KA210-VET-000243700<\/p>\n<p><strong>Project duration:<\/strong> 1 December 2024 \u201331 May 2026<\/p>\n<p><strong>Project co-funder:<\/strong> EU program Erasmus+<\/p>\n<p><strong>Project coordinator: <\/strong><a href=\"http:\/\/www.lachiavedisophia.com\/\">La Chiave di Sofia (Italy)<\/a><\/p>\n<p><strong>Project partners:<\/strong><\/p>\n<p>\u0160iuolaikini\u0173 didaktik\u0173 centras (Lithuania)<\/p>\n<p>Health Growth (Bulgaria)<\/p>\n<p><a href=\"https:\/\/artmadeira.org\/\">Arte M Associacao Cultural e Artistica na Madeira (Portugal)<\/a><\/p>\n<p>[\/vc_column_text][vc_single_image image=&#8221;13356&#8243; qode_css_animation=&#8221;&#8221;][\/vc_column][vc_column width=&#8221;1\/2&#8243;][vc_empty_space][vc_empty_space][vc_single_image image=&#8221;13350&#8243; img_size=&#8221;large&#8221; qode_css_animation=&#8221;&#8221;][vc_column_text]<\/p>\n<p style=\"text-align: right;\">Project team<\/p>\n<p>[\/vc_column_text][vc_empty_space][\/vc_column][\/vc_row][vc_row css_animation=&#8221;&#8221; row_type=&#8221;row&#8221; use_row_as_full_screen_section=&#8221;yes&#8221; type=&#8221;grid&#8221; angled_section=&#8221;no&#8221; text_align=&#8221;left&#8221; background_image_as_pattern=&#8221;without_pattern&#8221;][vc_column][vc_empty_space][vc_column_text]<\/p>\n<h6>PROJECT RELEVANCE<\/h6>\n<p>[\/vc_column_text][vc_separator type=&#8221;normal&#8221;][vc_column_text]<\/p>\n<p>In today\u2019s professional field, a creative methodology that integrates artistic and philosophical concepts to enhance problem-solving and communication is highly relevant:<\/p>\n<ul>\n<li>The job market demands professionals with innovative problem-solving skills.<\/li>\n<li>Trainers in the arts, philosophy and communication need structured Visual Thinking resources.<\/li>\n<li>The project provides new methodologies for effective and engaging education.[\/vc_column_text][vc_empty_space][vc_column_text]<\/li>\n<\/ul>\n<h6>PROJECT AIM<\/h6>\n<p>[\/vc_column_text][vc_separator type=&#8221;normal&#8221;][vc_column_text]<\/p>\n<p>The project aims to promote the acquisition of Visual Thinking skills for trainers in artistic, philosophical, and communication sectors.<\/p>\n<p>[\/vc_column_text][vc_empty_space][vc_column_text]<\/p>\n<h6>PROJECT OBJECTIVES<\/h6>\n<p>[\/vc_column_text][vc_separator type=&#8221;normal&#8221;][vc_column_text]<\/p>\n<ol>\n<li>Developing digital educational resources to enhance trainers&#8217; Visual Thinking skills.<\/li>\n<li>Establishing a network of expert Visual Thinking trainers to act as mentors and agents of change.<\/li>\n<li>Fostering the practical application of visual thinking skills through sessions for trainers and interested learners.<\/li>\n<\/ol>\n<p>[\/vc_column_text][vc_empty_space][vc_column_text]<\/p>\n<h6>PROJECT TARGET GROUPS<\/h6>\n<p>[\/vc_column_text][vc_separator type=&#8221;normal&#8221;][vc_column_text]Direct target groups:<\/p>\n<ul>\n<li>Trainers in arts, philosophy, and communication that are going to acquire Visual Thinking skills to improve their training methodologies.<\/li>\n<li>Learners (20\u201334 years) in arts, philosophy, and communication that are going to improve employability through innovative skills.<\/li>\n<\/ul>\n<p>&nbsp;<\/p>\n<p>Indirect target groups:<\/p>\n<ul>\n<li>Training organizations (profit &amp; non-profit) that are going to enhance attractiveness and adaptation of training courses to market demands.<\/li>\n<li>Humanities professionals in business that are going to gain Visual Thinking competencies for business strategy and development.<\/li>\n<li>Businesses &amp; Enterprises that are going to access to professionals with innovative problem-solving skills.<\/li>\n<\/ul>\n<p>[\/vc_column_text][vc_empty_space][vc_column_text]<\/p>\n<h6>PROJECT ACTIVITIES<\/h6>\n<p>[\/vc_column_text][vc_separator type=&#8221;normal&#8221;][vc_column_text]<strong>1. Online training course on Visual Thinking &#8220;Philosophy in Art as a Learning Tool \u2013 Visual Thinking Strategies&#8221;<\/strong><\/p>\n<p>Development of 4-Module training course. Key topics covered include:<\/p>\n<ul>\n<li>The role of philosophy in everyday life and art.<\/li>\n<li>Art as a tool to understand Visual Thinking.<\/li>\n<li>Methods and strategies for Visual Thinking.<\/li>\n<li>Visual Thinking in skills development and problem-solving.<\/li>\n<\/ul>\n<p>&nbsp;<\/p>\n<p><strong>2. Local workshops for practical Visual Thinking application<\/strong><\/p>\n<ul>\n<li>Workshop 1: Introduction to Visual Thinking: theory, museum visits, creative labs.<\/li>\n<li>Workshop 2: Visual Thinking in Art and Philosophy: art creation, philosophical analysis.<\/li>\n<li>Workshop 3: Visual Thinking in Business: case studies, problem-solving exercises.<\/li>\n<\/ul>\n<p>[\/vc_column_text][vc_empty_space][vc_column_text]<\/p>\n<h6>PROJECT RESULTS<\/h6>\n<p>[\/vc_column_text][vc_separator type=&#8221;normal&#8221;][vc_column_text]<\/p>\n<ol>\n<li dir=\"ltr\" role=\"presentation\">Implementation of a 40-hour training course for the development of Visual Thinking strategies based in the artistic-philosophical areas, for IFP trainers.<\/li>\n<li dir=\"ltr\" role=\"presentation\">Establishment of a Virtual Community for Visual Thinking trainers within the European space.<\/li>\n<li dir=\"ltr\" role=\"presentation\">Creation of instructional videos and testimonials produced through the practical phase of local activities.<\/li>\n<li dir=\"ltr\" role=\"presentation\">Enhancement of participants&#8217; skills in project activities.<\/li>\n<\/ol>\n<p>[\/vc_column_text][vc_empty_space][vc_row_inner row_type=&#8221;row&#8221; type=&#8221;full_width&#8221; text_align=&#8221;left&#8221; css_animation=&#8221;&#8221;][vc_column_inner width=&#8221;1\/2&#8243;][vc_single_image image=&#8221;14059&#8243; img_size=&#8221;large&#8221; add_caption=&#8221;yes&#8221; onclick=&#8221;custom_link&#8221; img_link_target=&#8221;_blank&#8221; qode_css_animation=&#8221;&#8221; qode_hover_animation=&#8221;darken&#8221; link=&#8221;https:\/\/sites.google.com\/view\/vt4e\/training-course&#8221;][\/vc_column_inner][vc_column_inner width=&#8221;1\/2&#8243;][vc_column_text]<\/p>\n<h6 dir=\"ltr\" role=\"presentation\"><a href=\"https:\/\/sites.google.com\/view\/vt4e\/training-course\" target=\"_blank\" rel=\"noopener\">Online training course &#8220;Philosophy in Art as a Learning Tool \u2013 Visual Thinking Strategies&#8221; (40-hours)<\/a><\/h6>\n<p>&nbsp;<\/p>\n<p>The course is designed for adult learners who wish to acquire or improve their visual thinking skills, as well as adult educators who wish to improve their professional practice.<\/p>\n<p>&nbsp;<\/p>\n<p>Course objectives:<\/p>\n<ul>\n<li dir=\"ltr\" role=\"presentation\">Understand visual thinking as a cognitive and communicative process, exploring its historical roots and contemporary relevance.<\/li>\n<li dir=\"ltr\" role=\"presentation\">Develop the ability to read, interpret, and use art as a tool to enhance understanding of visual thought.<\/li>\n<li dir=\"ltr\" role=\"presentation\">Learn practical methods and strategies to apply visual thinking in educational, professional, and training contexts.<\/li>\n<li dir=\"ltr\" role=\"presentation\">Promote the use of visual thinking for active learning, problem solving, creativity, and collaboration.<\/li>\n<li dir=\"ltr\" role=\"presentation\">Experiment with visual and artistic tools through guided simulations and online activities.<\/li>\n<li dir=\"ltr\" role=\"presentation\">Foster the development of transversal (soft) skills required in the modern labor market, especially those related to communication and cooperation.<\/li>\n<\/ul>\n<p>[\/vc_column_text][\/vc_column_inner][\/vc_row_inner][vc_empty_space][\/vc_column][\/vc_row][vc_row css_animation=&#8221;&#8221; row_type=&#8221;row&#8221; use_row_as_full_screen_section=&#8221;no&#8221; type=&#8221;grid&#8221; angled_section=&#8221;no&#8221; text_align=&#8221;left&#8221; background_image_as_pattern=&#8221;without_pattern&#8221; z_index=&#8221;&#8221; background_color=&#8221;#f7f7f7&#8243;][vc_column width=&#8221;1\/4&#8243;][vc_empty_space][vc_empty_space][vc_single_image image=&#8221;12610&#8243; img_size=&#8221;medium&#8221; qode_css_animation=&#8221;&#8221;][vc_empty_space][vc_empty_space][\/vc_column][vc_column width=&#8221;3\/4&#8243;][vc_empty_space][vc_empty_space][vc_column_text]<\/p>\n<p>Funded by the European Union. Views and opinions expressed are however those of the author(s) only and do not necessarily reflect those of the European Union or the National Agency. Neither the European Union nor National Agency can be held responsible for them<\/p>\n<p>[\/vc_column_text][vc_empty_space][vc_empty_space][\/vc_column][\/vc_row]<\/p>\n","protected":false},"excerpt":{"rendered":"<p>[vc_row css_animation=&#8221;&#8221; row_type=&#8221;row&#8221; use_row_as_full_screen_section=&#8221;yes&#8221; type=&#8221;full_width&#8221; angled_section=&#8221;no&#8221; text_align=&#8221;left&#8221; background_image_as_pattern=&#8221;without_pattern&#8221; z_index=&#8221;&#8221;][vc_column][vc_empty_space][vc_empty_space][vc_empty_space][vc_column_text] Visual Thinking 4 Education [\/vc_column_text][vc_empty_space][vc_empty_space][\/vc_column][\/vc_row][vc_row css_animation=&#8221;&#8221; row_type=&#8221;row&#8221; use_row_as_full_screen_section=&#8221;yes&#8221; type=&#8221;grid&#8221; angled_section=&#8221;no&#8221; text_align=&#8221;left&#8221; background_image_as_pattern=&#8221;without_pattern&#8221; z_index=&#8221;&#8221; background_color=&#8221;#f7f7f7&#8243;][vc_column width=&#8221;1\/2&#8243;][vc_empty_space][vc_empty_space][vc_column_text] Project No. 2024-1-IT01-KA210-VET-000243700 Project duration: 1 December 2024 \u201331 May 2026 Project co-funder: EU program Erasmus+ Project coordinator: La Chiave di&#8230;<\/p>\n","protected":false},"author":2,"featured_media":0,"parent":911,"menu_order":0,"comment_status":"closed","ping_status":"closed","template":"full_width.php","meta":{"footnotes":""},"class_list":["post-13381","page","type-page","status-publish","hentry"],"acf":[],"aioseo_notices":[],"_links":{"self":[{"href":"https:\/\/sdcentras.lt\/en\/wp-json\/wp\/v2\/pages\/13381","targetHints":{"allow":["GET"]}}],"collection":[{"href":"https:\/\/sdcentras.lt\/en\/wp-json\/wp\/v2\/pages"}],"about":[{"href":"https:\/\/sdcentras.lt\/en\/wp-json\/wp\/v2\/types\/page"}],"author":[{"embeddable":true,"href":"https:\/\/sdcentras.lt\/en\/wp-json\/wp\/v2\/users\/2"}],"replies":[{"embeddable":true,"href":"https:\/\/sdcentras.lt\/en\/wp-json\/wp\/v2\/comments?post=13381"}],"version-history":[{"count":9,"href":"https:\/\/sdcentras.lt\/en\/wp-json\/wp\/v2\/pages\/13381\/revisions"}],"predecessor-version":[{"id":14187,"href":"https:\/\/sdcentras.lt\/en\/wp-json\/wp\/v2\/pages\/13381\/revisions\/14187"}],"up":[{"embeddable":true,"href":"https:\/\/sdcentras.lt\/en\/wp-json\/wp\/v2\/pages\/911"}],"wp:attachment":[{"href":"https:\/\/sdcentras.lt\/en\/wp-json\/wp\/v2\/media?parent=13381"}],"curies":[{"name":"wp","href":"https:\/\/api.w.org\/{rel}","templated":true}]}}