{"id":11839,"date":"2025-03-06T22:29:21","date_gmt":"2025-03-06T20:29:21","guid":{"rendered":"https:\/\/sdcentras.lt\/?page_id=11839"},"modified":"2025-03-24T09:06:50","modified_gmt":"2025-03-24T07:06:50","slug":"mokiniu-ivairove-bendrojo-lavinimo-mokykloje","status":"publish","type":"page","link":"https:\/\/sdcentras.lt\/en\/mokymai\/seminarai-mokykloms\/mokiniu-ivairove-bendrojo-lavinimo-mokykloje\/","title":{"rendered":"Mokini\u0173 \u012fvairov\u0117 bendrojo lavinimo mokykloje"},"content":{"rendered":"<p>[vc_row css_animation=&#8221;&#8221; row_type=&#8221;row&#8221; use_row_as_full_screen_section=&#8221;no&#8221; type=&#8221;grid&#8221; angled_section=&#8221;no&#8221; text_align=&#8221;left&#8221; background_image_as_pattern=&#8221;without_pattern&#8221; z_index=&#8221;&#8221; background_color=&#8221;#f7f7f7&#8243;][vc_column width=&#8221;1\/2&#8243;][vc_empty_space height=&#8221;52px&#8221;][vc_column_text]<\/p>\n<h2>Mokini\u0173 \u012fvairov\u0117 bendrojo lavinimo mokykloje<\/h2>\n<p>[\/vc_column_text][vc_separator type=&#8221;small&#8221; position=&#8221;left&#8221;][vc_empty_space][vc_column_text]<strong>Programos akreditacijos Nr.<\/strong> 213005019<\/p>\n<p><strong>Dalyviai<\/strong> \u2013 ikimokyklinio, prie\u0161mokyklinio, pradinio ir bendrojo ugdymo mokytojai, pagalbos mokiniui specialistai,<\/p>\n<p><strong>Trukm\u0117<\/strong> \u2013 40 akad. val.[\/vc_column_text][vc_empty_space][\/vc_column][vc_column width=&#8221;1\/2&#8243;][vc_empty_space height=&#8221;52px&#8221;][vc_single_image image=&#8221;12274&#8243; img_size=&#8221;large&#8221; qode_css_animation=&#8221;&#8221;][vc_column_text]<\/p>\n<p style=\"text-align: right;\">Freepick nuotr.<\/p>\n<p>[\/vc_column_text][vc_empty_space][\/vc_column][\/vc_row][vc_row css_animation=&#8221;&#8221; row_type=&#8221;row&#8221; use_row_as_full_screen_section=&#8221;no&#8221; type=&#8221;grid&#8221; angled_section=&#8221;no&#8221; text_align=&#8221;left&#8221; background_image_as_pattern=&#8221;without_pattern&#8221; z_index=&#8221;&#8221;][vc_column][vc_empty_space][vc_column_text]<\/p>\n<h4>Aktualumas<\/h4>\n<p>2016 metais Jungtin\u0117s Tautos (JT) pasaulio \u0161alis pakviet\u0117 u\u017etikrinti \u012ftrauk\u0173 ir lygiateis\u012f kokybi\u0161k\u0105 \u0161vietim\u0105 ir skatinti mokymosi vis\u0105 gyvenim\u0105 galimybes visiems. \u0160\u012f kvietim\u0105, kaip \u0161ali\u0173 \u0161vietimo tiksl\u0105 iki 2030 met\u0173, Pasaulio \u0161vietimo forume pareng\u0117 UNESCO. JT j\u012f \u012ftrauk\u0117 \u012f Tvaraus vystymosi darbotvark\u0119, kuri\u0105 \u012fgyvendinti \u012fsipareigojo ir Lietuva. Kas i\u0161 ties\u0173 yra \u012ftraukusis ugdymas? Pirma, tai \u2013 ugdymas be atskirties ir diskriminacijos. Lietuvoje did\u017eiausi\u0105 atskirt\u012f patiria negali\u0105 turintys vaikai, ypa\u010d tie, kurie turi intelekto ar psichosocialini\u0173 sutrikim\u0173. Ypa\u010d ken\u010dia Dauno sindrom\u0105 ar autizmo spektro sutrikim\u0173 turintys vaikai ir j\u0173 \u0161eimos. Aklieji ir kurtieji, kaip ir kompleksines negalias turintys vaikai, taip pat mokosi atskirai nuo vis\u0173 kit\u0173. Lietuvoje beveik 10 proc. vis\u0173 \u0161alies vaik\u0173 (3672 negali\u0105 turin\u010di\u0173j\u0173) mokosi specializuotose \u012fstaigose, kuri\u0173 yra net 46-ios. Svarbu tai, kad \u0161is skai\u010dius, stipriai ma\u017e\u0117jant bendram vaik\u0173 skai\u010diui, nesitraukia, prie\u0161ingai, net \u0161iek tiek i\u0161augo. (J. Ru\u0161kus).<\/p>\n<p>Kaip i\u0161vengti did\u0117jan\u010dio nenoro mokytis, kaip skatinti mokini\u0173 mokymosi motyvacij\u0105? \u0160i programa ir pad\u0117s atsakyti \u012f \u0161iuos klausimus. Reikia lavinti mokytoj\u0173 geb\u0117jim\u0105 laiku pasteb\u0117ti mokymosi sunkumus, kuo anks\u010diau kreiptis pagalbos, parinkti tinkamus darbo b\u016bdus ir metodus, ugdyti problem\u0173 sprendimo, komandinio darbo, bendradarbiavimo geb\u0117jimus. Siekiant speciali\u0173j\u0173 poreiki\u0173 vaik\u0173 ugdymo kokyb\u0117s, mokytojui keliami nauji reikalavimai, jis turi i\u0161siugdyti metodines kompetencijas, kurios suteikt\u0173 galimyb\u0119 veikti naujos kompleksin\u0117s realyb\u0117s s\u0105lygomis, tod\u0117l \u0161i programa pad\u0117s susidaryti nuostatas, kuriomis reik\u0117t\u0173 vadovautis tenkinant specialiuosius ugdymosi poreikius ir derinant juos su bendrojo lavinimo ugdymo reikalavimais. Programa suteiks konkre\u010di\u0173 \u017eini\u0173 apie speciali\u0173j\u0173 poreiki\u0173 asmen\u0173 ugdymosi sunkum\u0173 prie\u017eastis, pedagogines psichologines \u012fvairi\u0173 speciali\u0173j\u0173 poreiki\u0173 vaik\u0173 charakteristikas, kylan\u010dias problemas mokykloje, \u0161eimoje, pateiks praktini\u0173 rekomendacij\u0173 sprend\u017eiant specialiojo ugdymo klausimus. Programoje i\u0161samiai i\u0161d\u0117stomi veiksmingiausi darbo b\u016bdai ir metodai, program\u0173 pritaikymo galimyb\u0117s, komandinio darbo, vadovavimo klasei principai, bendradarbiavimo principin\u0117s nuostatos.<\/p>\n<p>&nbsp;<\/p>\n<h4>Tikslas<\/h4>\n<p>Suteikti \u017eini\u0173 apie mokini\u0173 \u012fvairov\u0119 bendrojo lavinimo mokykloje. Pl\u0117toti mokytoj\u0173 kompetencijas, reikalingas dalyki\u0161kai sprend\u017eiant speciali\u0173j\u0173 ugdymosi poreiki\u0173 turin\u010di\u0173 asmen\u0173 ugdymo(si) tenkinimo problemas bei kuriant bendradarbiavimo atmosfer\u0105 mokyklos bendruomen\u0117je.<\/p>\n<p>&nbsp;<\/p>\n<h4>U\u017edaviniai<\/h4>\n<p>1. Suteikti teorini\u0173 ir praktini\u0173 \u017eini\u0173 apie specialiojo ugdymo samprat\u0105, integracijos privalumus bei tr\u016bkumus.<br \/>\n2. Supa\u017eindinti su ugdymo(si) sunkumais, \u012ftakotais mokymosi negali\u0173 bei kit\u0173 sutrikim\u0173.<br \/>\n3. Pateikti ir i\u0161analizuoti darbo su speciali\u0173j\u0173 ugdymo(si) poreiki\u0173 turin\u010diais vaikais ypatumus, b\u016bdus ir metodus, efektyviausias ugdymo program\u0173 pritaikymo galimybes, strategijas.<br \/>\n4. Aptarti komandinio darbo ypatumus, bendradarbiavimo naud\u0105 efektyviai sprend\u017eiant specialiojo ugdymo problemas bei ie\u0161kant b\u016btin\u0173j\u0173 bendr\u0173j\u0173 kompetencij\u0173 formavimo galimybi\u0173.<br \/>\n5. Formuoti praktinius mokytoj\u0173 geb\u0117jimus darbe su speciali\u0173j\u0173 ugdymosi poreiki\u0173 asmenimis.<br \/>\n6. Atskleisti mokyklos bendruomen\u0117s toleranti\u0161k\u0105 po\u017ei\u016br\u012f \u012f mokymosi sunkum\u0173 turin\u010dius mokinius, \u012fgyvendinant vienod\u0173 ugdymo(si) galimybi\u0173 \u012fstatym\u0105.<\/p>\n<p>&nbsp;<\/p>\n<h4>Apimtis<\/h4>\n<p>Program\u0105 sudaro 4 moduliai \u2013 nuotoliniai arba kontaktiniai seminarai su savaranki\u0161kais darbais ir konsultacijomis.<\/p>\n<p>Galima rinktis ir atskirus 6 \/ 8 akad. val. modulius.<\/p>\n<p>&nbsp;<\/p>\n<h4>Turinys<\/h4>\n<p><strong>1.<\/strong> <strong>\u012etraukusis ugdymas<br \/>\n<\/strong>Speciali\u0173j\u0173 ugdymo(si) poreiki\u0173 turin\u010di\u0173 mokini\u0173 ugdymo(si) galimyb\u0117s bendrojo lavinimo mokykloje<br \/>\nGeros mokyklos koncepcija. Universalaus dizaino principai<br \/>\nSpeciali\u0173j\u0173 ugdymosi poreiki\u0173 mokini\u0173 pa\u017einimas<\/p>\n<p><strong>2.<\/strong> <strong>Negali\u0173 turintys mokiniai<br \/>\n<\/strong>\u012evairiapus\u012f raidos sutrikim\u0105 turintys mokiniai<br \/>\nIntelekto sutrikim\u0105 turintys mokiniai<br \/>\nKlausos ir regos sutrikim\u0105 turintys mokiniai<br \/>\nJudesio ir pad\u0117ties sutrikimai<\/p>\n<p><strong>3. Mokymosi sutrikim\u0173 turintys mokiniai<br \/>\n<\/strong>Bendruosius mokymosi sutrikimus turintys mokiniai<br \/>\nSpecifinius mokymosi sutrikimus turintys mokiniai (skaitymo, ra\u0161ymo, matematikos)<br \/>\nElgesio ir emocij\u0173 sutrikimus turintys mokiniai<br \/>\nKalb\u0117jimo ir kalbos sutrikimus turintys mokiniai<\/p>\n<p><strong>4. Mokymosi sunkumai<br \/>\n<\/strong>Besimokantys ne gimt\u0105ja kalba arba gyvenantys kitoje kalbin\u0117je \/kult\u016brin\u0117je aplinkoje<br \/>\nSul\u0117t\u0117jusi raida<br \/>\nNepalank\u016bs aplinkos veiksniai. Emocin\u0117s kriz\u0117s<br \/>\nNerealizuoti ypatingi gabumai<\/p>\n<p>&nbsp;<\/p>\n<p><strong>Programos lektor\u0117<\/strong> Laima Paulauskien\u0117<\/p>\n<ul>\n<li>Joni\u0161kio \u0161vietimo centro pedagogin\u0117s psichologin\u0117s tarnybos logoped\u0117 ekspert\u0117;<\/li>\n<li>BU pritaikymo SUP mokiniams konsultant\u0117.<\/li>\n<\/ul>\n<p>&nbsp;<\/p>\n<p><strong>D\u0117l mokym\u0173 organizavimo teirautis logolaima@gmail.com , +370 682 1 1352 arba <\/strong><strong>info@sdcentras.lt<\/strong>[\/vc_column_text][vc_empty_space][\/vc_column][\/vc_row]<\/p>\n","protected":false},"excerpt":{"rendered":"<p>[vc_row css_animation=&#8221;&#8221; row_type=&#8221;row&#8221; use_row_as_full_screen_section=&#8221;no&#8221; type=&#8221;grid&#8221; angled_section=&#8221;no&#8221; text_align=&#8221;left&#8221; background_image_as_pattern=&#8221;without_pattern&#8221; z_index=&#8221;&#8221; background_color=&#8221;#f7f7f7&#8243;][vc_column width=&#8221;1\/2&#8243;][vc_empty_space height=&#8221;52px&#8221;][vc_column_text] Mokini\u0173 \u012fvairov\u0117 bendrojo lavinimo mokykloje [\/vc_column_text][vc_separator type=&#8221;small&#8221; position=&#8221;left&#8221;][vc_empty_space][vc_column_text]Programos akreditacijos Nr. 213005019 Dalyviai \u2013 ikimokyklinio, prie\u0161mokyklinio, pradinio ir bendrojo ugdymo mokytojai, pagalbos mokiniui specialistai, Trukm\u0117 \u2013 40 akad. val.[\/vc_column_text][vc_empty_space][\/vc_column][vc_column width=&#8221;1\/2&#8243;][vc_empty_space height=&#8221;52px&#8221;][vc_single_image image=&#8221;12274&#8243; img_size=&#8221;large&#8221; qode_css_animation=&#8221;&#8221;][vc_column_text]&#8230;<\/p>\n","protected":false},"author":2,"featured_media":0,"parent":39,"menu_order":0,"comment_status":"closed","ping_status":"closed","template":"full_width.php","meta":{"footnotes":""},"class_list":["post-11839","page","type-page","status-publish","hentry"],"acf":[],"aioseo_notices":[],"_links":{"self":[{"href":"https:\/\/sdcentras.lt\/en\/wp-json\/wp\/v2\/pages\/11839","targetHints":{"allow":["GET"]}}],"collection":[{"href":"https:\/\/sdcentras.lt\/en\/wp-json\/wp\/v2\/pages"}],"about":[{"href":"https:\/\/sdcentras.lt\/en\/wp-json\/wp\/v2\/types\/page"}],"author":[{"embeddable":true,"href":"https:\/\/sdcentras.lt\/en\/wp-json\/wp\/v2\/users\/2"}],"replies":[{"embeddable":true,"href":"https:\/\/sdcentras.lt\/en\/wp-json\/wp\/v2\/comments?post=11839"}],"version-history":[{"count":16,"href":"https:\/\/sdcentras.lt\/en\/wp-json\/wp\/v2\/pages\/11839\/revisions"}],"predecessor-version":[{"id":12288,"href":"https:\/\/sdcentras.lt\/en\/wp-json\/wp\/v2\/pages\/11839\/revisions\/12288"}],"up":[{"embeddable":true,"href":"https:\/\/sdcentras.lt\/en\/wp-json\/wp\/v2\/pages\/39"}],"wp:attachment":[{"href":"https:\/\/sdcentras.lt\/en\/wp-json\/wp\/v2\/media?parent=11839"}],"curies":[{"name":"wp","href":"https:\/\/api.w.org\/{rel}","templated":true}]}}