{"id":11389,"date":"2024-12-16T14:34:06","date_gmt":"2024-12-16T12:34:06","guid":{"rendered":"https:\/\/sdcentras.lt\/projects\/ecosocialagency-adult-educators-supporting-eco-social-agency\/"},"modified":"2026-03-03T13:09:45","modified_gmt":"2026-03-03T11:09:45","slug":"ecosocialagency-adult-educators-supporting-eco-social-agency","status":"publish","type":"page","link":"https:\/\/sdcentras.lt\/en\/projects\/ecosocialagency-adult-educators-supporting-eco-social-agency\/","title":{"rendered":"EcoSocialAgency \u2013 Adult Educators Supporting Eco-Social Agency"},"content":{"rendered":"<p>[vc_row css_animation=&#8221;&#8221; row_type=&#8221;row&#8221; use_row_as_full_screen_section=&#8221;yes&#8221; type=&#8221;full_width&#8221; angled_section=&#8221;no&#8221; text_align=&#8221;left&#8221; background_image_as_pattern=&#8221;without_pattern&#8221; z_index=&#8221;&#8221;][vc_column][vc_empty_space][vc_empty_space][vc_empty_space][vc_column_text]<\/p>\n<h2 style=\"text-align: center;\">Project EcoSocialAgency \u2013 Adult Educators Supporting Eco-Social Agency<\/h2>\n<p>[\/vc_column_text][vc_empty_space][vc_empty_space][\/vc_column][\/vc_row][vc_row css_animation=&#8221;&#8221; row_type=&#8221;row&#8221; use_row_as_full_screen_section=&#8221;yes&#8221; type=&#8221;grid&#8221; angled_section=&#8221;no&#8221; text_align=&#8221;left&#8221; background_image_as_pattern=&#8221;without_pattern&#8221; z_index=&#8221;&#8221; background_color=&#8221;#f7f7f7&#8243;][vc_column width=&#8221;1\/2&#8243;][vc_empty_space][vc_empty_space][vc_column_text]<strong>Project No.<\/strong> 2023-2-FI01-KA210-ADU-000179217<\/p>\n<p><strong>Project duration:<\/strong> 1 February 2024\u201331 January 2025<\/p>\n<p><strong>Project co-funder:<\/strong> EU program Erasmus+<\/p>\n<p><strong>Project coordinator: <\/strong><a target=\"\" rel=\"noopener\">Kansan Sivistysty\u00f6n Liitto KSL ry (Finland)<\/a><\/p>\n<p><strong>Project partners:<\/strong><\/p>\n<p>\u0160iuolaikini\u0173 didaktik\u0173 centras (Lithuania)<\/p>\n<p><a href=\"https:\/\/simenntun.is\/\" target=\"_blank\" rel=\"noopener\">S\u00edmenntun \/ Simenntunarmidstodin a Vesturlandi (Iceland)<\/a>[\/vc_column_text][\/vc_column][vc_column width=&#8221;1\/2&#8243;][vc_empty_space][vc_empty_space][vc_single_image image=&#8221;10053&#8243; img_size=&#8221;large&#8221; qode_css_animation=&#8221;&#8221;][vc_column_text]<\/p>\n<p style=\"text-align: right;\">Project team<\/p>\n<p>[\/vc_column_text][vc_empty_space][\/vc_column][\/vc_row][vc_row css_animation=&#8221;&#8221; row_type=&#8221;row&#8221; use_row_as_full_screen_section=&#8221;yes&#8221; type=&#8221;grid&#8221; angled_section=&#8221;no&#8221; text_align=&#8221;left&#8221; background_image_as_pattern=&#8221;without_pattern&#8221;][vc_column][vc_empty_space][vc_column_text]<\/p>\n<h6>PROJECT RELEVANCE<\/h6>\n<p>[\/vc_column_text][vc_separator type=&#8221;normal&#8221;][vc_column_text]<\/p>\n<p>People are more aware of ecological and social crisis Europe and the world encounters. These huge questions arise many responses and feelings that need to be addressed with changes in attitudes, values, worldviews, actions and learning. Wellbeing of our planet is dependent on our actions. Therefore, we believe that adult education organisations and adult educators should take a more active role, be active agents in these changes as opposed to deny them or passively give in to them. This can be best done in our organisations by increasing the understanding of the matter and from there developing new pedagogy (eco-social education) towards transformation.<br \/>\nEco-social education is relatively new term and implies to education as \u2018Bildung\u2019. Both ecological and social factors in Europe and in the world are raising concerns as vitality of ecosystems are in danger due to global warming and over consumption of natural resources. War in Ukraine and political shifts are also raising concerns about fair distribution of welfare and interpersonal solidarity. Eco-social education aims to transformation both in communities and individuals through critical thinking, reflection, dialogue, and emancipatory learning. Key competences of eco-social education are systemic worldview, taking responsibility, moderateness in all needs, interdependency of both humans and nature and orientation towards future. We need to advance the awareness, skills and knowledge that enable us to move towards and ecologically, socially, culturally, and economically sustainable society.<br \/>\nThis transformation can be seen as a paradigm shift that needs to happen both within educational institutions and by them in their educational pedagogy and didactics. Values of eco-social education can be interweaved to learning processes through critical reflection, dialogue, and future orientation.<br \/>\nEducational establishments have an important mission in supporting the growth of their students as environmentally and socially responsible and skilled citizens who can consider the aspects of sustainable development in their work and everyday lives. We believe that adult education organisations and adult educators should take a more active role in supporting growth of their educators and target groups in their work as environmentally and socially responsible and skilled active citizens.<br \/>\nThis kind of work needs time, effort, discussions, sharing and resources. In our joint discussions we have concluded that we don\u2019t yet have a deep understanding of what eco-social sustainability and education means in how we carry out our trainings. We also need to understand better the needs and the challenges of both adult educators and adult learners. We see that our experience in critical pedagogy, sociocultural and socio-constructive pedagogy and in supporting active citizenship in our actions are a very potential basis for developing ideas and pedagogy that can benefit also other adult education organisations.<br \/>\nTherefore, in the project, we want to learn, how we can best integrate eco-social sustainability and education into our trainings. We want to understand the needs and the challenges of both adult educators and adult learners in becoming active agents of sustainability transformations. What does eco-social sustainability and education mean in practice? How do adult educators see their role as transformative allies to our training participants? How do the participants of our trainings approach the huge challenges of our time? How do they see their role in it? What kind of support and learning would they need to become transformative actors?<\/p>\n<p>[\/vc_column_text][vc_empty_space][vc_column_text]<\/p>\n<h6>PROJECT AIM<\/h6>\n<p>[\/vc_column_text][vc_separator type=&#8221;normal&#8221;][vc_column_text]<\/p>\n<p>The project aims to support adult educators and learners as eco-social agents by enhancing the knowledge and skills of adult educators on eco-social sustainability and education.<\/p>\n<p>[\/vc_column_text][vc_empty_space][vc_column_text]<\/p>\n<h6>PROJECT OBJECTIVES<\/h6>\n<p>[\/vc_column_text][vc_separator type=&#8221;normal&#8221;][vc_column_text]<\/p>\n<ol>\n<li>Enhancing adult educators\u2019 pedagogical skills in eco-social sustainability and education.<\/li>\n<li>Increasing adult educators\u2019 understanding on how to support their educational target groups as eco-social agents.<\/li>\n<li>Establishing a common understanding of eco-social sustainability and education in the participating organisations.<\/li>\n<\/ol>\n<p>[\/vc_column_text][vc_empty_space][vc_column_text]<\/p>\n<h6>PROJECT TARGET GROUPS<\/h6>\n<p>[\/vc_column_text][vc_separator type=&#8221;normal&#8221;][vc_column_text]<\/p>\n<ul>\n<li>Primary target audience: adult educators working in or in cooperation with the participating partnership organisations.<\/li>\n<li>Secondary target audience and beneficiaries: adult learners (of on-formal education).<\/li>\n<li>Other beneficiaries: the participants of the trainings organised by the partnership organisations.<\/li>\n<\/ul>\n<p>[\/vc_column_text][vc_empty_space][vc_column_text]<\/p>\n<h6>PROJECT ACTIVITIES<\/h6>\n<p>[\/vc_column_text][vc_separator type=&#8221;normal&#8221;][vc_column_text]<strong>1. Mapping the needs and the challenges of adult educators and learners to act as eco-social agents<\/strong><\/p>\n<p>Developing a conceptual framework on eco-social sustainability and education.<br \/>\nDesigning methods, tools and analysis framework for gathering the information from adult educators and learners.<br \/>\nGathering the information from adult educators (a questionnaire) and learners (focus group interviews) and summarising the outcomes of information gathered.<\/p>\n<p>&nbsp;<\/p>\n<p><strong>2. Workshops with adult educators on eco-social sustainability and education<\/strong><\/p>\n<p>Planning the content and pedagogy for national workshops.<br \/>\nConducting national workshops for adult educators in partnership countries.<br \/>\nSumming up the lessons learned and the outcomes of the workshops (in English).<\/p>\n<p>&nbsp;<\/p>\n<p><strong>3. Analysis, harvesting and sharing the results<\/strong><\/p>\n<p>Harvesting and summing up the results of the project.<br \/>\nSharing the results in partnership countries with relevant target groups.<\/p>\n<p>[\/vc_column_text][vc_empty_space][vc_column_text]<\/p>\n<h6>PROJECT RESULTS<\/h6>\n<p>[\/vc_column_text][vc_separator type=&#8221;normal&#8221;][vc_column_text]<\/p>\n<ol>\n<li>A conceptual framework on eco-social sustainability shared by the participating organisations.<\/li>\n<li>Systematically gathered and analysed information on the needs and challenges that adult educators and learners have to act as eco-social agents.<\/li>\n<li>A piloted workshop model for adult educators on eco-social sustainability and education.<\/li>\n<li>A plan for next steps to develop transformative pedagogy that builds eco-social agency.<\/li>\n<\/ol>\n<p>[\/vc_column_text][vc_empty_space][vc_column_text]<\/p>\n<h6>PROJECT DISSEMINATION<\/h6>\n<p>[\/vc_column_text][vc_separator type=&#8221;normal&#8221;][vc_column_text]<a href=\"https:\/\/epale.ec.europa.eu\/en\/blog\/eco-social-agency-adult-education#email\" target=\"_blank\" rel=\"noopener\">Kontkanen, T. (2024-11-26). <em>Eco-Social Agency in Adult Education.<\/em> Epale.<\/a><\/p>\n<p><a href=\"https:\/\/epale.ec.europa.eu\/en\/content\/combined-summary-eco-social-sustainability-workshops-adult-educators-finland-iceland-and\" target=\"_blank\" rel=\"noopener\">El\u00edsd\u00f3ttir, G. V. (2025-01-15). <em>Combined Summary of Eco-Social Sustainability Workshops for Adult Educators in Finland, Iceland, and Lithuania.<\/em> Epale.<\/a><\/p>\n<p><a href=\"https:\/\/sdcentras.lt\/wp-content\/uploads\/EcoSocial-Agency-ERUA-presentation.pdf\" target=\"_blank\" rel=\"noopener\">Penkauskien\u0117, D. ir Vali\u016bnait\u0117, V. (2004). <em>The importance and relevance of eco-social issues in adult education (report on the project research).<\/em> Presentation on the ERUA\u2019s fourth Annual summit &#8220;Social Innovations for Transformative Society&#8221;.<\/a>[\/vc_column_text][vc_empty_space][\/vc_column][\/vc_row][vc_row css_animation=&#8221;&#8221; row_type=&#8221;row&#8221; use_row_as_full_screen_section=&#8221;no&#8221; type=&#8221;grid&#8221; angled_section=&#8221;no&#8221; text_align=&#8221;left&#8221; background_image_as_pattern=&#8221;without_pattern&#8221; z_index=&#8221;&#8221; background_color=&#8221;#f7f7f7&#8243;][vc_column width=&#8221;1\/4&#8243;][vc_empty_space][vc_empty_space][vc_single_image image=&#8221;12610&#8243; img_size=&#8221;medium&#8221; qode_css_animation=&#8221;&#8221;][vc_empty_space][vc_empty_space][\/vc_column][vc_column width=&#8221;3\/4&#8243;][vc_empty_space][vc_empty_space][vc_column_text]<\/p>\n<p>The European Commission\u2019s support for the production of this publication does not constitute an endorsement of the contents, which reflect the views only of the authors, and the Commission cannot be held responsible for any use which may be made of the information contained therein.<\/p>\n<p>[\/vc_column_text][vc_empty_space][vc_empty_space][\/vc_column][\/vc_row]<\/p>\n","protected":false},"excerpt":{"rendered":"<p>[vc_row css_animation=&#8221;&#8221; row_type=&#8221;row&#8221; use_row_as_full_screen_section=&#8221;yes&#8221; type=&#8221;full_width&#8221; angled_section=&#8221;no&#8221; text_align=&#8221;left&#8221; background_image_as_pattern=&#8221;without_pattern&#8221; z_index=&#8221;&#8221;][vc_column][vc_empty_space][vc_empty_space][vc_empty_space][vc_column_text] Project EcoSocialAgency \u2013 Adult Educators Supporting Eco-Social Agency [\/vc_column_text][vc_empty_space][vc_empty_space][\/vc_column][\/vc_row][vc_row css_animation=&#8221;&#8221; row_type=&#8221;row&#8221; use_row_as_full_screen_section=&#8221;yes&#8221; type=&#8221;grid&#8221; angled_section=&#8221;no&#8221; text_align=&#8221;left&#8221; background_image_as_pattern=&#8221;without_pattern&#8221; z_index=&#8221;&#8221; background_color=&#8221;#f7f7f7&#8243;][vc_column width=&#8221;1\/2&#8243;][vc_empty_space][vc_empty_space][vc_column_text]Project No. 2023-2-FI01-KA210-ADU-000179217 Project duration: 1 February 2024\u201331 January 2025 Project co-funder: EU program Erasmus+ Project coordinator: Kansan&#8230;<\/p>\n","protected":false},"author":2,"featured_media":0,"parent":911,"menu_order":0,"comment_status":"closed","ping_status":"closed","template":"full_width.php","meta":{"footnotes":""},"class_list":["post-11389","page","type-page","status-publish","hentry"],"acf":[],"aioseo_notices":[],"_links":{"self":[{"href":"https:\/\/sdcentras.lt\/en\/wp-json\/wp\/v2\/pages\/11389","targetHints":{"allow":["GET"]}}],"collection":[{"href":"https:\/\/sdcentras.lt\/en\/wp-json\/wp\/v2\/pages"}],"about":[{"href":"https:\/\/sdcentras.lt\/en\/wp-json\/wp\/v2\/types\/page"}],"author":[{"embeddable":true,"href":"https:\/\/sdcentras.lt\/en\/wp-json\/wp\/v2\/users\/2"}],"replies":[{"embeddable":true,"href":"https:\/\/sdcentras.lt\/en\/wp-json\/wp\/v2\/comments?post=11389"}],"version-history":[{"count":9,"href":"https:\/\/sdcentras.lt\/en\/wp-json\/wp\/v2\/pages\/11389\/revisions"}],"predecessor-version":[{"id":14199,"href":"https:\/\/sdcentras.lt\/en\/wp-json\/wp\/v2\/pages\/11389\/revisions\/14199"}],"up":[{"embeddable":true,"href":"https:\/\/sdcentras.lt\/en\/wp-json\/wp\/v2\/pages\/911"}],"wp:attachment":[{"href":"https:\/\/sdcentras.lt\/en\/wp-json\/wp\/v2\/media?parent=11389"}],"curies":[{"name":"wp","href":"https:\/\/api.w.org\/{rel}","templated":true}]}}