{"id":10662,"date":"2024-12-03T15:49:02","date_gmt":"2024-12-03T13:49:02","guid":{"rendered":"https:\/\/sdcentras.lt\/?page_id=10662"},"modified":"2024-12-03T20:01:09","modified_gmt":"2024-12-03T18:01:09","slug":"compass-in-support-of-students-competence-assessments","status":"publish","type":"page","link":"https:\/\/sdcentras.lt\/en\/projektai\/compass-in-support-of-students-competence-assessments\/","title":{"rendered":"COMPASS \u2013 In support of students\u2018 competence assessments"},"content":{"rendered":"<p>[vc_row css_animation=&#8221;&#8221; row_type=&#8221;row&#8221; use_row_as_full_screen_section=&#8221;yes&#8221; type=&#8221;full_width&#8221; angled_section=&#8221;yes&#8221; angled_section_position=&#8221;both&#8221; angled_section_direction=&#8221;from_left_to_right&#8221; text_align=&#8221;left&#8221; background_image_as_pattern=&#8221;without_pattern&#8221; background_color=&#8221;#f7f7f7&#8243; z_index=&#8221;&#8221;][vc_column][vc_empty_space][\/vc_column][\/vc_row][vc_row css_animation=&#8221;&#8221; row_type=&#8221;row&#8221; use_row_as_full_screen_section=&#8221;yes&#8221; type=&#8221;full_width&#8221; angled_section=&#8221;no&#8221; text_align=&#8221;left&#8221; background_image_as_pattern=&#8221;without_pattern&#8221; z_index=&#8221;&#8221;][vc_column][vc_empty_space][vc_empty_space][vc_row_inner row_type=&#8221;row&#8221; type=&#8221;grid&#8221; text_align=&#8221;left&#8221; css_animation=&#8221;&#8221;][vc_column_inner width=&#8221;1\/6&#8243;][vc_single_image image=&#8221;8558&#8243; qode_css_animation=&#8221;&#8221;][vc_empty_space][\/vc_column_inner][vc_column_inner width=&#8221;5\/6&#8243;][vc_column_text][\/vc_column_text][vc_empty_space][vc_column_text]<\/p>\n<h2 style=\"text-align: left;\">Project \u201eCOMPASS \u2013 In support of students\u2018 competence assessment\u201c<\/h2>\n<p>[\/vc_column_text][vc_empty_space][\/vc_column_inner][\/vc_row_inner][vc_empty_space][vc_empty_space][\/vc_column][\/vc_row][vc_row css_animation=&#8221;&#8221; row_type=&#8221;row&#8221; use_row_as_full_screen_section=&#8221;yes&#8221; type=&#8221;grid&#8221; angled_section=&#8221;no&#8221; text_align=&#8221;left&#8221; background_image_as_pattern=&#8221;without_pattern&#8221; z_index=&#8221;&#8221; background_color=&#8221;#f7f7f7&#8243;][vc_column width=&#8221;1\/2&#8243;][vc_empty_space][vc_empty_space][vc_column_text]<strong>Project No.<\/strong> 2023-1-LT01-KA220-SCH-000156521<\/p>\n<p><strong>Project duration: <\/strong>4<sup>th<\/sup> September 2023\u20133<sup>rd<\/sup> November 2025<\/p>\n<p><strong>Project co-funder:<\/strong> EU program Erasmus+<\/p>\n<p><strong>Project coordinator:<\/strong> \u0160iuolaikini\u0173 didaktik\u0173 centras (Lithuania)<\/p>\n<p><strong>Project partners:<\/strong><\/p>\n<p><a href=\"http:\/\/mtc.lt\">Mokykl\u0173 tobulinimo centras (Lietuva)<\/a><\/p>\n<p><a href=\"https:\/\/www.alsdgc.ro\/home\/index\/lang\/en\" target=\"_blank\" rel=\"noopener\">Asociatia LSDGC (Rumunija)<\/a><\/p>\n<p><a href=\"https:\/\/www.facebook.com\/innolineoy\">Innoline Oy (Suomija)<\/a>[\/vc_column_text][vc_empty_space]<span class='q_social_icon_holder circle_social' ><a itemprop='url' href='https:\/\/www.facebook.com\/erasmusprojectcompass' target='_blank'><span class='fa-stack fa-lg' style=''><span aria-hidden=\"true\" class=\"qode_icon_font_elegant social_facebook \" style=\"\" ><\/span><\/span><\/a><\/span>[\/vc_column][vc_column width=&#8221;1\/2&#8243;][vc_empty_space][vc_empty_space][vc_single_image image=&#8221;8552&#8243; img_size=&#8221;large&#8221; qode_css_animation=&#8221;&#8221;][vc_column_text]<\/p>\n<p style=\"text-align: right;\"><a href=\"http:\/\/www.freepik.com\/free-photo\/boy-standing-class-looking-camera_31239426.htm\" target=\"_blank\" rel=\"noopener\">Image by zinkevych on Freepik<\/a><\/p>\n<p>[\/vc_column_text][vc_empty_space][vc_empty_space][\/vc_column][\/vc_row][vc_row css_animation=&#8221;&#8221; row_type=&#8221;row&#8221; use_row_as_full_screen_section=&#8221;yes&#8221; type=&#8221;grid&#8221; angled_section=&#8221;no&#8221; text_align=&#8221;left&#8221; background_image_as_pattern=&#8221;without_pattern&#8221;][vc_column][vc_empty_space][vc_column_text]<\/p>\n<h6>RELEVANCE OF THE PROJECT<\/h6>\n<p>[\/vc_column_text][vc_separator type=&#8221;normal&#8221;][vc_column_text]<\/p>\n<p>Reinforcing the development of a range of key competences is in line with the EU Council Recommendation on Key Competences for Lifelong Learning, 2018:<\/p>\n<p>&#8220;The development of key competences, their validation and the provision of competence-oriented education, training and learning should be supported by establishing good practices for better support of educational staff in their tasks and improving their education, for updating assessment and validation methods and tools, and for introducing new and innovative forms of teaching and learning&#8221;.<\/p>\n<p>Therefore, basing itself on the experiences of the last decade, this Recommendation should address the challenges in implementing competence-oriented education, training and learning.<\/p>\n<p>Research shows that student achievements in Lithuania and Romania are not good enough and lack systematic growth (PIRLS, OECD PISA). The OECD&#8217;s &#8220;Education 2030&#8221; project&#8217;s analyses (Education 2030. OECD, 2018) show that certain personal qualities, skills and values are insufficiently included in the Lithuanian and Romanian Framework Programs, or are included of only one subject, or are not included at all. Although competences are very often referred to in the general frameworks of different subjects the above-mentioned data on students&#8217; achievements show insufficient effective development of these competences.<\/p>\n<p>Lithuania developed new school curriculum aimed to promote inclusive, high-quality education for all students. New descriptions of general competences have been created, but there is no evaluation system presented. Teachers (at pre-service and in-service) lack knowledge and skills how to plan, deliver competence-based curriculum at school and at class level. New curricula and a description of general competences entering into force from new academic year in 2023. School communities face a huge challenge not only to develop competences, but also to assess them.<\/p>\n<p>While the competence-based national curriculum has been introduced to the Romanian education system over a decade ago, teachers in secondary education still focus on knowledge and content mastery, and are disoriented when it comes to competence assessment. They complain of too much content `to be covered`, and therefore claim that they do not have time to develop competences, although, in recent years, the national evaluations also are starting to focus on assessing competences. However, the overall education system \u2013 including pre-service teacher education \u2013 is still not systematic and coherent in preparing and assisting teachers to assess competences and support the development of students\u2019 competences.<\/p>\n<p>Finland is a model for many countries on how to focus on overall development of student and his\/her competences. In Finnish education, transversal skills (competencies) are integrated into the national core curricula along the subject objectives. The competencies are taught and assessed within the subject assessment, but assessment is still a challenge.<\/p>\n<p>[\/vc_column_text][vc_empty_space][vc_column_text]<\/p>\n<h6>PROJECT AIM<\/h6>\n<p>[\/vc_column_text][vc_separator type=&#8221;normal&#8221;][vc_column_text]<\/p>\n<p>The project aims to support teachers, school leaders and other pedagogical staff in development and assessment of students&#8217; competences, for the progress and success of all and each single student, and promote an inclusive approach to education.<\/p>\n<p>This is to be achieved by developing and testing a universal competency assessment model at classroom\/subject and all school levels.<\/p>\n<p>[\/vc_column_text][vc_empty_space][vc_column_text]<\/p>\n<h6>PROJECT OBJECTIVES<\/h6>\n<p>[\/vc_column_text][vc_separator type=&#8221;normal&#8221;][vc_column_text]<\/p>\n<ol>\n<li>Strengthening the knowledge of teachers and the pedagogical communities on competency development and assessment in the EU and other countries around the world, based on scientific knowledge and good practice, through the development of a Compendium of summarized and tailored scientific literature and Report on in-country documents and existing practices.<\/li>\n<li>Providing a universal tool for assessing competences by development of a methodological Model and Guidelines for its piloting in partner countries.<\/li>\n<li>Supporting and sustaining a culture of professional sharing, mutual learning among teachers and pedagogical communities by teaching and learning together (nationally and internationally) and by putting competency assessment practices in a Set of best Practices.<\/li>\n<li>Providing Recommendations for teachers, educators, schools and education policy makers on competence assessment.<\/li>\n<\/ol>\n<p>[\/vc_column_text][vc_empty_space][vc_column_text]<\/p>\n<h6>PROJECT TARGET<\/h6>\n<p>[\/vc_column_text][vc_separator type=&#8221;normal&#8221;][vc_column_text]<\/p>\n<p>Primary target audience: teachers, school leaders and other pedagogical staff.<\/p>\n<p>Secondary target audience: educational policy makers.<\/p>\n<p>Beneficiaries: students of all schooling levels.<\/p>\n<p>[\/vc_column_text][vc_empty_space][vc_column_text]<\/p>\n<h6>PROJECT INTELLECTUAL OUTPUTS<\/h6>\n<p>[\/vc_column_text][vc_separator type=&#8221;normal&#8221;][\/vc_column][\/vc_row][vc_row css_animation=&#8221;&#8221; row_type=&#8221;row&#8221; use_row_as_full_screen_section=&#8221;yes&#8221; type=&#8221;grid&#8221; angled_section=&#8221;no&#8221; text_align=&#8221;left&#8221; background_image_as_pattern=&#8221;without_pattern&#8221;][vc_column width=&#8221;1\/4&#8243;][vc_empty_space][vc_single_image image=&#8221;10360&#8243; img_size=&#8221;large&#8221; alignment=&#8221;right&#8221; qode_css_animation=&#8221;&#8221;][\/vc_column][vc_column width=&#8221;3\/4&#8243;][vc_empty_space][vc_column_text]<\/p>\n<h6><strong>R\u016bta Girdzijauskien\u0117, P\u00e4ivi Nilivaara, Daiva Penkauskien\u0117. (2024). Compendium<br \/>\nof Scientific Literature on Competence Development and Assessment<\/strong><\/h6>\n<p>&nbsp;<\/p>\n<p>This Compendium of scientific literature is prepared for general education teachers to help them better understand the importance of developing and assessing competences in daily school life. Since the term \u201ccompetence\u201d is itself a confusing one, with several similar meanings, we first attempt to give a clear answer to what is meant by &#8220;competence&#8221;, &#8220;competence development&#8221; and what are its components. We also provide evidence and arguments for the need for competence development. Finally, we discuss possible ways of assessing competences and the evidence of their effectiveness.<\/p>\n<p><strong><a href=\"https:\/\/sdcentras.lt\/wp-content\/uploads\/IO1-COMPASS-Compendium-LT-1.pdf\" target=\"_blank\" rel=\"noopener\">Download LT<\/a>, <a href=\"https:\/\/sdcentras.lt\/wp-content\/uploads\/IO1-COMPASS-Compendium-EN-6.pdf\" target=\"_blank\" rel=\"noopener\">EN<\/a>, <a href=\"https:\/\/sdcentras.lt\/wp-content\/uploads\/IO1-COMPASS-Compendium-RO.pdf\" target=\"_blank\" rel=\"noopener\">RO<\/a>, <a href=\"https:\/\/sdcentras.lt\/wp-content\/uploads\/IO1-COMPASS-Compendium-FI.pdf\" target=\"_blank\" rel=\"noopener\">FI<\/a><\/strong>[\/vc_column_text][vc_empty_space][\/vc_column][\/vc_row][vc_row css_animation=&#8221;&#8221; row_type=&#8221;row&#8221; use_row_as_full_screen_section=&#8221;yes&#8221; type=&#8221;grid&#8221; angled_section=&#8221;no&#8221; text_align=&#8221;left&#8221; background_image_as_pattern=&#8221;without_pattern&#8221;][vc_column width=&#8221;1\/4&#8243;][vc_empty_space][vc_single_image image=&#8221;10358&#8243; img_size=&#8221;large&#8221; alignment=&#8221;right&#8221; qode_css_animation=&#8221;&#8221;][\/vc_column][vc_column width=&#8221;3\/4&#8243;][vc_empty_space][vc_column_text]<\/p>\n<h6><strong>Egl\u0117 Pranck\u016bnien\u0117, P\u00e4ivi Nilivaara, Ariana Vacaretu, Maria Kovacs. (2024). Brief Review of Competence Development and Assessment Policies and Practices in<br \/>\nGeneral Education. Cases of Finland, Lithuania and Romania<\/strong><\/h6>\n<h6><\/h6>\n<p>&nbsp;<\/p>\n<p>Competence education is at the core of the general education content in Finland, Lithuania and Romania, but each country have taken different approaches to developing and implementing a competence-enriched curriculum. In this paper it is explore the origins and development of the competence-enriched curriculum in each country, as well as the representation of competences in their national curricula. There it is also examined the challenges associated with competence development and assessment, and identify successful practices that can be shared and learned from. This review will contribute to a better understanding of national policy orientations and experiences of their implementation in schools and classrooms.<\/p>\n<p><strong><a href=\"https:\/\/sdcentras.lt\/wp-content\/uploads\/IO2-COMPASS-Brief-Review-LT-3.pdf\" target=\"_blank\" rel=\"noopener\">Download LT<\/a>, <a href=\"https:\/\/sdcentras.lt\/wp-content\/uploads\/IO2-COMPASS-Brief-Review-EN-1.pdf\" target=\"_blank\" rel=\"noopener\">EN<\/a>,<a href=\"https:\/\/sdcentras.lt\/wp-content\/uploads\/IO2-COMPASS-Brief-Review-RO-3.pdf\" target=\"_blank\" rel=\"noopener\"> RO<\/a>, <a href=\"https:\/\/sdcentras.lt\/wp-content\/uploads\/IO2-COMPASS-Brief-Review-FI.pdf\" target=\"_blank\" rel=\"noopener\">FI<\/a><\/strong>[\/vc_column_text][vc_empty_space][\/vc_column][\/vc_row][vc_row css_animation=&#8221;&#8221; row_type=&#8221;row&#8221; use_row_as_full_screen_section=&#8221;yes&#8221; type=&#8221;grid&#8221; angled_section=&#8221;no&#8221; text_align=&#8221;left&#8221; background_image_as_pattern=&#8221;without_pattern&#8221;][vc_column][vc_empty_space][vc_column_text]<\/p>\n<h6>PROJECT RESULTS<\/h6>\n<p>[\/vc_column_text][vc_separator type=&#8221;normal&#8221;][vc_column_text]It is expected to strengthen the provision of inclusive and quality education; to support national education reforms in partner countries; to improve the professional competences of project staff and participants; and to increase the knowledge and skills of teachers in competency development and assessment.[\/vc_column_text][vc_empty_space][vc_empty_space][\/vc_column][\/vc_row][vc_row css_animation=&#8221;&#8221; row_type=&#8221;row&#8221; use_row_as_full_screen_section=&#8221;no&#8221; type=&#8221;grid&#8221; angled_section=&#8221;no&#8221; text_align=&#8221;left&#8221; background_image_as_pattern=&#8221;without_pattern&#8221;][vc_column][vc_empty_space]<div class=\"avt_masterslider_el \" >\n\t\t<!-- MasterSlider -->\n\t\t<div id=\"P_MS69f18c9438b4f\" class=\"master-slider-parent ms-staff-carousel ms-parent-id-30\" style=\"max-width:100%;\"  >\n\n\t\t\t\n\t\t\t<!-- MasterSlider Main -->\n\t\t\t<div id=\"MS69f18c9438b4f\" class=\"master-slider ms-skin-default\" >\n\t\t\t\t \t\t\t\t \n\n\t\t\t<\/div>\n\t\t\t<!-- END MasterSlider Main -->\n\n\t\t\t \n\t\t<\/div>\n\t\t<!-- END MasterSlider -->\n\n\t\t<script>\n\t\t( window.MSReady = window.MSReady || [] ).push( function( $ ) {\n\n\t\t\t\"use strict\";\n\t\t\tvar masterslider_8b4f = new MasterSlider();\n\n\t\t\t\/\/ slider controls\n\t\t\tmasterslider_8b4f.control('arrows'     ,{ autohide:true, overVideo:true  });\n\t\t\tmasterslider_8b4f.control('slideinfo'  ,{ autohide:false, overVideo:true, dir:'h', align:'bottom',inset:false , margin:10   });\n\t\t\t\/\/ slider setup\n\t\t\tmasterslider_8b4f.setup(\"MS69f18c9438b4f\", {\n\t\t\t\twidth           : 350,\n\t\t\t\theight          : 220,\n\t\t\t\tminHeight       : 0,\n\t\t\t\tspace           : 60,\n\t\t\t\tstart           : 1,\n\t\t\t\tgrabCursor      : true,\n\t\t\t\tswipe           : true,\n\t\t\t\tmouse           : true,\n\t\t\t\tkeyboard        : false,\n\t\t\t\tlayout          : \"partialview\",\n\t\t\t\twheel           : false,\n\t\t\t\tautoplay        : true,\n                instantStartLayers:false,\n\t\t\t\tmobileBGVideo:false,\n\t\t\t\tloop            : true,\n\t\t\t\tshuffle         : false,\n\t\t\t\tpreload         : 0,\n\t\t\t\theightLimit     : true,\n\t\t\t\tautoHeight      : false,\n\t\t\t\tsmoothHeight    : true,\n\t\t\t\tendPause        : false,\n\t\t\t\toverPause       : false,\n\t\t\t\tfillMode        : \"fill\",\n\t\t\t\tcenterControls  : true,\n\t\t\t\tstartOnAppear   : false,\n\t\t\t\tlayersMode      : \"center\",\n\t\t\t\tautofillTarget  : \"\",\n\t\t\t\thideLayers      : false,\n\t\t\t\tfullscreenMargin: 0,\n\t\t\t\tspeed           : 10,\n\t\t\t\tdir             : \"h\",\n\t\t\t\tparallaxMode    : 'swipe',\n\t\t\t\tview            : \"basic\"\n\t\t\t});\n\n\t\t\t\n\t\t\twindow.masterslider_instances = window.masterslider_instances || [];\n\t\t\twindow.masterslider_instances.push( masterslider_8b4f );\n\t\t});\n\t\t<\/script>\n\n<\/div>[vc_empty_space][\/vc_column][\/vc_row][vc_row css_animation=&#8221;&#8221; row_type=&#8221;row&#8221; use_row_as_full_screen_section=&#8221;yes&#8221; type=&#8221;grid&#8221; angled_section=&#8221;no&#8221; text_align=&#8221;left&#8221; background_image_as_pattern=&#8221;without_pattern&#8221; z_index=&#8221;&#8221; background_color=&#8221;#f7f7f7&#8243;][vc_column width=&#8221;1\/4&#8243;][vc_empty_space][vc_empty_space][vc_single_image image=&#8221;8102&#8243; img_size=&#8221;medium&#8221; qode_css_animation=&#8221;&#8221;][vc_empty_space][vc_empty_space][\/vc_column][vc_column width=&#8221;3\/4&#8243;][vc_empty_space][vc_empty_space][vc_column_text]<\/p>\n<p style=\"text-align: left;\">Funded by the European Union. Views and opinions expressed are however those of the author(s) only and do not necessarily reflect those of the European Union or the European Education and Culture Executive Agency (EACEA). Neither the European Union nor EACEA can be held responsible for them.<\/p>\n<p>[\/vc_column_text][vc_empty_space][vc_empty_space][\/vc_column][\/vc_row]<\/p>\n","protected":false},"excerpt":{"rendered":"<p>[vc_row css_animation=&#8221;&#8221; row_type=&#8221;row&#8221; use_row_as_full_screen_section=&#8221;yes&#8221; type=&#8221;full_width&#8221; angled_section=&#8221;yes&#8221; angled_section_position=&#8221;both&#8221; angled_section_direction=&#8221;from_left_to_right&#8221; text_align=&#8221;left&#8221; background_image_as_pattern=&#8221;without_pattern&#8221; background_color=&#8221;#f7f7f7&#8243; z_index=&#8221;&#8221;][vc_column][vc_empty_space][\/vc_column][\/vc_row][vc_row css_animation=&#8221;&#8221; row_type=&#8221;row&#8221; use_row_as_full_screen_section=&#8221;yes&#8221; type=&#8221;full_width&#8221; angled_section=&#8221;no&#8221; text_align=&#8221;left&#8221; background_image_as_pattern=&#8221;without_pattern&#8221; z_index=&#8221;&#8221;][vc_column][vc_empty_space][vc_empty_space][vc_row_inner row_type=&#8221;row&#8221; type=&#8221;grid&#8221; text_align=&#8221;left&#8221; css_animation=&#8221;&#8221;][vc_column_inner width=&#8221;1\/6&#8243;][vc_single_image image=&#8221;8558&#8243; qode_css_animation=&#8221;&#8221;][vc_empty_space][\/vc_column_inner][vc_column_inner width=&#8221;5\/6&#8243;][vc_column_text][\/vc_column_text][vc_empty_space][vc_column_text] Project \u201eCOMPASS \u2013 In support of students\u2018 competence assessment\u201c [\/vc_column_text][vc_empty_space][\/vc_column_inner][\/vc_row_inner][vc_empty_space][vc_empty_space][\/vc_column][\/vc_row][vc_row css_animation=&#8221;&#8221; row_type=&#8221;row&#8221; use_row_as_full_screen_section=&#8221;yes&#8221; type=&#8221;grid&#8221; angled_section=&#8221;no&#8221; text_align=&#8221;left&#8221; background_image_as_pattern=&#8221;without_pattern&#8221;&#8230;<\/p>\n","protected":false},"author":1,"featured_media":0,"parent":8,"menu_order":0,"comment_status":"closed","ping_status":"closed","template":"","meta":{"footnotes":""},"class_list":["post-10662","page","type-page","status-publish","hentry"],"acf":[],"aioseo_notices":[],"_links":{"self":[{"href":"https:\/\/sdcentras.lt\/en\/wp-json\/wp\/v2\/pages\/10662","targetHints":{"allow":["GET"]}}],"collection":[{"href":"https:\/\/sdcentras.lt\/en\/wp-json\/wp\/v2\/pages"}],"about":[{"href":"https:\/\/sdcentras.lt\/en\/wp-json\/wp\/v2\/types\/page"}],"author":[{"embeddable":true,"href":"https:\/\/sdcentras.lt\/en\/wp-json\/wp\/v2\/users\/1"}],"replies":[{"embeddable":true,"href":"https:\/\/sdcentras.lt\/en\/wp-json\/wp\/v2\/comments?post=10662"}],"version-history":[{"count":2,"href":"https:\/\/sdcentras.lt\/en\/wp-json\/wp\/v2\/pages\/10662\/revisions"}],"predecessor-version":[{"id":11273,"href":"https:\/\/sdcentras.lt\/en\/wp-json\/wp\/v2\/pages\/10662\/revisions\/11273"}],"up":[{"embeddable":true,"href":"https:\/\/sdcentras.lt\/en\/wp-json\/wp\/v2\/pages\/8"}],"wp:attachment":[{"href":"https:\/\/sdcentras.lt\/en\/wp-json\/wp\/v2\/media?parent=10662"}],"curies":[{"name":"wp","href":"https:\/\/api.w.org\/{rel}","templated":true}]}}